{"id":3238,"date":"2020-09-28T20:12:09","date_gmt":"2020-09-28T23:12:09","guid":{"rendered":"https:\/\/sbbd.org.br\/2021\/?page_id=3238"},"modified":"2021-10-11T13:38:44","modified_gmt":"2021-10-11T16:38:44","slug":"cebd","status":"publish","type":"page","link":"https:\/\/sbbd.org.br\/2021\/cebd\/","title":{"rendered":"CEBD Meeting"},"content":{"rendered":"\n<p><\/p>\n\n\n\n<p><strong><span class=\"has-inline-color has-vivid-red-color\">V\u00eddeo da reuni\u00e3o:<\/span><\/strong> <a rel=\"noreferrer noopener\" href=\"https:\/\/youtu.be\/uboIn43VVE0\" target=\"_blank\">https:\/\/youtu.be\/uboIn43VVE0<\/a><\/p>\n\n\n\n<h5 class=\"wp-block-heading\"> <\/h5>\n\n\n\n<p><span class=\"has-inline-color has-black-color\">A reuni\u00e3o da Comiss\u00e3o Especial de Bancos de Dados (CEBD) da Sociedade Brasileira de Computa\u00e7\u00e3o (SBC) ocorrer\u00e1 no dia 08 de outubro, \u00e0s 16h30. <\/span><\/p>\n\n\n\n<p><span class=\"has-inline-color has-black-color\">A reuni\u00e3o \u00e9 aberta a todos os interessados e membros da CEBD.<\/span><\/p>\n\n\n\n<h5 class=\"wp-block-heading\"> <\/h5>\n\n\n\n<p>Logo em seguida, \u00e0s 18h30, teremos o encerramento do evento.<\/p>\n","protected":false},"excerpt":{"rendered":"<p>V\u00eddeo da reuni\u00e3o: https:\/\/youtu.be\/uboIn43VVE0 A reuni\u00e3o da Comiss\u00e3o Especial de Bancos de Dados (CEBD) da Sociedade Brasileira de Computa\u00e7\u00e3o (SBC)&hellip; <\/p>\n","protected":false},"author":18,"featured_media":0,"parent":0,"menu_order":0,"comment_status":"closed","ping_status":"closed","template":"templates\/template-fullwidth.php","meta":{"footnotes":""},"class_list":["post-3238","page","type-page","status-publish","hentry"],"_links":{"self":[{"href":"https:\/\/sbbd.org.br\/2021\/wp-json\/wp\/v2\/pages\/3238","targetHints":{"allow":["GET"]}}],"collection":[{"href":"https:\/\/sbbd.org.br\/2021\/wp-json\/wp\/v2\/pages"}],"about":[{"href":"https:\/\/sbbd.org.br\/2021\/wp-json\/wp\/v2\/types\/page"}],"author":[{"embeddable":true,"href":"https:\/\/sbbd.org.br\/2021\/wp-json\/wp\/v2\/users\/18"}],"replies":[{"embeddable":true,"href":"https:\/\/sbbd.org.br\/2021\/wp-json\/wp\/v2\/comments?post=3238"}],"version-history":[{"count":13,"href":"https:\/\/sbbd.org.br\/2021\/wp-json\/wp\/v2\/pages\/3238\/revisions"}],"predecessor-version":[{"id":4697,"href":"https:\/\/sbbd.org.br\/2021\/wp-json\/wp\/v2\/pages\/3238\/revisions\/4697"}],"wp:attachment":[{"href":"https:\/\/sbbd.org.br\/2021\/wp-json\/wp\/v2\/media?parent=3238"}],"curies":[{"name":"wp","href":"https:\/\/api.w.org\/{rel}","templated":true}]}}