{"id":2859,"date":"2020-09-10T22:11:31","date_gmt":"2020-09-11T01:11:31","guid":{"rendered":"http:\/\/sbbd.org.br\/2021\/tutorial-2-copy\/"},"modified":"2021-10-07T10:21:34","modified_gmt":"2021-10-07T13:21:34","slug":"short-course-2","status":"publish","type":"page","link":"https:\/\/sbbd.org.br\/2021\/short-course-2\/","title":{"rendered":"Minicurso #2"},"content":{"rendered":"\n<blockquote class=\"wp-block-quote is-layout-flow wp-block-quote-is-layout-flow\"><p><strong><span style=\"color:#150996\" class=\"has-inline-color\"><strong>Projeto de Bancos de Dados NoSQL<\/strong><\/span><\/strong><\/p><\/blockquote>\n\n\n\n<p><strong>Data:<\/strong> 04\/10 (segunda-feira) &#8211; 14:00 \u00e0s 17:30<\/p>\n\n\n\n<h2 class=\"wp-block-heading\"><\/h2>\n\n\n\n<div class=\"wp-block-columns is-layout-flex wp-container-core-columns-is-layout-9d6595d7 wp-block-columns-is-layout-flex\">\n<div class=\"wp-block-column is-layout-flow wp-block-column-is-layout-flow\">\n<h6 class=\"wp-block-heading\"><strong>Parte 01<\/strong> &#8211;  14:00 \u00e0s 15:30 <\/h6>\n\n\n\n<p class=\"has-text-align-left\"><\/p>\n\n\n\n<p class=\"has-text-align-left\"><strong><span class=\"has-inline-color has-vivid-red-color\"> <strong><span class=\"has-inline-color has-vivid-red-color\">V\u00eddeo da apresenta\u00e7\u00e3o<\/span><\/strong>:<\/span><\/strong> <a rel=\"noreferrer noopener\" href=\"https:\/\/youtu.be\/DrXOaQkWPfY\" target=\"_blank\">https:\/\/youtu.be\/DrXOaQkWPfY<\/a><\/p>\n<\/div>\n\n\n\n<div class=\"wp-block-column is-layout-flow wp-block-column-is-layout-flow\">\n<h6 class=\"wp-block-heading\"><strong>Parte 02<\/strong> &#8211;  16:00 \u00e0s 17:30  <\/h6>\n\n\n\n<p class=\"has-text-align-left\"><\/p>\n\n\n\n<p class=\"has-text-align-left\"><strong><span class=\"has-inline-color has-vivid-red-color\"><strong><span class=\"has-inline-color has-vivid-red-color\">V\u00eddeo da apresenta\u00e7\u00e3o<\/span><\/strong>:<\/span><\/strong> <a rel=\"noreferrer noopener\" href=\"https:\/\/youtu.be\/nfFjXIlRbok\" target=\"_blank\">https:\/\/youtu.be\/nfFjXIlRbok<\/a><\/p>\n<\/div>\n<\/div>\n\n\n\n<div class=\"wp-block-image\"><figure class=\"alignright size-full is-resized\"><img loading=\"lazy\" decoding=\"async\" src=\"https:\/\/sbbd.org.br\/2021\/wp-content\/uploads\/sites\/14\/2021\/08\/image-2.png\" alt=\"\" class=\"wp-image-4128\" width=\"372\" height=\"152\" srcset=\"https:\/\/sbbd.org.br\/2021\/wp-content\/uploads\/sites\/14\/2021\/08\/image-2.png 385w, https:\/\/sbbd.org.br\/2021\/wp-content\/uploads\/sites\/14\/2021\/08\/image-2-300x122.png 300w\" sizes=\"auto, (max-width: 372px) 100vw, 372px\" \/><\/figure><\/div>\n\n\n\n<p><strong>Respons\u00e1veis<\/strong><\/p>\n\n\n\n<ul class=\"wp-block-list\"><li>Angelo Augusto Frozza (IFC-Camboriu)<\/li><li>Geomar Andr\u00e9 Schreiner (UFFS\/UNOESC)<\/li><li>Ronaldo dos Santos Mello (UFSC)<\/li><\/ul>\n\n\n\n<h2 class=\"wp-block-heading\"><\/h2>\n\n\n\n<p><strong>Resumo<\/strong><\/p>\n\n\n\n<p>Esta oficina tem por objetivo apresentar bancos de dados (BDs) NoSQL e alguns aspectos de modelagem de dados para esta fam\u00edlia de BD. Ela est\u00e1 organizada em tr\u00eas partes:<\/p>\n\n\n\n<ol class=\"wp-block-list\" type=\"I\"><li>BDs NoSQL (<em>Not only<\/em> SQL) e seus principais modelos de dados (chave-valor, orientado a colunas, orientado a documentos, e orientado a grafos);<\/li><li>uma metodologia para projeto l\u00f3gico de BDs NoSQL a partir de um esquema conceitual definido atrav\u00e9s do modelo Entidade-Relacionamento (modelo ER);<\/li><li>implementa\u00e7\u00e3o do projeto l\u00f3gico em sistemas de ger\u00eancia de BDs (SGBDs) NoSQL.<\/li><\/ol>\n\n\n\n<p>A oficina possui um car\u00e1ter te\u00f3rico-pr\u00e1tico atrav\u00e9s de uma parte expositiva apresentada atrav\u00e9s de slides, bem como a intera\u00e7\u00e3o com prot\u00f3tipos desenvolvidos no \u00e2mbito do Grupo de BD da UFSC (GBD\/UFSC) para o projeto l\u00f3gico de BDs NoSQL e interfaces Web para acesso e visualiza\u00e7\u00e3o de dados para dois importantes representantes da fam\u00edlia de SGBDs NoSQL:&nbsp; MongoDB e Neo4j.<\/p>\n\n\n\n<h2 class=\"wp-block-heading\"><\/h2>\n\n\n\n<p><strong>Dura\u00e7\u00e3o<\/strong>: 3 horas, com a seguinte estimativa de tempo para cada uma de suas partes: parte (i) 30 minutos; parte (ii) 1 hora e 15 minutos; parte (iii) 1 hora e 15 minutos.<\/p>\n\n\n\n<h2 class=\"wp-block-heading\"><\/h2>\n\n\n\n<p><strong>P\u00fablico-alvo<\/strong>: Estudantes de gradua\u00e7\u00e3o em Ci\u00eancia da Computa\u00e7\u00e3o, ou \u00e1reas afins, que j\u00e1 cursaram alguma disciplina de fundamentos de BD.<\/p>\n\n\n\n<h2 class=\"wp-block-heading\"><\/h2>\n\n\n\n<p><strong>Recursos necess\u00e1rios<\/strong>: Como a oficina ser\u00e1 ministrada de forma remota (online), os dois requisitos s\u00e3o que os participantes tenham acesso a Internet e m\u00e1quina virtual Java instalada. As ferramentas para as atividades pr\u00e1ticas podem ser acessadas por qualquer browser.<\/p>\n\n\n\n<h2 class=\"wp-block-heading\"><\/h2>\n\n\n\n<p><strong>N\u00famero de Vagas: <\/strong>50<\/p>\n\n\n\n<hr class=\"wp-block-separator\" \/>\n\n\n\n<p> <\/p>\n","protected":false},"excerpt":{"rendered":"<p>Projeto de Bancos de Dados NoSQL Data: 04\/10 (segunda-feira) &#8211; 14:00 \u00e0s 17:30 Parte 01 &#8211; 14:00 \u00e0s 15:30 V\u00eddeo&hellip; <\/p>\n","protected":false},"author":13,"featured_media":0,"parent":0,"menu_order":0,"comment_status":"closed","ping_status":"closed","template":"templates\/template-fullwidth.php","meta":{"footnotes":""},"class_list":["post-2859","page","type-page","status-publish","hentry"],"_links":{"self":[{"href":"https:\/\/sbbd.org.br\/2021\/wp-json\/wp\/v2\/pages\/2859","targetHints":{"allow":["GET"]}}],"collection":[{"href":"https:\/\/sbbd.org.br\/2021\/wp-json\/wp\/v2\/pages"}],"about":[{"href":"https:\/\/sbbd.org.br\/2021\/wp-json\/wp\/v2\/types\/page"}],"author":[{"embeddable":true,"href":"https:\/\/sbbd.org.br\/2021\/wp-json\/wp\/v2\/users\/13"}],"replies":[{"embeddable":true,"href":"https:\/\/sbbd.org.br\/2021\/wp-json\/wp\/v2\/comments?post=2859"}],"version-history":[{"count":18,"href":"https:\/\/sbbd.org.br\/2021\/wp-json\/wp\/v2\/pages\/2859\/revisions"}],"predecessor-version":[{"id":4650,"href":"https:\/\/sbbd.org.br\/2021\/wp-json\/wp\/v2\/pages\/2859\/revisions\/4650"}],"wp:attachment":[{"href":"https:\/\/sbbd.org.br\/2021\/wp-json\/wp\/v2\/media?parent=2859"}],"curies":[{"name":"wp","href":"https:\/\/api.w.org\/{rel}","templated":true}]}}