{"id":2654,"date":"2020-08-01T18:04:35","date_gmt":"2020-08-01T21:04:35","guid":{"rendered":"http:\/\/sbbd.org.br\/2021\/short-papers-copy\/"},"modified":"2021-10-07T15:22:47","modified_gmt":"2021-10-07T18:22:47","slug":"full-papers-ts","status":"publish","type":"page","link":"https:\/\/sbbd.org.br\/2021\/full-papers-ts\/","title":{"rendered":"Full Papers Technical Sessions"},"content":{"rendered":"\n<h4 class=\"wp-block-heading\"><a href=\"#TS1\">TS1 &#8211; Database Solutions for Exploratory Analysis<\/a><\/h4>\n\n\n\n<h4 class=\"wp-block-heading\"><a href=\"#TS3\">TS3 &#8211; Information Retrieval &amp; Machine Learning<\/a><\/h4>\n\n\n\n<h4 class=\"wp-block-heading\"><a href=\"#TS4\">TS4 &#8211; Database Solutions for Spatiotemporal Data Processing<\/a><\/h4>\n\n\n\n<h4 class=\"wp-block-heading\"><a href=\"#TS6\">TS6 &#8211; Search and Tuning<\/a><\/h4>\n\n\n\n<h4 class=\"wp-block-heading\"><a href=\"#TS7\">TS7 &#8211; Privacy and Efficiency Aspects on Data Management<\/a><\/h4>\n\n\n\n<h4 class=\"wp-block-heading\"><a href=\"#TS8\">TS8 &#8211; Database Modelling and Integration<\/a><\/h4>\n\n\n\n<h4 class=\"wp-block-heading\"><a href=\"#TS10\">TS10 &#8211; Entity Resolution and Relatedness<\/a> <\/h4>\n\n\n\n<h4 class=\"wp-block-heading\"> <\/h4>\n\n\n<hr>\n\n\n<h5 class=\"wp-block-heading\" id=\"TS1\"><strong>TS1 &#8211; Database Solutions for Exploratory Analysis<\/strong> <\/h5>\n\n\n\n<p><strong><span class=\"has-inline-color has-vivid-red-color\"><strong><span class=\"has-inline-color has-vivid-red-color\"><strong><span class=\"has-inline-color has-vivid-red-color\"><strong><span class=\"has-inline-color has-vivid-red-color\"><strong>Presentation<\/strong> video<\/span><\/strong><\/span><\/strong><\/span><\/strong>:<\/span><\/strong> <a rel=\"noreferrer noopener\" href=\"https:\/\/youtu.be\/I2Dr9i8uk0w\" target=\"_blank\">https:\/\/youtu.be\/I2Dr9i8uk0w<\/a><\/p>\n\n\n\n<figure class=\"wp-block-table\"><table><tbody><tr><td>SAGAD: Synthetic Data Generator for Tabular Datasets<\/td><td>Henrique Silva (LNCC) <br>Rafael Pereira (LNCC) <br>Fabio Porto (LNCC)<\/td><\/tr><tr><td>SSL-VFC4.5: An approach to adapt Very Fast C4.5 classification algorithm to deal with semi-supervised learning<\/td><td>Fabiano Baldo (UDESC) <br>Agust\u00edn Alejandro Ortiz D\u00edaz (UDESC) <br>Carlos Eduardo Nass (UDESC) <\/td><\/tr><tr><td>Similarity Search and Correlation-Based Exploratory Analysis in EHRs: A Case Study with COVID-19 Databases<\/td><td>Mirela Cazzolato (USP)<br>Lucas Rodrigues (USP) <br>Marcela Ribeiro (UFSCar)<br>Marco Gutierrez (FMUSP)<br>Caetano Traina J\u00fanior (USP) <br>Agma Traina (USP) <\/td><\/tr><tr><td>Simulating and visualizing infection spread dynamics with temporal networks<\/td><td>Claudio Linhares (USP) <br>Gabriel Vezono (UFU)<br>Jean Ponciano (UFU)<\/td><\/tr><\/tbody><\/table><\/figure>\n\n\n\n<hr class=\"wp-block-separator\" \/>\n\n\n\n<h5 class=\"wp-block-heading\" id=\"TS3\"><strong>TS3 &#8211; Information Retrieval &amp; Machine Learning<\/strong><\/h5>\n\n\n\n<p><\/p>\n\n\n\n<p><strong><span class=\"has-inline-color has-vivid-red-color\"><strong><span class=\"has-inline-color has-vivid-red-color\"><strong><span class=\"has-inline-color has-vivid-red-color\"><strong><span class=\"has-inline-color has-vivid-red-color\"><strong>Presentation<\/strong> video<\/span><\/strong><\/span><\/strong><\/span><\/strong>:<\/span><\/strong> <a rel=\"noreferrer noopener\" href=\"https:\/\/youtu.be\/TdzBkWGW3Cg\" target=\"_blank\">https:\/\/youtu.be\/TdzBkWGW3Cg<\/a><\/p>\n\n\n\n<figure class=\"wp-block-table\"><table><tbody><tr><td>A Hybrid Approach for Gender Prediction in Portuguese Language<\/td><td>Jo\u00e3o Pedro Morais (UFLA)<br>Luiz Henrique Merschmann (UFLA)<\/td><\/tr><tr><td>sOCRates &#8211; a post-OCR text correction method<\/td><td>Danny SuareZ Vargas (UFRGS)<br>Lucas Lima de Oliveira  (UFRGS) <br>Viviane Moreira (UFRGS) <br>Guilherme Torresan Bazzo (UFRGS) <br>Gustavo Lorentz (UFRGS) <\/td><\/tr><tr><td>Interpreting BERT-based stance classification: a case study about the Brazilian COVID vaccination<\/td><td>Carlos C\u00f3rdova S\u00e1enz (UFRGS) <br>Karin Becker (UFRGS) <\/td><\/tr><tr><td>Detection of Misinformation about COVID-19 in Brazilian Portuguese WhatsApp Messages Using Deep Learning<\/td><td>Ant\u00f4nio Diogo Martins (UFC)<br>Lucas Cabral Carneiro da Cunha (UFC)<br>Pedro Mour\u00e3o (UFC)<br>Jose Maria Monteiro (UFC)<br>Javam Machado (UFC)<\/td><\/tr><\/tbody><\/table><\/figure>\n\n\n\n<hr class=\"wp-block-separator\" \/>\n\n\n\n<h5 class=\"wp-block-heading\" id=\"TS4\"><strong>TS4 &#8211; Database Solutions for Spatiotemporal Data Processing<\/strong><\/h5>\n\n\n\n<p><\/p>\n\n\n\n<p><strong><span class=\"has-inline-color has-vivid-red-color\"><strong><span class=\"has-inline-color has-vivid-red-color\"><strong><span class=\"has-inline-color has-vivid-red-color\"><strong><span class=\"has-inline-color has-vivid-red-color\"><strong>Presentation<\/strong> video<\/span><\/strong><\/span><\/strong><\/span><\/strong>:<\/span><\/strong> <a rel=\"noreferrer noopener\" href=\"https:\/\/youtu.be\/W8SjEk4eHkc\" target=\"_blank\">https:\/\/youtu.be\/W8SjEk4eHkc<\/a><\/p>\n\n\n\n<figure class=\"wp-block-table\"><table><tbody><tr><td>Stop-and-move sequence expressions over semantic trajectories<br><span class=\"has-inline-color has-vivid-red-color\">Distinguished paper<\/span><\/td><td>Yenier Torres Izquierdo (PUC-Rio)<br>Grettel Monteagudo Garc\u00eda (PUC-Rio)  <br>Marco A. Casanova (PUC-Rio) <br>Luiz Andr\u00e9 P. Paes Leme (UFF)<br>Christos Sardianos (Harokopio University of Athens)<br>Konstantinos Tserpes (Harokopio University of Athens)<br>Iraklis Varlamis (Harokopio University of Athens)<br>L\u00edvia C. Ruback Rodrigues (UFRPE)<\/td><\/tr><tr><td>MIDET: A Method for Indexing Traffic Events<\/td><td>Mariana Machado Garcez Duarte (UFPR)<br>Marcos Pontarolo (UFPR)<br>Rebeca Schroeder (UDESC)<br>Carmem Hara (UFPR)<\/td><\/tr><tr><td>The Application of Spatial Approximations to Spatial Query Processing: A Systematic Review of Literature<\/td><td>Pedro Kohl Bertella (UTFPR)<br>Yuri Kaszubowski Lopes  (UDESC) <br>Rafael Oliveira (UTFPR) <br>Anderson Chaves Carniel (UFSCar)<\/td><\/tr><\/tbody><\/table><\/figure>\n\n\n\n<hr class=\"wp-block-separator\" \/>\n\n\n\n<h5 class=\"wp-block-heading\" id=\"TS6\"><strong>TS6 &#8211; Search and Tuning<\/strong><\/h5>\n\n\n\n<p><\/p>\n\n\n\n<p><strong><span class=\"has-inline-color has-vivid-red-color\"><strong><span class=\"has-inline-color has-vivid-red-color\"><strong><span class=\"has-inline-color has-vivid-red-color\"><strong><span class=\"has-inline-color has-vivid-red-color\"><strong>Presentation<\/strong> video<\/span><\/strong><\/span><\/strong><\/span><\/strong>:<\/span><\/strong> <a rel=\"noreferrer noopener\" href=\"https:\/\/youtu.be\/VYFHjo4kkoo\" target=\"_blank\">https:\/\/youtu.be\/VYFHjo4kkoo<\/a><\/p>\n\n\n\n<figure class=\"wp-block-table\"><table><tbody><tr><td>Keyword search over schema-less RDF datasets by SPARQL query compilation<br><span class=\"has-inline-color has-vivid-red-color\">Distinguished paper<\/span> <\/td><td>Yenier Torres Izquierdo (PUC-Rio)<br>Grettel Monteagudo Garc\u00eda  (PUC-Rio) <br>Elisa Menendez (IFBA)<br>Luiz Andr\u00e9 P. Paes Leme (UFF)<br>Angelo Neves (PUC-Rio)  <br>Melissa Lemos (PUC-Rio)  <br>Anna Carolina Finamore (UFF)<br>Carlos Oliveira (Universidade Lus\u00f3fona)<br>Marco A. Casanova (PUC-Rio) <\/td><\/tr><tr><td>SEREIA &#8211; Busca por Palavras-Chave em Document Stores<\/td><td>Ariel Afonso (UFAM)<br>Altigran Soares da Silva (UFAM)<br>Paulo Martins (UFAM)<\/td><\/tr><tr><td>Uma Abordagem de Anota\u00e7\u00e3o Sem\u00e2ntica Autom\u00e1tica Direcionada Para Sistemas de Perguntas e Respostas<\/td><td>Laura Dias (UFOP)<br>Luciano Espiridi\u00e3o (IFMG)<br>Anderson Ferreira (UFOP) <\/td><\/tr><tr><td>Inferencing Relational Database Tuning Actions with OnDBTuning Ontology<\/td><td>Luciana Perciliano (PUC-Rio) <br>Veronica Santos (PUC-Rio) <br>Fernanda Bai\u00e3o (PUC-Rio) <br>Edward Hermann Haeusler (PUC-Rio) <br>Sergio Lifschitz (PUC-Rio) <br>Ana Carolina Almeida (UERJ)<\/td><\/tr><\/tbody><\/table><\/figure>\n\n\n\n<hr class=\"wp-block-separator\" \/>\n\n\n\n<h5 class=\"wp-block-heading\" id=\"TS7\"><strong>TS7 &#8211; Privacy and Efficiency Aspects on Data Management<\/strong><\/h5>\n\n\n\n<p><strong><span class=\"has-inline-color has-vivid-red-color\"><strong><span class=\"has-inline-color has-vivid-red-color\"><strong><span class=\"has-inline-color has-vivid-red-color\"><strong><span class=\"has-inline-color has-vivid-red-color\"><strong>Presentation<\/strong> video<\/span><\/strong><\/span><\/strong><\/span><\/strong>:<\/span><\/strong> <a rel=\"noreferrer noopener\" href=\"https:\/\/youtu.be\/02cLVcbVpeI\" target=\"_blank\">https:\/\/youtu.be\/02cLVcbVpeI<\/a><\/p>\n\n\n\n<figure class=\"wp-block-table\"><table><tbody><tr><td>Local Dampening: Differential Privacy for Non-numeric Queries via Local Sensitivity<br><span class=\"has-inline-color has-vivid-red-color\">Distinguished paper<\/span> <\/td><td>Victor A. E. Farias (UFC)<br>Felipe T. Brito (UFC)<br>Cheryl Flynn (AT&amp;T Labs Research)<br>Javam C. Machado (UFC)<br>Subhabrata Majumdar (AT&amp;T Labs Research)<br>Divesh Srivastava (AT&amp;T Labs Research)<\/td><\/tr><tr><td>Main Memory Database Recovery: A Survey<br><span class=\"has-inline-color has-vivid-red-color\">Distinguished paper<\/span> <\/td><td>Arlino Magalh\u00e3es (UFPI)<br>Jos\u00e9 Maria Monteiro (UFC)<br>Angelo Brayner  (UFC) <\/td><\/tr><tr><td>Algoritmos para Identifica\u00e7\u00e3o de Dados Frios em Bancos de Dados em Mem\u00f3ria<\/td><td>Jos\u00e9 Monteiro  (UFC) <br>Alessandra Santos (UNIFOR)<br>Vl\u00e1dia Pinheiro (UNIFOR)<\/td><\/tr><tr><td>Processamento Distribu\u00eddo de Opera\u00e7\u00f5es Hash Join em Switches Program\u00e1veis: Uma An\u00e1lise via Modelo de Custo<\/td><td>Marisa Sel Franco (UFPR)<br>Simone Dominico (UFPR)<br>Tiago Kepe (UFPR)<br>Luiz Carlos Albini (UFPR)<br>Eduardo de Almeida (UFPR)<br>Marco Alves (UFPR)<\/td><\/tr><\/tbody><\/table><\/figure>\n\n\n\n<hr class=\"wp-block-separator\" \/>\n\n\n\n<h5 class=\"wp-block-heading\" id=\"TS8\"><strong>TS8 &#8211; Database Modelling and Integration<\/strong><\/h5>\n\n\n\n<p><strong><span class=\"has-inline-color has-vivid-red-color\"><strong><span class=\"has-inline-color has-vivid-red-color\"><strong><span class=\"has-inline-color has-vivid-red-color\"><strong><span class=\"has-inline-color has-vivid-red-color\"><strong>Presentation<\/strong> video<\/span><\/strong><\/span><\/strong><\/span><\/strong>:<\/span><\/strong> <a rel=\"noreferrer noopener\" href=\"https:\/\/youtu.be\/jr6-zyemb-0\" target=\"_blank\">https:\/\/youtu.be\/jr6-zyemb-0<\/a><\/p>\n\n\n\n<figure class=\"wp-block-table\"><table><tbody><tr><td>Textual-based DSL for Conceptual Database Modeling: A Controlled Experiment<\/td><td>Jonnathan Lopes (UNIPAMPA)<br>Maicon Bernardino (UNIPAMPA)<br>F\u00e1bio Basso (UNIPAMPA)<br>Elder Rodrigues (UNIPAMPA)<\/td><\/tr><tr><td>A Rule-based Conversion of an EER Schema to Neo4j Schema Constraints<\/td><td>Telmo Henrique da Silva (UFSC)<br>Ronaldo Mello (UFSC)<\/td><\/tr><tr><td>Stream and Historical Data Integration using SQL as Standard Language<\/td><td>Jefferson Amar\u00e1 (UFJF)<br>Victor Stroele (UFJF)<br>Regina Braga (UFJF)<br>Mario Dantas (UFJF)<br>Michael Bauer (University of Western Ontario)<\/td><\/tr><tr><td>A Data Integration Architecture for Smart Cities<\/td><td>Murilo Borges Ribeiro (USP)<br>Kelly Braghetto (USP) <\/td><\/tr><\/tbody><\/table><\/figure>\n\n\n\n<hr class=\"wp-block-separator\" \/>\n\n\n\n<h5 class=\"wp-block-heading\" id=\"TS10\"><strong>TS10 &#8211; Entity Resolution and Relatedness<\/strong> <\/h5>\n\n\n\n<p><\/p>\n\n\n\n<p><strong><span class=\"has-inline-color has-vivid-red-color\"><strong><span class=\"has-inline-color has-vivid-red-color\"><strong><span class=\"has-inline-color has-vivid-red-color\"><strong><span class=\"has-inline-color has-vivid-red-color\"><strong><span class=\"has-inline-color has-vivid-red-color\"><strong>Presentation<\/strong> video<\/span><\/strong><\/span><\/strong><\/span><\/strong><\/span><\/strong>:<\/span><\/strong> <a rel=\"noreferrer noopener\" href=\"https:\/\/youtu.be\/4K0lwgBK_Lg\" target=\"_blank\">https:\/\/youtu.be\/4K0lwgBK_Lg<\/a><\/p>\n\n\n\n<figure class=\"wp-block-table\"><table><tbody><tr><td>Configurable assembly of classification rules for enhancing entity resolution results<br><span class=\"has-inline-color has-vivid-red-color\">Distinguished paper<\/span> <\/td><td>Dimas Cassimiro do Nascimento (UFRPE)<br>Carlos Eduardo Santos Pires (UFCG)<br>Thiago Pereira da N\u00f3brega (UFCG)<\/td><\/tr><tr><td>ACERPI: An approach for ordinances collection, information extraction and entity resolution<\/td><td>Christian Schmitz (UFRGS)<br>Renata Galante (UFRGS)<br>Edimar Manica (IFRS)<br>Serigne khassim Mbaye (IFRS)<\/td><\/tr><tr><td>Applying Data Augmentation for Disambiguating Author Names<\/td><td>Luciano Espiridi\u00e3o (IFMG)<br>Laura Dias (UFOP)<br>Anderson Ferreira (UFOP) <\/td><\/tr><tr><td>A distributed framework to investigate the entity relatedness problem in large RDF knowledge bases<\/td><td>Javier Guillot Jim\u00e9nez (PUC-Rio)<br>Luiz Andr\u00e9 Paes Leme (UFF)<br>Yenier Torres Izquierdo (PUC-Rio) <br>\u00c2ngelo Neves (PUC-Rio) <br>Marco Antonio Casanova (PUC-Rio) <\/td><\/tr><\/tbody><\/table><\/figure>\n","protected":false},"excerpt":{"rendered":"<p>TS1 &#8211; Database Solutions for Exploratory Analysis TS3 &#8211; Information Retrieval &amp; Machine Learning TS4 &#8211; Database Solutions for Spatiotemporal&hellip; <\/p>\n","protected":false},"author":12,"featured_media":0,"parent":0,"menu_order":0,"comment_status":"closed","ping_status":"closed","template":"templates\/template-fullwidth.php","meta":{"footnotes":""},"class_list":["post-2654","page","type-page","status-publish","hentry"],"_links":{"self":[{"href":"https:\/\/sbbd.org.br\/2021\/wp-json\/wp\/v2\/pages\/2654","targetHints":{"allow":["GET"]}}],"collection":[{"href":"https:\/\/sbbd.org.br\/2021\/wp-json\/wp\/v2\/pages"}],"about":[{"href":"https:\/\/sbbd.org.br\/2021\/wp-json\/wp\/v2\/types\/page"}],"author":[{"embeddable":true,"href":"https:\/\/sbbd.org.br\/2021\/wp-json\/wp\/v2\/users\/12"}],"replies":[{"embeddable":true,"href":"https:\/\/sbbd.org.br\/2021\/wp-json\/wp\/v2\/comments?post=2654"}],"version-history":[{"count":86,"href":"https:\/\/sbbd.org.br\/2021\/wp-json\/wp\/v2\/pages\/2654\/revisions"}],"predecessor-version":[{"id":4672,"href":"https:\/\/sbbd.org.br\/2021\/wp-json\/wp\/v2\/pages\/2654\/revisions\/4672"}],"wp:attachment":[{"href":"https:\/\/sbbd.org.br\/2021\/wp-json\/wp\/v2\/media?parent=2654"}],"curies":[{"name":"wp","href":"https:\/\/api.w.org\/{rel}","templated":true}]}}