{"id":2610,"date":"2020-07-02T11:20:32","date_gmt":"2020-07-02T14:20:32","guid":{"rendered":"http:\/\/sbbd.org.br\/2021\/?page_id=2610"},"modified":"2021-10-07T10:29:55","modified_gmt":"2021-10-07T13:29:55","slug":"wtdbd","status":"publish","type":"page","link":"https:\/\/sbbd.org.br\/2021\/wtdbd\/","title":{"rendered":"WTDBD"},"content":{"rendered":"\n<h6 class=\"wp-block-heading\">DOUTORADO (Sess\u00e3o T\u00e9cnica 01)<\/h6>\n\n\n\n<p><\/p>\n\n\n\n<p><strong><span class=\"has-inline-color has-vivid-red-color\"><strong><strong><span class=\"has-inline-color has-vivid-red-color\"><strong><span class=\"has-inline-color has-vivid-red-color\"><strong><span class=\"has-inline-color has-vivid-red-color\">V\u00eddeo da apresenta\u00e7\u00e3o<\/span><\/strong><\/span><\/strong><\/span><\/strong><\/strong>:<\/span><\/strong> <a rel=\"noreferrer noopener\" href=\"https:\/\/youtu.be\/414cAGQwWWg\" target=\"_blank\">https:\/\/youtu.be\/414cAGQwWWg<\/a><\/p>\n\n\n\n<h2 class=\"wp-block-heading\"><\/h2>\n\n\n\n<ul class=\"wp-block-list\"><li><strong><em>Towards Auditable and Intelligent Privacy-Preserving Record Linkage<\/em><\/strong><br>Thiago Nobrega, Carlos Eduardo S. Pires, Dimas Cassimiro Nascimento<br>UFCG<\/li><\/ul>\n\n\n\n<p><\/p>\n\n\n\n<ul class=\"wp-block-list\"><li><strong><em>A semantic search approach for hyper relational knowledge graphs<\/em><\/strong><br>Veronica dos Santos, Sergio Lifschitz<br>PUC-Rio<\/li><\/ul>\n\n\n\n<p><\/p>\n\n\n\n<ul class=\"wp-block-list\"><li><em><strong>Experion: A framework for contextualizing evidence in expert finding<\/strong><\/em><br>Rodrigo Gon\u00e7alves, Carina F. Dorneles<br>UFSC<\/li><\/ul>\n\n\n\n<p><\/p>\n\n\n\n<h6 class=\"wp-block-heading\">MESTRADO (Sess\u00e3o T\u00e9cnica 02)<\/h6>\n\n\n\n<p><\/p>\n\n\n\n<p><strong><span class=\"has-inline-color has-vivid-red-color\"><strong><strong><span class=\"has-inline-color has-vivid-red-color\"><strong><span class=\"has-inline-color has-vivid-red-color\"><strong><span class=\"has-inline-color has-vivid-red-color\">V\u00eddeo da apresenta\u00e7\u00e3o<\/span><\/strong><\/span><\/strong><\/span><\/strong><\/strong>:<\/span><\/strong> <a rel=\"noreferrer noopener\" href=\"https:\/\/youtu.be\/WmIlRzRVa0w\" target=\"_blank\">https:\/\/youtu.be\/WmIlRzRVa0w<\/a><\/p>\n\n\n\n<h2 class=\"wp-block-heading\"><\/h2>\n\n\n\n<ul class=\"wp-block-list\"><li><strong><em>Automatic Misinformation Detection About COVID-19 in Brazilian Portuguese WhatsApp Messages<\/em><\/strong><br>Antonio Diogo Forte Martins, Jose Maria Monteiro, Javam de Castro Machado<br>UFC<\/li><\/ul>\n\n\n\n<p><\/p>\n\n\n\n<ul class=\"wp-block-list\"><li><strong>Sumarizac\u00e3o Autom\u00e1tica de Not\u00edcias Crime no Contexto da Pol\u00edcia Federal<\/strong><br>Thierry S. Barros, Carlos Eduardo S. Pires, Dimas C. N. Filho<br>UFCG<\/li><\/ul>\n\n\n\n<p><\/p>\n\n\n\n<ul class=\"wp-block-list\"><li><strong>FarolKG: Um Grafo de Conhecimento sobre Desinforma\u00e7\u00e3o em Mensagens do WhatsApp<\/strong><br>Ronney Nery Silva, Jose Maria Monteiro, Wellington Franco<br>UFC<\/li><\/ul>\n\n\n\n<p><\/p>\n\n\n\n<ul class=\"wp-block-list\"><li><strong>Preserva\u00e7\u00e3o de Privacidade entre Indiv\u00edduos com Semelhan\u00e7a Gen\u00f4mica<\/strong><br>Manuel Edvar B. Filho, Javam C. Machado<br>UFC<\/li><\/ul>\n\n\n\n<p><\/p>\n\n\n\n<ul class=\"wp-block-list\"><li><strong>Classifica\u00e7\u00e3o diferencialmente privada e n\u00e3o discriminat\u00f3ria utilizando \u00e1rvore de decis\u00e3o<\/strong><br>Maria L. M. Silva, Javam C. Machado<br>UFC<\/li><\/ul>\n","protected":false},"excerpt":{"rendered":"<p>DOUTORADO (Sess\u00e3o T\u00e9cnica 01) V\u00eddeo da apresenta\u00e7\u00e3o: https:\/\/youtu.be\/414cAGQwWWg Towards Auditable and Intelligent Privacy-Preserving Record LinkageThiago Nobrega, Carlos Eduardo S. Pires,&hellip; <\/p>\n","protected":false},"author":16,"featured_media":0,"parent":0,"menu_order":0,"comment_status":"closed","ping_status":"closed","template":"templates\/template-fullwidth.php","meta":{"footnotes":""},"class_list":["post-2610","page","type-page","status-publish","hentry"],"_links":{"self":[{"href":"https:\/\/sbbd.org.br\/2021\/wp-json\/wp\/v2\/pages\/2610","targetHints":{"allow":["GET"]}}],"collection":[{"href":"https:\/\/sbbd.org.br\/2021\/wp-json\/wp\/v2\/pages"}],"about":[{"href":"https:\/\/sbbd.org.br\/2021\/wp-json\/wp\/v2\/types\/page"}],"author":[{"embeddable":true,"href":"https:\/\/sbbd.org.br\/2021\/wp-json\/wp\/v2\/users\/16"}],"replies":[{"embeddable":true,"href":"https:\/\/sbbd.org.br\/2021\/wp-json\/wp\/v2\/comments?post=2610"}],"version-history":[{"count":11,"href":"https:\/\/sbbd.org.br\/2021\/wp-json\/wp\/v2\/pages\/2610\/revisions"}],"predecessor-version":[{"id":4662,"href":"https:\/\/sbbd.org.br\/2021\/wp-json\/wp\/v2\/pages\/2610\/revisions\/4662"}],"wp:attachment":[{"href":"https:\/\/sbbd.org.br\/2021\/wp-json\/wp\/v2\/media?parent=2610"}],"curies":[{"name":"wp","href":"https:\/\/api.w.org\/{rel}","templated":true}]}}