{"id":167,"date":"2015-02-19T16:52:32","date_gmt":"2015-02-19T16:52:32","guid":{"rendered":"http:\/\/demo.themeskingdom.com\/eveny\/?page_id=167"},"modified":"2022-02-18T11:15:30","modified_gmt":"2022-02-18T14:15:30","slug":"home","status":"publish","type":"page","link":"https:\/\/sbbd.org.br\/2021\/","title":{"rendered":""},"content":{"rendered":"\n<h2 class=\"wp-block-heading\" id=\"sbbd-2021-brazilian-symposium-on-databases\">SBBD 2021 &#8211; BRAZILIAN SYMPOSIUM ON DATABASES<\/h2>\n\n\n\n<h4 class=\"wp-block-heading\" id=\"the-premier-brazilian-conference-on-data-science-and-big-data\">The Premier Brazilian Conference on Data Science and Big Data<\/h4>\n\n\n\n<p>The annual <strong>Brazilian Symposium on Databases (SBBD) <\/strong>is the official event on databases of the Brazilian Computer Society (SBC). The symposium includes a technical program with research and industrial talks, tutorials, demos, and focused workshops. It also hosts invited talks by distinguished speakers from the international research community.<\/p>\n\n\n\n<h6 class=\"wp-block-heading\"><\/h6>\n\n\n\n<p>Due to COVID-19 and coronavirus pandemic, all activities of the 36th edition of the SBBD will happen<strong> online<\/strong> only,&nbsp;<strong>October 4-8, 2021<\/strong>&nbsp;\u2013 organized by&nbsp;<a href=\"http:\/\/www.cefet-rj.br\/\">CEFET\/RJ<\/a>&nbsp;(Rio de Janeiro, Brazil).<\/p>\n\n\n\n<ul class=\"wp-block-social-links alignright is-layout-flex wp-block-social-links-is-layout-flex\"><li class=\"wp-social-link wp-social-link-facebook  wp-block-social-link\"><a href=\"https:\/\/www.facebook.com\/groups\/SBC.SBBD\" class=\"wp-block-social-link-anchor\"><svg width=\"24\" height=\"24\" viewBox=\"0 0 24 24\" version=\"1.1\" xmlns=\"http:\/\/www.w3.org\/2000\/svg\" aria-hidden=\"true\" focusable=\"false\"><path d=\"M12 2C6.5 2 2 6.5 2 12c0 5 3.7 9.1 8.4 9.9v-7H7.9V12h2.5V9.8c0-2.5 1.5-3.9 3.8-3.9 1.1 0 2.2.2 2.2.2v2.5h-1.3c-1.2 0-1.6.8-1.6 1.6V12h2.8l-.4 2.9h-2.3v7C18.3 21.1 22 17 22 12c0-5.5-4.5-10-10-10z\"><\/path><\/svg><span class=\"wp-block-social-link-label screen-reader-text\">Facebook<\/span><\/a><\/li>\n\n<li class=\"wp-social-link wp-social-link-instagram  wp-block-social-link\"><a href=\"https:\/\/www.instagram.com\/sbbd_oficial\/\" class=\"wp-block-social-link-anchor\"><svg width=\"24\" height=\"24\" viewBox=\"0 0 24 24\" version=\"1.1\" xmlns=\"http:\/\/www.w3.org\/2000\/svg\" aria-hidden=\"true\" focusable=\"false\"><path d=\"M12,4.622c2.403,0,2.688,0.009,3.637,0.052c0.877,0.04,1.354,0.187,1.671,0.31c0.42,0.163,0.72,0.358,1.035,0.673 c0.315,0.315,0.51,0.615,0.673,1.035c0.123,0.317,0.27,0.794,0.31,1.671c0.043,0.949,0.052,1.234,0.052,3.637 s-0.009,2.688-0.052,3.637c-0.04,0.877-0.187,1.354-0.31,1.671c-0.163,0.42-0.358,0.72-0.673,1.035 c-0.315,0.315-0.615,0.51-1.035,0.673c-0.317,0.123-0.794,0.27-1.671,0.31c-0.949,0.043-1.233,0.052-3.637,0.052 s-2.688-0.009-3.637-0.052c-0.877-0.04-1.354-0.187-1.671-0.31c-0.42-0.163-0.72-0.358-1.035-0.673 c-0.315-0.315-0.51-0.615-0.673-1.035c-0.123-0.317-0.27-0.794-0.31-1.671C4.631,14.688,4.622,14.403,4.622,12 s0.009-2.688,0.052-3.637c0.04-0.877,0.187-1.354,0.31-1.671c0.163-0.42,0.358-0.72,0.673-1.035 c0.315-0.315,0.615-0.51,1.035-0.673c0.317-0.123,0.794-0.27,1.671-0.31C9.312,4.631,9.597,4.622,12,4.622 M12,3 C9.556,3,9.249,3.01,8.289,3.054C7.331,3.098,6.677,3.25,6.105,3.472C5.513,3.702,5.011,4.01,4.511,4.511 c-0.5,0.5-0.808,1.002-1.038,1.594C3.25,6.677,3.098,7.331,3.054,8.289C3.01,9.249,3,9.556,3,12c0,2.444,0.01,2.751,0.054,3.711 c0.044,0.958,0.196,1.612,0.418,2.185c0.23,0.592,0.538,1.094,1.038,1.594c0.5,0.5,1.002,0.808,1.594,1.038 c0.572,0.222,1.227,0.375,2.185,0.418C9.249,20.99,9.556,21,12,21s2.751-0.01,3.711-0.054c0.958-0.044,1.612-0.196,2.185-0.418 c0.592-0.23,1.094-0.538,1.594-1.038c0.5-0.5,0.808-1.002,1.038-1.594c0.222-0.572,0.375-1.227,0.418-2.185 C20.99,14.751,21,14.444,21,12s-0.01-2.751-0.054-3.711c-0.044-0.958-0.196-1.612-0.418-2.185c-0.23-0.592-0.538-1.094-1.038-1.594 c-0.5-0.5-1.002-0.808-1.594-1.038c-0.572-0.222-1.227-0.375-2.185-0.418C14.751,3.01,14.444,3,12,3L12,3z M12,7.378 c-2.552,0-4.622,2.069-4.622,4.622S9.448,16.622,12,16.622s4.622-2.069,4.622-4.622S14.552,7.378,12,7.378z M12,15 c-1.657,0-3-1.343-3-3s1.343-3,3-3s3,1.343,3,3S13.657,15,12,15z M16.804,6.116c-0.596,0-1.08,0.484-1.08,1.08 s0.484,1.08,1.08,1.08c0.596,0,1.08-0.484,1.08-1.08S17.401,6.116,16.804,6.116z\"><\/path><\/svg><span class=\"wp-block-social-link-label screen-reader-text\">Instagram<\/span><\/a><\/li><\/ul>\n\n\n\n<div class=\"wp-block-columns is-layout-flex wp-container-core-columns-is-layout-9d6595d7 wp-block-columns-is-layout-flex\">\n<div class=\"wp-block-column is-layout-flow wp-block-column-is-layout-flow\" style=\"flex-basis:100%\">\n<h3 class=\"wp-block-heading\" id=\"latest-news\">\u200bLATEST NEWS<\/h3>\n\n\n<ul class=\"wp-block-latest-posts__list wp-block-latest-posts\"><li><a class=\"wp-block-latest-posts__post-title\" href=\"https:\/\/sbbd.org.br\/2021\/premiacoes\/\">Premia\u00e7\u00f5es<\/a><\/li>\n<li><a class=\"wp-block-latest-posts__post-title\" href=\"https:\/\/sbbd.org.br\/2021\/instrucoes-para-registro-e-participacao-no-zoom\/\">Instru\u00e7\u00f5es para Registro e Participa\u00e7\u00e3o no Zoom<\/a><\/li>\n<li><a class=\"wp-block-latest-posts__post-title\" href=\"https:\/\/sbbd.org.br\/2021\/fundo-virtual-sbbd-2021\/\">Fundo virtual SBBD 2021<\/a><\/li>\n<li><a class=\"wp-block-latest-posts__post-title\" href=\"https:\/\/sbbd.org.br\/2021\/all-we-need-is-data-live-21-09-2021\/\">All we need is Data &#8211; Live 21\/09\/2021<\/a><\/li>\n<li><a class=\"wp-block-latest-posts__post-title\" href=\"https:\/\/sbbd.org.br\/2021\/all-we-need-is-data-live-26-07-2021\/\">All we need is Data &#8211; Live 26\/07\/2021<\/a><\/li>\n<\/ul>\n\n\n<h2 class=\"wp-block-heading\"><\/h2>\n<\/div>\n<\/div>\n\n\n\n<figure class=\"wp-block-table is-style-stripes\"><table><tbody><tr><td class=\"has-text-align-center\" data-align=\"center\">REALIZATION<\/td><td class=\"has-text-align-center\" data-align=\"center\">EXECUTION<\/td><td class=\"has-text-align-center\" data-align=\"center\">ACADEMIC SUPPORT<\/td><\/tr><tr><td class=\"has-text-align-center\" data-align=\"center\"><a href=\"https:\/\/www.sbc.org.br\/\"><img loading=\"lazy\" decoding=\"async\" src=\"https:\/\/sbbd.org.br\/2018\/wp-content\/uploads\/sites\/5\/2017\/12\/sbc.png\" alt=\"\" width=\"79\" height=\"120\"><\/a><\/td><td class=\"has-text-align-center\" data-align=\"center\"><a href=\"https:\/\/eic.cefet-rj.br\/ppcic\/\"><img loading=\"lazy\" decoding=\"async\" width=\"889\" height=\"771\" class=\"wp-image-3512\" style=\"width: 160px\" src=\"https:\/\/sbbd.org.br\/2021\/wp-content\/uploads\/sites\/14\/2021\/03\/ppcic-logo.jpg\" alt=\"\" srcset=\"https:\/\/sbbd.org.br\/2021\/wp-content\/uploads\/sites\/14\/2021\/03\/ppcic-logo.jpg 889w, https:\/\/sbbd.org.br\/2021\/wp-content\/uploads\/sites\/14\/2021\/03\/ppcic-logo-300x260.jpg 300w, https:\/\/sbbd.org.br\/2021\/wp-content\/uploads\/sites\/14\/2021\/03\/ppcic-logo-768x666.jpg 768w, https:\/\/sbbd.org.br\/2021\/wp-content\/uploads\/sites\/14\/2021\/03\/ppcic-logo-692x600.jpg 692w, https:\/\/sbbd.org.br\/2021\/wp-content\/uploads\/sites\/14\/2021\/03\/ppcic-logo-630x546.jpg 630w\" sizes=\"auto, (max-width: 889px) 100vw, 889px\" \/><\/a><br><\/td><td class=\"has-text-align-center\" data-align=\"center\"><a href=\"http:\/\/www.cefet-rj.br\/\"><img loading=\"lazy\" decoding=\"async\" width=\"889\" height=\"771\" class=\"wp-image-3776\" style=\"width: 160px\" src=\"https:\/\/sbbd.org.br\/2021\/wp-content\/uploads\/sites\/14\/2021\/04\/cefet_vert_2.jpg\" alt=\"\" srcset=\"https:\/\/sbbd.org.br\/2021\/wp-content\/uploads\/sites\/14\/2021\/04\/cefet_vert_2.jpg 889w, https:\/\/sbbd.org.br\/2021\/wp-content\/uploads\/sites\/14\/2021\/04\/cefet_vert_2-300x260.jpg 300w, https:\/\/sbbd.org.br\/2021\/wp-content\/uploads\/sites\/14\/2021\/04\/cefet_vert_2-768x666.jpg 768w, https:\/\/sbbd.org.br\/2021\/wp-content\/uploads\/sites\/14\/2021\/04\/cefet_vert_2-692x600.jpg 692w, https:\/\/sbbd.org.br\/2021\/wp-content\/uploads\/sites\/14\/2021\/04\/cefet_vert_2-630x546.jpg 630w\" sizes=\"auto, (max-width: 889px) 100vw, 889px\" \/><\/a><br><\/td><\/tr><tr><\/tr><tr><\/tr><tr><\/tr><tr><\/tr><tr><\/tr><tr><\/tr><tr><\/tr><tr><\/tr><tr><td class=\"has-text-align-center\" data-align=\"center\">SPONSOR<\/td><td class=\"has-text-align-center\" data-align=\"center\">SUPPORT<\/td><\/tr><tr><td class=\"has-text-align-center\" data-align=\"center\"><br><a href=\"https:\/\/www.loggi.com\/\" data-type=\"URL\" data-id=\"https:\/\/www.loggi.com\/\"><img decoding=\"async\" src=\"https:\/\/sbbd.org.br\/2021\/wp-content\/uploads\/sites\/14\/2021\/07\/Imagem_Logo_Completo_Azul-1024x499.png\" alt=\"\" style=\"width: 220px\"><\/a><br><a rel=\"noreferrer noopener\" href=\"https:\/\/www.meliuz.com.br\/\" target=\"_blank\"><img decoding=\"async\" src=\"https:\/\/sbbd.org.br\/2021\/wp-content\/uploads\/sites\/14\/2021\/09\/Meliuz_logo.jpg\" alt=\"\" style=\"width: 160px\"><\/a><br><\/td><td class=\"has-text-align-center\" data-align=\"center\">   <br><a href=\"https:\/\/www.puc-rio.br\/index.html\"><sub><img loading=\"lazy\" decoding=\"async\" width=\"332\" height=\"582\" class=\"wp-image-3970\" style=\"width: 80px\" src=\"https:\/\/sbbd.org.br\/2021\/wp-content\/uploads\/sites\/14\/2021\/06\/puc-rio-logo.gif\" alt=\"\"><\/sub><\/a> <br><br> <a href=\"https:\/\/www.gov.br\/cnpq\/pt-br\" target=\"_blank\" rel=\"noreferrer noopener\"><img decoding=\"async\" style=\"width: 150px\" src=\"https:\/\/sbbd.org.br\/2021\/wp-content\/uploads\/sites\/14\/2022\/02\/cnpq.png\" alt=\"This image has an empty alt attribute; its file name is cnpq.png\"><\/a><\/td><\/tr><tr><\/tr><tr><\/tr><tr><\/tr><tr><\/tr><tr><\/tr><tr><\/tr><tr><\/tr><tr><\/tr><\/tbody><\/table><\/figure>\n\n\n\n<div class=\"wp-block-columns is-layout-flex wp-container-core-columns-is-layout-9d6595d7 wp-block-columns-is-layout-flex\">\n<div class=\"wp-block-column is-layout-flow wp-block-column-is-layout-flow\" style=\"flex-basis:100%\"><\/div>\n<\/div>\n\n\n\n<p><\/p>\n","protected":false},"excerpt":{"rendered":"<p>SBBD 2021 &#8211; BRAZILIAN SYMPOSIUM ON DATABASES The Premier Brazilian Conference on Data Science and Big Data The annual Brazilian&hellip; <\/p>\n","protected":false},"author":12,"featured_media":0,"parent":0,"menu_order":0,"comment_status":"closed","ping_status":"closed","template":"","meta":{"footnotes":""},"class_list":["post-167","page","type-page","status-publish","hentry"],"_links":{"self":[{"href":"https:\/\/sbbd.org.br\/2021\/wp-json\/wp\/v2\/pages\/167","targetHints":{"allow":["GET"]}}],"collection":[{"href":"https:\/\/sbbd.org.br\/2021\/wp-json\/wp\/v2\/pages"}],"about":[{"href":"https:\/\/sbbd.org.br\/2021\/wp-json\/wp\/v2\/types\/page"}],"author":[{"embeddable":true,"href":"https:\/\/sbbd.org.br\/2021\/wp-json\/wp\/v2\/users\/12"}],"replies":[{"embeddable":true,"href":"https:\/\/sbbd.org.br\/2021\/wp-json\/wp\/v2\/comments?post=167"}],"version-history":[{"count":141,"href":"https:\/\/sbbd.org.br\/2021\/wp-json\/wp\/v2\/pages\/167\/revisions"}],"predecessor-version":[{"id":4745,"href":"https:\/\/sbbd.org.br\/2021\/wp-json\/wp\/v2\/pages\/167\/revisions\/4745"}],"wp:attachment":[{"href":"https:\/\/sbbd.org.br\/2021\/wp-json\/wp\/v2\/media?parent=167"}],"curies":[{"name":"wp","href":"https:\/\/api.w.org\/{rel}","templated":true}]}}