{"id":1661,"date":"2019-09-16T01:59:10","date_gmt":"2019-09-16T01:59:10","guid":{"rendered":"http:\/\/sbbd.org.br\/2021\/?page_id=1661"},"modified":"2021-10-07T10:23:26","modified_gmt":"2021-10-07T13:23:26","slug":"dsw","status":"publish","type":"page","link":"https:\/\/sbbd.org.br\/2021\/dsw\/","title":{"rendered":"DSW"},"content":{"rendered":"\n<p><br><\/p>\n\n\n\n<h6 class=\"wp-block-heading\">Sess\u00e3o T\u00e9cnica 01<\/h6>\n\n\n\n<p><\/p>\n\n\n\n<p><strong><strong><span class=\"has-inline-color has-vivid-red-color\"><strong><span class=\"has-inline-color has-vivid-red-color\"><strong><span class=\"has-inline-color has-vivid-red-color\">V\u00eddeo da apresenta\u00e7\u00e3o<\/span><\/strong><\/span><\/strong>:<\/span><\/strong>  <\/strong>\u00a0<a rel=\"noreferrer noopener\" href=\"https:\/\/youtu.be\/_fjENAycC48\" target=\"_blank\">https:\/\/youtu.be\/_fjENAycC48<\/a>\u00a0<\/p>\n\n\n\n<h6 class=\"wp-block-heading\">Sess\u00e3o T\u00e9cnica 02<\/h6>\n\n\n\n<p><\/p>\n\n\n\n<p><strong><strong><span class=\"has-inline-color has-vivid-red-color\"><strong><span class=\"has-inline-color has-vivid-red-color\"><strong><span class=\"has-inline-color has-vivid-red-color\">V\u00eddeo da apresenta\u00e7\u00e3o<\/span><\/strong><\/span><\/strong>:<\/span><\/strong> <\/strong>\u00a0<a rel=\"noreferrer noopener\" href=\"https:\/\/youtu.be\/dUel_Tft2c8\" target=\"_blank\">https:\/\/youtu.be\/dUel_Tft2c8<\/a><\/p>\n\n\n\n<h2 class=\"wp-block-heading\"> <\/h2>\n\n\n\n<p><\/p>\n\n\n\n<h6 class=\"wp-block-heading\"><strong><a href=\"https:\/\/sites.google.com\/view\/sbbd-dsw\/edi%C3%A7%C3%A3o-2021\/programa%C3%A7%C3%A3o?authuser=0\" target=\"_blank\" rel=\"noreferrer noopener\">Programa\u00e7\u00e3o Completa<\/a><\/strong><\/h6>\n","protected":false},"excerpt":{"rendered":"<p>Sess\u00e3o T\u00e9cnica 01 V\u00eddeo da apresenta\u00e7\u00e3o: \u00a0https:\/\/youtu.be\/_fjENAycC48\u00a0 Sess\u00e3o T\u00e9cnica 02 V\u00eddeo da apresenta\u00e7\u00e3o: \u00a0https:\/\/youtu.be\/dUel_Tft2c8 Programa\u00e7\u00e3o Completa<\/p>\n","protected":false},"author":13,"featured_media":0,"parent":0,"menu_order":0,"comment_status":"closed","ping_status":"closed","template":"templates\/template-fullwidth.php","meta":{"footnotes":""},"class_list":["post-1661","page","type-page","status-publish","hentry"],"_links":{"self":[{"href":"https:\/\/sbbd.org.br\/2021\/wp-json\/wp\/v2\/pages\/1661","targetHints":{"allow":["GET"]}}],"collection":[{"href":"https:\/\/sbbd.org.br\/2021\/wp-json\/wp\/v2\/pages"}],"about":[{"href":"https:\/\/sbbd.org.br\/2021\/wp-json\/wp\/v2\/types\/page"}],"author":[{"embeddable":true,"href":"https:\/\/sbbd.org.br\/2021\/wp-json\/wp\/v2\/users\/13"}],"replies":[{"embeddable":true,"href":"https:\/\/sbbd.org.br\/2021\/wp-json\/wp\/v2\/comments?post=1661"}],"version-history":[{"count":5,"href":"https:\/\/sbbd.org.br\/2021\/wp-json\/wp\/v2\/pages\/1661\/revisions"}],"predecessor-version":[{"id":4654,"href":"https:\/\/sbbd.org.br\/2021\/wp-json\/wp\/v2\/pages\/1661\/revisions\/4654"}],"wp:attachment":[{"href":"https:\/\/sbbd.org.br\/2021\/wp-json\/wp\/v2\/media?parent=1661"}],"curies":[{"name":"wp","href":"https:\/\/api.w.org\/{rel}","templated":true}]}}