{"id":1611,"date":"2019-09-10T13:21:45","date_gmt":"2019-09-10T13:21:45","guid":{"rendered":"http:\/\/sbbd.org.br\/2021\/?page_id=1611"},"modified":"2021-10-07T10:32:31","modified_gmt":"2021-10-07T13:32:31","slug":"wtag","status":"publish","type":"page","link":"https:\/\/sbbd.org.br\/2021\/wtag\/","title":{"rendered":"WTAG"},"content":{"rendered":"\n<h6 class=\"wp-block-heading\">Sess\u00e3o T\u00e9cnica 01<\/h6>\n\n\n\n<p><\/p>\n\n\n\n<p><strong><span class=\"has-inline-color has-vivid-red-color\"><strong><span class=\"has-inline-color has-vivid-red-color\"><strong><strong><span class=\"has-inline-color has-vivid-red-color\"><strong><span class=\"has-inline-color has-vivid-red-color\"><strong><span class=\"has-inline-color has-vivid-red-color\">V\u00eddeo da apresenta\u00e7\u00e3o<\/span><\/strong><\/span><\/strong><\/span><\/strong><\/strong><\/span><\/strong>:<\/span><\/strong> <a rel=\"noreferrer noopener\" href=\"https:\/\/youtu.be\/Zl3L9VExrXw\" target=\"_blank\">https:\/\/youtu.be\/Zl3L9VExrXw<\/a><\/p>\n\n\n\n<h2 class=\"wp-block-heading\"> <\/h2>\n\n\n\n<ul class=\"wp-block-list\"><li><strong>An\u00e1lise das Letras das M\u00fasicas Brasileiras mais Tocadas nas R\u00e1dios das \u00daltimas Seis D\u00e9cadas<\/strong><br>Italo Trindade, Leandro Resendo, Jefferson Andrade, Karin Komati<\/li><\/ul>\n\n\n\n<p><\/p>\n\n\n\n<ul class=\"wp-block-list\"><li><strong>ConSQL: Consentimentos em SQL para o Processamento de Consultas Orientado a Prop\u00f3sitos<\/strong><br>\u00cdtalo de Abreu, Francisco Praciano, Paulo Amora, Javam Machado<\/li><\/ul>\n\n\n\n<p><\/p>\n\n\n\n<ul class=\"wp-block-list\"><li><strong>Utiliza\u00e7\u00e3o de dados espaciais para determinar a influ\u00eancia de poluentes na ocorr\u00eancia de esp\u00e9cies na Amaz\u00f4nia<\/strong><br>Renato Miyaji, Pedro Luiz Pizzigatti Corr\u00eaa, Luciana Rizzo<\/li><\/ul>\n\n\n\n<p><\/p>\n\n\n\n<ul class=\"wp-block-list\"><li><strong>M\u00e9todos para aux\u00edlio na tomada de decis\u00e3o em cidades inteligentes<\/strong><br>Ramon Lima, Wilamis Aviz, F\u00e1bio Jos\u00e9 Coutinho da Silva, Jo\u00e3o Paulo Santos<\/li><\/ul>\n\n\n\n<p><\/p>\n\n\n\n<ul class=\"wp-block-list\"><li><em><strong>Comparing Alternative Storage Models for Words Extracted from Legal Texts<\/strong><\/em><br>Ana Paula Sodr\u00e9, Luis Eduardo Floriano, Dimmy Magalh\u00e3es, Aurora Pozo, Carmem Hara, Cristina Ciferri<\/li><\/ul>\n\n\n\n<p><\/p>\n\n\n\n<h6 class=\"wp-block-heading\">Sess\u00e3o T\u00e9cnica 02<\/h6>\n\n\n\n<p><\/p>\n\n\n\n<p><strong><span class=\"has-inline-color has-vivid-red-color\"><strong><span class=\"has-inline-color has-vivid-red-color\"><strong><strong><span class=\"has-inline-color has-vivid-red-color\"><strong><span class=\"has-inline-color has-vivid-red-color\"><strong><span class=\"has-inline-color has-vivid-red-color\">V\u00eddeo da apresenta\u00e7\u00e3o<\/span><\/strong><\/span><\/strong><\/span><\/strong><\/strong><\/span><\/strong>:<\/span><\/strong> <a rel=\"noreferrer noopener\" href=\"https:\/\/youtu.be\/9LbMNAPRJm0\" target=\"_blank\">https:\/\/youtu.be\/9LbMNAPRJm0<\/a><\/p>\n\n\n\n<h2 class=\"wp-block-heading\"> <\/h2>\n\n\n\n<ul class=\"wp-block-list\"><li><strong>Painel de Proveni\u00eancia: an\u00e1lise durante o treinamento de Redes Neurais Profundas<\/strong><br>Filipe Silva, D\u00e9bora Pina, Liliane Neves de Oliveira Kunstmann, Marta Mattoso<\/li><\/ul>\n\n\n\n<p><\/p>\n\n\n\n<ul class=\"wp-block-list\"><li><strong>Sistemas de Recupera\u00e7\u00e3o de Informa\u00e7\u00f5es Aplicados \u00e0 Produ\u00e7\u00f5es Acad\u00eamicas<\/strong><br>Mariana Salgueiro, Sergio Lifschitz, Marcos Villas, Edward Hermann Haeusler, Jefferson Santos<\/li><\/ul>\n\n\n\n<p><\/p>\n\n\n\n<ul class=\"wp-block-list\"><li><strong>An\u00e1lise de Dados para Comunica\u00e7\u00e3o Pol\u00edtica a partir de um Sistema de Coleta de Tweets<\/strong><br>Bruno Monteiro, Arthur Ituassu, Marcos Villas, Sergio Lifschitz, Alexandre Heine, Mariana Barreto, Nicholas Xavier<\/li><\/ul>\n\n\n\n<p><\/p>\n\n\n\n<ul class=\"wp-block-list\"><li><strong>Aplica\u00e7\u00e3o Web de Processamento, Clustering e Visualiza\u00e7\u00e3o de Grafos de Genes de Workflows Cient\u00edficos<\/strong><br>Alexandre Heine, Sergio Lifschitz<\/li><\/ul>\n\n\n\n<p><\/p>\n","protected":false},"excerpt":{"rendered":"<p>Sess\u00e3o T\u00e9cnica 01 V\u00eddeo da apresenta\u00e7\u00e3o: https:\/\/youtu.be\/Zl3L9VExrXw An\u00e1lise das Letras das M\u00fasicas Brasileiras mais Tocadas nas R\u00e1dios das \u00daltimas Seis&hellip; <\/p>\n","protected":false},"author":13,"featured_media":0,"parent":0,"menu_order":0,"comment_status":"closed","ping_status":"closed","template":"templates\/template-fullwidth.php","meta":{"footnotes":""},"class_list":["post-1611","page","type-page","status-publish","hentry"],"_links":{"self":[{"href":"https:\/\/sbbd.org.br\/2021\/wp-json\/wp\/v2\/pages\/1611","targetHints":{"allow":["GET"]}}],"collection":[{"href":"https:\/\/sbbd.org.br\/2021\/wp-json\/wp\/v2\/pages"}],"about":[{"href":"https:\/\/sbbd.org.br\/2021\/wp-json\/wp\/v2\/types\/page"}],"author":[{"embeddable":true,"href":"https:\/\/sbbd.org.br\/2021\/wp-json\/wp\/v2\/users\/13"}],"replies":[{"embeddable":true,"href":"https:\/\/sbbd.org.br\/2021\/wp-json\/wp\/v2\/comments?post=1611"}],"version-history":[{"count":13,"href":"https:\/\/sbbd.org.br\/2021\/wp-json\/wp\/v2\/pages\/1611\/revisions"}],"predecessor-version":[{"id":4668,"href":"https:\/\/sbbd.org.br\/2021\/wp-json\/wp\/v2\/pages\/1611\/revisions\/4668"}],"wp:attachment":[{"href":"https:\/\/sbbd.org.br\/2021\/wp-json\/wp\/v2\/media?parent=1611"}],"curies":[{"name":"wp","href":"https:\/\/api.w.org\/{rel}","templated":true}]}}