{"id":1280,"date":"2019-05-08T02:34:05","date_gmt":"2019-05-08T05:34:05","guid":{"rendered":"http:\/\/sbbd.org.br\/2021\/?page_id=1280"},"modified":"2021-09-25T22:26:39","modified_gmt":"2021-09-26T01:26:39","slug":"keynote-speakers","status":"publish","type":"page","link":"https:\/\/sbbd.org.br\/2021\/keynote-speakers\/","title":{"rendered":"Keynote Speakers"},"content":{"rendered":"\n<h4 class=\"wp-block-heading\"><a href=\"https:\/\/sbbd.org.br\/2021\/keynote-speaker-1\/\">Keynote Speaker #1 &#8211;<\/a><strong><a href=\"https:\/\/sbbd.org.br\/2021\/keynote-speaker-1\/\"> Arun Kumar &#8211; The New DBfication of ML\/AI<\/a><\/strong><\/h4>\n\n\n\n<h4 class=\"wp-block-heading\"><a href=\"https:\/\/sbbd.org.br\/2021\/keynote-speaker-2\/\">Keynote Speaker #2 &#8211;<strong> Javam de Castro Machado &#8211; O problema da privacidade de indiv\u00edduos em coleta, processamento e publica\u00e7\u00e3o de dados<\/strong><\/a><\/h4>\n\n\n\n<h4 class=\"wp-block-heading\"><a href=\"https:\/\/sbbd.org.br\/2021\/keynote-speaker-3\/\">Keynote Speaker #3 &#8211;<strong> Ren\u00e9e J. Miller &#8211; A Vision for Data Alignment and Integration in Data Lakes<\/strong><\/a><\/h4>\n\n\n\n<p><\/p>\n","protected":false},"excerpt":{"rendered":"<p>Keynote Speaker #1 &#8211; Arun Kumar &#8211; The New DBfication of ML\/AI Keynote Speaker #2 &#8211; Javam de Castro Machado&hellip; <\/p>\n","protected":false},"author":13,"featured_media":0,"parent":0,"menu_order":0,"comment_status":"closed","ping_status":"closed","template":"templates\/template-fullwidth.php","meta":{"footnotes":""},"class_list":["post-1280","page","type-page","status-publish","hentry"],"_links":{"self":[{"href":"https:\/\/sbbd.org.br\/2021\/wp-json\/wp\/v2\/pages\/1280","targetHints":{"allow":["GET"]}}],"collection":[{"href":"https:\/\/sbbd.org.br\/2021\/wp-json\/wp\/v2\/pages"}],"about":[{"href":"https:\/\/sbbd.org.br\/2021\/wp-json\/wp\/v2\/types\/page"}],"author":[{"embeddable":true,"href":"https:\/\/sbbd.org.br\/2021\/wp-json\/wp\/v2\/users\/13"}],"replies":[{"embeddable":true,"href":"https:\/\/sbbd.org.br\/2021\/wp-json\/wp\/v2\/comments?post=1280"}],"version-history":[{"count":69,"href":"https:\/\/sbbd.org.br\/2021\/wp-json\/wp\/v2\/pages\/1280\/revisions"}],"predecessor-version":[{"id":4478,"href":"https:\/\/sbbd.org.br\/2021\/wp-json\/wp\/v2\/pages\/1280\/revisions\/4478"}],"wp:attachment":[{"href":"https:\/\/sbbd.org.br\/2021\/wp-json\/wp\/v2\/media?parent=1280"}],"curies":[{"name":"wp","href":"https:\/\/api.w.org\/{rel}","templated":true}]}}