{"id":1235,"date":"2019-04-30T15:40:16","date_gmt":"2019-04-30T15:40:16","guid":{"rendered":"http:\/\/sbbd.org.br\/2021\/?page_id=1235"},"modified":"2021-07-15T15:43:48","modified_gmt":"2021-07-15T18:43:48","slug":"call-for-wtdbd","status":"publish","type":"page","link":"https:\/\/sbbd.org.br\/2021\/call-for-wtdbd\/","title":{"rendered":"Chamada para WTDBD"},"content":{"rendered":"\n<h3 class=\"wp-block-heading\"><span style=\"color:#0528ee\" class=\"has-inline-color\"><strong>DATAS IMPORTANTES<\/strong><\/span><\/h3>\n\n\n\n<ul class=\"wp-block-list\"><li>Data limite para submiss\u00e3o: <strong><s>12 de julho de 2021<\/s><\/strong> <strong><span style=\"color:#006b04\" class=\"has-inline-color\">02 de agosto de 2021<\/span> <\/strong><\/li><li>Notifica\u00e7\u00e3o dos trabalhos aceitos: <strong><s>09 de agosto de 2021<\/s><\/strong> <strong><span style=\"color:#006b04\" class=\"has-inline-color\">30 de agosto de 2021<\/span><\/strong><\/li><li>Vers\u00e3o final para publica\u00e7\u00e3o nos anais: <strong><s>22 de agosto de 2021<\/s><\/strong> <strong><span style=\"color:#006b04\" class=\"has-inline-color\">06 de setembro de 2021<\/span><\/strong>  <\/li><\/ul>\n\n\n\n<p><\/p>\n\n\n\n<h3 class=\"wp-block-heading\" id=\"mce_4\">CHAMADA DE TRABALHOS PARA O WORKSHOP DE TESES E DISSERTA\u00c7\u00d5ES EM BANCO DE DADOS<\/h3>\n\n\n\n<p>O Simp\u00f3sio Brasileiro de Banco de Dados (SBBD) tem estimulado a integra\u00e7\u00e3o e colabora\u00e7\u00e3o entre estudantes, professores, pesquisadores e profissionais da \u00e1rea. O XX Workshop de Teses e Disserta\u00e7\u00f5es em Banco de Dados (WTDBD) \u00e9 um evento integrante do SBBD. Ele \u00e9 dedicado \u00e0 discuss\u00e3o de trabalhos desenvolvidos por estudantes de mestrado e doutorado, incluindo trabalhos em andamento.<\/p>\n\n\n\n<p><\/p>\n\n\n\n<p>O WTDBD visa proporcionar um ambiente construtivo para discuss\u00f5es. O workshop permite que estudantes possam divulgar seus resultados de pesquisa e obter a opini\u00e3o de pesquisadores experientes em Banco de Dados sobre suas propostas de investiga\u00e7\u00e3o. O evento prov\u00ea oportunidade para a intera\u00e7\u00e3o de estudantes com uma banca de pesquisadores, que podem sugerir e recomendar a\u00e7\u00f5es visando o aprimoramento da pesquisa.<\/p>\n\n\n\n<p><\/p>\n\n\n\n<p>Os participantes do WTDBD poder\u00e3o aproveitar para participar do evento anual SBBD, sendo o mais relevante do pa\u00eds na \u00e1rea de Banco de Dados.<\/p>\n\n\n\n<p><\/p>\n\n\n\n<p>Os participantes do WTDBD tamb\u00e9m podem aproveitar para participar do evento anual de pesquisa mais importante do pa\u00eds na \u00e1rea de Banco de Dados. Nas \u00faltimas edi\u00e7\u00f5es do SBBD tem-se estimulado grandemente a integra\u00e7\u00e3o e coopera\u00e7\u00e3o de estudantes, professores, pesquisadores e profissionais da \u00e1rea, sempre que poss\u00edvel, atrav\u00e9s de aux\u00edlio aos estudantes.<\/p>\n\n\n\n<p><\/p>\n\n\n\n<h3 class=\"wp-block-heading\">SUBMISS\u00d5ES<\/h3>\n\n\n\n<p>Trabalhos de <strong>doutorado<\/strong>: devem, preferencialmente, envolver estudantes que tenham sido aprovados em exame de qualifica\u00e7\u00e3o, ou similares.<\/p>\n\n\n\n<p><\/p>\n\n\n\n<p>Trabalhos de <strong>mestrado<\/strong>: ser\u00e3o priorizados para aceita\u00e7\u00e3o no evento os trabalhos de mestrado que j\u00e1 tenham pelo menos a proposta de pesquisa, ou similar, aprovada.<\/p>\n\n\n\n<p><\/p>\n\n\n\n<p>Trabalhos conclu\u00eddos ou que ser\u00e3o conclu\u00eddos at\u00e9 a data do evento n\u00e3o ser\u00e3o aceitos no WTDBD 2021.<\/p>\n\n\n\n<p><\/p>\n\n\n\n<p>Os artigos devem seguir o <a href=\"https:\/\/www.sbc.org.br\/documentos-da-sbc\/category\/169-templates-para-artigos-e-capitulos-de-livros\">modelo da SBC<\/a> e serem submetidos via o <a href=\"https:\/\/jems.sbc.org.br\/home.cgi?c=3843\">sistema JEMS<\/a> em formato PDF exclusivamente. Os artigos podem ser submetidos em portugu\u00eas ou ingl\u00eas. Se a submiss\u00e3o for efetuada em ingl\u00eas, pede-se que seja inclu\u00eddo um resumo em portugu\u00eas. N\u00e3o \u00e9 exigido, mas recomenda-se fortemente que trabalhos de doutorado sejam submetidos em ingl\u00eas.<\/p>\n\n\n\n<p><\/p>\n\n\n\n<p>Os trabalhos \u2013 tanto mestrado como doutorado \u2013 devem conter um m\u00e1ximo de 7 p\u00e1ginas. A primeira p\u00e1gina \u00e9 exclusiva para encaminhamento, contendo as seguintes informa\u00e7\u00f5es:<\/p>\n\n\n\n<ul class=\"wp-block-list\"><li>T\u00edtulo do trabalho submetido e n\u00edvel: mestrado ou doutorado;<\/li><li>Resumo em portugu\u00eas (apenas para submiss\u00f5es em ingl\u00eas);<\/li><li>Nome completo do estudante e do nome do(s) orientador(es)\/co-orientador(es);<\/li><li>E-mail de contato do estudante e do orientador principal;<\/li><li>Universidade e programa de p\u00f3s-gradua\u00e7\u00e3o ou departamento;<\/li><li>M\u00eas e ano de ingresso do estudante no programa de p\u00f3s-gradua\u00e7\u00e3o;<\/li><li>M\u00eas e ano previstos para defesa do mestrado ou doutorado;<\/li><li>Etapas conclu\u00eddas e datas de refer\u00eancia (ex. conclus\u00e3o de exame de qualifica\u00e7\u00e3o);<\/li><li>Se houver, lista de publica\u00e7\u00f5es do estudante relacionadas ao trabalho submetido.<\/li><\/ul>\n\n\n\n<p>As demais 6 p\u00e1ginas do artigo devem incluir o conte\u00fado da pesquisa. Os seguintes itens s\u00e3o esperados:<\/p>\n\n\n\n<ul class=\"wp-block-list\" id=\"block-908a84e4-d1f4-409b-a1ab-ed886e00f212\"><li>Formula\u00e7\u00e3o clara do problema de pesquisa;<\/li><li>Descri\u00e7\u00e3o da motiva\u00e7\u00e3o e justificativa para a pesquisa;<\/li><li>Relev\u00e2ncia da pesquisa na \u00e1rea de Banco de Dados;<\/li><li>Principal diferencial com os trabalhos da literatura (breve vis\u00e3o comparativa com trabalhos relacionados);<\/li><li>Descri\u00e7\u00e3o da solu\u00e7\u00e3o proposta e sua contribui\u00e7\u00e3o espec\u00edfica e esperada como avan\u00e7o de pesquisa;<\/li><li>Metodologia da pesquisa empregada para o desenvolvimento da investiga\u00e7\u00e3o;<\/li><li>Avalia\u00e7\u00e3o preliminar de resultados obtidos, se dispon\u00edvel;<\/li><li>Refer\u00eancias bibliogr\u00e1ficas.<\/li><\/ul>\n\n\n\n<p>A publica\u00e7\u00e3o dos trabalhos aceitos \u00e9 condicional \u00e0 inscri\u00e7\u00e3o no SBBD 2021 e apresenta\u00e7\u00e3o oral do estudante durante o evento. As submiss\u00f5es devem ter aprova\u00e7\u00e3o do orientador do estudante, confirmando atrav\u00e9s de e-mail enviado ao coordenador do WTDBD 2021 em qual est\u00e1gio se encontra a pesquisa e concordando com a submiss\u00e3o e participa\u00e7\u00e3o do estudante no WTDBD 2021.<\/p>\n\n\n\n<p><\/p>\n\n\n\n<h3 class=\"wp-block-heading\">COORDENA\u00c7\u00c3O DO WTDBD 2021<\/h3>\n\n\n\n<p><span class=\"has-inline-color has-black-color\">Julio C. dos Reis (IC\/UNICAMP, Brazil) \u2013 <\/span><a href=\"mailto:jreis@ic.unicamp.br\">jreis@ic.unicamp.br<\/a><\/p>\n\n\n\n<h3 class=\"wp-block-heading\"><\/h3>\n\n\n\n<p><\/p>\n","protected":false},"excerpt":{"rendered":"<p>DATAS IMPORTANTES Data limite para submiss\u00e3o: 12 de julho de 2021 02 de agosto de 2021 Notifica\u00e7\u00e3o dos trabalhos aceitos:&hellip; <\/p>\n","protected":false},"author":13,"featured_media":0,"parent":0,"menu_order":0,"comment_status":"closed","ping_status":"closed","template":"templates\/template-fullwidth.php","meta":{"footnotes":""},"class_list":["post-1235","page","type-page","status-publish","hentry"],"_links":{"self":[{"href":"https:\/\/sbbd.org.br\/2021\/wp-json\/wp\/v2\/pages\/1235","targetHints":{"allow":["GET"]}}],"collection":[{"href":"https:\/\/sbbd.org.br\/2021\/wp-json\/wp\/v2\/pages"}],"about":[{"href":"https:\/\/sbbd.org.br\/2021\/wp-json\/wp\/v2\/types\/page"}],"author":[{"embeddable":true,"href":"https:\/\/sbbd.org.br\/2021\/wp-json\/wp\/v2\/users\/13"}],"replies":[{"embeddable":true,"href":"https:\/\/sbbd.org.br\/2021\/wp-json\/wp\/v2\/comments?post=1235"}],"version-history":[{"count":26,"href":"https:\/\/sbbd.org.br\/2021\/wp-json\/wp\/v2\/pages\/1235\/revisions"}],"predecessor-version":[{"id":4045,"href":"https:\/\/sbbd.org.br\/2021\/wp-json\/wp\/v2\/pages\/1235\/revisions\/4045"}],"wp:attachment":[{"href":"https:\/\/sbbd.org.br\/2021\/wp-json\/wp\/v2\/media?parent=1235"}],"curies":[{"name":"wp","href":"https:\/\/api.w.org\/{rel}","templated":true}]}}