{"id":1220,"date":"2019-04-23T15:53:33","date_gmt":"2019-04-23T15:53:33","guid":{"rendered":"http:\/\/sbbd.org.br\/2021\/?page_id=1220"},"modified":"2021-09-23T19:17:39","modified_gmt":"2021-09-23T22:17:39","slug":"call-for-wtag","status":"publish","type":"page","link":"https:\/\/sbbd.org.br\/2021\/call-for-wtag\/","title":{"rendered":"Chamada para WTAG"},"content":{"rendered":"\n<h3 class=\"wp-block-heading\"><span style=\"color:#0528ee\" class=\"has-inline-color\"><strong>DATAS IMPORTANTES<\/strong><\/span><\/h3>\n\n\n\n<ul class=\"wp-block-list\"><li>Registro do resumo:&nbsp;<strong><s><span class=\"has-inline-color has-black-color\">05 de julho de 2021<\/span><\/s><\/strong>  <strong><span class=\"has-inline-color has-black-color\"><s>23 de julho de 2021<\/s><\/span><\/strong> <strong><span style=\"color:#006b04\" class=\"has-inline-color\">03 de agosto de 2021<\/span><\/strong><\/li><li>Submiss\u00e3o de artigos: <strong><s><span class=\"has-inline-color has-black-color\">12 de julho de 2021<\/span><\/s> <strong><span class=\"has-inline-color has-black-color\"><s>26 de julho de 2021<\/s><\/span><\/strong><\/strong>&nbsp;<strong><span style=\"color:#006b04\" class=\"has-inline-color\">04 de agosto de 2021<\/span><\/strong><\/li><li>Notifica\u00e7\u00e3o de aceite:<span style=\"color:#006b04\" class=\"has-inline-color\">&nbsp;<\/span><strong><s><span class=\"has-inline-color has-black-color\">09 de agosto de 2021<\/span><\/s><\/strong> <span style=\"color:#006b04\" class=\"has-inline-color\"><strong>01 de setembro de 2021<\/strong><\/span><\/li><li>Envio da vers\u00e3o final:<s><span class=\"has-inline-color has-black-color\">&nbsp;<strong>22 de agosto e 2021<\/strong><\/span><\/s> <strong><span style=\"color:#006b04\" class=\"has-inline-color\">08 de setembro de 2021<\/span><\/strong><\/li><\/ul>\n\n\n\n<p><\/p>\n\n\n\n<h3 class=\"wp-block-heading\">II WORKSHOP DE TRABALHOS DE ALUNOS DE GRADUA\u00c7\u00c3O (II WTAG)<\/h3>\n\n\n\n<p>O Workshop de Trabalhos de Alunos de Gradua\u00e7\u00e3o do Simp\u00f3sio Brasileiro de Banco de Dados (SBBD) visa promover a participa\u00e7\u00e3o de estudantes de gradua\u00e7\u00e3o e de rec\u00e9m-graduados na produ\u00e7\u00e3o e divulga\u00e7\u00e3o de trabalhos sobre temas relacionados \u00e0 \u00e1rea de Banco de Dados. Autores est\u00e3o convidados a submeter trabalhos que incluam resultados parciais ou finais das suas pesquisas tecnol\u00f3gicas e cient\u00edficas, incluindo: Trabalhos de Inicia\u00e7\u00e3o Cient\u00edfica (IC), Trabalhos de Conclus\u00e3o de Curso (TCC), implementa\u00e7\u00f5es de software e projetos de pesquisa ou desenvolvimento independentes que se encaixem nos t\u00f3picos de interesse do Workshop.<\/p>\n\n\n\n<p><\/p>\n\n\n\n<h3 class=\"wp-block-heading\">INSTRU\u00c7\u00d5ES PARA SUBMISS\u00c3O<\/h3>\n\n\n\n<p>Para a submiss\u00e3o, os autores devem escrever artigos em ingl\u00eas ou portugu\u00eas, limitados a 6 (seis) p\u00e1ginas de conte\u00fado incluindo resumo, figuras, diagramas, e anexos, e uma p\u00e1gina extra para refer\u00eancias. Os trabalhos devem ser formatados seguindo o <a href=\"https:\/\/www.sbc.org.br\/documentos-da-sbc\/category\/169-templates-para-artigos-e-capitulos-de-livros\">modelo de artigos da SBC<\/a>.<\/p>\n\n\n\n<p><\/p>\n\n\n\n<p>A submiss\u00e3o de artigos ser\u00e1 exclusivamente eletr\u00f4nica, por meio do <a href=\"https:\/\/jems.sbc.org.br\/home.cgi?c=3844\" data-type=\"URL\">sistema JEMS<\/a>.<\/p>\n\n\n\n<p><\/p>\n\n\n\n<p>Os artigos passar\u00e3o por um processo de revis\u00e3o pelo Comit\u00ea de Programa do WTAG, e os trabalhos selecionados ser\u00e3o organizados para apresenta\u00e7\u00e3o e publica\u00e7\u00e3o nos anais do evento. Cada artigo deve ter no m\u00ednimo 2 autores: (1) um estudante de gradua\u00e7\u00e3o ou rec\u00e9m-formado (graduado em 2020 ou 2021); e (2) professor orientador do trabalho. O estudante <em>deve<\/em> ser o primeiro autor da submiss\u00e3o. Pelo menos um dos autores de cada artigo selecionado dever\u00e1 se inscrever no WTAG para apresentar o trabalho.<\/p>\n\n\n\n<p><\/p>\n\n\n\n<h3 class=\"wp-block-heading\">T\u00d3PICOS DE INTERESSE<\/h3>\n\n\n\n<p>A lista n\u00e3o exaustiva de t\u00f3picos de interesse inclui:<\/p>\n\n\n\n<ul class=\"wp-block-list\"><li>Algoritmos e T\u00e9cnicas de Minera\u00e7\u00e3o de Dados;<\/li><li>Algoritmos Paralelos e Distribu\u00eddos para Minera\u00e7\u00e3o de Dados;<\/li><li>An\u00e1lise e Visualiza\u00e7\u00e3o de Dados;<\/li><li>Anota\u00e7\u00e3o e Proveni\u00eancia de Dados;<\/li><li>Aprendizado de M\u00e1quina e Sistemas de Bancos de Dados;<\/li><li>Autoriza\u00e7\u00e3o, Privacidade e Seguran\u00e7a em Bancos de Dados;<\/li><li>Avalia\u00e7\u00e3o de Desempenho e Benchmarking de Bancos de Dados;<\/li><li>Bancos de Dados Ativos;<\/li><li>Bancos de Dados Auto-gerenci\u00e1veis e Aut\u00f4nomos;<\/li><li>Bancos de Dados Cient\u00edficos e Estat\u00edsticos;<\/li><li>Banco de Dados como Servi\u00e7o;<\/li><li>Banco de Dados de Texto;<\/li><li>Banco de Dados em Grafos;<\/li><li>Banco de Dados em Mem\u00f3ria;<\/li><li>Banco de Dados em Tempo real;<\/li><li>Banco de Dados Espaciais e Sistemas de Informa\u00e7\u00e3o Geogr\u00e1fica;<\/li><li>Bancos de Dados Heterog\u00eaneos, Federados, M\u00f3veis e de Sensores;<\/li><li>Bancos de Dados Multidimensionais e Temporais;<\/li><li>Bancos de Dados Multim\u00eddia;<\/li><li>Bancos de Dados NoSQL;<\/li><li>Bancos de Dados Par-a-Par, Paralelos e Distribu\u00eddos;<\/li><li>Bases de Conhecimento e Modelagem;<\/li><li>Bibliotecas Digitais e Aplica\u00e7\u00f5es;<\/li><li>Coleta, Extra\u00e7\u00e3o e Indexa\u00e7\u00e3o de Dados na Web;<\/li><li>Controle de Concorr\u00eancia e Recupera\u00e7\u00e3o;<\/li><li>Dados na Web e seu Gerenciamento;<\/li><li>Dados semi-estruturados e XML;<\/li><li>Datawarehousing e OLAP;<\/li><li>Fundamentos de Bancos de Dados para Minera\u00e7\u00e3o;<\/li><li>Gerenciamento de Dados na Nuvem;<\/li><li>Gerenciamento de Dados em arquiteturas Blockchain;<\/li><li>Gerenciamento de Dados Probabil\u00edstico, Difuso e Aproximado;<\/li><li>Gerenciamento de Dados baseado em Perfil ou com Reconhecimento de Contexto;<\/li><li>Gerenciamento de Esquemas e Projeto de Banco de Dados;<\/li><li>Gerenciamento e Classifica\u00e7\u00e3o de Documentos;<\/li><li>Gerenciamento de Transa\u00e7\u00f5es;<\/li><li>Incompletude e Inconsist\u00eancia em Bancos de Dados;<\/li><li>Integra\u00e7\u00e3o e Interoperabilidade de Informa\u00e7\u00f5es;<\/li><li>Linguagens de Consulta e Processamento;<\/li><li>Limpeza de Dados, Filtragem e Dissemina\u00e7\u00e3o de Informa\u00e7\u00f5es;<\/li><li>M\u00e9todos de Acesso, Indexa\u00e7\u00e3o e Novos Dispositivos de Hardware;<\/li><li>Modelos e T\u00e9cnicas de Recupera\u00e7\u00e3o de Informa\u00e7\u00e3o;<\/li><li>Privacidade e Seguran\u00e7a em Algoritmos de Minera\u00e7\u00e3o de Dados;<\/li><li>Processamento de Dados de Sensores e IOT;<\/li><li>Processamento de Dados Sociais;<\/li><li>Processamento de Eventos Complexos e em Fluxo;<\/li><li>Processamento de Strings e Bancos de Dados para Fluxo de Dados;<\/li><li>Projeto de Bancos de Dados e Sem\u00e2ntica de Dados;<\/li><li>Sistemas de Recomenda\u00e7\u00e3o;<\/li><li>T\u00e9cnicas de Bancos de Dados para Suporte \u00e0 Minera\u00e7\u00e3o de Dados;<\/li><li>Usabilidade, Interfaces do Usu\u00e1rio e Visualiza\u00e7\u00e3o em Banco de Dados;<\/li><li>Web Sem\u00e2ntica, Dados Conectados e Ontologias;<\/li><li>Workflow de aplica\u00e7\u00f5es e Banco de Dados.<\/li><\/ul>\n\n\n\n<p><\/p>\n\n\n\n<h3 class=\"wp-block-heading\">PR\u00caMIO PARA OS MELHORES ARTIGOS<\/h3>\n\n\n\n<p>Os melhores artigos ser\u00e3o premiados com um certificado ao final do WTAG.<\/p>\n\n\n\n<p><\/p>\n\n\n\n<h3 class=\"wp-block-heading\">COORDENA\u00c7\u00c3O DO WTAG 2021<\/h3>\n\n\n\n<p>Andr\u00e9 Luiz da Costa Carvalho (UFAM, Brazil) &#8211; <em>andre@icomp.ufam.edu.br<\/em><\/p>\n","protected":false},"excerpt":{"rendered":"<p>DATAS IMPORTANTES Registro do resumo:&nbsp;05 de julho de 2021 23 de julho de 2021 03 de agosto de 2021 Submiss\u00e3o&hellip; <\/p>\n","protected":false},"author":13,"featured_media":0,"parent":0,"menu_order":0,"comment_status":"closed","ping_status":"closed","template":"templates\/template-fullwidth.php","meta":{"footnotes":""},"class_list":["post-1220","page","type-page","status-publish","hentry"],"_links":{"self":[{"href":"https:\/\/sbbd.org.br\/2021\/wp-json\/wp\/v2\/pages\/1220","targetHints":{"allow":["GET"]}}],"collection":[{"href":"https:\/\/sbbd.org.br\/2021\/wp-json\/wp\/v2\/pages"}],"about":[{"href":"https:\/\/sbbd.org.br\/2021\/wp-json\/wp\/v2\/types\/page"}],"author":[{"embeddable":true,"href":"https:\/\/sbbd.org.br\/2021\/wp-json\/wp\/v2\/users\/13"}],"replies":[{"embeddable":true,"href":"https:\/\/sbbd.org.br\/2021\/wp-json\/wp\/v2\/comments?post=1220"}],"version-history":[{"count":20,"href":"https:\/\/sbbd.org.br\/2021\/wp-json\/wp\/v2\/pages\/1220\/revisions"}],"predecessor-version":[{"id":4456,"href":"https:\/\/sbbd.org.br\/2021\/wp-json\/wp\/v2\/pages\/1220\/revisions\/4456"}],"wp:attachment":[{"href":"https:\/\/sbbd.org.br\/2021\/wp-json\/wp\/v2\/media?parent=1220"}],"curies":[{"name":"wp","href":"https:\/\/api.w.org\/{rel}","templated":true}]}}