{"id":1017,"date":"2019-04-10T12:35:18","date_gmt":"2019-04-10T12:35:18","guid":{"rendered":"http:\/\/sbbd.org.br\/2021\/?page_id=1017"},"modified":"2021-07-12T10:53:52","modified_gmt":"2021-07-12T13:53:52","slug":"call-for-short-courses","status":"publish","type":"page","link":"https:\/\/sbbd.org.br\/2021\/call-for-short-courses\/","title":{"rendered":"Call for Short Courses"},"content":{"rendered":"\n<h3 class=\"wp-block-heading\"><strong><span style=\"color:#0528ee\" class=\"has-inline-color\">DATAS IMPORTANTES<\/span><\/strong><\/h3>\n\n\n\n<ul class=\"wp-block-list\"><li>Data limite para envio de propostas de minicursos: <strong><s>15 de Junho de 2021<\/s><\/strong> <strong><span style=\"color:#006b04\" class=\"has-inline-color\">25 de Julho de 2021<\/span><\/strong> &#8212; <strong><span class=\"has-inline-color has-vivid-red-color\">NOVO PRAZO!<\/span><\/strong><\/li><li>Notifica\u00e7\u00e3o de aceita\u00e7\u00e3o: <strong><s>2 de Julho de 2021<\/s><\/strong> <strong><span style=\"color:#006b04\" class=\"has-inline-color\">10 de Agosto de 2021<\/span><\/strong><\/li><li>Envio da vers\u00e3o final (slides e texto): <strong><s>15 de Agosto de 2021<\/s><\/strong> <span style=\"color:#006b04\" class=\"has-inline-color\"><strong>30 de Agosto de 2021<\/strong><\/span><\/li><\/ul>\n\n\n\n<p><\/p>\n\n\n\n<h3 class=\"wp-block-heading\">MINICURSOS SBBD 2021<\/h3>\n\n\n\n<p>Os minicursos do SBBD s\u00e3o eventos de curta dura\u00e7\u00e3o com objetivo de apresentar uma vis\u00e3o introdut\u00f3ria ou avan\u00e7ada de t\u00f3picos atuais de pesquisa e\/ou tecnologia que sejam de interesse das comunidades de Banco de Dados. Com isso, o ouvinte tem a oportunidade de aprender sobre um novo assunto vinculado \u00e0 sua \u00e1rea de atua\u00e7\u00e3o e pode tamb\u00e9m extrair elementos que podem ser aplicados em seus estudos cient\u00edficos e\/ou profiss\u00e3o.<\/p>\n\n\n\n<p><\/p>\n\n\n\n<p>Os minicursos dever\u00e3o ter 2 horas de dura\u00e7\u00e3o e serem apresentados em Portugu\u00eas ou Ingl\u00eas, tendo como p\u00fablico alvo os estudantes de gradua\u00e7\u00e3o, p\u00f3s-gradua\u00e7\u00e3o e\/ou profissionais da \u00e1rea.<\/p>\n\n\n\n<p><\/p>\n\n\n\n<h3 class=\"wp-block-heading\">INSTRU\u00c7\u00d5ES E SUBMISS\u00c3O<\/h3>\n\n\n\n<p>As propostas iniciais devem se limitar a 5 (cinco) p\u00e1ginas, no <a href=\"https:\/\/www.sbc.org.br\/documentos-da-sbc\/summary\/169-templates-para-artigos-e-capitulos-de-livros\/878-modelosparapublicacaodeartigos\">modelo de cap\u00edtulo de livro da SBC<\/a>, incluindo:<\/p>\n\n\n\n<ul class=\"wp-block-list\"><li>t\u00edtulo do minicurso;<\/li><li>autores (no m\u00e1ximo 3);<\/li><li>resumo (de at\u00e9 200 palavras);<\/li><li>indica\u00e7\u00e3o de p\u00fablico-alvo (para propostas com perfil interdisciplinar), com especifica\u00e7\u00e3o e justificativa de pr\u00e9-requisitos;<\/li><li>sum\u00e1rio do texto com uma descri\u00e7\u00e3o para cada um dos t\u00f3picos do sum\u00e1rio;<\/li><li>indica\u00e7\u00e3o de por que o curso \u00e9 interessante e deve atrair a aten\u00e7\u00e3o do p\u00fablico alvo;<\/li><li>breve curr\u00edculo dos autores;<\/li><li>indica\u00e7\u00e3o de qual autor apresentar\u00e1 o curso;<\/li><li>os recursos computacionais e audiovisuais necess\u00e1rios.<\/li><\/ul>\n\n\n\n<p>A submiss\u00e3o de propostas de minicursos deve ser realizada diretamente por <strong>e-mail<\/strong> para <em>alessandreia.oliveira@ufjf.br<\/em> com o <strong>assunto<\/strong> &#8220;<span class=\"has-inline-color has-vivid-cyan-blue-color\">[SBBD2021] Submiss\u00e3o de Proposta de Minicurso<\/span>&#8220;.<\/p>\n\n\n\n<p><\/p>\n\n\n\n<p>No email devem constar a identifica\u00e7\u00e3o do(s) autor(es) e um arquivo \u00fanico, como anexo, em formato PDF, com a proposta do minicurso. As propostas ser\u00e3o avaliadas de acordo com sua originalidade, relev\u00e2ncia, apresenta\u00e7\u00e3o e afinidade com o p\u00fablico-alvo.<\/p>\n\n\n\n<p><\/p>\n\n\n\n<p>As propostas iniciais aceitas participar\u00e3o de nova fase, na qual dever\u00e3o ser mais detalhadas em um texto com o m\u00ednimo de 20 p\u00e1ginas e m\u00e1ximo de 30 p\u00e1ginas. O texto ser\u00e1 publicado no formato de cap\u00edtulo de livro na s\u00e9rie \u201cT\u00f3picos em Gerenciamento de Dados e Informa\u00e7\u00f5es\u201d. Os formatos finais dos cap\u00edtulos ser\u00e3o divulgados diretamente aos autores.<\/p>\n\n\n\n<p><\/p>\n\n\n\n<h3 class=\"wp-block-heading\">COORDENA\u00c7\u00c3O DE MINICURSOS SBBD 2021<\/h3>\n\n\n\n<p>Alessandreia Marta de Oliveira (UFJF, Brazil)<\/p>\n","protected":false},"excerpt":{"rendered":"<p>DATAS IMPORTANTES Data limite para envio de propostas de minicursos: 15 de Junho de 2021 25 de Julho de 2021&hellip; <\/p>\n","protected":false},"author":13,"featured_media":0,"parent":0,"menu_order":0,"comment_status":"closed","ping_status":"closed","template":"templates\/template-fullwidth.php","meta":{"footnotes":""},"class_list":["post-1017","page","type-page","status-publish","hentry"],"_links":{"self":[{"href":"https:\/\/sbbd.org.br\/2021\/wp-json\/wp\/v2\/pages\/1017","targetHints":{"allow":["GET"]}}],"collection":[{"href":"https:\/\/sbbd.org.br\/2021\/wp-json\/wp\/v2\/pages"}],"about":[{"href":"https:\/\/sbbd.org.br\/2021\/wp-json\/wp\/v2\/types\/page"}],"author":[{"embeddable":true,"href":"https:\/\/sbbd.org.br\/2021\/wp-json\/wp\/v2\/users\/13"}],"replies":[{"embeddable":true,"href":"https:\/\/sbbd.org.br\/2021\/wp-json\/wp\/v2\/comments?post=1017"}],"version-history":[{"count":21,"href":"https:\/\/sbbd.org.br\/2021\/wp-json\/wp\/v2\/pages\/1017\/revisions"}],"predecessor-version":[{"id":4016,"href":"https:\/\/sbbd.org.br\/2021\/wp-json\/wp\/v2\/pages\/1017\/revisions\/4016"}],"wp:attachment":[{"href":"https:\/\/sbbd.org.br\/2021\/wp-json\/wp\/v2\/media?parent=1017"}],"curies":[{"name":"wp","href":"https:\/\/api.w.org\/{rel}","templated":true}]}}