{"id":3238,"date":"2020-09-28T20:12:09","date_gmt":"2020-09-28T23:12:09","guid":{"rendered":"https:\/\/sbbd.org.br\/2020\/?page_id=3238"},"modified":"2020-10-13T09:00:40","modified_gmt":"2020-10-13T12:00:40","slug":"cebd","status":"publish","type":"page","link":"https:\/\/sbbd.org.br\/2020\/cebd\/","title":{"rendered":"CEBD Meeting"},"content":{"rendered":"\n<p><span class=\"has-inline-color has-black-color\">A Reuni\u00e3o aberta da CEBD &#8211; Comiss\u00e3o Especial de Bancos de Dados, da Sociedade Brasileira de Computa\u00e7\u00e3o (SBC) estava prevista para ocorrer inicialmente no dia 29 de setembro, \u00e0s 18h30, mas acabou acontecendo apenas no dia 1\u00ba de outubro, \u00e0s 11h30. <\/span><\/p>\n\n\n\n<p>A<span class=\"has-inline-color has-black-color\"> reuni\u00e3o \u00e9 aberta a todos os interessados e membros da CEBD. Ela foi gravada e est\u00e1 dispon\u00edvel na playlist completa do canal YouTube do DI PUC-Rio. Segue o <a href=\"https:\/\/youtu.be\/Uy3GINV0UWw\">LINK<\/a> direto para o v\u00eddeo da reuni\u00e3o.<\/span><\/p>\n","protected":false},"excerpt":{"rendered":"<p>A Reuni\u00e3o aberta da CEBD &#8211; Comiss\u00e3o Especial de Bancos de Dados, da Sociedade Brasileira de Computa\u00e7\u00e3o (SBC) estava prevista&hellip; <\/p>\n","protected":false},"author":18,"featured_media":0,"parent":0,"menu_order":0,"comment_status":"closed","ping_status":"closed","template":"","meta":{"footnotes":""},"class_list":["post-3238","page","type-page","status-publish","hentry"],"_links":{"self":[{"href":"https:\/\/sbbd.org.br\/2020\/wp-json\/wp\/v2\/pages\/3238","targetHints":{"allow":["GET"]}}],"collection":[{"href":"https:\/\/sbbd.org.br\/2020\/wp-json\/wp\/v2\/pages"}],"about":[{"href":"https:\/\/sbbd.org.br\/2020\/wp-json\/wp\/v2\/types\/page"}],"author":[{"embeddable":true,"href":"https:\/\/sbbd.org.br\/2020\/wp-json\/wp\/v2\/users\/18"}],"replies":[{"embeddable":true,"href":"https:\/\/sbbd.org.br\/2020\/wp-json\/wp\/v2\/comments?post=3238"}],"version-history":[{"count":9,"href":"https:\/\/sbbd.org.br\/2020\/wp-json\/wp\/v2\/pages\/3238\/revisions"}],"predecessor-version":[{"id":3400,"href":"https:\/\/sbbd.org.br\/2020\/wp-json\/wp\/v2\/pages\/3238\/revisions\/3400"}],"wp:attachment":[{"href":"https:\/\/sbbd.org.br\/2020\/wp-json\/wp\/v2\/media?parent=3238"}],"curies":[{"name":"wp","href":"https:\/\/api.w.org\/{rel}","templated":true}]}}