{"id":3093,"date":"2020-09-26T15:36:16","date_gmt":"2020-09-26T18:36:16","guid":{"rendered":"https:\/\/sbbd.org.br\/2020\/wtdbd-2\/trabalhos-aceitos-copy\/"},"modified":"2021-04-26T19:58:23","modified_gmt":"2021-04-26T22:58:23","slug":"accepted-demos","status":"publish","type":"page","link":"https:\/\/sbbd.org.br\/2020\/accepted-demos\/","title":{"rendered":"Accepted Demos"},"content":{"rendered":"\n<h4 class=\"wp-block-heading\"><a href=\"#Demos1\" data-type=\"internal\" data-id=\"#Demos1\">Demos #1<\/a><br><a href=\"#Demos2\" data-type=\"internal\" data-id=\"#Demos2\">Demos #2<\/a><\/h4>\n\n\n\n<h4 class=\"wp-block-heading\" id=\"Demos1\"><a href=\"#Demos1\" data-type=\"internal\" data-id=\"#Demos1\"><strong>Demos # 1<\/strong><\/a><\/h4>\n\n\n\n<h4 class=\"wp-block-heading\" id=\"TOVA-MILO\"><span class=\"has-inline-color has-vivid-green-cyan-color\">September 29th, Tuesday<\/span><\/h4>\n\n\n\n<div style=\"height:20px\" aria-hidden=\"true\" class=\"wp-block-spacer\"><\/div>\n\n\n\n<p class=\"has-normal-font-size\"><strong>11:30 \u2013 Rastreador de sintomas da COVID19<\/strong><\/p>\n\n\n\n<p class=\"has-small-font-size\">Marianna Ferreira (UFC), Ticiana Coelho da Silva (UFC), Regis Magalh\u00e3es (UFC), Jos\u00e9 Macedo (UFC) e Natanael da Silva Ara\u00fajo (Insight Data Science Lab) &nbsp;<\/p>\n\n\n\n<div style=\"height:21px\" aria-hidden=\"true\" class=\"wp-block-spacer\"><\/div>\n\n\n\n<p><strong>11:55 \u2013 Desenvolvimento e Implementa\u00e7\u00e3o do Painel COVID-19 para Munic\u00edpios da Regi\u00e3o Norte Fluminense<\/strong><\/p>\n\n\n\n<p class=\"has-small-font-size\">Andr\u00e9 Branco (UFRJ), Isabelle Thomaz (UFRJ), Janaina Gomide (UFRJ), Laura Emmanuella Santana (UFRN), Matheus Ferreira (UFRJ), Leila Weitzel (UFF), Carlos Bazilio (UFF) e Leonardo Carvalho (UFF) &nbsp;<\/p>\n\n\n\n<div style=\"height:22px\" aria-hidden=\"true\" class=\"wp-block-spacer\"><\/div>\n\n\n\n<p><strong>12:20 \u2013 Distinguished demo: Ferramenta brModelo: Quinze Anos!<\/strong><\/p>\n\n\n\n<p class=\"has-small-font-size\">Ronaldo dos Santos Mello (UFSC), Carlos Henrique C\u00e2ndido (UFMT) e Milton Bittencourt S. Neto (Mercado Livre)<\/p>\n\n\n\n<div style=\"height:20px\" aria-hidden=\"true\" class=\"wp-block-spacer\"><\/div>\n\n\n\n<h4 class=\"wp-block-heading\" id=\"Demos2\"><a href=\"#Demos2\" data-type=\"internal\" data-id=\"#Demos2\"><strong>Demos # 2<\/strong><\/a><\/h4>\n\n\n\n<h4 class=\"wp-block-heading\"><span class=\"has-inline-color has-vivid-green-cyan-color\">October 1st, Thursday<\/span><\/h4>\n\n\n\n<p>Please register in advance for this \u201cSBBD 2020 Demos 2\u201d <span class=\"has-inline-color has-vivid-cyan-blue-color\"><a href=\"https:\/\/puc-rio.zoom.us\/meeting\/register\/tJ0qd-irrTsjHdRz2EbhsFFVzRq5Fy1Q1wvV\">Zoom meeting<\/a><\/span> \u2013 Oct 1st, 2020 04:00 PM BRT (GMT-3). After registering, you will receive a confirmation email containing information about joining the meeting.<\/p>\n\n\n\n<div style=\"height:20px\" aria-hidden=\"true\" class=\"wp-block-spacer\"><\/div>\n\n\n\n<p><strong>16:00 \u2013 QualiOSM: Melhorando a Qualidade dos Dados na Ferramenta de Mapeamento Colaborativo OpenStreetMap<\/strong><\/p>\n\n\n\n<p class=\"has-small-font-size\">Gabriel Medeiros (UnB), Maristela Holanda (UnB) e L\u00edvia Castro Degrossi (USP) &nbsp;<\/p>\n\n\n\n<div style=\"height:21px\" aria-hidden=\"true\" class=\"wp-block-spacer\"><\/div>\n\n\n\n<p><strong>16:25 \u2013 JSONGlue: A hybrid matcher for JSON schema matching<\/strong><\/p>\n\n\n\n<p class=\"has-small-font-size\">Vitor Marini Blaselbauer (UFABC) e Jo\u00e3o Marcelo Josko (UFABC) &nbsp;<\/p>\n\n\n\n<div style=\"height:20px\" aria-hidden=\"true\" class=\"wp-block-spacer\"><\/div>\n\n\n\n<p><strong>17:00 \u2013 Distinguished demo: Modelagem Entidade-Relacionamento com TerraER<\/strong><\/p>\n\n\n\n<p class=\"has-small-font-size\">Ricardo Terra (UFLA)<\/p>\n\n\n\n<p> <\/p>\n","protected":false},"excerpt":{"rendered":"<p>Demos #1Demos #2 Demos # 1 September 29th, Tuesday 11:30 \u2013 Rastreador de sintomas da COVID19 Marianna Ferreira (UFC), Ticiana&hellip; <\/p>\n","protected":false},"author":13,"featured_media":0,"parent":0,"menu_order":0,"comment_status":"closed","ping_status":"closed","template":"templates\/template-fullwidth.php","meta":{"footnotes":""},"class_list":["post-3093","page","type-page","status-publish","hentry"],"_links":{"self":[{"href":"https:\/\/sbbd.org.br\/2020\/wp-json\/wp\/v2\/pages\/3093","targetHints":{"allow":["GET"]}}],"collection":[{"href":"https:\/\/sbbd.org.br\/2020\/wp-json\/wp\/v2\/pages"}],"about":[{"href":"https:\/\/sbbd.org.br\/2020\/wp-json\/wp\/v2\/types\/page"}],"author":[{"embeddable":true,"href":"https:\/\/sbbd.org.br\/2020\/wp-json\/wp\/v2\/users\/13"}],"replies":[{"embeddable":true,"href":"https:\/\/sbbd.org.br\/2020\/wp-json\/wp\/v2\/comments?post=3093"}],"version-history":[{"count":23,"href":"https:\/\/sbbd.org.br\/2020\/wp-json\/wp\/v2\/pages\/3093\/revisions"}],"predecessor-version":[{"id":3521,"href":"https:\/\/sbbd.org.br\/2020\/wp-json\/wp\/v2\/pages\/3093\/revisions\/3521"}],"wp:attachment":[{"href":"https:\/\/sbbd.org.br\/2020\/wp-json\/wp\/v2\/media?parent=3093"}],"curies":[{"name":"wp","href":"https:\/\/api.w.org\/{rel}","templated":true}]}}