{"id":2958,"date":"2020-09-17T18:20:34","date_gmt":"2020-09-17T21:20:34","guid":{"rendered":"https:\/\/sbbd.org.br\/2020\/accepted-full-papers-copy\/"},"modified":"2021-04-27T14:03:42","modified_gmt":"2021-04-27T17:03:42","slug":"accepted-short-vision-papers","status":"publish","type":"page","link":"https:\/\/sbbd.org.br\/2020\/accepted-short-vision-papers\/","title":{"rendered":"Short Vision Industrial Technical Sessions"},"content":{"rendered":"\n<h3 class=\"wp-block-heading\"><a href=\"#TS2\">TS2<\/a><br><a href=\"#TS4\">TS4<\/a><br><a href=\"#TS6\">TS6<\/a><br><a href=\"#TS8\">TS8<\/a><br><br><\/h3>\n\n\n\n<h5 class=\"wp-block-heading\" id=\"TS2\"><strong><a href=\"#TS2\" data-type=\"internal\" data-id=\"#TS2\">TS2 &#8211; Technical Session 2 <\/a><\/strong><\/h5>\n\n\n\n<div style=\"height:30px\" aria-hidden=\"true\" class=\"wp-block-spacer\"><\/div>\n\n\n\n<p><strong>Watch the complete <a href=\"https:\/\/www.youtube.com\/watch?v=KlxG8BpbbfY&amp;list=PLRKeuVfLlY-5IZme8klDjd0S7I6QWUPQv&amp;index=9\"><span class=\"has-inline-color has-vivid-cyan-blue-color\">video<\/span><\/a> presentation.<\/strong><\/p>\n\n\n\n<figure class=\"wp-block-table\"><table><tbody><tr><td><a href=\"https:\/\/sol.sbc.org.br\/index.php\/sbbd\/article\/view\/13639\/13487\">Uma abordagem para coleta e an\u00e1lise de dados de configura\u00e7\u00f5es em redes neurais profundas<\/a> <\/td><td>D\u00e9bora Pina&nbsp;(COPPE\/UFRJ &#8211; Brazil), Liliane Kunstmann&nbsp;(COPPE\/UFRJ), Daniel de Oliveira&nbsp;(Universidade Federal Fluminense &#8211; Brazil), Patrick  Valduriez&nbsp;(Inria, University of Montpelier, CNRS, LIRMM), Marta Mattoso&nbsp;(COPPE\/UFRJ)<\/td><\/tr><tr><td><a href=\"https:\/\/sol.sbc.org.br\/index.php\/sbbd\/article\/view\/13632\/13480\">Criteria for choosing the number of dimensions in a principal component analysis: An empirical assessment<\/a><\/td><td>Renata Silva&nbsp;(UFF &#8211; Brazil), Lucio Fernandes Dutra Santos&nbsp;(IFNMG &#8211; Brazil), Davi Santos&nbsp;(ICMC\/University of S\u00e3o Paulo &#8211; Brazil), Daniel de Oliveira&nbsp;(UFF), Rodrigo E. Wilson (UFF), Marcos Bedo&nbsp;(UFF)<\/td><\/tr><tr><td><a href=\"https:\/\/sol.sbc.org.br\/index.php\/sbbd\/article\/view\/13650\/13498\">Detectando Doen\u00e7a de Parkinson &#8211; Uma Compara\u00e7\u00e3o de Modelos de Aprendizagem de M\u00e1quina com Redu\u00e7\u00e3o de Dimensionalidade Diferencialmente Privadas<\/a><\/td><td>Manuel Filho&nbsp;(Universidade Federal do Cear\u00e1 &#8211; Brazil), Maria de Lourdes Silva&nbsp;(UFC), Patricia Barros&nbsp;(UFC), C\u00e9sar Lincoln Mattos&nbsp;(UFC), Javam Machado&nbsp;(UFC)<\/td><\/tr><tr><td><a href=\"https:\/\/sol.sbc.org.br\/index.php\/sbbd\/article\/view\/13635\/13483\">Um Estudo Comparativo do Uso de Abordagens de Comit\u00eas de Regress\u00e3o para Imputa\u00e7\u00e3o <em>hot-deck<\/em><\/a><\/td><td>Jorge Soares&nbsp;(CEFET\/RJ &#8211; Centro Federal de Educa\u00e7\u00e3o Tecnol\u00f3gica Celso Suckow da Fonseca &#8211; Brazil), Eduardo Bezerra&nbsp;(CEFET\/RJ),Thiago Pereira&nbsp;(CEFET\/RJ)<\/td><\/tr><tr><td><a href=\"https:\/\/sol.sbc.org.br\/index.php\/sbbd\/article\/view\/13645\/13493\">Predi\u00e7\u00e3o de Irregularidade Fiscal dos Contribuintes do Tributo ISS<\/a><\/td><td>Glauco Soares&nbsp;(CESAR SCHOOL &#8211; Brazil), Rodrigo Cunha&nbsp;(Neurotech &#8211; Brazil)<\/td><\/tr><\/tbody><\/table><\/figure>\n\n\n\n<hr class=\"wp-block-separator\" \/>\n\n\n\n<h5 class=\"wp-block-heading\" id=\"TS4\"><a href=\"http:\/\/TS4\" data-type=\"URL\" data-id=\"http:\/\/TS4\"><strong>TS4<\/strong> &#8211; Technical Session 4<\/a><a href=\"http:\/\/TS4\" data-type=\"URL\" data-id=\"TS4\"><\/a><\/h5>\n\n\n\n<div style=\"height:30px\" aria-hidden=\"true\" class=\"wp-block-spacer\"><\/div>\n\n\n\n<p><strong>Watch the complete <a href=\"https:\/\/www.youtube.com\/watch?v=Apqb9yKM8p4&amp;list=PLRKeuVfLlY-5IZme8klDjd0S7I6QWUPQv&amp;index=13\"><span class=\"has-inline-color has-vivid-cyan-blue-color\">video<\/span><\/a> presentation.<\/strong><\/p>\n\n\n\n<figure class=\"wp-block-table\"><table><tbody><tr><td><a href=\"https:\/\/sol.sbc.org.br\/index.php\/sbbd\/article\/view\/13647\/13495\">How can DB Systems be ready for privacy regulations <span class=\"has-inline-color has-vivid-red-color\"><\/span><\/a><\/td><td>Paulo Amora (Universidade Federal do Cear\u00e1 &#8211; Brazil), Javam Machado (UFC)<\/td><\/tr><tr><td><a href=\"https:\/\/sol.sbc.org.br\/index.php\/sbbd\/article\/view\/13651\/13499\">LGPD: A Formal Concept Analysis and its Evaluation<\/a><\/td><td>Ant\u00f4nio Diogo Martins&nbsp;(Universidade Federal do Cear\u00e1 &#8211; Brazil), Patricia Vieira&nbsp;(UFC), Jos\u00e9 Maria Monteiro&nbsp;(UFC), Javam Machado&nbsp;(UFC)<\/td><\/tr><tr><td><a href=\"https:\/\/sol.sbc.org.br\/index.php\/sbbd\/article\/view\/13640\/13488\">Aplica\u00e7\u00e3o de Top-k Reverso com Privacidade sobre os Dados P\u00fablicos de COVID-19 no Estado do Cear\u00e1<\/a><\/td><td>Maria de Lourdes Silva&nbsp;(Universidade Federal do Cear\u00e1 &#8211; Brazil), Iago Chaves&nbsp;(UFC), Javam Machado&nbsp;(UFC)<\/td><\/tr><tr><td><a href=\"https:\/\/sol.sbc.org.br\/index.php\/sbbd\/article\/view\/13649\/13497\">Publica\u00e7\u00e3o Diferencialmente Privada de Dados de Pacientes de COVID-19<\/a><\/td><td>Manuel Filho&nbsp;(Universidade Federal do Cear\u00e1 &#8211; Brazil), Eduardo Rodrigues&nbsp;(UFC), Javam Machado&nbsp;(UFC)<\/td><\/tr><tr><td><a href=\"https:\/\/sol.sbc.org.br\/index.php\/sbbd\/article\/view\/13633\/13481\">Sci-DL: um Sistema de Ger\u00eancia de Data Lake para Monitoramento de Dados da Sa\u00fade<\/a><\/td><td>Lucas Tito&nbsp;(Universidade Federal Fluminense &#8211; Brazil), Cristina Motinha&nbsp;(UFF), Filipe Santiago&nbsp;(UFF), Kary Oca\u00f1a&nbsp;(LNCC &#8211; Brazil), Marcos Bedo&nbsp;(UFF), Daniel de Oliveira&nbsp;(UFF)<\/td><\/tr><\/tbody><\/table><\/figure>\n\n\n\n<hr class=\"wp-block-separator\" \/>\n\n\n\n<h5 class=\"wp-block-heading\" id=\"TS6\"><a href=\"http:\/\/TS6\" data-type=\"URL\" data-id=\"http:\/\/TS6\"><strong>TS6<\/strong> &#8211; Technical Session 6<\/a><\/h5>\n\n\n\n<div style=\"height:30px\" aria-hidden=\"true\" class=\"wp-block-spacer\"><\/div>\n\n\n\n<p><strong>Watch the complete <a href=\"https:\/\/www.youtube.com\/watch?v=Ap1XmJyYRz0&amp;list=PLRKeuVfLlY-5IZme8klDjd0S7I6QWUPQv&amp;index=16\"><span class=\"has-inline-color has-vivid-cyan-blue-color\">video<\/span><\/a> presentation.<\/strong><\/p>\n\n\n\n<figure class=\"wp-block-table\"><table><tbody><tr><td><a href=\"https:\/\/sol.sbc.org.br\/index.php\/sbbd\/article\/view\/13641\/13489\">Computa\u00e7\u00e3o Serverless e Gerenciamento de Dados<\/a><\/td><td>Fl\u00e1vio R. C. Sousa (Universidade Federal do Cear\u00e1 &#8211; Brazil)<\/td><\/tr><tr><td><a href=\"https:\/\/sol.sbc.org.br\/index.php\/sbbd\/article\/view\/13637\/13485\">A Process for Inference of Columnar NoSQL Database Schemas<\/a><\/td><td>Angelo Frozza&nbsp;(IFC &#8211; Instituto Federal Catarinense &#8211; Campus Cambori\u00fa &#8211; Brazil), Eduardo Dias Defreyn&nbsp;(Universidade Federal de Santa Catarina &#8211; Brazil), Ronaldo Mello&nbsp;(UFSC &#8211; Brazil)<\/td><\/tr><tr><td><a href=\"https:\/\/sol.sbc.org.br\/index.php\/sbbd\/article\/view\/13643\/13491\">Query co-planning for shared execution in Key-Value Stores<\/a><\/td><td>Renato Marroquin&nbsp;(Oracle Inc &#8211; Switzerland), Josu\u00e9 Joel Tito-Am\u00e9zquita&nbsp;(Universidad Cat\u00f3lica San Pablo &#8211; Peru), Sergio Lifschitz&nbsp;(PUC-Rio &#8211; Brazil)<\/td><\/tr><tr><td><a href=\"https:\/\/sol.sbc.org.br\/index.php\/sbbd\/article\/view\/13644\/13492\">A Novel Solution for the Aggregation Problem in Natural Language Interface to Databases (NLIDB) <\/a><\/td><td>Alexandre Novello&nbsp;(PUC-Rio &#8211; Brazil), Marco Antonio Casanova&nbsp;(PUC-Rio)<\/td><\/tr><tr><td><a href=\"https:\/\/sol.sbc.org.br\/index.php\/sbbd\/article\/view\/13648\/13496\">Uma Proposta de Mapeamento do Modelo Conceitual Entidade-Relacionamento Estendido para o Modelo de Dados NoSQL de Grafos<\/a><\/td><td>Luiz Sergio Urquiza Jr&nbsp;(Faculdade Campo Limpo Paulista (FACCAMP) &#8211; Brazil), Luis del Val Cura&nbsp;(FACCAMP)<\/td><\/tr><tr><td><a href=\"https:\/\/sol.sbc.org.br\/index.php\/sbbd\/article\/view\/13636\/13484\">An\u00e1lise de Colabora\u00e7\u00e3o em Processos de Neg\u00f3cio por meio de SGBDs de Grafos e Dados de Proveni\u00eancia Multimodais<\/a><\/td><td>Maria Luiza Falci&nbsp;(Universidade Federal Fluminense &#8211; Brazil), Andrea Magdaleno&nbsp;(UFF), Vanessa Braganholo&nbsp;(UFF), Aline Paes&nbsp;(UFF), Daniel de Oliveira&nbsp;(UFF)<\/td><\/tr><\/tbody><\/table><\/figure>\n\n\n\n<hr class=\"wp-block-separator\" \/>\n\n\n\n<h5 class=\"wp-block-heading\" id=\"TS8\"><a href=\"http:\/\/TS8\" data-type=\"URL\" data-id=\"http:\/\/TS8\"><strong>TS8<\/strong> &#8211; Technical Session 8<\/a><\/h5>\n\n\n\n<p><strong>Watch the complete <a href=\"https:\/\/www.youtube.com\/watch?v=qwqFP4GMZgA&amp;list=PLRKeuVfLlY-5IZme8klDjd0S7I6QWUPQv&amp;index=20\"><span class=\"has-inline-color has-vivid-cyan-blue-color\">video<\/span><\/a> presentation.<\/strong><\/p>\n\n\n\n<figure class=\"wp-block-table\"><table><tbody><tr><td><a href=\"https:\/\/sol.sbc.org.br\/index.php\/sbbd\/article\/view\/13634\/13482\">Improving Search Quality with Automatic Ranking Evaluation and Tuning automatic Ranking Evaluation and Tuning<\/a> (<span class=\"has-inline-color has-vivid-red-color\">Industrial Paper<\/span>)<\/td><td>Lar\u00edcia Cavalcante (Universidade Federal de Pernambuco \u2013  VTEX &#8211; Brazil), Ullayne Lima (UFP &#8211; VTEX), Luciano Barbosa (UFP), Ana Luiza Gomes (VTEX &#8211; Brazil)), Eden Santana (UFP), Thiago Martins (UFP)<\/td><\/tr><tr><td><a href=\"https:\/\/sol.sbc.org.br\/index.php\/sbbd\/article\/view\/13653\/13501\">Semantic Search on Scientific Repositories: A Systematic Literature Review<\/a><\/td><td>Thiago Gottardi&nbsp;(Instituto de Computa\u00e7\u00e3o &#8211; Universidade Estadual de Campinas &#8211; Brazil), Claudia Bauzer Medeiros&nbsp;(IC-UNICAMP), Julio Dos Reis&nbsp;(IC-UNICAMP)<\/td><\/tr><tr><td><a href=\"https:\/\/sol.sbc.org.br\/index.php\/sbbd\/article\/view\/13646\/13494\">Improving the Quality of the User Experience by Query Answer Modification<\/a><\/td><td>Jo\u00e3o Pedro Pinheiro&nbsp;(PUC-Rio &#8211; Brazil), Marco Antonio Casanova&nbsp;(PUC-Rio), Elisa Menendez&nbsp;(IFS &#8211; Brazil)<\/td><\/tr><tr><td><a href=\"https:\/\/sol.sbc.org.br\/index.php\/sbbd\/article\/view\/13642\/13490\">Keyword Search over COVID-19 Data<\/a><\/td><td>Yenier T. Izquierdo (PUC-Rio &#8211; Brazil), Grettel M. Garci\u0301a (PUC-Rio), Melissa Lemos (PUC-Rio), Alexandre Novello (PUC-Rio), Bruno Novelli (PUC-Rio), Cleber Damasceno (PUC-Rio), Luiz Andre\u0301 P.P. Leme (UFF &#8211; Brazil), Marco A. Casanova(PUC-Rio)<\/td><\/tr><tr><td><a href=\"https:\/\/sol.sbc.org.br\/index.php\/sbbd\/article\/view\/13638\/13486\">Indexando Impress\u00f5es Digitais Utilizando \u00cdndice Invertido: Uma Investiga\u00e7\u00e3o Inicial<\/a><\/td><td>Johnny Marcos&nbsp;(Universidade Federal do Cear\u00e1 &#8211; Brazil), Luciano Barbosa&nbsp;(Universidade Federal de Pernambuco &#8211; Brazil), Paulo Rego&nbsp;(UFC), Regis P. Magalh\u00e3es&nbsp;(UFC), Jos\u00e9 Macedo&nbsp;(UFC)<\/td><\/tr><tr><td><a href=\"https:\/\/sol.sbc.org.br\/index.php\/sbbd\/article\/view\/13652\/13500\">Streaming state management methods for real-time data deduplication<\/a><\/td><td>Jo\u00e3o Victor Azevedo Esteves&nbsp;(Universidade do Estado do Rio de Janeiro &#8211; UERJ &#8211; Brazil), Sergio Lifschitz&nbsp;(PUC-Rio &#8211; Brazil), Rosa Maria E. Moreira Costa&nbsp;(UERJ), Ana Carolina Almeida&nbsp;(UERJ)<\/td><\/tr><\/tbody><\/table><\/figure>\n\n\n\n<hr class=\"wp-block-separator\" \/>\n","protected":false},"excerpt":{"rendered":"<p>TS2TS4TS6TS8 TS2 &#8211; Technical Session 2 Watch the complete video presentation. Uma abordagem para coleta e an\u00e1lise de dados de&hellip; <\/p>\n","protected":false},"author":12,"featured_media":0,"parent":0,"menu_order":0,"comment_status":"closed","ping_status":"closed","template":"templates\/template-fullwidth.php","meta":{"footnotes":""},"class_list":["post-2958","page","type-page","status-publish","hentry"],"_links":{"self":[{"href":"https:\/\/sbbd.org.br\/2020\/wp-json\/wp\/v2\/pages\/2958","targetHints":{"allow":["GET"]}}],"collection":[{"href":"https:\/\/sbbd.org.br\/2020\/wp-json\/wp\/v2\/pages"}],"about":[{"href":"https:\/\/sbbd.org.br\/2020\/wp-json\/wp\/v2\/types\/page"}],"author":[{"embeddable":true,"href":"https:\/\/sbbd.org.br\/2020\/wp-json\/wp\/v2\/users\/12"}],"replies":[{"embeddable":true,"href":"https:\/\/sbbd.org.br\/2020\/wp-json\/wp\/v2\/comments?post=2958"}],"version-history":[{"count":73,"href":"https:\/\/sbbd.org.br\/2020\/wp-json\/wp\/v2\/pages\/2958\/revisions"}],"predecessor-version":[{"id":3554,"href":"https:\/\/sbbd.org.br\/2020\/wp-json\/wp\/v2\/pages\/2958\/revisions\/3554"}],"wp:attachment":[{"href":"https:\/\/sbbd.org.br\/2020\/wp-json\/wp\/v2\/media?parent=2958"}],"curies":[{"name":"wp","href":"https:\/\/api.w.org\/{rel}","templated":true}]}}