{"id":2768,"date":"2020-08-26T09:39:58","date_gmt":"2020-08-26T12:39:58","guid":{"rendered":"http:\/\/sbbd.org.br\/2020\/keynote-speakers-copy\/"},"modified":"2021-04-26T20:02:16","modified_gmt":"2021-04-26T23:02:16","slug":"trabalhos-aceitos","status":"publish","type":"page","link":"https:\/\/sbbd.org.br\/2020\/wtdbd-2\/trabalhos-aceitos\/","title":{"rendered":"WTDBD Trabalhos aceitos"},"content":{"rendered":"\n<h4 class=\"wp-block-heading\"><a href=\"#Sess\u00e3o1\" data-type=\"internal\" data-id=\"#Sess\u00e3o1\">Sess\u00e3o #1<\/a><br><a href=\"#Sess\u00e3o2\" data-type=\"internal\" data-id=\"#Sess\u00e3o2\">Sess\u00e3o #2<\/a><\/h4>\n\n\n\n<h4 class=\"wp-block-heading\" id=\"Sess\u00e3o1\"><a href=\"#Sess\u00e3o1\" data-type=\"internal\" data-id=\"#Sess\u00e3o1\"><strong>Sess\u00e3o 1 &#8211; Apresenta\u00e7\u00e3o Oral<\/strong><\/a><\/h4>\n\n\n\n<h5 class=\"wp-block-heading\"><strong>Sess\u00e3o 1.1 &#8211; Social Data<\/strong><\/h5>\n\n\n\n<p>Banca avaliadora: Renata Galante (UFRGS) e Mirela Cazzolato (USP)<\/p>\n\n\n\n<figure class=\"wp-block-table\"><table><tbody><tr><td><strong>1. Detection of Depression Symptoms using Social Media Data (Doutorado)<\/strong><\/td><td>Silas Lima Filho (Federal University of Rio de Janeiro &#8211; Brazil), M\u00f4nica Silva (Universidade Federal do Rio de Janeiro &#8211; Brazil), Jonice Oliveira (Universidade Federal do Rio de Janeiro (UFRJ) &#8211; Brazil)<\/td><\/tr><tr><td><strong>2. Musical Genre Analysis Over Dynamic Success-based Networks (Mestrado)<\/strong><br><\/td><td>Gabriel P. Oliveira (UFMG &#8211; Brazil), Mirella Moro (Universidade Federal de Minas Gerais &#8211; Brazil)<\/td><\/tr><\/tbody><\/table><\/figure>\n\n\n\n<h5 class=\"wp-block-heading\"><strong>Sess\u00e3o 1.2 &#8211; Data<\/strong> Integration<\/h5>\n\n\n\n<p>Banca avaliadora: Carmem Hara (UFPR) e Karin Becker (UFRGS)<\/p>\n\n\n\n<p><strong>Watch the complete <a href=\"https:\/\/www.youtube.com\/watch?v=9yboV9CqL6o&amp;list=PLRKeuVfLlY-5IZme8klDjd0S7I6QWUPQv&amp;index=3\"><span class=\"has-inline-color has-vivid-cyan-blue-color\">video<\/span><\/a> presentation.<\/strong><\/p>\n\n\n\n<figure class=\"wp-block-table\"><table><tbody><tr><td><strong>1. Usando relacionamentos entre atributos no processo de Fus\u00e3o de Dados (Doutorado)<\/strong><\/td><td>Gabrielle Karine Canalle (Universidade Federal de Pernambuco &#8211; Brazil),<br>Ana Carolina Salgado (Universidade Federal de Pernambuco &#8211; Brazil),<br>Bernadette Farias L\u00f3scio (Universidade Federal de Pernambuco &#8211; Brazil)<\/td><\/tr><tr><td><strong>2. Avaliando a Utiliza\u00e7\u00e3o de Weak Supervision na Etapa de Classifica\u00e7\u00e3o da Resolu\u00e7\u00e3o de Entidades (Mestrado)<\/strong><br><\/td><td>Artur Farias (Universidade Federal de Campina Grande &#8211; Brazil), Carlos Eduardo Santos Pires (Federal University of Campina Grande &#8211; Brazil), Dimas C. Nascimento (Universidade Federal Rural de Pernambuco (UFRPE) &#8211; Brazil)<\/td><\/tr><\/tbody><\/table><\/figure>\n\n\n\n<hr class=\"wp-block-separator\" \/>\n\n\n\n<h4 class=\"wp-block-heading\" id=\"Sess\u00e3o2\"><a href=\"#Sess\u00e3o2\" data-type=\"internal\" data-id=\"#Sess\u00e3o2\"><strong>Sess\u00e3o 2 &#8211; Apresenta\u00e7\u00e3o Oral<\/strong><\/a><\/h4>\n\n\n\n<div style=\"height:30px\" aria-hidden=\"true\" class=\"wp-block-spacer\"><\/div>\n\n\n\n<h5 class=\"wp-block-heading\"><strong>Sess\u00e3o 2.1 &#8211; Data Management<\/strong><\/h5>\n\n\n\n<p>Banca avaliadora: Eduardo Ogasawara (CEFET\/RJ) e Daniel Kaster (UEL)<\/p>\n\n\n\n<p><strong>Watch the complete <a href=\"https:\/\/www.youtube.com\/watch?v=Z0nbw7X75_o&amp;list=PLRKeuVfLlY-5IZme8klDjd0S7I6QWUPQv&amp;index=12\"><span class=\"has-inline-color has-vivid-cyan-blue-color\">video<\/span><\/a> presentation.<\/strong><\/p>\n\n\n\n<figure class=\"wp-block-table\"><table><tbody><tr><td><strong>1.  DMless: Uma Abordagem para Gerenciamento de Dados em Ambientes Serverless (Mestrado)<\/strong><\/td><td>Jo\u00e3o Paulo Vital Santos (Universidade Federal do Cear\u00e1 &#8211; Brazil), Fl\u00e1vio R. C. Sousa (Federal University of Ceara &#8211; Brazil)<\/td><\/tr><tr><td><strong>2. Processamento de consultas anal\u00edticas espaciais sobre Dados de cidades inteligentes  (Mestrado)<\/strong><\/td><td>Jo\u00e3o Paulo Santos (USP &#8211; Brazil),<br>Cristina Ciferri (USP &#8211; Brazil)<\/td><\/tr><tr><td><strong>3. DSAdvisor: Uma Ferramenta para Guiar a Execu\u00e7\u00e3o de Tarefas Preditivas em Ci\u00eancia de Dados (Mestrado)<\/strong><\/td><td>Jos\u00e9 Augusto Filho (Universidade Federal do Ceara &#8211; Brazil), Jos\u00e9 Maria Silva Monteiro Filho (UFC &#8211; Brazil)<\/td><\/tr><\/tbody><\/table><\/figure>\n\n\n\n<hr class=\"wp-block-separator\" \/>\n\n\n\n<p> <\/p>\n","protected":false},"excerpt":{"rendered":"<p>Sess\u00e3o #1Sess\u00e3o #2 Sess\u00e3o 1 &#8211; Apresenta\u00e7\u00e3o Oral Sess\u00e3o 1.1 &#8211; Social Data Banca avaliadora: Renata Galante (UFRGS) e Mirela&hellip; <\/p>\n","protected":false},"author":13,"featured_media":0,"parent":2610,"menu_order":0,"comment_status":"closed","ping_status":"closed","template":"templates\/template-fullwidth.php","meta":{"footnotes":""},"class_list":["post-2768","page","type-page","status-publish","hentry"],"_links":{"self":[{"href":"https:\/\/sbbd.org.br\/2020\/wp-json\/wp\/v2\/pages\/2768","targetHints":{"allow":["GET"]}}],"collection":[{"href":"https:\/\/sbbd.org.br\/2020\/wp-json\/wp\/v2\/pages"}],"about":[{"href":"https:\/\/sbbd.org.br\/2020\/wp-json\/wp\/v2\/types\/page"}],"author":[{"embeddable":true,"href":"https:\/\/sbbd.org.br\/2020\/wp-json\/wp\/v2\/users\/13"}],"replies":[{"embeddable":true,"href":"https:\/\/sbbd.org.br\/2020\/wp-json\/wp\/v2\/comments?post=2768"}],"version-history":[{"count":21,"href":"https:\/\/sbbd.org.br\/2020\/wp-json\/wp\/v2\/pages\/2768\/revisions"}],"predecessor-version":[{"id":3523,"href":"https:\/\/sbbd.org.br\/2020\/wp-json\/wp\/v2\/pages\/2768\/revisions\/3523"}],"up":[{"embeddable":true,"href":"https:\/\/sbbd.org.br\/2020\/wp-json\/wp\/v2\/pages\/2610"}],"wp:attachment":[{"href":"https:\/\/sbbd.org.br\/2020\/wp-json\/wp\/v2\/media?parent=2768"}],"curies":[{"name":"wp","href":"https:\/\/api.w.org\/{rel}","templated":true}]}}