{"id":2654,"date":"2020-08-01T18:04:35","date_gmt":"2020-08-01T21:04:35","guid":{"rendered":"http:\/\/sbbd.org.br\/2020\/short-papers-copy\/"},"modified":"2021-04-27T12:51:15","modified_gmt":"2021-04-27T15:51:15","slug":"full-papers-ts","status":"publish","type":"page","link":"https:\/\/sbbd.org.br\/2020\/full-papers-ts\/","title":{"rendered":"Full Papers Technical Sessions"},"content":{"rendered":"\n<h5 class=\"wp-block-heading\"><a href=\"#ST1\">TS1 &#8211; Query Language, Processing<\/a><br><a href=\"#ST3\" data-type=\"internal\" data-id=\"#ST3\">TS3 &#8211; Data Integration, Extraction, Cleaning<\/a><br><a href=\"#ST5\">TS5 &#8211; Data Management Systems<\/a><br><a href=\"#ST7\">TS7 &#8211; Data Mining, Machine Learning<\/a><\/h5>\n\n\n\n<h5 class=\"wp-block-heading\" id=\"ST1\"><strong>TS1 &#8211; Technical Session 1 &#8211; Query language, Processing<\/strong><\/h5>\n\n\n\n<div style=\"height:30px\" aria-hidden=\"true\" class=\"wp-block-spacer\"><\/div>\n\n\n\n<p><strong>Watch the complete <a href=\"https:\/\/www.youtube.com\/watch?v=UzN9WOmaSVc&amp;list=PLRKeuVfLlY-5IZme8klDjd0S7I6QWUPQv&amp;index=8&amp;t=2s\"><span class=\"has-inline-color has-vivid-cyan-blue-color\">video<\/span><\/a> presentation.<\/strong><\/p>\n\n\n\n<figure class=\"wp-block-table\"><table><tbody><tr><td><a href=\"https:\/\/sol.sbc.org.br\/index.php\/sbbd\/article\/view\/13620\/13468\">Quality metrics for diversified similarity searching: What they stand for?&nbsp;<\/a><\/td><td>Camila Lopes (IFNMG &#8211; Brazil),<br>Daniel Jasbick (Universidade Federal Fluminense (UFF) &#8211; Brazil), Marcos Bedo (UFF &#8211; Brazil), Lucio Fernandes Dutra Santos (IFNMG &#8211; Brazil)<\/td><\/tr><tr><td><a href=\"https:\/\/sol.sbc.org.br\/index.php\/sbbd\/article\/view\/13621\/13469\">Achieving GDPR Compliance through Provenance: An Extended Model<\/a><\/td><td>Daniel Campagna (UFF), Altigran Soares da Silva (UFAM), Vanessa Braganholo (UFF)<\/td><\/tr><tr><td><a href=\"https:\/\/sol.sbc.org.br\/index.php\/sbbd\/article\/view\/13622\/13470\">Evolu\u00e7\u00e3o Temporal de Dados Complexos<\/a><\/td><td>Isis Forga\u00e7a (UFSCAR), Renato Bueno (UFSCAR)<\/td><\/tr><tr><td>OpinionLink: Leveraging User Opinions for Product Catalog Enrichment (<span class=\"has-inline-color has-vivid-red-color\"><a href=\"https:\/\/www.sciencedirect.com\/science\/article\/abs\/pii\/S0306457318307295?via%3Dihub\">Distinguished Paper<\/a><\/span>)<\/td><td>Tiago de Melo (UFAM\/UEA) , Altigran S. da Silva (UFAM), Edleno S. Moura (UFAM), P\u00e1vel Calado (INESC-ID)<\/td><\/tr><\/tbody><\/table><\/figure>\n\n\n\n<hr class=\"wp-block-separator\" \/>\n\n\n\n<h5 class=\"wp-block-heading\" id=\"ST3\"><strong>TS3 &#8211; Technical Session 3 &#8211; Data Integration, Extraction, Cleaning<\/strong><\/h5>\n\n\n\n<div style=\"height:30px\" aria-hidden=\"true\" class=\"wp-block-spacer\"><\/div>\n\n\n\n<p><strong>Watch the complete <a href=\"https:\/\/www.youtube.com\/watch?v=O-2oz3guvDI&amp;list=PLRKeuVfLlY-5IZme8klDjd0S7I6QWUPQv&amp;index=11\"><span class=\"has-inline-color has-vivid-cyan-blue-color\">video<\/span><\/a> presentation.<\/strong><\/p>\n\n\n\n<figure class=\"wp-block-table\"><table><tbody><tr><td><a href=\"https:\/\/sol.sbc.org.br\/index.php\/sbbd\/article\/view\/13623\/13471\">Integrando bases aut\u00f4nomas externas no processamento de consultas em bases RDF distribu\u00eddas<\/a><\/td><td>Hugo Takiushi(UFPR), Carmem Hara (UFPR), Raqueline Penteado(UEM)<\/td><\/tr><tr><td><a href=\"https:\/\/sol.sbc.org.br\/index.php\/sbbd\/article\/view\/13624\/13472\">M\u00e9todo para rotular liga\u00e7\u00f5es sem\u00e2nticas na web de dados<\/a><\/td><td>Rafael Neves da Silveira(IME-RJ), Maria Claudia Cavalcanti(IME-RJ)<\/td><\/tr><tr><td><a href=\"https:\/\/sol.sbc.org.br\/index.php\/sbbd\/article\/view\/13625\/13473\">A framework for set similarity join on multi-attribute data<\/a><\/td><td>Leonardo Andrade Ribeiro(UFG), Felipe Ferreira Borges (UFG), Diego Junior de carmo Oliveira(UFG)<\/td><\/tr><tr><td>A brief survey on replica consistency in cloud environments (<span class=\"has-inline-color has-vivid-red-color\"><a href=\"https:\/\/jisajournal.springeropen.com\/articles\/10.1186\/s13174-020-0122-y\">Distinguished Paper<\/a><\/span>)<\/td><td>Robson Capelo (UFMG), Marco A. Casanova (PUC-Rio), Dorgival O. Guedes (UFMG), Alberto Laender (UFMG) <br><span class=\"has-inline-color has-vivid-red-color\">Journal of Internet Services and Applications 12(1), 2020<\/span><\/td><\/tr><\/tbody><\/table><\/figure>\n\n\n\n<hr class=\"wp-block-separator\" \/>\n\n\n\n<h5 class=\"wp-block-heading\" id=\"ST5\"><strong>TS5 &#8211; Technical Session 5 &#8211; Data Management Systems<\/strong><\/h5>\n\n\n\n<div style=\"height:30px\" aria-hidden=\"true\" class=\"wp-block-spacer\"><\/div>\n\n\n\n<p><strong>Watch the complete <a href=\"https:\/\/www.youtube.com\/watch?v=DOCOTbGyv7A&amp;list=PLRKeuVfLlY-5IZme8klDjd0S7I6QWUPQv&amp;index=14\"><span class=\"has-inline-color has-vivid-cyan-blue-color\">video<\/span><\/a> presentation.<\/strong><\/p>\n\n\n\n<figure class=\"wp-block-table\"><table><tbody><tr><td><a href=\"https:\/\/sol.sbc.org.br\/index.php\/sbbd\/article\/view\/13626\/13474\">Harbinger: Um framework para detec\u00e7\u00e3o de eventos em s\u00e9ries temporais<\/a><\/td><td>Rebecca Salles (CEFET-RJ), Luciana Escobar(CEFET-RJ),Lais Baroni(CEFET-RJ),Rocio Zorilla(LNCC), Artur Ziviani (LNCC), Vinicius Kreischer (LNCC), Flavia Delicato(UFF), Paulo Pires(UFF), Luciano Maia (Petrobras),Rafaeli Coutinho (CEFET-RJ), Laura Assis (CEFET-RJ) Eduardo Ogasawara(CEFET-RJ)<\/td><\/tr><tr><td><a href=\"https:\/\/sol.sbc.org.br\/index.php\/sbbd\/article\/view\/13627\/13475\">SmarT: Uso de Aprendizado de M\u00e1quina para Filtragem e Recupera\u00e7\u00e3o Eficiente de Dados Espaciais e Temporais em Big Data<\/a><\/td><td>Savio de Oliveira(UFG), Vagner Sacramento Rodrigues (Geomais Servi\u00e7os de Inform\u00e1tica), Wellington Martins (UFG)<\/td><\/tr><tr><td><a href=\"https:\/\/sol.sbc.org.br\/index.php\/sbbd\/article\/view\/13628\/13476\">Evaluating Database Self-tuning Strategies in a common extensible framework <\/a><\/td><td>Rafael Pereira de Oliveira (PUC-Rio), Sergio Lifschitz (PUC-Rio), Marcos Kalinowski (PUC-Rio), Marx Viana (PUC-Rio), Carlos Lucena (PUC-Rio), Marco Antonio Vaz Salles (Univ. Copenhagen)<\/td><\/tr><tr><td>Modeling and Building IoT Data Platforms with Actor-Oriented Databases. (<span class=\"has-inline-color has-vivid-red-color\"><a href=\"https:\/\/openproceedings.org\/2019\/conf\/edbt\/EDBT19_paper_297.pdf\">Distinguished paper<\/a><\/span>)<\/td><td>Yiwen Wang, J\u00falio C\u00e9sar dos Reis, Kasper Myrtue Borggren, Marcos Antonio Vaz Salles, Claudia Bauzer Medeiros, Yongluan Zhou <span class=\"has-inline-color has-black-color\">EDBT 2020<\/span><\/td><\/tr><tr><td>Database Processing-in-Memory: An Experimental Study (<span class=\"has-inline-color has-vivid-red-color\"><a href=\"https:\/\/dl.acm.org\/doi\/10.14778\/3368289.3368298\">Distinguished Paper<\/a><\/span>)<\/td><td>Thiago Keppe (UFPR, IFPR), Eduardo C. de Almeida (UFPR), Marcos A. Z. Alves (UFPR), PVLDB V(13) N(3), 2019.<\/td><\/tr><\/tbody><\/table><\/figure>\n\n\n\n<hr class=\"wp-block-separator\" \/>\n\n\n\n<h5 class=\"wp-block-heading\" id=\"ST7\"><strong>TS7 &#8211; Technical Session 7 &#8211; Data Mining, Machine Learning<\/strong><\/h5>\n\n\n\n<div style=\"height:30px\" aria-hidden=\"true\" class=\"wp-block-spacer\"><\/div>\n\n\n\n<p><strong>Watch the complete <a href=\"https:\/\/www.youtube.com\/watch?v=Ftej7HKpbKw&amp;list=PLRKeuVfLlY-5IZme8klDjd0S7I6QWUPQv&amp;index=18\"><span class=\"has-inline-color has-vivid-cyan-blue-color\">video<\/span><\/a> presentation.<\/strong><\/p>\n\n\n\n<figure class=\"wp-block-table\"><table><tbody><tr><td><a href=\"https:\/\/sol.sbc.org.br\/index.php\/sbbd\/article\/view\/13629\/13477\">Optimized Extraction of Records from the Web Using Signal Processing and Machine Learning<\/a><\/td><td>Roberto Velloso (UFSC), Carina Dorneles (UFSC)<\/td><\/tr><tr><td><a href=\"https:\/\/sol.sbc.org.br\/index.php\/sbbd\/article\/view\/13630\/13478\">Characterization of Anxiety, Depression, and their Comorbidity from Texts of Social Networks<\/a><\/td><td>Vanessa Souza (UFRGS), Karin Becker (UFRGS), Jeferson Campos Nobre (UFRGS)<\/td><\/tr><tr><td><a href=\"https:\/\/sol.sbc.org.br\/index.php\/sbbd\/article\/view\/13631\/13479\">Identifying and Fusing Duplicate Features for Data Mining<\/a><\/td><td>Hort\u00eansia Costa Barcelos (UFRGS), Mariana Racamonde_Mendoza(UFRGS), Viviane Moreira(UFRGS)<\/td><\/tr><tr><td>Discovery of approximate (and exact) denial constraints (<span class=\"has-inline-color has-vivid-red-color\"><a href=\"https:\/\/dl.acm.org\/doi\/10.14778\/3368289.3368293\">Distinguished paper<\/a><\/span>)<\/td><td>Eduardo Pena (UTFPR), Eduardo C. de Almeida (UFPR), Felix Nauman (Univ. of Potsdam) ,&nbsp; PVLDB V(13)N(3), 2019.<\/td><\/tr><tr><td><span class=\"has-inline-color has-vivid-red-color\">Reapresenta\u00e7\u00e3o<\/span> <span class=\"has-inline-color has-vivid-red-color\">da TS3<\/span><br>A brief survey on replica consistency in cloud environments (<a href=\"https:\/\/jisajournal.springeropen.com\/articles\/10.1186\/s13174-020-0122-y\">Distinguished Paper<\/a>)<\/td><td>Robson Capelo (UFMG), Marco A. Casanova (PUC-Rio), Dorgival O. Guedes (UFMG), Alberto Laender (UFMG)<br>Journal of Internet Services and Applications 12(1), 2020<\/td><\/tr><\/tbody><\/table><\/figure>\n\n\n\n<hr class=\"wp-block-separator\" \/>\n","protected":false},"excerpt":{"rendered":"<p>TS1 &#8211; Query Language, ProcessingTS3 &#8211; Data Integration, Extraction, CleaningTS5 &#8211; Data Management SystemsTS7 &#8211; Data Mining, Machine Learning TS1&hellip; <\/p>\n","protected":false},"author":12,"featured_media":0,"parent":0,"menu_order":0,"comment_status":"closed","ping_status":"closed","template":"templates\/template-fullwidth.php","meta":{"footnotes":""},"class_list":["post-2654","page","type-page","status-publish","hentry"],"_links":{"self":[{"href":"https:\/\/sbbd.org.br\/2020\/wp-json\/wp\/v2\/pages\/2654","targetHints":{"allow":["GET"]}}],"collection":[{"href":"https:\/\/sbbd.org.br\/2020\/wp-json\/wp\/v2\/pages"}],"about":[{"href":"https:\/\/sbbd.org.br\/2020\/wp-json\/wp\/v2\/types\/page"}],"author":[{"embeddable":true,"href":"https:\/\/sbbd.org.br\/2020\/wp-json\/wp\/v2\/users\/12"}],"replies":[{"embeddable":true,"href":"https:\/\/sbbd.org.br\/2020\/wp-json\/wp\/v2\/comments?post=2654"}],"version-history":[{"count":57,"href":"https:\/\/sbbd.org.br\/2020\/wp-json\/wp\/v2\/pages\/2654\/revisions"}],"predecessor-version":[{"id":3533,"href":"https:\/\/sbbd.org.br\/2020\/wp-json\/wp\/v2\/pages\/2654\/revisions\/3533"}],"wp:attachment":[{"href":"https:\/\/sbbd.org.br\/2020\/wp-json\/wp\/v2\/media?parent=2654"}],"curies":[{"name":"wp","href":"https:\/\/api.w.org\/{rel}","templated":true}]}}