{"id":1510,"date":"2019-08-02T14:49:00","date_gmt":"2019-08-02T14:49:00","guid":{"rendered":"http:\/\/sbbd.org.br\/2020\/?page_id=1510"},"modified":"2020-09-27T17:00:03","modified_gmt":"2020-09-27T20:00:03","slug":"wtdbd-committee","status":"publish","type":"page","link":"https:\/\/sbbd.org.br\/2020\/wtdbd-committee\/","title":{"rendered":"Comit\u00ea de avalia\u00e7\u00e3o WTDBD"},"content":{"rendered":"\n<p><strong><span class=\"has-inline-color has-vivid-green-cyan-color\">Coordenador <\/span><\/strong>Workshop Teses e Disserta\u00e7\u00f5es em Bancos de Dados SBBD2020:<\/p>\n\n\n\n<p>Carlos Eduardo Santos Pires (Universidade Federal de Campina Grande &#8211; UFCG)<\/p>\n\n\n\n<p>&#8212;&#8212;&#8212;&#8212;&#8212;&#8212;&#8212;&#8212;&#8212;&#8212;&#8212;&#8212;&#8212;&#8212;&#8212;&#8212;&#8212;&#8212;&#8212;&#8212;&#8212;&#8212;&#8212;&#8212;&#8212;&#8212;&#8212;&#8212;&#8212;&#8212;&#8212;&#8212;&#8212;-<\/p>\n\n\n\n<p>Altigran Soares da Silva (Universidade Federal do Amazonas &#8211; UFAM)<br>Ana Carolina Almeida (Universidade do Estado do Rio de Janeiro)<br>Anderson Ferreira (Universidade Federal de Ouro Preto &#8211; UFOP)<br>Angelo Brayner (Federal University of Ceara &#8211; UFC)<br>Bernadette Loscio (Universidade Federal de Pernambuco &#8211; UFPE)<br>Caetano Traina J\u00fanior (ICMC &#8211; USP)<br>Carmem Hara (Universidade Federal do Paran\u00e1 &#8211; UFPR)<br>Claudio Campelo (Universidade Federal de Campina Grande &#8211; UFCG)<br>Clodoveu Davis (Universidade Federal de Minas Gerais &#8211; UFMG)<br>Damires Souza (Instituto Federal da Para\u00edba &#8211; IFPB)<br>Daniel de Oliveira (Universidade Federal Fluminense &#8211; UFF)<br>Daniel Kaster (Universidade Estadual de Londrina &#8211; UEL)<br>Demetrio Mestre (Instituto Federal da Para\u00edba &#8211; IFPB)<br>Dimas C. Nascimento (Universidade Federal Rural de Pernambuco &#8211; UFRPE)<br>Duncan Ruiz (Pontif\u00edcia Universidade Cat\u00f3lica do RS &#8211; PUCRS)<br>Eduardo Ogasawara (CEFET\/RJ)<br>Elaine Sousa (University of Sao Paulo)<br>Flavio Horita (Universidade Federal do ABC)<br>Giseli Lopes (UFRJ)<br>Humberto Razente (Universidade Federal de Uberl\u00e2ndia &#8211; UFU)<br>Javam Machado (Federal University of Cear\u00e1 &#8211; UFC)<br>Jo\u00e3o B. Rocha-Junior (Universidade Estadual de Feira de Santana &#8211; UEFS)<br>Jonice Oliveira Universidade Federal do Rio de Janeiro (UFRJ)<br>Jos\u00e9 Antonio Mac\u00eado (Universidade Federal do Cear\u00e1 &#8211; UFC)<br>Jos\u00e9 de Aguiar Moraes Filho (SERPRO)<br>Karin Becker (Universidade Federal do Rio Grande do Sul &#8211; UFRGS)<br>Kary Oca\u00f1a (LNCC)<br>Kelly Braghetto (IME\/USP)<br>L\u00edvia Ruback (Universidade Federal Rural do Rio de Janeiro &#8211; UFRRJ)<br>Lucas Augusto Carvalho (University of Campinas)<br>Luciano Barbosa (Universidade Federal de Pernambuco &#8211; UFPE)<br>Marco Antonio Casanova (PUC-Rio)<br>Marcos Gon\u00e7alves (Universidade Federal de Minas Gerais &#8211; UFMG)<br>Maria Camila Nardini Barioni (Universidade Federal de Uberl\u00e2ndia &#8211; UFU)<br>Maxwell Guimar\u00e3es de Oliveira (Universidade Federal de Campina Grande &#8211; UFCG)<br>Mirela Cazzolato (University of S\u00e3o Paulo)<br>Renata Galante (Universidade Federal do Rio Grande do Sul &#8211; UFRGS)<br>Renato Fileto (Universidade Federal de Santa Catarina &#8211; UFSC)<br>Ricardo Torres (Norwegian University of Science and Technology &#8211; NTNU)<br>Ronaldo Mello (Universidade Federal de Santa Catarina &#8211; UFSC)<br>Sergio Lifschitz (PUC-Rio)<br>Sergio Manuel Serra da Cruz (Universidade Federal Rural do Rio de Janeiro &#8211; UFRRJ)<br>Tiago Brasileiro Ara\u00fajo (IFPE)<br>Tiago Fran\u00e7a (UFRRJ)<br>Val\u00e9ria C. Times (Universidade Federal de Pernambuco &#8211; UFPE)<br>Vania Vidal (Universidade Federal do Cear\u00e1 &#8211; UFC)<br>Vaninha Vieira (Universidade Federal da Bahia &#8211; UFBA)<br>Wagner Meira Jr. (UFMG)<\/p>\n","protected":false},"excerpt":{"rendered":"<p>Coordenador Workshop Teses e Disserta\u00e7\u00f5es em Bancos de Dados SBBD2020: Carlos Eduardo Santos Pires (Universidade Federal de Campina Grande &#8211;&hellip; <\/p>\n","protected":false},"author":13,"featured_media":0,"parent":0,"menu_order":0,"comment_status":"closed","ping_status":"closed","template":"templates\/template-fullwidth.php","meta":{"footnotes":""},"class_list":["post-1510","page","type-page","status-publish","hentry"],"_links":{"self":[{"href":"https:\/\/sbbd.org.br\/2020\/wp-json\/wp\/v2\/pages\/1510","targetHints":{"allow":["GET"]}}],"collection":[{"href":"https:\/\/sbbd.org.br\/2020\/wp-json\/wp\/v2\/pages"}],"about":[{"href":"https:\/\/sbbd.org.br\/2020\/wp-json\/wp\/v2\/types\/page"}],"author":[{"embeddable":true,"href":"https:\/\/sbbd.org.br\/2020\/wp-json\/wp\/v2\/users\/13"}],"replies":[{"embeddable":true,"href":"https:\/\/sbbd.org.br\/2020\/wp-json\/wp\/v2\/comments?post=1510"}],"version-history":[{"count":5,"href":"https:\/\/sbbd.org.br\/2020\/wp-json\/wp\/v2\/pages\/1510\/revisions"}],"predecessor-version":[{"id":3143,"href":"https:\/\/sbbd.org.br\/2020\/wp-json\/wp\/v2\/pages\/1510\/revisions\/3143"}],"wp:attachment":[{"href":"https:\/\/sbbd.org.br\/2020\/wp-json\/wp\/v2\/media?parent=1510"}],"curies":[{"name":"wp","href":"https:\/\/api.w.org\/{rel}","templated":true}]}}