{"id":1211,"date":"2019-04-11T21:19:44","date_gmt":"2019-04-11T21:19:44","guid":{"rendered":"http:\/\/sbbd.org.br\/2020\/?page_id=1211"},"modified":"2020-09-27T16:47:44","modified_gmt":"2020-09-27T19:47:44","slug":"full-papers-program-committee","status":"publish","type":"page","link":"https:\/\/sbbd.org.br\/2020\/full-papers-program-committee\/","title":{"rendered":"Full Papers PC"},"content":{"rendered":"<p><strong>SBBD 2020 Program Committee <span style=\"color: #0000ff;\">Chairs<\/span><\/strong><\/p>\n<p><strong><span style=\"color: #339966;\">Fabio Porto<\/span><\/strong> (LNCC, Brazil) &#8211; fporto@lncc.br<br \/>\n<strong><span style=\"color: #339966;\">Daniel de Oliveira<\/span><\/strong> (UFF, Brazil) &#8211; danielcmo@ic.uff.br<\/p>\n<hr \/>\n<p><strong>SBBD2020 BEST PAPERS <span style=\"color: #0000ff;\">Evaluation<\/span> Committee<br \/>\n<\/strong><\/p>\n<p><strong><span style=\"color: #008000;\">SBBD 2020 Best Full Paper (Prof. Jos\u00e9 Mauro de Castilho \u2013 JMC Award):<\/span><\/strong><\/p>\n<p>Agma Traina &#8211; Universidade de S\u00e3o Paulo (USP S\u00e3o Carlos)<br \/>\nAltigran Soares da Silva &#8211; Universidade Federal do Amazonas (UFAM)<br \/>\nMirella Moro &#8211; Universidade Federal de Minas Gerais (UFMG)<\/p>\n<hr \/>\n<p><strong>Program Committee <span style=\"color: #0000ff;\">members<\/span><\/strong><\/p>\n<p>Agma Traina &#8211; Universidade de S\u00e3o Paulo (USP S\u00e3o Carlos)<br \/>\nAlberto Laender &#8211; Universidade Federal de Minas Gerais (UFMG)<br \/>\nAlberto Lerner &#8211; University of Fribourg, Germany<br \/>\nAlexandre Plastino &#8211; Universidade Federal Fluminense (UFF)<br \/>\nAltigran Soares da Silva &#8211; Universidade Federal do Amazonas (UFAM)<br \/>\nAna Carolina Salgado &#8211; Universidade Federal de Pernambuco (UFPE)<br \/>\nAngelo Brayner Federal &#8211; Universidade Federal do Cear\u00e1 (UFC)<br \/>\nBernadette Loscio &#8211; Universidade Federal de Pernambuco (UFPE)<br \/>\nBernhard Mitschang &#8211; Universit\u00e4t Stuttgart, Germany<br \/>\nCaetano Traina J\u00fanior &#8211; Universidade de S\u00e3o Paulo (USP\/S\u00e3o Carlos)<br \/>\nCarina F. Dorneles &#8211; Universidade Federal de Santa Catarina (UFSC)<br \/>\nCarmem Hara &#8211; Universidade Federal do Paran\u00e1 (UFPR)<br \/>\nCelso Hirata &#8211; Instituto Tecnol\u00f3gico de Aeron\u00e1utica (ITA)<br \/>\nClodoveu Davis &#8211; Universidade Federal de Minas Gerais (UFMG)<br \/>\nCristina Ciferri &#8211; Universidade de S\u00e3o Paulo (USP\/S\u00e3o Carlos)<br \/>\nDamires Souza &#8211; Instituto Federal da Para\u00edba (IFPB)<br \/>\nDaniel Kaster &#8211; Universidade Estadual de Londrina (UEL)<br \/>\nDenio Duarte &#8211; Universidade Federal da Fronteira Sul (UFFS\/Chapec\u00f3)<br \/>\nDimas C. Nascimento &#8211; Universidade Federal Rural de Pernambuco (UFRPE)<br \/>\nDuncan Ruiz &#8211; Pontif\u00edcia Universidade Cat\u00f3lica do Rio Grande do Sul (PUCRS)<br \/>\nEdleno Moura &#8211; Universidade Federal do Amazonas (UFAM)<br \/>\nEduardo Borges &#8211; Universidade Federal do Rio Grande (FURG)<br \/>\nEduardo de Almeida &#8211; Universidade Federal do Paran\u00e1 (UFPR)<br \/>\nEduardo Ogasawara &#8211; Centro Federal de Educa\u00e7\u00e3o Tecnol\u00f3gica (CEFET\/RJ)<br \/>\nElaine Sousa &#8211; Universidade de S\u00e3o Paulo (USP)<br \/>\nFlavio Horita &#8211; Universidade Federal do ABC (UFABC)<br \/>\nGenoveva Vargas-Solar &#8211; French Council on Scientific Research (CNRS)<br \/>\nHumberto Razente &#8211; Universidade Federal de Uberlandia (UFU)<br \/>\nJavam Machado &#8211; Universidade Federal do Cear\u00e1 (UFC)<br \/>\nJo\u00e3o Eduardo Ferreira &#8211; Universidade de S\u00e3o Paulo (IME\/USP)<br \/>\nJonice de Oliveira Sampaio Oliveira &#8211; Universidade Federal do Rio de Janeiro (DCC IM\/UFRJ)<br \/>\nJos\u00e9 Maria Monteiro &#8211; Universidade Federal do Cear\u00e1 (UFC)<br \/>\nJos\u00e9 Palazzo Moreira de Oliveira &#8211; Universidade Federal do Rio Grande do Sul (UFRGS)<br \/>\nJos\u00e9 Antonio Mac\u00eado &#8211; Universidade Federal do Cear\u00e1 (UFC)<br \/>\nJulio dos Reis &#8211; Universidade Estadual de Campinas (UNICAMP)<br \/>\nKarin Becker &#8211; Universidade Federal do Rio Grande do Sul (UFRGS)<br \/>\nKelly Braghetto &#8211; Universidade de S\u00e3o Paulo (IME\/USP)<br \/>\nKhalid Belhajjame &#8211; Universit\u00e9 Paris Dauphine, France<br \/>\nLeonardo Andrade Ribeiro &#8211; Universidade Federal de Goi\u00e1s (UFG)<br \/>\nLucas Augusto Carvalho &#8211; University of Campinas (UNICAMP)<br \/>\nLuciano Barbosa &#8211; Universidade Federal de Pernambuco (UFPE)<br \/>\nMarco Antonio Casanova &#8211; Pontif\u00edcia Universidade Cat\u00f3lica do Rio de Janeiro (PUC-Rio)<br \/>\nMarcos Bedo &#8211; Universidade Federal Fluminense (UFF)<br \/>\nMaria Camila Nardini Barioni &#8211; Universidade Federal de Uberl\u00e2ndia (UFU)<br \/>\nMaria Claudia Cavalcanti &#8211; Instituto Militar de Engenharia (IME-RJ)<br \/>\nMaristela Holanda &#8211; Universidade de Bras\u00edlia (UNB)<br \/>\nMarta Mattoso &#8211; &#8211; Universidade Federal do Rio de Janeiro (COPPE\/UFRJ)<br \/>\nMirella Moro &#8211; Universidade Federal de Minas Gerais (UFMG)<br \/>\nMirian Halfeld-Ferrari &#8211; Universit\u00e9 d&#8217;Orleans &#8211; LIFO, France<br \/>\nPedro Eugenio Rocha Pedreira &#8211; Facebook Inc.<br \/>\nRenata Galante &#8211; Universidade Federal do Rio Grande do Sul (UFRGS)<br \/>\nRenato Fileto &#8211; Universidade Federal de Santa Catarina (UFSC)<br \/>\nRicardo Torres &#8211; Norwegian University of Science and Technology (NTNU)<br \/>\nRonaldo Mello &#8211; Universidade Federal de Santa Catarina (UFSC)<br \/>\nSergio Lifschitz &#8211; Pontif\u00edcia Universidade Cat\u00f3lica do Rio de Janeiro (PUC-Rio)<br \/>\nTiago de Melo &#8211; Universidade do Estado do Amazonas (UEA)<br \/>\nVal\u00e9ria C. Times &#8211; Universidade Federal de Pernambuco (UFPE)<br \/>\nVania Bogorny &#8211; Universidade Federal de Santa Catarina (UFSC)<br \/>\nVania Vidal &#8211; Universidade Federal do Cear\u00e1 (UFC)<br \/>\nVaninha Vieira &#8211; Universidade Federal da Bahia (UFBA)<br \/>\nV\u00edtor Sousa &#8211; Snap Inc.<br \/>\nViviane Moreira &#8211; Universidade Federal do Rio Grande do Sul (UFRGS)<br \/>\nWagner Meira Jr. &#8211; Universidade Federal de Minas Gerais (UFMG)<br \/>\nZoubida Kedad &#8211; Universit\u00e9 de Versailles et Saint-Quentin-en-Yvelines (UVSQ), France<\/p>\n","protected":false},"excerpt":{"rendered":"<p>SBBD 2020 Program Committee Chairs Fabio Porto (LNCC, Brazil) &#8211; fporto@lncc.br Daniel de Oliveira (UFF, Brazil) &#8211; danielcmo@ic.uff.br SBBD2020 BEST&hellip; <\/p>\n","protected":false},"author":13,"featured_media":0,"parent":0,"menu_order":0,"comment_status":"closed","ping_status":"closed","template":"templates\/template-fullwidth.php","meta":{"footnotes":""},"class_list":["post-1211","page","type-page","status-publish","hentry"],"_links":{"self":[{"href":"https:\/\/sbbd.org.br\/2020\/wp-json\/wp\/v2\/pages\/1211","targetHints":{"allow":["GET"]}}],"collection":[{"href":"https:\/\/sbbd.org.br\/2020\/wp-json\/wp\/v2\/pages"}],"about":[{"href":"https:\/\/sbbd.org.br\/2020\/wp-json\/wp\/v2\/types\/page"}],"author":[{"embeddable":true,"href":"https:\/\/sbbd.org.br\/2020\/wp-json\/wp\/v2\/users\/13"}],"replies":[{"embeddable":true,"href":"https:\/\/sbbd.org.br\/2020\/wp-json\/wp\/v2\/comments?post=1211"}],"version-history":[{"count":14,"href":"https:\/\/sbbd.org.br\/2020\/wp-json\/wp\/v2\/pages\/1211\/revisions"}],"predecessor-version":[{"id":3137,"href":"https:\/\/sbbd.org.br\/2020\/wp-json\/wp\/v2\/pages\/1211\/revisions\/3137"}],"wp:attachment":[{"href":"https:\/\/sbbd.org.br\/2020\/wp-json\/wp\/v2\/media?parent=1211"}],"curies":[{"name":"wp","href":"https:\/\/api.w.org\/{rel}","templated":true}]}}