{"id":673,"date":"2019-01-28T16:52:18","date_gmt":"2019-01-28T16:52:18","guid":{"rendered":"http:\/\/sbbd.org.br\/2019\/?page_id=673"},"modified":"2019-08-17T02:20:32","modified_gmt":"2019-08-17T02:20:32","slug":"travel-and-hosting","status":"publish","type":"page","link":"https:\/\/sbbd.org.br\/2019\/travel-and-hosting\/","title":{"rendered":"Travel and Hosting"},"content":{"rendered":"<div class=\"wrapper\">\n<div class=\"blog-holder left\">\n<div class=\"blog-content no-sidebar\">\n<div class=\"shortcodes left\">\n<div class=\"shortcodes left\">\n<header class=\"entry-header\"><span class=\"tlid-translation translation\">Attractions are not lacking in the capital of Cear\u00e1. Beginning with the beautiful central coastline formed by the beaches of Iracema, Meireles and Mucuripe, joined by Avenida Beira Mar, a meeting point for tourists and locals at the sunset. 11km from the center, Futuro beach is perfect for a swim with a lot of stewardship &#8211; the various tents offer not only typical crab legs and grilled sea bass, but also fresh water showers, chairs, umbrellas and lots of animation.<\/span>On the outskirts of the city are guarded the dunes and the colorful cliffs that are the face of Cear\u00e1. Aboard buggy, they are enjoyed on the beaches of Morro Branco and Fontes, on the East Coast or the Rising Sun. There is also Port das Dunas, the scenery of Beach Park. The West Coast (Sol Poente) has, as highlights, the Cumbuco lagoons and the good winds, which attract windsurfers and kitesurfers.<\/p>\n<p>Metropolis of bustling nightlife, Fortaleza has a ballad all week &#8211; Monday, by the way, is considered the most lively on the planet. It is worth checking the programming of the Art and Culture Center Drag\u00e3o do Mar, with theaters, cinemas, concerts, museums and bars; or simply enjoy the modern architecture of the building. Do not miss the art nouveau fa\u00e7ade of the Jos\u00e9 de Alencar Theater, either during a show or through a guided tour.<\/p>\n<p>When it comes to taste the typical delights of the region, just set the menu and consult the map. If the option is a tasty lobster the address is the beach of Curu\u00edpe, where the rafts dock full of seafood. The food from the hinterland, bai\u00e3o and carne de sol, is found in the neighborhoods of Varjota and Aldeota, which also offer restaurants with varied cuisine.<\/p>\n<p>Tapiocas also have a corner for them &#8211; it&#8217;s in the Messejana neighborhood and it has more than 20 stalls that offer the delicacies with the most varied fillings. Already the craftsmanship is spread all over the city. There are several fairs and markets where the beautiful labyrinth lace works, the most traditional of the state, share space with the sleeping nets, the little bottles with colored sand drawings, the objects in clay and wood &#8230;<\/p>\n<p>The capital of Cear\u00e1 is a welcoming city that offers to its thousands of visitors guaranteed fun and a multitude of tourist attractions. There are many attractions, from the hospitality of its people to the walks along beautiful beaches. Check below tour tips to do in the city.<\/p>\n<\/header>\n<ol>\n<li><span class=\"tlid-translation translation\"><strong>Futuro beach<\/strong><br \/>\nLocated 10 km from the center of the capital, Futuro Beach is more than 30 km long and is an oasis in the middle of the city. There are numerous options of beach huts, with a structure of bars and restaurants to welcome visitors.<\/span><\/li>\n<li><span class=\"tlid-translation translation\"><strong>Mucuripe Beach<\/strong><br \/>\nSung in verse and prose, the Mucuripe is a setting of charm on the edge of Fortaleza that still preserves the tradition of its fishermen.<\/span><\/li>\n<li><span class=\"tlid-translation translation\"><strong>Fortaleza&#8217;s Cathedral<\/strong><br \/>\nInspired by the French cathedral of Notre Dame, the Cathedral of Fortaleza was designed by the French engineer George Mounier and built on the site of the old S\u00e9 church.<\/span><\/li>\n<li><span class=\"tlid-translation translation\"><strong>Central Market<\/strong><br \/>\n<\/span><span class=\"tlid-translation translation\">If you like handicrafts, a visit to the Central Market is a good opportunity to immerse yourself in the culture of Cear\u00e1. The building was opened in 1809 and underwent several renovations. There are more than 550 stores that offer a huge diversity of products.<\/span><\/li>\n<li><span class=\"tlid-translation translation\"><strong>Iracema Beach<\/strong><br \/>\nThe place is one of the symbols of the capital of Cear\u00e1 and was named in honor of the &#8220;Virgin of Honey Lips&#8221;, muse of a novel of Jos\u00e9 de Alencar, the most famous Cear\u00e1 writer. It is in Praia de Iracema that there are sights like the English Bridge and the embankment. See the video.<\/span><\/li>\n<li><span class=\"tlid-translation translation\"><strong>Schooner tour<\/strong><br \/>\nEmbark on a schooner and take a stroll along the shore of Fortaleza is an opportunity to appreciate the beauty of the city from another angle. The boats depart daily from the Mucuripe beach.<\/span><\/li>\n<li><span class=\"tlid-translation translation\"><strong>Drag\u00e3o do Mar<\/strong><br \/>\nThe Drag\u00e3o do Mar is a cultural center with permanent shows. Cafes, theater, exhibitions and planetarium are also part of the scenery. The name comes from a tribute to the Francisco Jos\u00e9 do Nascimento jangadeiro, engaged in the struggle for the liberation of the slaves. It is located at Drag\u00e3o do Mar street, 81, on Iracema beach. Go there during the day to enjoy all cultural options. At night, visit the bars and restaurants, which occupy restored sheds around Drag\u00e3o.<\/span><\/li>\n<li><strong>Feirinha de Artesanato da Beira-Mar<\/strong><br \/>\n<span class=\"tlid-translation translation\">Known for the great diversity of typical products, the famous handicraft fair of Beira Mar is one of Fortaleza&#8217;s tourist attractions. There are hundreds of tents that are concentrated on the boardwalk, on the corner of Desembargador Moreira Avenue, on Meireles beach. It works every day, from 17h. Not to miss.<\/span><\/li>\n<li><span class=\"tlid-translation translation\"><strong>Beach Park<\/strong><br \/>\nBeach Park, the largest water park in Latin America, is guaranteed fun for the whole family. The tourist complex is about 15 minutes from the center of the city, on the beach of Porto da Dunas, and is one of the places most sought after by tourists. In addition to the water park, there are restaurants and shack on the edge of the beach.<\/span><\/li>\n<li><span class=\"tlid-translation translation\"><strong>Jos\u00e9 de Alencar Theater <\/strong><br \/>\nThe centenary theater is one of the greatest architectural symbols of Fortaleza and is in the central region, in front of the square that also bears the name of the writer from Cear\u00e1. The most exuberant example of the iron architecture in Brazil, Theatro Jos\u00e9 de Alencar offers guided tours, from hourly, from 8am. The admission costs R $ 2 and R $ 4. It is a program for all ages and a course differentiated by the 1910 building: the foyer, the basement and gardens of Burle Marx. For more information, call: (85) 3101.2567 \/ 3101.2583.<\/span><\/li>\n<li><span class=\"tlid-translation translation\"><strong>Try the caraguejo<\/strong><br \/>\nYou do not have to visit Fortaleza and not taste the famous crab. You will find the crustacean in bars, restaurants and in all the tents of Futuro beach, along Zez\u00e9 Diogo Avenue. Over there, every Thursday night tasting the crab is tradition. In addition to the sauce and the farofa, which accompany the crustacean, the forr\u00f3 and humor shows take over the tents.<\/span><\/li>\n<\/ol>\n<p><span class=\"tlid-translation translation\"><span class=\"\" title=\"\"><br \/>\nDistance from the main beaches of Fortaleza:<\/span><br \/>\n<strong><span class=\"\" title=\"\"><br \/>\nEast Coast Beaches<\/span><\/strong><\/span><\/p>\n<ul>\n<li><span class=\"tlid-translation translation\"><span title=\"\">Porto das Dunas \/ Beach Park (19.5 Km)<\/span><\/span><\/li>\n<li><span class=\"tlid-translation translation\"><span title=\"\">Morro Branco (80 Km)<\/span><\/span><\/li>\n<li><span class=\"tlid-translation translation\"><span title=\"\">Canoa Quebrada (163 Km)<\/span><\/span><\/li>\n<li><span class=\"tlid-translation translation\"><span title=\"\">Icapu\u00ed (196 Km)<\/span><\/span><\/li>\n<li><span class=\"tlid-translation translation\"><span title=\"\">Among others<\/span><\/span><\/li>\n<\/ul>\n<p><strong><span class=\"tlid-translation translation\"><span title=\"\">Beaches of the west coast<\/span><\/span><\/strong><\/p>\n<ul>\n<li><span class=\"tlid-translation translation\"><span title=\"\">Cumbuco (45 Km)<\/span><\/span><\/li>\n<li><span class=\"tlid-translation translation\"><span title=\"\">Pec\u00e9m (58 Km)<\/span><\/span><\/li>\n<li>Ta\u00edba (79 Km)<\/li>\n<li><span class=\"tlid-translation translation\"><span title=\"\">Paracuru (99 Km)<\/span><\/span><\/li>\n<li><span class=\"tlid-translation translation\"><span title=\"\">Lagoinha (115 Km)<\/span><\/span><\/li>\n<li><span class=\"tlid-translation translation\"><span title=\"\">Flecheiras (148 Km)<\/span><\/span><\/li>\n<li><span class=\"tlid-translation translation\"><span title=\"\">Icara\u00ed de amontada (205 Km)<\/span><\/span><\/li>\n<li><span class=\"tlid-translation translation\"><span title=\"\">Pre\u00e1 (291 Km)<\/span><\/span><\/li>\n<li><span class=\"tlid-translation translation\"><span title=\"\">Jericoacoara (310 Km)<\/span><\/span><\/li>\n<\/ul>\n<p>Source:\u00a0<a href=\"https:\/\/www.feriasbrasil.com.br\/ce\/fortaleza\/\">F\u00e9rias Brasil<\/a>\u00a0e\u00a0<a href=\"https:\/\/roteiroceara.uol.com.br\/blog-roteiro\/11-programas-para-fazer-em-fortaleza\/\">Roteiro Cear\u00e1<\/a><\/p>\n<h3>ACCOMODATION<\/h3>\n<p>Check below a list of hotels where you can get special prices during the events. Please, be aware that you can only get those special deals if you make the reservation directly with the hotel (via email or phone). Also, remember to mention that you are attending the SBBD\/KDMiLe conferences.<\/p>\n<p>Please note the star classification is based on <a href=\"https:\/\/www.booking.com\" target=\"_blank\" rel=\"noopener noreferrer\">Booking<\/a> star classification.<\/p>\n<p>\u2605\u2605\u2605\u2605\u00a0<a href=\"https:\/\/www.plazasuites.com.br\/\" target=\"_blank\" rel=\"noopener noreferrer\">Plaza Praia Suites<\/a><br \/>\nBar\u00e3o de Aracati, 94 &#8211; Fortaleza CE<br \/>\nPhone: +55 (85) 3455-1512 | 3455-1500<br \/>\nreservas@plazasuites.com.br<br \/>\nIncluding breakfast and wi-fi<br \/>\nSINGLE: R$ 210.00<br \/>\nDOUBLE: R$ 230.00<br \/>\nTRIPLE: R$ 270.00<br \/>\nQUADRUPLE: R$ 380.00<\/p>\n<\/div>\n<p>\u2605\u2605\u2605\u2605 Aquidab\u00e3 Praia Hotel<br \/>\n<span class=\"LrzXr\">Carlos Vasconcelos 137 &#8211; Fortaleza CE<\/span><br \/>\nPhone: +55 (85) 3455-1515<br \/>\nreservas@aquidabapraiahotel.com.br<br \/>\nIncluding breakfast and wi-fi<br \/>\nSINGLE: R$ 210.00<br \/>\nDOUBLE: R$ 230.00<\/p>\n<h3>STUDENT ACCOMODATION<\/h3>\n<p>\u2605\u2605 Centro de Forma\u00e7\u00e3o, Capacita\u00e7\u00e3o e Pesquisa Frei Humberto<br \/>\n<span class=\"LrzXr\">Paulo Firmeza, 445 &#8211; Fortaleza CE<\/span><br \/>\nPhone: +55 (85) 3472-5572 and +55(85) 997489694<br \/>\ncentrofreihumberto@gmail.com<br \/>\nIncluding breakfast\u00a0and wi-fi<br \/>\nRooms for three, five and eight students: R$ 50.00<\/p>\n<\/div>\n<\/div>\n<\/div>\n<\/div>\n","protected":false},"excerpt":{"rendered":"<p>Attractions are not lacking in the capital of Cear\u00e1. Beginning with the beautiful central coastline formed by the beaches of&hellip; <\/p>\n","protected":false},"author":12,"featured_media":0,"parent":0,"menu_order":0,"comment_status":"closed","ping_status":"closed","template":"templates\/template-fullwidth.php","meta":{"footnotes":""},"class_list":["post-673","page","type-page","status-publish","hentry"],"_links":{"self":[{"href":"https:\/\/sbbd.org.br\/2019\/wp-json\/wp\/v2\/pages\/673","targetHints":{"allow":["GET"]}}],"collection":[{"href":"https:\/\/sbbd.org.br\/2019\/wp-json\/wp\/v2\/pages"}],"about":[{"href":"https:\/\/sbbd.org.br\/2019\/wp-json\/wp\/v2\/types\/page"}],"author":[{"embeddable":true,"href":"https:\/\/sbbd.org.br\/2019\/wp-json\/wp\/v2\/users\/12"}],"replies":[{"embeddable":true,"href":"https:\/\/sbbd.org.br\/2019\/wp-json\/wp\/v2\/comments?post=673"}],"version-history":[{"count":23,"href":"https:\/\/sbbd.org.br\/2019\/wp-json\/wp\/v2\/pages\/673\/revisions"}],"predecessor-version":[{"id":1548,"href":"https:\/\/sbbd.org.br\/2019\/wp-json\/wp\/v2\/pages\/673\/revisions\/1548"}],"wp:attachment":[{"href":"https:\/\/sbbd.org.br\/2019\/wp-json\/wp\/v2\/media?parent=673"}],"curies":[{"name":"wp","href":"https:\/\/api.w.org\/{rel}","templated":true}]}}