{"id":660,"date":"2019-01-28T16:21:48","date_gmt":"2019-01-28T16:21:48","guid":{"rendered":"http:\/\/sbbd.org.br\/2019\/?page_id=660"},"modified":"2019-04-08T13:57:34","modified_gmt":"2019-04-08T13:57:34","slug":"venue","status":"publish","type":"page","link":"https:\/\/sbbd.org.br\/2019\/venue\/","title":{"rendered":"Venue"},"content":{"rendered":"<p>In its 34th edition, the symposium will be held in Fortaleza, in the state of Cear\u00e1, Brazil, <strong>from 07 to 10 October at UNI7<\/strong>. This year, SBBD is being organized by the Computing Department &#8211; UFC.<\/p>\n<h3>ADDRESS<\/h3>\n<p><span class=\"tlid-translation translation\">The UNI7 is located at <strong>Av. Maximiniano da Fonseca, 1395, Luciano Cavalcante District, Fortaleza &#8211; CE<\/strong>, opposite the Cl\u00f3vis Bevil\u00e1qua Forum, near the Cear\u00e1 Event Center and the Iguatemi Shopping Center.<\/span><\/p>\n\n\n<iframe loading=\"lazy\" src=\"https:\/\/www.google.com\/maps\/embed?pb=!1m18!1m12!1m3!1d3981.17977915755!2d-38.48584354946013!3d-3.771027197243075!2m3!1f0!2f0!3f0!3m2!1i1024!2i768!4f13.1!3m3!1m2!1s0x7c745fefe74c177%3A0x3d5127cdeb3dde1d!2sUNI7+-+University+Center+on+September+7!5e0!3m2!1sen!2sbr!4v1548769423201\" style=\"border:0\" allowfullscreen=\"\" width=\"100%\" height=\"400\" frameborder=\"0\"><\/iframe>\n\n\n<h3>ABOUT UNI7<\/h3>\n<p><a href=\"https:\/\/www.uni7.edu.br\/\"><strong>Universidade 7 de Setembro (UNI7)<\/strong><\/a> is an institution committed to a high standard of teaching. Their maintainers constitute a group with 80 years of educational experience that aims to promote, always in their students and professors, the ideal of growing, building, and learning to learn. The UNI7 offers an education that provides high-level formation and improvement through undergraduate, graduate and post-graduate courses. In all, there are 2 campuses with 16 undergraduate courses and more than 30 postgraduate courses, besides the UNI7 Institute, a reference center of business in the Northeast, that provides to companies and managers, the best existent resources in the global market to encourage the innovation and enable sustainable performance leaps.<\/p>\n<p>For 15 years, the course of Informations Systems of UNI7 is training professionals for the information technology job market, providing basic and advanced education in computer science, applied computing and related areas. The courses&#8217; objective is to train the student to solve real world problems, and also aims to give the student skills to develop, deploy and manage high-quality information systems. The graduates of the course are spread in companies from Cear\u00e1, Brazil and even abroad.<\/p>\n<p><span class=\"tlid-translation translation\"><span title=\"\">The building, located on a plot of 13,000 m\u00b2, has a total area of 50,000 m\u00b2, distributed in five floors, two of them in the basement.<\/span> <span class=\"\" title=\"\">The parking lot is designed to house 1,500 vehicles inside the building itself, in two basements and six more floors, all of which are covered.<\/span> <span class=\"\" title=\"\">It also has a food court, large living areas, a 650 m\u00b2 Theater with capacity for 550 people, a 320 m\u00b2 Auditorium with capacity for 180 people, 14 computer labs, audiovisual laboratories, engineering, 130 classrooms<\/span> <span class=\"\" title=\"\">and library with individual study areas.<\/span><\/span><\/p>\n<p>\u00a0<\/p>","protected":false},"excerpt":{"rendered":"<p>In its 34th edition, the symposium will be held in Fortaleza, in the state of Cear\u00e1, Brazil, from 07 to&hellip; <\/p>\n","protected":false},"author":12,"featured_media":0,"parent":0,"menu_order":0,"comment_status":"closed","ping_status":"closed","template":"templates\/template-fullwidth.php","meta":{"footnotes":""},"class_list":["post-660","page","type-page","status-publish","hentry"],"_links":{"self":[{"href":"https:\/\/sbbd.org.br\/2019\/wp-json\/wp\/v2\/pages\/660","targetHints":{"allow":["GET"]}}],"collection":[{"href":"https:\/\/sbbd.org.br\/2019\/wp-json\/wp\/v2\/pages"}],"about":[{"href":"https:\/\/sbbd.org.br\/2019\/wp-json\/wp\/v2\/types\/page"}],"author":[{"embeddable":true,"href":"https:\/\/sbbd.org.br\/2019\/wp-json\/wp\/v2\/users\/12"}],"replies":[{"embeddable":true,"href":"https:\/\/sbbd.org.br\/2019\/wp-json\/wp\/v2\/comments?post=660"}],"version-history":[{"count":17,"href":"https:\/\/sbbd.org.br\/2019\/wp-json\/wp\/v2\/pages\/660\/revisions"}],"predecessor-version":[{"id":983,"href":"https:\/\/sbbd.org.br\/2019\/wp-json\/wp\/v2\/pages\/660\/revisions\/983"}],"wp:attachment":[{"href":"https:\/\/sbbd.org.br\/2019\/wp-json\/wp\/v2\/media?parent=660"}],"curies":[{"name":"wp","href":"https:\/\/api.w.org\/{rel}","templated":true}]}}