{"id":554,"date":"2019-01-25T16:47:59","date_gmt":"2019-01-25T16:47:59","guid":{"rendered":"http:\/\/sbbd.org.br\/2019\/?page_id=554"},"modified":"2019-09-18T23:54:19","modified_gmt":"2019-09-18T23:54:19","slug":"short-papers","status":"publish","type":"page","link":"https:\/\/sbbd.org.br\/2019\/short-papers\/","title":{"rendered":"Short Papers"},"content":{"rendered":"\n<p>Processamento de Banco de Dados em Mem\u00f3ria<br>Tiago Kepe (Universidade Federal do Paran\u00e1 &#8211; Brazil),\u00a0<br>Eduardo de Almeida (Universidade Federal do Paran\u00e1 &#8211; Brazil),\u00a0<br>Marco Alves (Universidade Federal do Paran\u00e1 &#8211; Brazil)<br><br>Explorando o uso de \u00e1rvores B+ na Indexa\u00e7\u00e3o de Dados por Similaridade\u00a0<br>J\u00e9ssica N. B. de Farias (Universidade Federal de Uberl\u00e2ndia &#8211; Brazil),<br>Maria Camila Nardini Barioni (Universidade Federal de Uberlandia &#8211; Brazil),<br>Humberto Razente (Universidade Federal de Uberlandia &#8211; Brazil)<br><br>Fake News and Brazilian politics &#8211; temporal investigation based on semantic annotations and graph analysis<br>Luiz Celso Gomes Jr (Universidade Tecnol\u00f3gica Federal do Paran\u00e1 &#8211; Brazil),<br>Gabriel Frizzo (Universidade Tecnol\u00f3gica Federal do Paran\u00e1 &#8211; Brazil)<br><br>Automatically identifying Lawsuit subjects according to a given taxonony<br>Peter Vergara (Universidade Federal do Rio Grande do Sul &#8211; Brazil),<br>Brenda Santana (Universidade Federal do Rio Grande do Sul &#8211; Brazil),<br>Rhuan Barros (Universidade Federal do Rio Grande do Sul &#8211; Brazil),<br>Leandro Wives (Universidade Federal do Rio Grande do Sul &#8211; Brazil)<br><br>Modelo Autoregressivo de Integra\u00e7\u00e3o Adaptativa<br>Arthur Ronald (CEFET\/RJ &#8211; Brazil),<br>Rebecca Salles (CEFET\/RJ &#8211; Brazil),<br>Kele Teixeira Belloze (CEFET\/RJ &#8211; Brazil),<br>Dayse Pastore (CEFET\/RJ &#8211; Brazil),<br>Eduardo Ogasawara (CEFET\/RJ &#8211; Brazil)<br><br>Large-scale Record Linkage of Web-based Place Entities<br>Vin\u00edcius de Moraes R\u00eago Cousseau (Universidade Federal de Pernambuco &#8211; Brazil),<br>Luciano Barbosa (Universidade Federal de Pernambuco &#8211; Brazil)<br><br>Descoberta autom\u00e1tica de restri\u00e7\u00f5es de nega\u00e7\u00e3o confi\u00e1veis<br>Eduardo Pena (Universidade Federal do Paran\u00e1 -UFPR &#8211; Brazil),<br>Eduardo de Almeida (Universidade Federal do Paran\u00e1 &#8211; Brazil)<br><br>Visualiza\u00e7\u00e3o dos dados abertos da Pol\u00edcia Rodovi\u00e1ria Federal sobre acidentes nas rodovias brasileiras<br>Victor Mattos (Universidade Tecnol\u00f3gica Federal do Paran\u00e1 &#8211; Brazil),<br>Pedro Vasconcelos (Universidade Tecnol\u00f3gica Federal do Paran\u00e1 &#8211; Brazil),<br>N\u00e1dia Kozievitch (Universidade Tecnol\u00f3gica Federal do Paran\u00e1 &#8211; Brazil),<br>Yussef Parcianello (Universidade Tecnol\u00f3gica Federal do Paran\u00e1 &#8211; Brazil),<br>Rita Berardi (Universidade Tecnol\u00f3gica Federal do Paran\u00e1 &#8211; Brazil)<br><br>Conformity Analysis of GTFS Routes and Bus Trajectories<br>Andreza Queiroz (Federal University of Campina Grande &#8211; Brazil),<br>Veruska Santos (Federal University of Campina Grande &#8211; Brazil),<br>Dimas C. Nascimento (Universidade Federal Rural de Pernambuco (UFRPE) &#8211; Brazil),<br>Carlos Eduardo Santos Pires (Federal University of Campina Grande &#8211; Brazil)<br><br>Comunica\u00e7\u00e3o em bloco na explora\u00e7\u00e3o de grafos em bases RDF distribu\u00eddas<br>Raqueline Penteado (Universidade Estadual de Maring\u00e1 &#8211; Brazil),<br>Eduardo Villas Boas dos Santos (Universidade Estadual de Maring\u00e1 &#8211; Brazil),<br>Carmem Hara (Universidade Federal do Paran\u00e1 &#8211; Brazil)<br><br>Achieving Differential Privacy in Smart Home Scenarios<br>Israel Vidal (Federal University of Cear\u00e1 &#8211; Brazil),<br>Franck Rousseau ( Universit\u00e9 Grenoble Alpes, CNRS, Grenoble INP, LIG &#8211; France),<br>Javam Machado (Federal University of Cear\u00e1 &#8211; Brazil)<br><br>A Science Gateway to Support Research in Spectral Graph Theory<br>Daniel Oliveira (CEFET\/RJ &#8211; Brazil),<br>Carlos Magno Abreu (Centro de An\u00e1lises de Sistemas Navais (CASNAV) &#8211; Brazil),<br>Eduardo Bezerra (CEFET\/RJ &#8211; Brazil),<br>Leonardo de Lima (Universidade Federal do Paran\u00e1 &#8211; Brazil),<br>Eduardo Ogasawara (CEFET\/RJ &#8211; Brazil)<br><br>An\u00e1lise de Hiperpar\u00e2metros em Aplica\u00e7\u00f5es de Aprendizado Profundo por meio de Proveni\u00eancia<br>D\u00e9bora Pina (COPPE\/UFRJ &#8211; Brazil),<br>Liliane Neves (COPPE\/UFRJ &#8211; Brazil),<br>Aline Paes (Universidade Federal Fluminense &#8211; Brazil),<br>Daniel de Oliveira (Universidade Federal Fluminense &#8211; Brazil),<br>Marta Mattoso (COPPE\/UFRJ &#8211; Brazil)<br><br>Processamento Eficiente de Consultas Anal\u00edticas Estendidas com Predicados de Similaridade em Spark<br>Cristina Ciferri (USP &#8211; Brazil),<br>Guilherme Rocha (USP &#8211; Brazil)<br><br>Data Warehouse Educacional: Uma vis\u00e3o sobre a Evas\u00e3o no Ensino Superior<br>Gustavo Alexandre Sousa Santos (Universidade Federal Fluminense &#8211; UFF &#8211; Brazil),<br>Luis Tarrataca (CEFET-RJ &#8211; Brazil),<br>Diego Haddad (CEFET-RJ &#8211; Brazil),<br>Alex Bordignon (Universidade Federal do Rio de Janeiro &#8211; Brazil),<br>Diego Brand\u00e3o (Cefet\/RJ &#8211; Brazil),<br>Kele Teixeira Belloze (CEFET\/RJ &#8211; Brazil)<br><br>Predi\u00e7\u00e3o dos N\u00edveis de Sa\u00fade de Col\u00f4nias de Abelhas Apis mellifera Baseado em Clusteriza\u00e7\u00e3o e Classifica\u00e7\u00e3o<br>Antonio Rafael Braga (Universidade Federal do Cear\u00e1 &#8211; Brazil),<br>Daniel Silva (Universidade Federal do Cear\u00e1 &#8211; Brazil),<br>Breno Freitas (Universidade Federal do Cear\u00e1 &#8211; Brazil),<br>Danielo G. Gomes (Universidade Federal do Cear\u00e1 (UFC) &#8211; Brazil)<br><br>Desenvolvimento de Modelos de Armazenamento em Sensores com Reutiliza\u00e7\u00e3o de C\u00f3digo<br>Alexandre Ordakowski (Universidade Federal do Paran\u00e1 &#8211; Brazil),<br>Marcos Aurelio Carrero (University Federal of Parana &#8211; Brazil),<br>Martin Musicante (Universidade Federal do Rio Grande do Norte &#8211; Brazil),<br>Aldri dos Santos (Universidade Federal do Paran\u00e1 &#8211; Brazil),<br>Carmem Hara (Universidade Federal do Paran\u00e1 &#8211; Brazil)<br><br>Um Estudo Comparativo sobre T\u00e9cnicas de Privacidade de Dados sobre Dataset de Ocorr\u00eancias do ZIKV no Brasil<br>Daniel de Oliveira (Universidade Federal Fluminense &#8211; Brazil),<br>Eduardo Rodrigues (UFC &#8211; Brazil),<br>Serafim Costa (UFC &#8211; Brazil),<br>Paulo Amora (Federal University of Cear\u00e1 &#8211; Brazil),<br>Asley Caldas (Universidade Federal do Cear\u00e1 &#8211; Brazil),<br>Kary Oca\u00f1a (LNCC &#8211; Brazil),<br>Javam Machado (Federal University of Cear\u00e1 &#8211; Brazil)<br><br>Uma An\u00e1lise Experimental da Utiliza\u00e7\u00e3o de Diferentes Tecnologias de Armazenamento em um SGBD Relacional<br>Francisco Praciano (Federal University of Cear\u00e1 &#8211; Brazil),<br>Joaquim Filipe Lobo de Sousa (Federal University of Cear\u00e1 &#8211; Brazil),<br>Javam Machado (Federal University of Cear\u00e1 &#8211; Brazil)<br><br>Unsupervised Rank Fusion for Diverse Image Metasearch <br>Solenir Figuer\u00eado (Universidade Estadual de Feira de Santana &#8211; Brazil),<br>Rodrigo Calumby (Universidade Estadual de Feira de Santana &#8211; Brazil)<br><br>Differentially Private Group-by Data Releasing Algorithm<br>Iago Chaves (Federal University of Cear\u00e1 &#8211; Brazil),<br>Javam Machado (Federal University of Cear\u00e1 &#8211; Brazil)<br><br>Agrega\u00e7\u00e3o n\u00e3o Supervisionada de Rankings para Redu\u00e7\u00e3o de Cold-Start em Recupera\u00e7\u00e3o Multimodal de Imagens<br>Wanderson Silva (Universidade Estadual de Feira de Santana &#8211; Brazil),<br>Rodrigo Calumby (Universidade Estadual de Feira de Santana &#8211; Brazil)<br><br>Refinamento do Conjunto Inicial de Resultados baseado em Contexto para Recupera\u00e7\u00e3o Interativa de Imagens<br>Luciano Dourado (Universidade Estadual de Feira de Santana &#8211; Brazil),<br>Rodrigo Calumby (Universidade Estadual de Feira de Santana &#8211; Brazil)<br><br><\/p>\n","protected":false},"excerpt":{"rendered":"<p>Processamento de Banco de Dados em Mem\u00f3riaTiago Kepe (Universidade Federal do Paran\u00e1 &#8211; Brazil),\u00a0Eduardo de Almeida (Universidade Federal do Paran\u00e1&hellip; <\/p>\n","protected":false},"author":12,"featured_media":0,"parent":0,"menu_order":0,"comment_status":"closed","ping_status":"closed","template":"templates\/template-fullwidth.php","meta":{"footnotes":""},"class_list":["post-554","page","type-page","status-publish","hentry"],"_links":{"self":[{"href":"https:\/\/sbbd.org.br\/2019\/wp-json\/wp\/v2\/pages\/554","targetHints":{"allow":["GET"]}}],"collection":[{"href":"https:\/\/sbbd.org.br\/2019\/wp-json\/wp\/v2\/pages"}],"about":[{"href":"https:\/\/sbbd.org.br\/2019\/wp-json\/wp\/v2\/types\/page"}],"author":[{"embeddable":true,"href":"https:\/\/sbbd.org.br\/2019\/wp-json\/wp\/v2\/users\/12"}],"replies":[{"embeddable":true,"href":"https:\/\/sbbd.org.br\/2019\/wp-json\/wp\/v2\/comments?post=554"}],"version-history":[{"count":4,"href":"https:\/\/sbbd.org.br\/2019\/wp-json\/wp\/v2\/pages\/554\/revisions"}],"predecessor-version":[{"id":1736,"href":"https:\/\/sbbd.org.br\/2019\/wp-json\/wp\/v2\/pages\/554\/revisions\/1736"}],"wp:attachment":[{"href":"https:\/\/sbbd.org.br\/2019\/wp-json\/wp\/v2\/media?parent=554"}],"curies":[{"name":"wp","href":"https:\/\/api.w.org\/{rel}","templated":true}]}}