{"id":2132,"date":"2019-10-04T11:17:13","date_gmt":"2019-10-04T11:17:13","guid":{"rendered":"http:\/\/sbbd.org.br\/2019\/?page_id=2132"},"modified":"2019-10-15T17:23:14","modified_gmt":"2019-10-15T17:23:14","slug":"certificates","status":"publish","type":"page","link":"https:\/\/sbbd.org.br\/2019\/certificates\/","title":{"rendered":"Certificates"},"content":{"rendered":"<script>\njQuery(document).ready(function ($) {\n  $(function() {    \n    $('form').on('submit', function (e) {\n        e.preventDefault();\n        $.ajax({\n          type: 'post',\n          url: 'https:\/\/comissoes.sbc.org.br\/sbbd\/certificados\/sbbd\/lerDados.php',\n          data: $('form').serialize(),\n          success: function (result) {\n            $(\"#result\").html(result);\n          }\n        });\n      });\n  });\n})\n<\/script>\n\n<form><strong>Para emiss\u00e3o do certificado, digite seu email usado na inscri\u00e7\u00e3o para o SBBD 2019 no campo abaixo:<\/strong>\n\n<br>\nE-mail: <input name=\"email\" type=\"text\">\n<input type=\"submit\">\n\n<\/form>\n<div id=\"result\"><\/div>\n\n\n\n<p><\/p>\n","protected":false},"excerpt":{"rendered":"<p>Para emiss\u00e3o do certificado, digite seu email usado na inscri\u00e7\u00e3o para o SBBD 2019 no campo abaixo: E-mail:<\/p>\n","protected":false},"author":12,"featured_media":0,"parent":0,"menu_order":0,"comment_status":"closed","ping_status":"closed","template":"templates\/template-fullwidth.php","meta":{"footnotes":""},"class_list":["post-2132","page","type-page","status-publish","hentry"],"_links":{"self":[{"href":"https:\/\/sbbd.org.br\/2019\/wp-json\/wp\/v2\/pages\/2132","targetHints":{"allow":["GET"]}}],"collection":[{"href":"https:\/\/sbbd.org.br\/2019\/wp-json\/wp\/v2\/pages"}],"about":[{"href":"https:\/\/sbbd.org.br\/2019\/wp-json\/wp\/v2\/types\/page"}],"author":[{"embeddable":true,"href":"https:\/\/sbbd.org.br\/2019\/wp-json\/wp\/v2\/users\/12"}],"replies":[{"embeddable":true,"href":"https:\/\/sbbd.org.br\/2019\/wp-json\/wp\/v2\/comments?post=2132"}],"version-history":[{"count":26,"href":"https:\/\/sbbd.org.br\/2019\/wp-json\/wp\/v2\/pages\/2132\/revisions"}],"predecessor-version":[{"id":2378,"href":"https:\/\/sbbd.org.br\/2019\/wp-json\/wp\/v2\/pages\/2132\/revisions\/2378"}],"wp:attachment":[{"href":"https:\/\/sbbd.org.br\/2019\/wp-json\/wp\/v2\/media?parent=2132"}],"curies":[{"name":"wp","href":"https:\/\/api.w.org\/{rel}","templated":true}]}}