{"id":1810,"date":"2019-09-30T01:30:47","date_gmt":"2019-09-30T01:30:47","guid":{"rendered":"http:\/\/sbbd.org.br\/2019\/?page_id=1810"},"modified":"2019-09-30T01:33:50","modified_gmt":"2019-09-30T01:33:50","slug":"wtag-committee","status":"publish","type":"page","link":"https:\/\/sbbd.org.br\/2019\/wtag-committee\/","title":{"rendered":"WTAG Committee"},"content":{"rendered":"<p>Bernadette Loscio (UFPE)<br \/>\nDuncan Ruiz (PUCRS)<br \/>\nFl\u00e1vio R. C. Sousa (UFC)<br \/>\nJo\u00e3o Paulo Madeiro (UFC)<br \/>\nJos\u00e9 Maria Monteiro (UFC)<br \/>\nKarin Becker (UFRGS)<br \/>\nL\u00edvia Cruz (UFC)<br \/>\nLu\u00eds Gustavo Coutinho do R\u00eago (IFCE)<br \/>\nMichele Brand\u00e3o (IFMG)<br \/>\nNielsen Machado Ritter dos Reis (University Center\/Laureate International Universities)<br \/>\nRegis P. Magalh\u00e3es (UFC)<br \/>\nSergio Lifschitz (PUC-Rio)<br \/>\nTiciana Coelho da Silva (UFC)<\/p>\n","protected":false},"excerpt":{"rendered":"<p>Bernadette Loscio (UFPE) Duncan Ruiz (PUCRS) Fl\u00e1vio R. C. Sousa (UFC) Jo\u00e3o Paulo Madeiro (UFC) Jos\u00e9 Maria Monteiro (UFC) Karin&hellip; <\/p>\n","protected":false},"author":13,"featured_media":0,"parent":0,"menu_order":0,"comment_status":"closed","ping_status":"closed","template":"templates\/template-fullwidth.php","meta":{"footnotes":""},"class_list":["post-1810","page","type-page","status-publish","hentry"],"_links":{"self":[{"href":"https:\/\/sbbd.org.br\/2019\/wp-json\/wp\/v2\/pages\/1810","targetHints":{"allow":["GET"]}}],"collection":[{"href":"https:\/\/sbbd.org.br\/2019\/wp-json\/wp\/v2\/pages"}],"about":[{"href":"https:\/\/sbbd.org.br\/2019\/wp-json\/wp\/v2\/types\/page"}],"author":[{"embeddable":true,"href":"https:\/\/sbbd.org.br\/2019\/wp-json\/wp\/v2\/users\/13"}],"replies":[{"embeddable":true,"href":"https:\/\/sbbd.org.br\/2019\/wp-json\/wp\/v2\/comments?post=1810"}],"version-history":[{"count":1,"href":"https:\/\/sbbd.org.br\/2019\/wp-json\/wp\/v2\/pages\/1810\/revisions"}],"predecessor-version":[{"id":1811,"href":"https:\/\/sbbd.org.br\/2019\/wp-json\/wp\/v2\/pages\/1810\/revisions\/1811"}],"wp:attachment":[{"href":"https:\/\/sbbd.org.br\/2019\/wp-json\/wp\/v2\/media?parent=1810"}],"curies":[{"name":"wp","href":"https:\/\/api.w.org\/{rel}","templated":true}]}}