{"id":1661,"date":"2019-09-16T01:59:10","date_gmt":"2019-09-16T01:59:10","guid":{"rendered":"http:\/\/sbbd.org.br\/2019\/?page_id=1661"},"modified":"2019-09-16T01:59:11","modified_gmt":"2019-09-16T01:59:11","slug":"dsw","status":"publish","type":"page","link":"https:\/\/sbbd.org.br\/2019\/dsw\/","title":{"rendered":"DSW"},"content":{"rendered":"\n<p>G-FranC: A dataset of Criminal Activities mapped as a Complex Network in a Relational DBMS. <br>Lucas Scabora, Gabriel Spadon, Lucas Rodrigues, Mirela Cazzolato, Elaine Sousa, Agma Traina, Jos\u00e9 Rodrigues J\u00fanior, Caetano Traina J\u00fanior (ICMC USP).<br><br>MusicOSet: An Enhanced Open Dataset for Music Data Mining. <br>Mariana O. Silva, La\u00eds Rocha, Mirella M. Moro (UFMG).<br><br>Beyond Tears and Smiles with ReactSet: Records of Users? Emotions in Facebook Posts. <br>Mirela Cazzolato, Felipe Giuntini, Caetano Traina J\u00fanior, J\u00f3 Ueyama, Agma Traina (ICMC USP)<br><br>SMMnet: A Social Networks of Games Dataset. <br>Leonardo Mauro Pereira Moraes, Robson Cordeiro (ICMC USP)<br><br> Iudicium Textum Dataset Uma Base de Textos Jur\u00eddicos para NLP. <br>Antonio Sousa, Marcos Didonet Del Fabro (UFPR)<br><br> JusBD: Um Banco de Dados para Obten\u00e7\u00e3o de Informa\u00e7\u00f5es do Poder Judici\u00e1rio. <br>Weverton Mata, Danilo B. Seufitelli, Michele Brand\u00e3o (UFMG)<br><br>QualiSUS: um dataset sobre dados da Sa\u00fade P\u00fablica no Brasil.<br> Jo\u00e3o Paulo Clarindo (USP &#8211; Brazil), Wagner Fontes, F\u00e1bio Silva (UFAl)<br><br>SoccerNews2018: a dataset of statistics and news of the 2018 Brazilian Soccer Championship. <br>J\u00falio C\u00e9sar \u00c1lvares, Marcos Roberto Ribeiro (IFMG)<br><br>\u00cdndices de Infoboxes para Recupera\u00e7\u00e3o de Informa\u00e7\u00e3o Estruturada de Entidades da Wikip\u00e9dia. <br>Johny Moreira, Everaldo Neto, Luciano Barbosa (UFPE)<br><br>BDSmells Data Set: A PL\/SQL Code Smell Data Set. <br>Ant\u00f4nio Diogo Martins, Jose Maria Silva Monteiro Filho, Tiago Vinuto, Javam Machado (UFC)<br><\/p>\n","protected":false},"excerpt":{"rendered":"<p>G-FranC: A dataset of Criminal Activities mapped as a Complex Network in a Relational DBMS. Lucas Scabora, Gabriel Spadon, Lucas&hellip; <\/p>\n","protected":false},"author":13,"featured_media":0,"parent":0,"menu_order":0,"comment_status":"closed","ping_status":"closed","template":"templates\/template-fullwidth.php","meta":{"footnotes":""},"class_list":["post-1661","page","type-page","status-publish","hentry"],"_links":{"self":[{"href":"https:\/\/sbbd.org.br\/2019\/wp-json\/wp\/v2\/pages\/1661","targetHints":{"allow":["GET"]}}],"collection":[{"href":"https:\/\/sbbd.org.br\/2019\/wp-json\/wp\/v2\/pages"}],"about":[{"href":"https:\/\/sbbd.org.br\/2019\/wp-json\/wp\/v2\/types\/page"}],"author":[{"embeddable":true,"href":"https:\/\/sbbd.org.br\/2019\/wp-json\/wp\/v2\/users\/13"}],"replies":[{"embeddable":true,"href":"https:\/\/sbbd.org.br\/2019\/wp-json\/wp\/v2\/comments?post=1661"}],"version-history":[{"count":1,"href":"https:\/\/sbbd.org.br\/2019\/wp-json\/wp\/v2\/pages\/1661\/revisions"}],"predecessor-version":[{"id":1662,"href":"https:\/\/sbbd.org.br\/2019\/wp-json\/wp\/v2\/pages\/1661\/revisions\/1662"}],"wp:attachment":[{"href":"https:\/\/sbbd.org.br\/2019\/wp-json\/wp\/v2\/media?parent=1661"}],"curies":[{"name":"wp","href":"https:\/\/api.w.org\/{rel}","templated":true}]}}