{"id":1618,"date":"2019-09-10T14:26:13","date_gmt":"2019-09-10T14:26:13","guid":{"rendered":"http:\/\/sbbd.org.br\/2019\/?page_id=1618"},"modified":"2019-10-01T00:03:53","modified_gmt":"2019-10-01T00:03:53","slug":"wtdbd","status":"publish","type":"page","link":"https:\/\/sbbd.org.br\/2019\/wtdbd\/","title":{"rendered":"WTDBD"},"content":{"rendered":"<p>Um framework para a constru\u00e7\u00e3o de chatbots de IQA baseado em padr\u00f5es sobre bases de conhecimento de dom\u00ednio fechado<br \/>\nCaio Viktor Avila,<br \/>\nVania Vidal<\/p>\n<p>Parallel Blocking for Entity Resolution over Heterogeneous Data<br \/>\nTiago Brasileiro,<br \/>\nCarlos Eduardo Santos Pires<\/p>\n<p>Um Modelo Computacional baseado em Aprendizagem Profunda para a Predi\u00e7\u00e3o da Umidade do Solo<br \/>\nJos\u00e9 da Silva Neto,<br \/>\nTiciana Coelho da Silva,<br \/>\nRegis P. Magalh\u00e3es<\/p>\n<p>Usando Aprendizagem de M\u00e1quina para Predizer a Ocorr\u00eancia de Aglomerados de \u00d4nibus em Tempo Real<br \/>\nVeruska Santos,<br \/>\nCarlos Eduardo Santos Pires<\/p>\n<p>Um Processo para Integra\u00e7\u00e3o de Esquemas em Documentos JSON<br \/>\nRenata Padilha,<br \/>\nDeise Saccol<\/p>\n<p>MOON: An Approach to Data Management on Relational Database and Blockchain<br \/>\nCarlos Marinho,<br \/>\nLeonardo Oliveira Moreira,<br \/>\nJavam Machado<\/p>\n<p>Avalia\u00e7\u00e3o de Confiabilidade das Viagens de \u00d4nibus com base na Conformidade entre Dados de GPS e GTFS<br \/>\nAndreza Queiroz,<br \/>\nCarlos Eduardo Santos Pires<\/p>\n<p>Main memory databases instant recovery<br \/>\nArlino Magalh\u00e3es,<br \/>\nJose Maria Silva Monteiro Filho,<br \/>\nAngelo Brayner<\/p>\n<p>Learning Individual Profiles behind Shared Accounts<br \/>\nCarolina Nery,<br \/>\nRenata Galante,<br \/>\nWeverton Cordeiro<\/p>\n<p>Infraestrutura para Integra\u00e7\u00e3o Sem\u00e2ntica e Constru\u00e7\u00e3o de Mashup de Dados<br \/>\nMatheus Mayron Lima da Cruz,<br \/>\nVania Vidal<\/p>\n<p>Minera\u00e7\u00e3o de Sequ\u00eancias Restritas no Espa\u00e7o e no Tempo<br \/>\nAntonio Castro,<br \/>\nEduardo Ogasawara,<br \/>\nRafaelli Coutinho<\/p>\n<p>Processamento eficiente de consultas anal\u00edticas estendidas com predicado de similaridade sobre um data warehouse de imagens em ambientes paralelos e distribu\u00eddos<br \/>\nCristina Ciferri,<br \/>\nGuilherme Rocha<\/p>\n<p>FeSHyD: Busca Federada sobre Bases de Dados RDF H\u00edbridas<br \/>\nHugo Takiuchi,<br \/>\nCarmem Hara,<br \/>\nRaqueline Penteado<\/p>\n<p>Gera\u00e7\u00e3o de Dados ECG Sint\u00e9ticos usando Redes Gerativas Advers\u00e1rias (GANs)<br \/>\nCristiano Melo,<br \/>\nJos\u00e9 Monteiro<\/p>\n<p>Detec\u00e7\u00e3o de Estresse em Sinais de EEG Utilizando Aprendizagem Profunda<br \/>\nLucas Cabral Carneiro da Cunha,<br \/>\nJos\u00e9 Monteiro<\/p>\n<p>Uma DSL para Coordena\u00e7\u00e3o de Componentes de Armazenamento em Redes de Sensores Sem Fio<br \/>\nAlexandre Ordakowski,<br \/>\nCarmem Hara,<br \/>\nMarcos Aurelio Carrero<\/p>\n<p>MIRP: Uma abordagem inteligente para gerenciamento de buffer em banco de dados<br \/>\nGustavo Moraes,<br \/>\nAngelo Brayner,<br \/>\nJos\u00e9 de Aguiar Moraes Filho<\/p>\n<p>Governan\u00e7a em Ecossistema de Dados<br \/>\nGrennda Guerra<\/p>\n<p>Um Sistema de Recomenda\u00e7\u00e3o para Coletivos de Produtores da Agricultura Familiar<br \/>\nIvandro Sa,<br \/>\nJos\u00e9 Monteiro<\/p>\n<p>Indexa\u00e7\u00e3o de Dados de Mobilidade<br \/>\nMariana Machado Garcez Duarte,<br \/>\nRebeca Schroeder,<br \/>\nCarmem Hara<\/p>\n<p>Predicting Music Success by Combining Song Features and Social Metrics<br \/>\nMariana O. Silva,<br \/>\nMirella Moro<\/p>\n","protected":false},"excerpt":{"rendered":"<p>Um framework para a constru\u00e7\u00e3o de chatbots de IQA baseado em padr\u00f5es sobre bases de conhecimento de dom\u00ednio fechado Caio&hellip; <\/p>\n","protected":false},"author":13,"featured_media":0,"parent":0,"menu_order":0,"comment_status":"closed","ping_status":"closed","template":"templates\/template-fullwidth.php","meta":{"footnotes":""},"class_list":["post-1618","page","type-page","status-publish","hentry"],"_links":{"self":[{"href":"https:\/\/sbbd.org.br\/2019\/wp-json\/wp\/v2\/pages\/1618","targetHints":{"allow":["GET"]}}],"collection":[{"href":"https:\/\/sbbd.org.br\/2019\/wp-json\/wp\/v2\/pages"}],"about":[{"href":"https:\/\/sbbd.org.br\/2019\/wp-json\/wp\/v2\/types\/page"}],"author":[{"embeddable":true,"href":"https:\/\/sbbd.org.br\/2019\/wp-json\/wp\/v2\/users\/13"}],"replies":[{"embeddable":true,"href":"https:\/\/sbbd.org.br\/2019\/wp-json\/wp\/v2\/comments?post=1618"}],"version-history":[{"count":11,"href":"https:\/\/sbbd.org.br\/2019\/wp-json\/wp\/v2\/pages\/1618\/revisions"}],"predecessor-version":[{"id":1969,"href":"https:\/\/sbbd.org.br\/2019\/wp-json\/wp\/v2\/pages\/1618\/revisions\/1969"}],"wp:attachment":[{"href":"https:\/\/sbbd.org.br\/2019\/wp-json\/wp\/v2\/media?parent=1618"}],"curies":[{"name":"wp","href":"https:\/\/api.w.org\/{rel}","templated":true}]}}