{"id":1615,"date":"2019-09-10T13:52:02","date_gmt":"2019-09-10T13:52:02","guid":{"rendered":"http:\/\/sbbd.org.br\/2019\/?page_id=1615"},"modified":"2019-09-30T18:31:47","modified_gmt":"2019-09-30T18:31:47","slug":"demos","status":"publish","type":"page","link":"https:\/\/sbbd.org.br\/2019\/demos\/","title":{"rendered":"DEMOS"},"content":{"rendered":"<p>DSS: A Data Science Suite<br \/>Rafael Pereira,<br \/>Fabio Porto<\/p>\n<p>\u00a0<\/p>\n<p>PAbS: Um Processador de Consultas SPARQL sobre Bases Distribu\u00eddas<br \/>Raqueline Penteado,<br \/>Hugo Paulino B. Takiuchi,<br \/>Carmem Hara<\/p>\n<p>\u00a0<\/p>\n<p>From Data Requirements to Health Applications: A Tool for Dynamic Generation of Data Schemas and Graphical User Interfaces Using Archetypes<br \/>Andr\u00e9 Ara\u00fajo,<br \/>Val\u00e9ria C. Times,<br \/>Marcus Urbano<\/p>\n<p>\u00a0<\/p>\n<p>OndeBus: uma Aplica\u00e7\u00e3o de Monitoramento e Detec\u00e7\u00e3o de Aglomerados de \u00d4nibus<br \/>Veruska Santos,<br \/>Lucas Oliveira,<br \/>Demetrio Mestre,<br \/>Andreza Queiroz,<br \/>Carlos Eduardo Santos Pires<\/p>\n<p>\u00a0<\/p>\n<p>J-EDA: A diversified similarity workbench for content-based image retrieval.<br \/>Jo\u00e3o Victor Oliveira Novaes,<br \/>Marcos Bedo,<br \/>Daniel de Oliveira,<br \/>Agma Traina,<br \/>Caetano Traina J\u00fanior,<br \/>Lucio Fernandes Dutra Santos<\/p>\n<p>\u00a0<\/p>\n<p>Iago: um Sistema Gerenciador de Dados na Web<br \/>Wilker Santos,<br \/>Lairson Oliveira,<br \/>Thiago Moura,<br \/>Marcelo Iury S . Oliveira,<br \/>Bernadette Loscio<\/p>\n<p>\u00a0<\/p>\n<p>SimiWork: uma Arquitetura Distribu\u00edda baseada em Workflows para Recupera\u00e7\u00e3o de Imagens por Conte\u00fado<br \/>Gustavo Oliveira,<br \/>Luis Fernando Oliveira,<br \/>Daniel Kaster<\/p>\n<p>\u00a0<\/p>\n<p>PhenoManager: um Sistema de Ger\u00eancia de Hip\u00f3teses de Fen\u00f4menos Cient\u00edficos<br \/>Leonardo Ramos,<br \/>Kary Oca\u00f1a,<br \/>Douglas Oliveira,<br \/>Fabio Porto,<br \/>Daniel de Oliveira<\/p>\n\n\n<p><\/p>\n","protected":false},"excerpt":{"rendered":"<p>DSS: A Data Science SuiteRafael Pereira,Fabio Porto \u00a0 PAbS: Um Processador de Consultas SPARQL sobre Bases Distribu\u00eddasRaqueline Penteado,Hugo Paulino B.&hellip; <\/p>\n","protected":false},"author":13,"featured_media":0,"parent":0,"menu_order":0,"comment_status":"closed","ping_status":"closed","template":"templates\/template-fullwidth.php","meta":{"footnotes":""},"class_list":["post-1615","page","type-page","status-publish","hentry"],"_links":{"self":[{"href":"https:\/\/sbbd.org.br\/2019\/wp-json\/wp\/v2\/pages\/1615","targetHints":{"allow":["GET"]}}],"collection":[{"href":"https:\/\/sbbd.org.br\/2019\/wp-json\/wp\/v2\/pages"}],"about":[{"href":"https:\/\/sbbd.org.br\/2019\/wp-json\/wp\/v2\/types\/page"}],"author":[{"embeddable":true,"href":"https:\/\/sbbd.org.br\/2019\/wp-json\/wp\/v2\/users\/13"}],"replies":[{"embeddable":true,"href":"https:\/\/sbbd.org.br\/2019\/wp-json\/wp\/v2\/comments?post=1615"}],"version-history":[{"count":4,"href":"https:\/\/sbbd.org.br\/2019\/wp-json\/wp\/v2\/pages\/1615\/revisions"}],"predecessor-version":[{"id":1974,"href":"https:\/\/sbbd.org.br\/2019\/wp-json\/wp\/v2\/pages\/1615\/revisions\/1974"}],"wp:attachment":[{"href":"https:\/\/sbbd.org.br\/2019\/wp-json\/wp\/v2\/media?parent=1615"}],"curies":[{"name":"wp","href":"https:\/\/api.w.org\/{rel}","templated":true}]}}