{"id":1611,"date":"2019-09-10T13:21:45","date_gmt":"2019-09-10T13:21:45","guid":{"rendered":"http:\/\/sbbd.org.br\/2019\/?page_id=1611"},"modified":"2019-09-30T18:38:21","modified_gmt":"2019-09-30T18:38:21","slug":"wtag","status":"publish","type":"page","link":"https:\/\/sbbd.org.br\/2019\/wtag\/","title":{"rendered":"WTAG"},"content":{"rendered":"<p>Utilizando Informa\u00e7\u00e3o Contextual para Refinamento de Clustering em Diversifica\u00e7\u00e3o Visual<br \/>Lucas Silva\u00a0(Universidade Estadual de Feira de Santana), <br \/>Rodrigo Calumby\u00a0(Universidade Estadual de Feira de Santana)<\/p>\n<p>\u00a0<\/p>\n<p>Detectando Fake News em Manchetes &#8211; Uma Compara\u00e7\u00e3o de Modelos de Aprendizagem de M\u00e1quina<br \/>Manuel Filho\u00a0(Universidade Federal do Cear\u00e1), <br \/>Andreza Oliveira\u00a0(Universidade Federal do Cear\u00e1), <br \/>C\u00e9sar Lincoln Mattos\u00a0(Universidade Federal do Cear\u00e1)<\/p>\n<p>\u00a0<\/p>\n<p>OSUS: Uma vis\u00e3o sem\u00e2ntica sobre os dados do Sistema \u00danico de Sa\u00fade (SUS)<br \/>Tibet Teixeira\u00a0(Universidade Federal do Cear\u00e1), <br \/>Matheus Mayron Lima da Cruz\u00a0(Universidade Federal do Cear\u00e1), <br \/>Vania Vidal\u00a0(Universidade Federal do Cear\u00e1)<\/p>\n<p>\u00a0<\/p>\n<p>Levantamento de Tecnologias para apoio aos animais dom\u00e9sticos acoplado ao desenvolvimento de Projeto e Implementa\u00e7\u00e3o de Banco de Dados<br \/>Rodrigo Nogueira\u00a0(Instituto Federal de Educa\u00e7\u00e3o, Ci\u00eancia e Tecnologia Catarinense), <br \/>Tatiana Tozzi\u00a0(Instituto Federal de Educa\u00e7\u00e3o, Ci\u00eancia e Tecnologia Catarinense &#8211; Campus Cambori\u00fa), <br \/>Daniel Anderle\u00a0(Instituto Federal de Educa\u00e7\u00e3o, Ci\u00eancia e Tecnologia Catarinense &#8211; Campus Cambori\u00fa)<\/p>\n<p>\u00a0<\/p>\n<p>Sistema de classifica\u00e7\u00e3o de Fake News com Textos de Not\u00edcias em L\u00edngua Portuguesa integrando Data Warehousing e Machine Learning<br \/>Rodrigo Nogueira\u00a0(Instituto Federal de Educa\u00e7\u00e3o, Ci\u00eancia e Tecnologia Catarinense), <br \/>Roger Monteiro\u00a0(Centro Universit\u00e1rio Leonardo da Vinci &#8211; UNIASSELVI), <br \/>Stefano Soares\u00a0(Instituto Federal de Educa\u00e7\u00e3o, Ci\u00eancia e Tecnologia Catarinense), <br \/>Daniel Anderle\u00a0(Instituto Federal de Educa\u00e7\u00e3o, Ci\u00eancia e Tecnologia Catarinense &#8211; Campus Cambori\u00fa)<\/p>\n<p>\u00a0<\/p>\n<p>Desenvolvimento de um sistema de an\u00e1lise de sentimento utilizando t\u00e9cnicas de Data Warehousing <br \/>Rodrigo Nogueira\u00a0(Instituto Federal de Educa\u00e7\u00e3o, Ci\u00eancia e Tecnologia Catarinense), <br \/>Jonathan Suter\u00a0(Instituto Federal de Educa\u00e7\u00e3o, Ci\u00eancia e Tecnologia Catarinense &#8211; Campus Cambori\u00fa), <br \/>Leonardo Croda\u00a0(Instituto Federal de Educa\u00e7\u00e3o, Ci\u00eancia e Tecnologia Catarinense), <br \/>Daniel Anderle\u00a0(Instituto Federal de Educa\u00e7\u00e3o, Ci\u00eancia e Tecnologia Catarinense &#8211; Campus Cambori\u00fa)<\/p>\n<p>\u00a0<\/p>\n<p>Descoberta de Perfis de Youtubers via Aprendizagem de M\u00e1quina<br \/>Anderson Souza\u00a0(Universidade Federal do Cear\u00e1), <br \/>Ticiana Coelho da Silva\u00a0(Universidade Federal do Cear\u00e1), <br \/>Matheus Costa\u00a0(Universidade Federal do Cear\u00e1), <br \/>Pedro Pereira\u00a0(Universidade Federal do Cear\u00e1), <br \/>Georgia da Cruz Pereira\u00a0(Universidade Federal do Cear\u00e1), <br \/>Andrea Cavalcante\u00a0(Universidade Federal do Cear\u00e1)<\/p>\n<p>\u00a0<\/p>\n<p>Uma An\u00e1lise da Evas\u00e3o no Ensino Superior a partir de Dados Abertos<br \/>Jana\u00edna Alexandre de Carvalho\u00a0(Universidade Federal Rural de Pernambuco), <br \/>Alison Rodrigo C. Souza\u00a0(Universidade Federal Rural de Pernambuco), <br \/>Rafael Gentil B. Santos\u00a0(Universidade Federal Rural de Pernambuco), <br \/>Ellen Souza\u00a0(Universidade Federal Rural de Pernambuco), <br \/>Marcelo Iury S . Oliveira\u00a0(Universidade Federal Rural de Pernambuco)<\/p>\n<p>\u00a0<\/p>\n<p>Uma An\u00e1lise da Inclus\u00e3o Escolar de Pessoas com Defici\u00eancia a partir de Dados Governamentais Abertos<br \/>Davi Mendes Maia\u00a0(Universidade Federal Rural de Pernambuco), <br \/>Ellen Souza\u00a0(Universidade Federal Rural de Pernambuco), <br \/>Marcelo Iury S . Oliveira\u00a0(Universidade Federal Rural de Pernambuco)<\/p>\n<p>\u00a0<\/p>\n<p>Sistema Web Crawler para Coleta Autom\u00e1tica de Tweets, Persist\u00eancia em Bancos de Dados e An\u00e1lises Estat\u00edsticas<br \/>Sergio Lifschitz\u00a0(Pontif\u00edcia Universidade Cat\u00f3lica do Rio de Janeiro), <br \/>Andrea Mourelo\u00a0(CentraleSupelec), <br \/>Patrick Sava\u00a0(Pontif\u00edcia Universidade Cat\u00f3lica do Rio de Janeiro), <br \/>Arthur Ituassu\u00a0(Pontif\u00edcia Universidade Cat\u00f3lica do Rio de Janeiro)<\/p>\n<p>\u00a0<\/p>\n<p>BioBD-ENEM: Migrando Grandes Planilhas para um Sistema de Banco de Dados na Web<br \/>Sergio Lifschitz\u00a0(Pontif\u00edcia Universidade Cat\u00f3lica do Rio de Janeiro), <br \/>Rafael Pereira de Oliveira\u00a0(Pontif\u00edcia Universidade do Rio de Janeiro), Gabriel Cantergiani\u00a0(Pontif\u00edcia Universidade Cat\u00f3lica do Rio de Janeiro), Mariana Salgueiro\u00a0(Pontif\u00edcia Universidade Cat\u00f3lica do Rio de Janeiro), Stefano Pereira\u00a0(Pontif\u00edcia Universidade Cat\u00f3lica do Rio de Janeiro), Alexandre Wanick\u00a0(Pontif\u00edcia Universidade Cat\u00f3lica do Rio de Janeiro), Victor Souza\u00a0(Pontif\u00edcia Universidade Cat\u00f3lica do Rio de Janeiro)<\/p>\n\n\n<p><\/p>\n","protected":false},"excerpt":{"rendered":"<p>Utilizando Informa\u00e7\u00e3o Contextual para Refinamento de Clustering em Diversifica\u00e7\u00e3o VisualLucas Silva\u00a0(Universidade Estadual de Feira de Santana), Rodrigo Calumby\u00a0(Universidade Estadual de&hellip; <\/p>\n","protected":false},"author":13,"featured_media":0,"parent":0,"menu_order":0,"comment_status":"closed","ping_status":"closed","template":"templates\/template-fullwidth.php","meta":{"footnotes":""},"class_list":["post-1611","page","type-page","status-publish","hentry"],"_links":{"self":[{"href":"https:\/\/sbbd.org.br\/2019\/wp-json\/wp\/v2\/pages\/1611","targetHints":{"allow":["GET"]}}],"collection":[{"href":"https:\/\/sbbd.org.br\/2019\/wp-json\/wp\/v2\/pages"}],"about":[{"href":"https:\/\/sbbd.org.br\/2019\/wp-json\/wp\/v2\/types\/page"}],"author":[{"embeddable":true,"href":"https:\/\/sbbd.org.br\/2019\/wp-json\/wp\/v2\/users\/13"}],"replies":[{"embeddable":true,"href":"https:\/\/sbbd.org.br\/2019\/wp-json\/wp\/v2\/comments?post=1611"}],"version-history":[{"count":5,"href":"https:\/\/sbbd.org.br\/2019\/wp-json\/wp\/v2\/pages\/1611\/revisions"}],"predecessor-version":[{"id":1851,"href":"https:\/\/sbbd.org.br\/2019\/wp-json\/wp\/v2\/pages\/1611\/revisions\/1851"}],"wp:attachment":[{"href":"https:\/\/sbbd.org.br\/2019\/wp-json\/wp\/v2\/media?parent=1611"}],"curies":[{"name":"wp","href":"https:\/\/api.w.org\/{rel}","templated":true}]}}