{"id":1275,"date":"2019-05-08T01:47:22","date_gmt":"2019-05-08T01:47:22","guid":{"rendered":"http:\/\/sbbd.org.br\/2019\/?page_id=1275"},"modified":"2019-07-19T22:33:22","modified_gmt":"2019-07-19T22:33:22","slug":"call-for-dsw","status":"publish","type":"page","link":"https:\/\/sbbd.org.br\/2019\/call-for-dsw\/","title":{"rendered":"Call for DSW"},"content":{"rendered":"\n<p><strong>DSW \u2013 DATASET SHOWCASE WORKSHOP<\/strong><\/p>\n\n\n\n<p>A publica\u00e7\u00e3o e a disponibiliza\u00e7\u00e3o de conjuntos de dados (abertos ou n\u00e3o) t\u00eam se tornado altamente relevante devido \u00e0 grande aten\u00e7\u00e3o dada por v\u00e1rios segmentos, como a m\u00eddia, ind\u00fastria, academia e governo. A tarefa de disponibiliza\u00e7\u00e3o de dados \u00e9 importante por in\u00fameros motivos, que v\u00e3o desde sua reutiliza\u00e7\u00e3o em aplicativos digitais desenvolvidos pela sociedade, at\u00e9 a possibilidade de reprodu\u00e7\u00e3o de experimentos desenvolvimentos pela comunidade cient\u00edfica. Portanto, no contexto da comunidade brasileira de bancos de dados, tornar conjuntos de dados dispon\u00edveis \u00e9 intrinsecamente importante devido ao fomento para novas quest\u00f5es de pesquisa e desenvolvimento que tal tarefa pode atingir. <br><\/p>\n\n\n\n<p>Como exemplos de casos de sucesso de disponibiliza\u00e7\u00e3o p\u00fablica (e organizada) de dados citam-se:<\/p>\n\n\n\n<p>\u2013 Centre for Environmental Data Analysis, UK \u2013<a href=\"https:\/\/www.ceda.ac.uk\/blog\/dataset-showcase-cru-data\" target=\"_blank\" rel=\"noreferrer noopener\"> https:\/\/www.ceda.ac.uk\/blog\/dataset-showcase-cru-data<\/a>;<\/p>\n\n\n\n<p>\u2013 CODATA \u2013<a href=\"https:\/\/www.codata.org\/task-groups\/data-citation-standards-and-practices\/datacitation-past-achievements\" target=\"_blank\" rel=\"noreferrer noopener\"> https:\/\/www.codata.org\/task-groups\/data-citation-standards-and-practices\/datacitation-past-achievements<\/a>;<\/p>\n\n\n\n<p>\u2013 Data.BetaNYC \u2013<a href=\"https:\/\/data.beta.nyc\/showcase\" target=\"_blank\" rel=\"noreferrer noopener\"> https:\/\/data.beta.nyc\/showcase<\/a>;<\/p>\n\n\n\n<p>\u2013 Data Citation Synthesis Group (2014). Joint Declaration of Data Citation Principles. Martone M.<a href=\"https:\/\/www.force11.org\/group\/joint-declaration-datacitation-principles-final\" target=\"_blank\" rel=\"noreferrer noopener\"> https:\/\/www.force11.org\/group\/joint-declaration-datacitation-principles-final<\/a>;<\/p>\n\n\n\n<p>\u2013 Data Viva \u2013<a href=\"https:\/\/dataviva.info\/\" target=\"_blank\" rel=\"noreferrer noopener\"> https:\/\/dataviva.info<\/a>;<\/p>\n\n\n\n<p>\u2013 Portal Brasileiro de Dados Abertos \u2013<a href=\"https:\/\/dados.gov.br\/\" target=\"_blank\" rel=\"noreferrer noopener\"> https:\/\/dados.gov.br<\/a>; e<\/p>\n\n\n\n<p>\u2013 SF OpenData \u2013<a href=\"https:\/\/data.sfgov.org\/showcase\" target=\"_blank\" rel=\"noreferrer noopener\"> https:\/\/data.sfgov.org\/showcase<\/a>.<br><\/p>\n\n\n\n<p>Por\u00e9m, mesmo com tanta publicidade, as tarefas de criar, coletar, tratar e disponibilizar dados publicamente continuam apresentando muitos desafios t\u00e9cnicos. Na verdade, a simples tarefa de encontrar uma boa fonte de dados e extra\u00ed-los podem ser atividades tecnicamente complexas. Talvez, mais complexo ainda, seja tratar os dados de modo a apresent\u00e1-los atrav\u00e9s de uma representa\u00e7\u00e3o coerente e cujas informa\u00e7\u00f5es obtidas sejam \u00fateis e semanticamente corretas. Da mesma forma, a coleta e o tratamento dos dados para o relato de experimentos cient\u00edficos para uma comunidade de banco de dados pode ser considerada uma tarefa exaustiva, trabalhosa e muito desafiadora \u2014 por outro lado, se o conjunto de dados estiver bem organizado, com uma metodologia de execu\u00e7\u00e3o bem elaborada, a implementa\u00e7\u00e3o e compara\u00e7\u00e3o de algoritmos pode ser altamente facilitada.<br><\/p>\n\n\n\n<p><strong>2a EDI\u00c7\u00c3O DO SBBD DSW <\/strong><\/p>\n\n\n\n<p>A primeira edi\u00e7\u00e3o do SBBD DSW foi realizada em 2017 e contou com a apresenta\u00e7\u00e3o de 11 artigos de grande qualidade para uma plateia de aproximadamente 50 pessoas. O Workshop tamb\u00e9m teve premia\u00e7\u00e3o para melhor artigo, o qual deve acontecer novamente nesta edi\u00e7\u00e3o.<br><\/p>\n\n\n\n<p>\u00c9 importante notar que o prop\u00f3sito do SBBD DSW \u00e9 prover um f\u00f3rum para compartilhar e discutir as formas de constru\u00e7\u00e3o e organiza\u00e7\u00e3o de conjuntos de dados que servem como base para os trabalhos de pesquisa desenvolvidos na comunidade do SBBD ou de seu interesse. A contribui\u00e7\u00e3o de um artigo a ser publicado no SBBD DSW \u00e9 o produto final na forma de um dataset, geralmente extra\u00eddo de algum banco de dados ou plataforma Web, limpo e tratado, muitas vezes incrementado com dados externos, e poss\u00edvel de ser reutilizado em outras cen\u00e1rios, ou para a reprodu\u00e7\u00e3o de experimentos. A contribui\u00e7\u00e3o \u00e9 o produto na forma do dataset, mas o artigo deve apresentar todas as informa\u00e7\u00f5es necess\u00e1rias para compreender e utilizar o mesmo.<br><\/p>\n\n\n\n<p>Complementando as vantagens t\u00e9cnico-cient\u00edficas, o SBBD DSW \u00e9 uma maneira interessante de levar mais participantes para o evento principal. Por exemplo, considerando o caso em que um artigo seja aceito no SBBD e seus autores s\u00e3o dois estudantes e o\/a respectivo\/a orientador\/a. Como via de regra, as ag\u00eancias de fomento s\u00f3 auxiliam um autor por artigo. Se esse mesmo artigo estiver utilizando um dataset interessante, os autores poderiam submet\u00ea-lo para o workshop e, com mais um artigo aceito, procurar fomento para outro autor.<br><\/p>\n\n\n\n<p>Al\u00e9m de aumentar a participa\u00e7\u00e3o no evento, existe a possibilidade real de melhorar a colabora\u00e7\u00e3o entre diferentes grupos atrav\u00e9s do compartilhamento dos dados utilizados em artigos cient\u00edficos. Tal compartilhamento tamb\u00e9m permitiria aumentar a visibilidade do SBBD em termos de cita\u00e7\u00f5es para seus workshops, nesse caso o SBBD DSW.<br><\/p>\n\n\n\n<p><strong>SUBMISS\u00d5ES<\/strong><\/p>\n\n\n\n<p>Os artigos devem descrever os dados conforme tratados pelos seus autores e disponibilizados publicamente. Por princ\u00edpio, o conjunto de dados precisa ser \u00fatil e de r\u00e1pida reutiliza\u00e7\u00e3o por terceiros, atrav\u00e9s de por exemplo: (1) adi\u00e7\u00e3o de valor aos dados para outras pessoas da comunidade, sendo pr\u00e9-processados ou filtrados de alguma maneira; (2) organiza\u00e7\u00e3o f\u00e1cil de entender atrav\u00e9s de um esquema, dicion\u00e1rio, taxonomia, ontologia, ou outro formalismo; (3) acesso facilitado por mecanismos pr\u00f3prios; ou (4) apresenta\u00e7\u00e3o de qualidade diferenci\u00e1vel por meio de curadoria e limpeza complexas.<br><\/p>\n\n\n\n<p>Artigos submetidos para o SBBD DSW devem: ser escritos em portugu\u00eas, ingl\u00eas ou espanhol, possuir obrigatoriamente um resumo em ingl\u00eas, estar no formato da SBC, ter entre 6 e 10 p\u00e1ginas (sendo poss\u00edvel uma p\u00e1gina extra dedicada apenas a refer\u00eancias e agradecimentos) e ser submetidos via JEMS. Cada submiss\u00e3o deve incluir:<br><\/p>\n\n\n\n<p>\u2013 uma descri\u00e7\u00e3o da(s) fonte(s) de dados, ou como os mesmos foram gerados e\/ou coletados;<\/p>\n\n\n\n<p>\u2013 uma descri\u00e7\u00e3o da metodologia completa de coleta (com a ferramenta utilizada para criar ou gerar os dados, e disponibiliza\u00e7\u00e3o p\u00fablica da mesma);<\/p>\n\n\n\n<p>\u2013 uma descri\u00e7\u00e3o do mecanismo de armazenamento, incluindo, se existir, o esquema ou dicion\u00e1rio de dados que facilite a sua utiliza\u00e7\u00e3o por terceiros;<\/p>\n\n\n\n<p>\u2013 uma descri\u00e7\u00e3o quantitativa ou apresenta\u00e7\u00e3o de estat\u00edsticas sobre conjunto de dados criado;<\/p>\n\n\n\n<p>\u2013 uma descri\u00e7\u00e3o de como os dados t\u00eam sido utilizados (no caso, se existir, referenciar explicitamente artigos j\u00e1 publicados ou em processo de submiss\u00e3o que utilizam os dados e como);<\/p>\n\n\n\n<p>\u2013 uma descri\u00e7\u00e3o que comprove o car\u00e1ter in\u00e9dito (ou seja, mesmo que o dataset tenha sido utilizado em algum artigo publicado, a sua descri\u00e7\u00e3o completa conforme realizada na submiss\u00e3o para o Workshop precisa ser in\u00e9dita);<\/p>\n\n\n\n<p>\u2013 discuss\u00e3o de desafios existentes e poss\u00edveis limita\u00e7\u00f5es na utiliza\u00e7\u00e3o dos dados;<\/p>\n\n\n\n<p>\u2013 ideias para diferentes utiliza\u00e7\u00f5es dos dados, cen\u00e1rios, quest\u00f5es de pesquisa que poderiam ser elaboradas ou resolvidas a partir da disponibiliza\u00e7\u00e3o dos mesmos, e quais melhorias poderiam ser aplicadas aos dados; e<\/p>\n\n\n\n<p>\u2013 localiza\u00e7\u00e3o p\u00fablica para download, pois o conjunto de dados deve estar publicamente dispon\u00edvel no momento de submiss\u00e3o do artigo para revis\u00e3o.<br><\/p>\n\n\n\n<p>\u00c9 importante notar que as submiss\u00f5es para o SBBD DSW n\u00e3o devem se sobrepor \u00e0s submiss\u00f5es para o evento principal e seus sat\u00e9lites, pois a contribui\u00e7\u00e3o \u00e9 completamente distinta da dos artigos atualmente publicados no SBBD. Em especial, artigos de data showcase *n\u00e3o* s\u00e3o:<\/p>\n\n\n\n<p>\u2013 survey, revis\u00f5es sistem\u00e1ticas, estudos emp\u00edricos ou de avalia\u00e7\u00e3o experimental;<\/p>\n\n\n\n<p>\u2013 artigos com proposta de ferramentas para gera\u00e7\u00e3o e tratamento de dados;<\/p>\n\n\n\n<p>\u2013 baseados em heur\u00edsticas de coleta fracas e duvid\u00e1veis; ou<\/p>\n\n\n\n<p>\u2013 aplica\u00e7\u00f5es simples de ferramentas gen\u00e9ricas para gerar dados que podem ser r\u00e1pida e facilmente utilizadas por qualquer pessoa.<br><\/p>\n\n\n\n<p>Cada submiss\u00e3o ser\u00e1 avaliada por pelo menos tr\u00eas membros do comit\u00ea de programa, a fim de prover maior e diversificado feedback para os autores das submiss\u00f5es. Os quesitos de avalia\u00e7\u00e3o consideram: legibilidade do artigo (incluindo organiza\u00e7\u00e3o, apresenta\u00e7\u00e3o, ortografia e fluxo de ideias), disponibilidade p\u00fablica do dataset e de ferramentas necess\u00e1rias para acess\u00e1-lo ou replic\u00e1-lo, complexidade dos processos de coleta e tratamento dos dados, utiliza\u00e7\u00e3o realizada e potenciais utiliza\u00e7\u00f5es futuras para os dados, bem como desafios e limita\u00e7\u00f5es existentes.<br><\/p>\n\n\n\n<p>A publica\u00e7\u00e3o dos trabalhos aceitos \u00e9 condicional \u00e0 inscri\u00e7\u00e3o no SBBD e apresenta\u00e7\u00e3o oral de um dos autores durante o evento.<br><\/p>\n\n\n\n<p><strong>T\u00d3PICOS DE INTERESSE<\/strong><\/p>\n\n\n\n<p>Os t\u00f3picos de interesse do SBBD DSW s\u00e3o os mesmos da confer\u00eancia principal. Em especial, espera-se que os artigos apresentem conjuntos de dados que possam ser utilizados em pesquisas relacionadas a (lista n\u00e3o exaustiva):<\/p>\n\n\n\n<p>\u2013 An\u00e1lise e Visualiza\u00e7\u00e3o de Dados;<\/p>\n\n\n\n<p>\u2013 Aplica\u00e7\u00f5es Cient\u00edficas, Ci\u00eancia dos Dados e Interdisciplinaridade com outras Ci\u00eancias (incluindo e-science e Data Science);<\/p>\n\n\n\n<p>\u2013 Armaz\u00e9ns de Dados e OLAP;<\/p>\n\n\n\n<p>\u2013 Autoriza\u00e7\u00e3o, Privacidade, Anonimiza\u00e7\u00e3o e Seguran\u00e7a em Bancos de Dados;<\/p>\n\n\n\n<p>\u2013 Bibliotecas Digitais;<\/p>\n\n\n\n<p>\u2013 Diferentes tipos de Bancos de Dados (ativos, Web, streams, strings, documentos, na nuvem, dados interligados, Web sem\u00e2ntica e RDF, heterog\u00eaneos, semiestruturados, XML, m\u00f3veis, de sensores, multidimensionais, temporais, espaciais e GPS, multim\u00eddia, NoSQL, NewSQL, estat\u00edsticos, etc.);<\/p>\n\n\n\n<p>\u2013 Integra\u00e7\u00e3o de Informa\u00e7\u00e3o e Interoperabilidade;<\/p>\n\n\n\n<p>\u2013 Minera\u00e7\u00e3o de Dados;<\/p>\n\n\n\n<p>\u2013 Processamento de Dados em Novo Hardware;<\/p>\n\n\n\n<p>\u2013 Proveni\u00eancia de Dados;<\/p>\n\n\n\n<p>\u2013 Recupera\u00e7\u00e3o de Informa\u00e7\u00e3o;<\/p>\n\n\n\n<p>\u2013 Redes Sociais;<\/p>\n\n\n\n<p>\u2013 Sistemas de Recomenda\u00e7\u00e3o; e<\/p>\n\n\n\n<p>\u2013 Workflow.<br><\/p>\n\n\n\n<p><strong>DATAS IMPORTANTES<\/strong><\/p>\n\n\n\n<p>\u2013 Data limite para submiss\u00e3o: <del>07 de julho, 2019<\/del> (NEW DEADLINE: 26 de julho, 2019)<\/p>\n\n\n\n<p>\u2013 Notifica\u00e7\u00e3o de trabalhos aceitos: <del>08 de agosto, 2019<\/del> (NEW DEADLINE: 12 de agosto, 2019)<\/p>\n\n\n\n<p>\u2013 Vers\u00e3o final para publica\u00e7\u00e3o nos anais: 19 de agosto, 2019<br><\/p>\n\n\n\n<p><strong>COORDENA\u00c7\u00c3O<\/strong><\/p>\n\n\n\n<p>Mirella M. Moro, Universidade Federal de Minas Gerais<\/p>\n\n\n\n<p>Renata Galante, Universidade Federal do Rio Grande do Sul<br><\/p>\n\n\n\n<p><strong>COMIT\u00ca DE PROGRAMA (em forma\u00e7\u00e3o)<\/strong><\/p>\n","protected":false},"excerpt":{"rendered":"<p>DSW \u2013 DATASET SHOWCASE WORKSHOP A publica\u00e7\u00e3o e a disponibiliza\u00e7\u00e3o de conjuntos de dados (abertos ou n\u00e3o) t\u00eam se tornado&hellip; <\/p>\n","protected":false},"author":13,"featured_media":0,"parent":0,"menu_order":0,"comment_status":"closed","ping_status":"closed","template":"templates\/template-fullwidth.php","meta":{"footnotes":""},"class_list":["post-1275","page","type-page","status-publish","hentry"],"_links":{"self":[{"href":"https:\/\/sbbd.org.br\/2019\/wp-json\/wp\/v2\/pages\/1275","targetHints":{"allow":["GET"]}}],"collection":[{"href":"https:\/\/sbbd.org.br\/2019\/wp-json\/wp\/v2\/pages"}],"about":[{"href":"https:\/\/sbbd.org.br\/2019\/wp-json\/wp\/v2\/types\/page"}],"author":[{"embeddable":true,"href":"https:\/\/sbbd.org.br\/2019\/wp-json\/wp\/v2\/users\/13"}],"replies":[{"embeddable":true,"href":"https:\/\/sbbd.org.br\/2019\/wp-json\/wp\/v2\/comments?post=1275"}],"version-history":[{"count":4,"href":"https:\/\/sbbd.org.br\/2019\/wp-json\/wp\/v2\/pages\/1275\/revisions"}],"predecessor-version":[{"id":1502,"href":"https:\/\/sbbd.org.br\/2019\/wp-json\/wp\/v2\/pages\/1275\/revisions\/1502"}],"wp:attachment":[{"href":"https:\/\/sbbd.org.br\/2019\/wp-json\/wp\/v2\/media?parent=1275"}],"curies":[{"name":"wp","href":"https:\/\/api.w.org\/{rel}","templated":true}]}}