{"id":1240,"date":"2019-04-30T16:23:29","date_gmt":"2019-04-30T16:23:29","guid":{"rendered":"http:\/\/sbbd.org.br\/2019\/?page_id=1240"},"modified":"2019-07-05T18:40:05","modified_gmt":"2019-07-05T18:40:05","slug":"call-for-demos","status":"publish","type":"page","link":"https:\/\/sbbd.org.br\/2019\/call-for-demos\/","title":{"rendered":"Call for Demos"},"content":{"rendered":"\n<h3 class=\"wp-block-heading\">DEMONSTRATION AND APPLICATIONS SESSION<\/h3>\n\n\n\n<p>PRESENTATION<\/p>\n\n\n\n<p>We invite all researchers in the field of Databases to submit Demonstrations and Applications to the 34th Brazilian Symposium on Databases (SBBD), which will be held in Fortaleza between the 7th and the 10th of October, 2019.The SBBD demonstrations session is a discussion forum for exchanging experiences and presenting innovative solutions among researchers, developers and professionals, both in the academy and industry, who are interested in practical and functional solutions for interesting and socially relevant problems that involve technology in the managing of data and information. The topics of interest are the same as those of the main line of SBBD.<\/p>\n\n\n\n<p><br>IMPORTANT DATES<\/p>\n\n\n\n<p>Article submission: <del>June 28, 2019<\/del> (<strong>NEW DEADLINE: July 12, 2019<\/strong>)<br>Acceptance notification: August 18, 2019<br>Final version submission: August 26, 2019<\/p>\n\n\n\n<p><br>INSTRUCTIONS FOR SUBMISSION<\/p>\n\n\n\n<p>Authors must submit an article of up to 6 pages, including images and references, describing the main features of their demonstrations\/applications.<br>Each article will be analyzed by at least three members of the program committee for originality, practical reach, technical contribution and presentation. Along with the submitted article, the authors are strongly encouraged to provide a link to a demonstration video (screencast) of up to 5 minutes in length, presenting the demonstration\/application. This resource will be highly appreciated and considered as a distinctive characteristic of a submission in the review process.<br>Articles may be written in Portuguese or English and must be formatted according to the SBC template. In addition, the articles must be in PDF format. Formats other than PDF will not be accepted. The link for the demonstration video or the online version of the demonstration must be informed in the footnote on the first page of the article (at first mention). Submissions must be electronic via URL<a rel=\"noreferrer noopener\" href=\"https:\/\/submissoes.sbc.org.br\/home.cgi?c=3226\" target=\"_blank\">https:\/\/submissoes.sbc.org.br\/home.cgi?c=3226<\/a><br>Final acceptance of the article will depend on the registration in the SBBD of at least one of the authors for the presentation of the work. Accepted articles will be published in the Proceedings of the SBBD 2019 Satellite Events of demonstrations and applications.<\/p>\n\n\n\n<p><br>DEMO PRESENTATION<\/p>\n\n\n\n<p>Similar to previous editions of the SBBD, demonstration sessions will be held over two periods during the SBBD 2019, as follows:<br>1st Period: Presentation at the Minute Madness and the Poster Session<br>2nd Period: Practical demonstrative presentation of the demonstration\/application. This presentation must include a poster with the following information:a) Software name;b) Authors\u2019 names and affiliations;c) Financing information for the software construction (if applicable);d) E-mail contact and URL for more information;e) Abstract;f) Main characteristics\/functionalities;g) Main references.<br>The presence of at least one of the authors of the demonstration\/application is required to perform the presentation. Authors are encouraged to use their own equipment (notebooks) during the sessions. However, if necessary, appropriate equipment can be requested in advance to the Demos Session coordinating committee.<\/p>\n\n\n\n<p><br>PROGRAM COMMITTEE<\/p>\n\n\n\n<p>Agma Traina (Universidade de S\u00e3o Paulo)<br>Angelo Brayner (Universidade Federal do Cear\u00e1)<br>Caetano Traina J\u00fanior (Universidade de S\u00e3o Paulo)<br>Carlos Eduardo Santos Pires (Universidade Federal de Campina Grande)<br>Cristina Ciferri (Universidade de S\u00e3o Paulo)<br>Damires Souza (Instituto Federal da Para\u00edba)<br>Daniel de Oliveira (Universidade Federal Fluminense)<br>Daniel Kaster (Universidade Estadual de Londrina)<br>Eduardo Bezerra (CEFET\/RJ)<br>Eduardo Ogasawara (CEFET\/RJ)<br>Elaine Sousa (Universidade de S\u00e3o Paulo)<br>Fabio Porto (Laborat\u00f3rio Nacional de Computa\u00e7\u00e3o Cient\u00edfica)<br>Fl\u00e1vio R. C. Sousa (Universidade Federal do Cear\u00e1)<br>Geraldo Xex\u00e9o (Universidade Federal do Rio de Janeiro)<br>Humberto Razente (Universidade Federal de Uberl\u00e2ndia)<br>Jonas Dias (DELL EMC)<br>Jos\u00e9 Maria Monteiro (Universidade Federal do Cear\u00e1)<br>Jos\u00e9 Antonio Mac\u00eado (Universidade Federal do Cear\u00e1)<br>Jos\u00e9 de Aguiar Moraes Filho (Universidade de Fortaleza)<br>Jose Rodrigues Jr (Universidade de S\u00e3o Paulo)<br>Karin Becker (Universidade Federal do Rio Grande do Sul)<br>Kary Oca\u00f1a (Laborat\u00f3rio Nacional de Computa\u00e7\u00e3o Cient\u00edfica)<br>Leonardo Azevedo (IBM Research Brazil)<br>Marcela Ribeiro (Universidade Federal de S\u00e3o Carlos)<br>Marcio Oikawa (Universidade Federal do ABC)<br>Marcos Bedo (Universidade Federal Fluminense)<br>Maria Camila Nardini Barioni (Universidade Federal de Uberl\u00e2ndia)<br>Maristela Holanda (Universidade de Bras\u00edlia)<br>Mirella Moro (Universidade Federal de Minas Gerais)<br>Renata Galante (Universidade Federal do Rio Grande do Sul)<br>Ricardo Torres (Universidade Estadual de Campinas)<br>Rodrigo Monteiro (Universidade Federal Fluminense)<br>Ronaldo Correia (Universidade Estadual Paulista)<br>Ronaldo Mello (Universidade Federal de Santa Catarina)<br>Victor de Almeida (Universidade Federal Fluminense\/Petrobras)<br>Anderson Ferreira (Universidade Federal de Ouro Preto)<\/p>\n\n\n\n<p><br>OTHER INFORMATION<\/p>\n\n\n\n<p>Demonstrations and Applications Chair                                                         Robson L. F. Cordeiro, ICMC\/USP (<a rel=\"noreferrer noopener\" href=\"mailto:robson@icmc.usp.br\" target=\"_blank\">robson@icmc.usp.br<\/a>)<\/p>\n","protected":false},"excerpt":{"rendered":"<p>DEMONSTRATION AND APPLICATIONS SESSION PRESENTATION We invite all researchers in the field of Databases to submit Demonstrations and Applications to&hellip; <\/p>\n","protected":false},"author":13,"featured_media":0,"parent":0,"menu_order":0,"comment_status":"closed","ping_status":"closed","template":"templates\/template-fullwidth.php","meta":{"footnotes":""},"class_list":["post-1240","page","type-page","status-publish","hentry"],"_links":{"self":[{"href":"https:\/\/sbbd.org.br\/2019\/wp-json\/wp\/v2\/pages\/1240","targetHints":{"allow":["GET"]}}],"collection":[{"href":"https:\/\/sbbd.org.br\/2019\/wp-json\/wp\/v2\/pages"}],"about":[{"href":"https:\/\/sbbd.org.br\/2019\/wp-json\/wp\/v2\/types\/page"}],"author":[{"embeddable":true,"href":"https:\/\/sbbd.org.br\/2019\/wp-json\/wp\/v2\/users\/13"}],"replies":[{"embeddable":true,"href":"https:\/\/sbbd.org.br\/2019\/wp-json\/wp\/v2\/comments?post=1240"}],"version-history":[{"count":7,"href":"https:\/\/sbbd.org.br\/2019\/wp-json\/wp\/v2\/pages\/1240\/revisions"}],"predecessor-version":[{"id":1491,"href":"https:\/\/sbbd.org.br\/2019\/wp-json\/wp\/v2\/pages\/1240\/revisions\/1491"}],"wp:attachment":[{"href":"https:\/\/sbbd.org.br\/2019\/wp-json\/wp\/v2\/media?parent=1240"}],"curies":[{"name":"wp","href":"https:\/\/api.w.org\/{rel}","templated":true}]}}