{"id":1235,"date":"2019-04-30T15:40:16","date_gmt":"2019-04-30T15:40:16","guid":{"rendered":"http:\/\/sbbd.org.br\/2019\/?page_id=1235"},"modified":"2019-08-27T13:10:47","modified_gmt":"2019-08-27T13:10:47","slug":"call-for-wtdbd","status":"publish","type":"page","link":"https:\/\/sbbd.org.br\/2019\/call-for-wtdbd\/","title":{"rendered":"Call for WTDBD"},"content":{"rendered":"\n<h3 class=\"wp-block-heading\" id=\"mce_4\">XVIII WORKSHOP DE TESES E DISSERTA\u00c7\u00d5ES EM BANCO DE DADOS (WTDBD)<\/h3>\n\n\n\n<p>O XVIII Workshop de\nTeses e Disserta\u00e7\u00f5es em Banco de Dados (WTDBD) \u00e9 um f\u00f3rum dedicado \u00e0 discuss\u00e3o\nde trabalhos, em andamento, desenvolvidos por estudantes de mestrado e\ndoutorado. O WTDBD \u00e9 evento integrante do Simp\u00f3sio Brasileiro de Banco de Dados\n\u2013 SBBD.<\/p>\n\n\n\n<p>Al\u00e9m de proporcionar\num ambiente construtivo para discuss\u00f5es, onde os alunos podem obter a opini\u00e3o\nfundamentada de pesquisadores experientes em Banco de Dados a respeito de seus\ntrabalhos, o f\u00f3rum permite tamb\u00e9m que estudantes possam divulgar seus\nresultados parciais de pesquisa e ter uma avalia\u00e7\u00e3o preliminar de seus trabalhos.\nAl\u00e9m disso, trata-se de uma oportunidade para a intera\u00e7\u00e3o de estudantes com uma\nbanca de pesquisadores especialistas, que poder\u00e3o sugerir e recomendar a\u00e7\u00f5es\nvisando o aprimoramento da pesquisa apresentada.<\/p>\n\n\n\n<p>Os participantes do\nWTDBD tamb\u00e9m podem aproveitar para participar do evento anual de pesquisa mais\nimportante do pa\u00eds na \u00e1rea de Banco de Dados. Nas \u00faltimas edi\u00e7\u00f5es do SBBD\ntem-se estimulado grandemente a integra\u00e7\u00e3o e coopera\u00e7\u00e3o de estudantes,\nprofessores, pesquisadores e profissionais da \u00e1rea, sempre que poss\u00edvel,\natrav\u00e9s de aux\u00edlio aos estudantes.<\/p>\n\n\n\n<p>DATAS IMPORTANTES<\/p>\n\n\n\n<p>\u2013 Data limite para submiss\u00e3o: <del>08 de julho de 2019 (2a. feira)<\/del> &#8211; NOVA DATA: 29 de julho de 2019 (2a. feira)<\/p>\n\n\n\n<p>\u2013 Notifica\u00e7\u00e3o dos trabalhos aceitos: <del>05 de agosto de 2019 (2a. feira)<\/del> &#8211; NOVA DATA: 03 de setembro de 2019 (3a. feira)<\/p>\n\n\n\n<p>\u2013 Vers\u00e3o final para publica\u00e7\u00e3o nos anais: <del>19 de agosto de 2019 (2a. feira)<\/del> &#8211; NOVA DATA: 10 de setembro de 2019 (3a. feira)<\/p>\n\n\n\n<p>SUBMISS\u00d5ES<\/p>\n\n\n\n<p>Trabalhos de\ndoutorado: devem, preferencialmente, envolver estudantes que tenham sido\naprovados em exame de qualifica\u00e7\u00e3o, ou similares.<\/p>\n\n\n\n<p>Trabalhos de mestrado:\nser\u00e3o priorizados para aceita\u00e7\u00e3o no evento os trabalhos de mestrado que j\u00e1\ntenham pelo menos a proposta de pesquisa, ou similar, aprovada.<\/p>\n\n\n\n<p>Trabalhos j\u00e1\nconclu\u00eddos ou que ser\u00e3o conclu\u00eddos at\u00e9 a data do evento n\u00e3o ser\u00e3o aceitos no\nWTDBD 2019.<\/p>\n\n\n\n<p>Os artigos devem ser\nformatados segundo o modelo da SBC\n(https:\/\/www.sbc.org.br\/documentos-da-sbc\/category\/169-templates-para-artigos-e-capitulos-de-livros)\ne submetidos ao sistema JEMS (<a href=\"https:\/\/submissoes.sbc.org.br\/home.cgi?c=3225\">https:\/\/submissoes.sbc.org.br\/home.cgi?c=3225<\/a>) em formato PDF exclusivamente. Os manuscritos\npodem ser submetidos em portugu\u00eas ou ingl\u00eas, neste \u00faltimo caso pede-se que seja\ninclu\u00eddo um resumo em portugu\u00eas. N\u00e3o \u00e9 exigido, mas recomenda-se fortemente que\ntrabalhos de doutorado sejam submetidos em ingl\u00eas.<\/p>\n\n\n\n<p>Os trabalhos \u2013 tanto\nmestrado como doutorado \u2013 devem conter um m\u00e1ximo de 7 (p\u00e1ginas), sendo que a\nprimeira p\u00e1gina \u00e9 exclusiva para encaminhamento, contendo as seguintes\ninforma\u00e7\u00f5es:<\/p>\n\n\n\n<p>\u2013 T\u00edtulo do trabalho\nsubmetido e n\u00edvel: mestrado ou doutorado;<\/p>\n\n\n\n<p>\u2013 Resumo em portugu\u00eas\n(apenas para submiss\u00f5es em ingl\u00eas);<\/p>\n\n\n\n<p>\u2013 Nome completo do\nestudante e do nome do(s) orientador(es)\/co-orientador(es);<\/p>\n\n\n\n<p>\u2013 E-mail de contato do\nestudante e do orientador principal;<\/p>\n\n\n\n<p>\u2013 Universidade e\nprograma de p\u00f3s-gradua\u00e7\u00e3o ou departamento;<\/p>\n\n\n\n<p>\u2013 M\u00eas e ano de\ningresso do estudante no programa de p\u00f3s-gradua\u00e7\u00e3o;<\/p>\n\n\n\n<p>\u2013 M\u00eas e ano previstos\npara defesa do mestrado ou doutorado;<\/p>\n\n\n\n<p>\u2013 Etapas conclu\u00eddas e\ndatas de refer\u00eancia (ex. conclus\u00e3o de exame de qualifica\u00e7\u00e3o);<\/p>\n\n\n\n<p>\u2013 Se houver, lista de\npublica\u00e7\u00f5es do estudante relacionadas ao trabalho submetido.<\/p>\n\n\n\n<p>As demais 6 p\u00e1ginas do\ntexto devem incluir o conte\u00fado da pesquisa propriamente dita. Assim, devem\nconter, al\u00e9m do t\u00edtulo e resumo, os seguintes itens:<\/p>\n\n\n\n<p>\u2013 a formula\u00e7\u00e3o clara\ndo problema de pesquisa;<\/p>\n\n\n\n<p>\u2013 a motiva\u00e7\u00e3o e\njustificativa para a pesquisa; <\/p>\n\n\n\n<p>\u2013 a relev\u00e2ncia da\npesquisa na \u00e1rea de Banco de Dados;<\/p>\n\n\n\n<p>\u2013 o principal\ndiferencial com os trabalhos da comunidade (breve vis\u00e3o comparativa com\ntrabalhos relacionados);<\/p>\n\n\n\n<p>\u2013 a solu\u00e7\u00e3o proposta e\nsua contribui\u00e7\u00e3o espec\u00edfica e esperada como avan\u00e7o de pesquisa;<\/p>\n\n\n\n<p>\u2013 a metodologia\nempregada para o desenvolvimento da pesquisa;<\/p>\n\n\n\n<p>\u2013 planejamento de\nsubmiss\u00f5es de artigos ou artigos publicados (evento\/peri\u00f3dico, data);<\/p>\n\n\n\n<p>\u2013 avalia\u00e7\u00e3o preliminar\nde resultados j\u00e1 obtidos, caso dispon\u00edvel; e<\/p>\n\n\n\n<p>\u2013 a lista de\nrefer\u00eancias bibliogr\u00e1ficas principais.<\/p>\n\n\n\n<p>A publica\u00e7\u00e3o dos\ntrabalhos aceitos \u00e9 condicional \u00e0 inscri\u00e7\u00e3o no SBBD e apresenta\u00e7\u00e3o oral do\nestudante durante o evento. As submiss\u00f5es devem ter aprova\u00e7\u00e3o do orientador do\nestudante, confirmando atrav\u00e9s de e-mail enviado ao coordenador do WTDBD em\nqual est\u00e1gio se encontra a pesquisa e concordando com a submiss\u00e3o e\nparticipa\u00e7\u00e3o do estudante no XVI WTDBD.<\/p>\n\n\n\n<p>COORDENA\u00c7\u00c3O DO XVI\nWTDBD<\/p>\n\n\n\n<p>Jonice Oliveira (UFRJ)\n\u2013 jonice@dcc.ufrj.br<\/p>\n\n\n\n<p>COMIT\u00ca AVALIADOR (em\ndefini\u00e7\u00e3o)<\/p>\n","protected":false},"excerpt":{"rendered":"<p>XVIII WORKSHOP DE TESES E DISSERTA\u00c7\u00d5ES EM BANCO DE DADOS (WTDBD) O XVIII Workshop de Teses e Disserta\u00e7\u00f5es em Banco&hellip; <\/p>\n","protected":false},"author":13,"featured_media":0,"parent":0,"menu_order":0,"comment_status":"closed","ping_status":"closed","template":"templates\/template-fullwidth.php","meta":{"footnotes":""},"class_list":["post-1235","page","type-page","status-publish","hentry"],"_links":{"self":[{"href":"https:\/\/sbbd.org.br\/2019\/wp-json\/wp\/v2\/pages\/1235","targetHints":{"allow":["GET"]}}],"collection":[{"href":"https:\/\/sbbd.org.br\/2019\/wp-json\/wp\/v2\/pages"}],"about":[{"href":"https:\/\/sbbd.org.br\/2019\/wp-json\/wp\/v2\/types\/page"}],"author":[{"embeddable":true,"href":"https:\/\/sbbd.org.br\/2019\/wp-json\/wp\/v2\/users\/13"}],"replies":[{"embeddable":true,"href":"https:\/\/sbbd.org.br\/2019\/wp-json\/wp\/v2\/comments?post=1235"}],"version-history":[{"count":7,"href":"https:\/\/sbbd.org.br\/2019\/wp-json\/wp\/v2\/pages\/1235\/revisions"}],"predecessor-version":[{"id":1555,"href":"https:\/\/sbbd.org.br\/2019\/wp-json\/wp\/v2\/pages\/1235\/revisions\/1555"}],"wp:attachment":[{"href":"https:\/\/sbbd.org.br\/2019\/wp-json\/wp\/v2\/media?parent=1235"}],"curies":[{"name":"wp","href":"https:\/\/api.w.org\/{rel}","templated":true}]}}