{"id":1233,"date":"2019-04-30T15:39:12","date_gmt":"2019-04-30T15:39:12","guid":{"rendered":"http:\/\/sbbd.org.br\/2019\/?page_id=1233"},"modified":"2019-05-06T21:11:35","modified_gmt":"2019-05-06T21:11:35","slug":"call-for-ctd","status":"publish","type":"page","link":"https:\/\/sbbd.org.br\/2019\/call-for-ctd\/","title":{"rendered":"Call for CTD"},"content":{"rendered":"\n<h3 class=\"wp-block-heading\">3&#8242; Concurso de Teses e Disserta\u00e7\u00f5es em Bancos de Dados &#8212; SBBD-CTDBD 2019. <\/h3>\n\n\n\n<p>CHAMADA DE SUBMISS\u00d5ES<\/p>\n\n\n\n<p>O 3&#8242; Concurso de Teses e Disserta\u00e7\u00f5es (CTDBD) do Simp\u00f3sio Brasileiro de Banco de Dados selecionar\u00e1 e premiar\u00e1 as melhores teses de doutorado e disserta\u00e7\u00f5es de mestrado na \u00c1rea de Banco de Dados do pa\u00eds conclu\u00eddas, defendidas e aprovadas, no per\u00edodo de 1\u00ba de janeiro de 2017 a 31 de dezembro de 2018. Podem concorrer as teses e disserta\u00e7\u00f5es relacionadas aos temas listados na Chamada de Trabalhos do SBBD 2019 (<a href=\"https:\/\/sbbd.org.br\/2019\/\" target=\"_blank\" rel=\"noreferrer noopener\">sbbd.org.br\/2019\/<\/a>). As teses e disserta\u00e7\u00f5es ser\u00e3o avaliadas de acordo com os resultados cient\u00edficos e tecnol\u00f3gicos gerados pelo trabalho, assim como pelo seu potencial de impacto na sociedade e no estado da arte na \u00c1rea de Banco de Dados.<\/p>\n\n\n\n<p>PROCESSO DE SELE\u00c7\u00c3O<\/p>\n\n\n\n<p>O processo de sele\u00e7\u00e3o das melhores teses de doutorado e disserta\u00e7\u00f5es de mestrado em Banco de Dados de 2017 e 2018 ocorrer\u00e1 em duas fases.&nbsp;<\/p>\n\n\n\n<p>Na primeira fase, cada trabalho submetido ser\u00e1 avaliado por pelo menos tr\u00eas especialistas, os quais analisar\u00e3o o material submetido pelos autores (vide os documentos necess\u00e1rios na se\u00e7\u00e3o \u201cSubmiss\u00e3o de Trabalhos\u201d).&nbsp; Ap\u00f3s a an\u00e1lise, o Comit\u00ea de Avalia\u00e7\u00e3o indicar\u00e1 at\u00e9 3 (tr\u00eas) teses de doutorado e 3 (tr\u00eas) disserta\u00e7\u00f5es de mestrado.&nbsp;<\/p>\n\n\n\n<p>Na segunda fase, os autores dos trabalhos selecionados dever\u00e3o submeter uma revis\u00e3o do artigo, atendendo \u00e0s considera\u00e7\u00f5es eventualmente colocadas pelo Comit\u00ea de Avalia\u00e7\u00e3o. Os trabalhos selecionados ser\u00e3o apresentados durante o XXXIV Simp\u00f3sio Brasileiro de Banco de Dados (SBBD 2019), em Fortaleza. Para fins de premia\u00e7\u00e3o, ser\u00e3o avaliados os artigos finais submetidos e a qualidade da apresenta\u00e7\u00e3o oral. Os artigos das teses e disserta\u00e7\u00f5es selecionadas para apresenta\u00e7\u00e3o ser\u00e3o publicados nos Anais do SBBD junto ao WTDBD. Os autores que n\u00e3o apresentarem seus trabalhos no SBBD n\u00e3o concorrer\u00e3o aos pr\u00eamios. Os pr\u00eamios ser\u00e3o entregues na cerim\u00f4nia de premia\u00e7\u00e3o durante o Simp\u00f3sio Brasileiro de Banco de Dados (SBBD).&nbsp;<\/p>\n\n\n\n<p>Primeira fase:<br>12\/07\/2019: Registro do resumo<br>19\/07\/2017: Data limite para envio da tese ou disserta\u00e7\u00e3o, do artigo, do certificado de conclus\u00e3o e e-mail do orientador<br>27\/08\/2017: Divulga\u00e7\u00e3o dos finalistas<\/p>\n\n\n\n<p>Segunda fase:<br>10\/09\/2017: Data limite para envio da vers\u00e3o final do artigo (para os at\u00e9 6 finalistas)<\/p>\n\n\n\n<p>SUBMISS\u00c3O DE TRABALHOS<\/p>\n\n\n\n<p>As submiss\u00f5es devem ser realizadas atrav\u00e9s do sistema EasyChair, no endere\u00e7o:&nbsp;<a href=\"https:\/\/submissoes.sbc.org.br\/Paper.cgi?c=3362\" target=\"_blank\" rel=\"noreferrer noopener\">https:\/\/submissoes.sbc.org.br\/Paper.cgi?c=3362<\/a><\/p>\n\n\n\n<p>Cada submiss\u00e3o deve incluir os seguintes documentos:<\/p>\n\n\n\n<p>* Resumo do trabalho, com at\u00e9 seis p\u00e1ginas;<br>* Documento que comprove que a tese ou disserta\u00e7\u00e3o foi defendida e aprovada;<br>* Texto completo da tese ou disserta\u00e7\u00e3o;<br>* Al\u00e9m disso, as submiss\u00f5es devem ter a aprova\u00e7\u00e3o do orientador do aluno, confirmando atrav\u00e9s de e-mail enviado pelo orientador ao coordenador do CDTBD indicando que concorda com a submiss\u00e3o e participa\u00e7\u00e3o do aluno no 3&#8242; CTDBD.&nbsp;<\/p>\n\n\n\n<p>Todos os documentos submetidos devem ser enviados em formato PDF.&nbsp;<\/p>\n\n\n\n<p>INSTRU\u00c7\u00d5ES&nbsp;<\/p>\n\n\n\n<p>O resumo deve descrever a ess\u00eancia e contribui\u00e7\u00f5es da tese ou disserta\u00e7\u00e3o, e ser\u00e1 o documento b\u00e1sico usado na avalia\u00e7\u00e3o da submiss\u00e3o. Quando necess\u00e1rio, o resumo pode fazer refer\u00eancias ao texto da tese ou disserta\u00e7\u00e3o. O texto completo da tese ou disserta\u00e7\u00e3o servir\u00e1 essencialmente como fonte de consulta para os avaliadores sobre os resultados do trabalho. Os resumos devem ser escritos em Portugu\u00eas ou Ingl\u00eas, respeitando o limite m\u00e1ximo de 6 (seis) p\u00e1ginas, incluindo o texto, as figuras, as refer\u00eancias e os ap\u00eandices.&nbsp;<\/p>\n\n\n\n<p>Os resumos devem seguir as regras de formata\u00e7\u00e3o do Simp\u00f3sio Brasileiro de Banco de Dados da Sociedade Brasileira de Computa\u00e7\u00e3o, que podem ser obtidas no s\u00edtio da confer\u00eancia. O resumo deve deixar claras as contribui\u00e7\u00f5es, a originalidade e as possibilidades de impacto do trabalho, e deve indicar obrigatoriamente, antes do texto propriamente dito:&nbsp;<br>t\u00edtulo do trabalho,&nbsp;<br>autor,&nbsp;<br>departamento no qual foi aprovado,&nbsp;<br>orientador e co-orientadores com as respectivas afilia\u00e7\u00f5es,&nbsp;<\/p>\n\n\n\n<p>O texto do resumo deve descrever: a motiva\u00e7\u00e3o do trabalho, caracterizando a relev\u00e2ncia do tema e os principais desafios de pesquisa tratados, seus objetivos e suas contribui\u00e7\u00f5es e os resultados relevantes obtidos.<\/p>\n\n\n\n<p>Tamb\u00e9m devem ser indicados os subprodutos do trabalho, tais como patentes, programas registrados, programas de dom\u00ednio p\u00fablico\/livre e bancos de dados que o trabalho disponibilize para acesso p\u00fablico (com as respectivas URLs), artigos publicados ou aceitos para publica\u00e7\u00e3o (com informa\u00e7\u00f5es sobre a relev\u00e2ncia dos ve\u00edculos de publica\u00e7\u00e3o em suas \u00e1reas), assim como quaisquer outros elementos que permitam qualificar o trabalho como sendo um dos melhores do pa\u00eds neste per\u00edodo.&nbsp;<\/p>\n\n\n\n<p>COORDENA\u00c7\u00c3O<br>Caetano Traina J\u00fanior \u2013 Universidade de S\u00e3o Paulo \u2013 Departamento de ci\u00eancias da Computa\u00e7\u00e3o<\/p>\n\n\n\n<p>Qualquer d\u00favida deve ser encaminhada diretamente para a coordena\u00e7\u00e3o do CTDBD 2019 no email:&nbsp;<a href=\"mailto:caetano@icmc.usp.br\" target=\"_blank\" rel=\"noreferrer noopener\">caetano@icmc.usp.br<\/a>&nbsp;&nbsp; Assunto: CTDB2019 \u2013 &lt;tema da d\u00favida&gt;<br><\/p>\n\n\n\n<p>COMIT\u00ca AVALIADOR<br>Agma Juci Machado Traina&nbsp;&nbsp;&nbsp;&nbsp;<br>Altigran Soares da Silva<br>Angelo Brayner<br>Carina F. Dorneles<br>Cristina Ciferri<br>Daniel Kaster<br>Fabio Porto<br>Fernanda Bai\u00e3o<br>Javam Machado<br>Jos\u00e9 Maria Monteiro<br>Jos\u00e9 Palazzo Moreira de Oliveira<br>Jos\u00e9 Antonio Mac\u00eado<br>Marco Antonio Casanova<br>Maria Camila Nardini Barioni<br>Mirella Moro<br>Renata Galante<br>Renato Fileto<br>Ronaldo Mello<br>Sergio Lifschitz<br>Val\u00e9ria C. Times<br>Vanessa Braganholo<br><\/p>\n","protected":false},"excerpt":{"rendered":"<p>3&#8242; Concurso de Teses e Disserta\u00e7\u00f5es em Bancos de Dados &#8212; SBBD-CTDBD 2019. CHAMADA DE SUBMISS\u00d5ES O 3&#8242; Concurso de&hellip; <\/p>\n","protected":false},"author":13,"featured_media":0,"parent":0,"menu_order":0,"comment_status":"closed","ping_status":"closed","template":"templates\/template-fullwidth.php","meta":{"footnotes":""},"class_list":["post-1233","page","type-page","status-publish","hentry"],"_links":{"self":[{"href":"https:\/\/sbbd.org.br\/2019\/wp-json\/wp\/v2\/pages\/1233","targetHints":{"allow":["GET"]}}],"collection":[{"href":"https:\/\/sbbd.org.br\/2019\/wp-json\/wp\/v2\/pages"}],"about":[{"href":"https:\/\/sbbd.org.br\/2019\/wp-json\/wp\/v2\/types\/page"}],"author":[{"embeddable":true,"href":"https:\/\/sbbd.org.br\/2019\/wp-json\/wp\/v2\/users\/13"}],"replies":[{"embeddable":true,"href":"https:\/\/sbbd.org.br\/2019\/wp-json\/wp\/v2\/comments?post=1233"}],"version-history":[{"count":4,"href":"https:\/\/sbbd.org.br\/2019\/wp-json\/wp\/v2\/pages\/1233\/revisions"}],"predecessor-version":[{"id":1255,"href":"https:\/\/sbbd.org.br\/2019\/wp-json\/wp\/v2\/pages\/1233\/revisions\/1255"}],"wp:attachment":[{"href":"https:\/\/sbbd.org.br\/2019\/wp-json\/wp\/v2\/media?parent=1233"}],"curies":[{"name":"wp","href":"https:\/\/api.w.org\/{rel}","templated":true}]}}