{"id":947,"date":"2018-08-28T10:33:54","date_gmt":"2018-08-28T10:33:54","guid":{"rendered":"http:\/\/sbbd.org.br\/2018\/?page_id=947"},"modified":"2018-08-28T10:40:14","modified_gmt":"2018-08-28T10:40:14","slug":"demos-and-applications","status":"publish","type":"page","link":"https:\/\/sbbd.org.br\/2018\/demos-and-applications\/","title":{"rendered":"Demos and Applications"},"content":{"rendered":"<p><span style=\"color: #01357f\"><b>DEMOS AND APPLICATIONS<\/b><\/span><br \/>\n<span style=\"color: #72c02c\"><b>Chair: <\/b>Maristela Holanda (UNB)<br \/>\n<b>Sat, 25 Aug [15:00] &#8211; Room: <\/b>Urca<\/span><\/p>\n<p><b>Lathe: Light-Weight Keyword Query Processing over Multiple Databases<\/b><br \/>\n<img decoding=\"async\" src=\"https:\/\/sbbd.org.br\/2018\/wp-content\/uploads\/sites\/5\/2018\/07\/people.png\" style=\"vertical-align:middle\"> P\u00e9ricles Oliveira (Nokia), Altigran Soares da Silva (UFAM), Edleno Moura (UFAM), Gilberto Santos (UFAM)<\/p>\n<p><b>VP-Viewer: Keeping Track of Your Query from a Vantage Point<\/b><br \/>\n<img decoding=\"async\" src=\"https:\/\/sbbd.org.br\/2018\/wp-content\/uploads\/sites\/5\/2018\/07\/people.png\" style=\"vertical-align:middle\"> Daniel Jasbick (UFF), Thaylon Guedes (UFF), Rodolfo Oliveira (UFF), Lucio Fernandes Dutra Santos (IFNMG), Daniel de Oliveira (UFF), Marcos Bedo (UFF)<\/p>\n<p><b>Metamorfose: a Data Transformation Framework based on Apache Spark<\/b><br \/>\n<img decoding=\"async\" src=\"https:\/\/sbbd.org.br\/2018\/wp-content\/uploads\/sites\/5\/2018\/07\/people.png\" style=\"vertical-align:middle\"> Evandro Kuszera (UTFPR &#8211; Dois Vizinhos), Leticia Peres (UFPR), Marcos Didonet Del Fabro (UFPR)<\/p>\n<p><b>An\u00e1lise Online de Dados de Proveni\u00eancia e de Dom\u00ednio de Aplica\u00e7\u00f5es Spark com SAMbA<\/b><br \/>\n<img decoding=\"async\" src=\"https:\/\/sbbd.org.br\/2018\/wp-content\/uploads\/sites\/5\/2018\/07\/people.png\" style=\"vertical-align:middle\"> Thaylon Guedes (UFF), V\u00edtor Silva (UFRJ), Marcos Bedo (UFF), Marta Mattoso (COPPE\/UFRJ), Daniel de Oliveira (UFF)<\/p>\n<p><b>ImgDW Generator: a Tool for Generating Data for Medical Image Data Warehouses<\/b><br \/>\n<img decoding=\"async\" src=\"https:\/\/sbbd.org.br\/2018\/wp-content\/uploads\/sites\/5\/2018\/07\/people.png\" style=\"vertical-align:middle\"> Guilherme Rocha (USP), Cristina Ciferri (USP)<\/p>\n<p><b>Outer-Tuning: Sintonia Fina Autom\u00e1tica baseada em Ontologia<\/b><br \/>\n<img decoding=\"async\" src=\"https:\/\/sbbd.org.br\/2018\/wp-content\/uploads\/sites\/5\/2018\/07\/people.png\" style=\"vertical-align:middle\"> Ana Carolina Almeida (UERJ), Edward Hermann Haeusler (PUC-Rio), Sergio Lifschitz (PUC-Rio), Rafael Pereira de Oliveira (PUC-Rio), Daniel Schwabe (PUC-Rio)<\/p>\n<p><b>Anelim: uma Ferramenta de Gera\u00e7\u00e3o Autom\u00e1tica de Dados para BDR em Ambientes de Testes<\/b><br \/>\n<img decoding=\"async\" src=\"https:\/\/sbbd.org.br\/2018\/wp-content\/uploads\/sites\/5\/2018\/07\/people.png\" style=\"vertical-align:middle\"> Ronald Araujo (UFC), Angelo Brayner (UFC), Jose Maria Silva Monteiro Filho (UFC)<\/p>\n<p><b>MobileECG: uma Ferramenta para Publica\u00e7\u00e3o e Integra\u00e7\u00e3o de Dados de Sinais ECG<\/b><br \/>\n<img decoding=\"async\" src=\"https:\/\/sbbd.org.br\/2018\/wp-content\/uploads\/sites\/5\/2018\/07\/people.png\" style=\"vertical-align:middle\"> Jo\u00e3o Paulo Madeiro (UNILAB), Jose Maria Silva Monteiro Filho (UFC), Angelo Brayner (UFC), Vania Vidal (UFC), Narciso Arruda Jr (UFC), Tibet Teixeira (UFC), Francisco de Sousa Castilho (UFC), Tiago Vinuto (UFC)<\/p>\n","protected":false},"excerpt":{"rendered":"<p>DEMOS AND APPLICATIONS Chair: Maristela Holanda (UNB) Sat, 25 Aug [15:00] &#8211; Room: Urca Lathe: Light-Weight Keyword Query Processing over&hellip; <\/p>\n","protected":false},"author":10,"featured_media":0,"parent":0,"menu_order":0,"comment_status":"closed","ping_status":"closed","template":"","meta":{"footnotes":""},"class_list":["post-947","page","type-page","status-publish","hentry"],"_links":{"self":[{"href":"https:\/\/sbbd.org.br\/2018\/wp-json\/wp\/v2\/pages\/947","targetHints":{"allow":["GET"]}}],"collection":[{"href":"https:\/\/sbbd.org.br\/2018\/wp-json\/wp\/v2\/pages"}],"about":[{"href":"https:\/\/sbbd.org.br\/2018\/wp-json\/wp\/v2\/types\/page"}],"author":[{"embeddable":true,"href":"https:\/\/sbbd.org.br\/2018\/wp-json\/wp\/v2\/users\/10"}],"replies":[{"embeddable":true,"href":"https:\/\/sbbd.org.br\/2018\/wp-json\/wp\/v2\/comments?post=947"}],"version-history":[{"count":6,"href":"https:\/\/sbbd.org.br\/2018\/wp-json\/wp\/v2\/pages\/947\/revisions"}],"predecessor-version":[{"id":954,"href":"https:\/\/sbbd.org.br\/2018\/wp-json\/wp\/v2\/pages\/947\/revisions\/954"}],"wp:attachment":[{"href":"https:\/\/sbbd.org.br\/2018\/wp-json\/wp\/v2\/media?parent=947"}],"curies":[{"name":"wp","href":"https:\/\/api.w.org\/{rel}","templated":true}]}}