{"id":93,"date":"2017-12-13T18:34:32","date_gmt":"2017-12-13T18:34:32","guid":{"rendered":"http:\/\/sbbd.org.br\/2018\/?page_id=93"},"modified":"2018-08-28T11:12:34","modified_gmt":"2018-08-28T11:12:34","slug":"accepted-short-papers","status":"publish","type":"page","link":"https:\/\/sbbd.org.br\/2018\/accepted-short-papers\/","title":{"rendered":"Short Papers"},"content":{"rendered":"<p><b>Rumo \u00e0 Integra\u00e7\u00e3o da \u00c1lgebra de Workflows com o Processamento de Consulta Relacional<\/b><br \/>\n<img decoding=\"async\" src=\"https:\/\/sbbd.org.br\/2018\/wp-content\/uploads\/sites\/5\/2018\/07\/people.png\" style=\"vertical-align:middle\"> Jo\u00e3o Antonio Ferreira (CEFET\/RJ), Jorge Soares (CEFET\/RJ), Fabio Porto (LNCC), Esther Pacitti (Inria &amp; U Montpellier, France), Rafaelli Coutinho (CEFET\/RJ), Eduardo Ogasawara (CEFET\/RJ)<\/p>\n<p><b>FReeP: towards Parameter Recommendation in Scientific Workflows Using Preference Learning<\/b><br \/>\n<img decoding=\"async\" src=\"https:\/\/sbbd.org.br\/2018\/wp-content\/uploads\/sites\/5\/2018\/07\/people.png\" style=\"vertical-align:middle\"> Daniel Silva Jr (UFF), Aline Paes (UFF), Esther Pacitti (Inria, LIRMM &amp; U Montpellier, France), Daniel de Oliveira (UFF)<\/p>\n<p><b>Time Series Forecasting for Purposes of Irrigation Management Process<\/b><br \/>\n<img decoding=\"async\" src=\"https:\/\/sbbd.org.br\/2018\/wp-content\/uploads\/sites\/5\/2018\/07\/people.png\" style=\"vertical-align:middle\"> Dieinison Braga (UFC), Ticiana L. Coelho da Silva (UFC), Atslands Rocha (UFC), Gustavo Coutinho (UFC), Regis P. Magalh\u00e3es (UFC), Paulo T. Guerra (UFC), Jose A. F. de Mac\u00eado (UFC)<\/p>\n<p>[09:15] <b>Processamento de Consultas SPARQL em uma Base Relacional de Entidades<\/b><br \/>\n<img decoding=\"async\" src=\"https:\/\/sbbd.org.br\/2018\/wp-content\/uploads\/sites\/5\/2018\/07\/people.png\" style=\"vertical-align:middle\"> Jo\u00e3o G. Pauluk (UFPR), Mariana M. Garcez Duarte (UFPR), Rafael L. Prado (UFPR), Carmem S. Hara (UFPR)<\/p>\n<p>[09:30] <b>Pytology: rumo ao C\u00e1lculo de Relev\u00e2ncia sobre Dados RDF<\/b><br \/>\n<img decoding=\"async\" src=\"https:\/\/sbbd.org.br\/2018\/wp-content\/uploads\/sites\/5\/2018\/07\/people.png\" style=\"vertical-align:middle\"> Victor V. Barros Leal (UFC), Jos\u00e9 Ant\u00f4nio F de Macedo (UFC), Lucas Peres Gaspar (UFC), David Ara\u00fajo Abreu (UFC)<\/p>\n<p>[09:45] <b>Uma Abordagem para Caracteriza\u00e7\u00e3o de Documentos RDF Atrav\u00e9s de Esquemas Conceituais<\/b><br \/>\n<img decoding=\"async\" src=\"https:\/\/sbbd.org.br\/2018\/wp-content\/uploads\/sites\/5\/2018\/07\/people.png\" style=\"vertical-align:middle\"> Alisson S. Maia (UDESC), Vagner Pagotti (UDESC), Rebeca Schroeder (UDESC)<\/p>\n<p>[09:15] <b>GovDadosMB: um Framework de Governan\u00e7a de Dados Corporativos para a Marinha do Brasil<\/b><br \/>\n<img decoding=\"async\" src=\"https:\/\/sbbd.org.br\/2018\/wp-content\/uploads\/sites\/5\/2018\/07\/people.png\" style=\"vertical-align:middle\"> Marta Rigaud Faria (IME), Madalena Lopes e Silva (IME), Kelli de Faria Cordeiro (CASNAV)<\/p>\n<p>[09:30] <b>LinkedECG: uma Abordagem para a Integra\u00e7\u00e3o e Publica\u00e7\u00e3o de Dados de Eletrocardiograma<\/b><br \/>\n<img decoding=\"async\" src=\"https:\/\/sbbd.org.br\/2018\/wp-content\/uploads\/sites\/5\/2018\/07\/people.png\" style=\"vertical-align:middle\"> Douglas Torquato (UFC), Daniel Rodrigues (UFC), Jos\u00e9 Maria Monteiro (UFC), Jo\u00e3o Paulo Madeiro (UNILAB), Angelo Brayner (UFC), V\u00e2nia Vidal (UFC), Narciso Arruda (UFC), Tiago Vinuto (UFC)<\/p>\n<p>[09:15] <b>Investigando a Rela\u00e7\u00e3o das Refatora\u00e7\u00f5es de C\u00f3digo com os Sentimentos de Mensagens de Commit<\/b><br \/>\n<img decoding=\"async\" src=\"https:\/\/sbbd.org.br\/2018\/wp-content\/uploads\/sites\/5\/2018\/07\/people.png\" style=\"vertical-align:middle\"> Jord\u00e3o M. de Souza (UFC), Ticiana L. Coelho da Silva (UFC), Criston P. de Souza (UFC), Carla Ilane Moreira (UFC), Lincoln Rocha (UFC), Jos\u00e9 Ant\u00f4nio F. de Mac\u00eado (UFC)<\/p>\n<p>[09:30] <b>Apoiando o Processo de Imputa\u00e7\u00e3o com T\u00e9cnicas de Aprendizado de M\u00e1quina<\/b><br \/>\n<img decoding=\"async\" src=\"https:\/\/sbbd.org.br\/2018\/wp-content\/uploads\/sites\/5\/2018\/07\/people.png\" style=\"vertical-align:middle\"> Rodrigo Tavares de Souza (CEFET\/RJ), Rafael Castaneda Ribeiro (CEFET\/RJ), Claudia Ferlin (PUC-Rio), Ronaldo Ribeiro Goldschmidt (IME), Luis Alfredo V. Carvalho (UFRJ), Jorge de Abreu Soares (CEFET\/RJ)<\/p>\n<p>[09:45] <b>Uma Estrat\u00e9gia Eficiente de Treinamento para Programa\u00e7\u00e3o Gen\u00e9tica Aplicada a Deduplica\u00e7\u00e3o de Registros<\/b><br \/>\n<img decoding=\"async\" src=\"https:\/\/sbbd.org.br\/2018\/wp-content\/uploads\/sites\/5\/2018\/07\/people.png\" style=\"vertical-align:middle\"> Davi Guimar\u00e3es da Silva (IFPA), Mois\u00e9s Gomes de Carvalho (UFAM), Duivilly Brito (UFAM)<\/p>\n<p>[11:45] <b>Detec\u00e7\u00e3o de Anomalias Frequentes no Transporte Rodovi\u00e1rio Urbano<\/b><br \/>\n<img decoding=\"async\" src=\"https:\/\/sbbd.org.br\/2018\/wp-content\/uploads\/sites\/5\/2018\/07\/people.png\" style=\"vertical-align:middle\"> Ana Beatriz Cruz (CEFET\/RJ), Jo\u00e3o Ferreira (CEFET\/RJ), Diego Carvalho (CEFET\/RJ), Eduardo Mendes (FGV), Esther Pacitti (Inria &amp; U Montpellier, France), Rafaelli Coutinho (CEFET\/RJ), Fabio Porto (LNCC), Eduardo Ogasawara (CEFET\/RJ)<\/p>\n<p>[12:00] <b>Arquitetura para Cocuradoria de Dados de Conhecimento Popular Integrados por Meio de Linked Open Data<\/b><br \/>\n<img decoding=\"async\" src=\"https:\/\/sbbd.org.br\/2018\/wp-content\/uploads\/sites\/5\/2018\/07\/people.png\" style=\"vertical-align:middle\"> Marcela Mayumi Mauricio Yagui (UFRJ), Adriana S. Vivacqua (UFRJ)<\/p>\n<p>[12:15] <b>Utiliza\u00e7\u00e3o de Redes Heterog\u00eaneas para Medir a For\u00e7a dos Relacionamentos no GitHub<\/b><br \/>\n<img decoding=\"async\" src=\"https:\/\/sbbd.org.br\/2018\/wp-content\/uploads\/sites\/5\/2018\/07\/people.png\" style=\"vertical-align:middle\"> Gabriel P. Oliveira (UFMG), Nat\u00e9rcia A. Batista (UFMG), Michele A. Brand\u00e3o (UFMG), Mirella M. Moro (UFMG)<\/p>\n<p>[11:45] <b>A Distributed System for SearchOnMath Based on the Microsoft BizSpark Program<\/b><br \/>\n<img decoding=\"async\" src=\"https:\/\/sbbd.org.br\/2018\/wp-content\/uploads\/sites\/5\/2018\/07\/people.png\" style=\"vertical-align:middle\"> Ricardo M. Oliveira (UNIFAL), Flavio B. Gonzaga (UNIFAL), Valmir C. Barbosa (UFRJ), Geraldo B. Xex\u00e9o (UFRJ)<\/p>\n<p>[12:00] <b>Anonimiza\u00e7\u00e3o de Streaming de Dados em DOCA<\/b><br \/>\n<img decoding=\"async\" src=\"https:\/\/sbbd.org.br\/2018\/wp-content\/uploads\/sites\/5\/2018\/07\/people.png\" style=\"vertical-align:middle\"> Bruno C. Leal (UFC), Israel C. Vidal (UFC), Javam C. Machado (UFC)<\/p>\n<p>[12:15] <b>Um Estudo Comparativo entre Algoritmos de Prote\u00e7\u00e3o da Privacidade Aplicado \u00e0 Bases de Dados na \u00c1rea de Sa\u00fade<\/b><br \/>\n<img decoding=\"async\" src=\"https:\/\/sbbd.org.br\/2018\/wp-content\/uploads\/sites\/5\/2018\/07\/people.png\" style=\"vertical-align:middle\"> Francimaria Nascimento (UFRN), Karliane Vale (UFRN &#8211; Caic\u00f3), Flavius Gorg\u00f4nio (UFRN &#8211; Caic\u00f3)<\/p>\n","protected":false},"excerpt":{"rendered":"<p>Rumo \u00e0 Integra\u00e7\u00e3o da \u00c1lgebra de Workflows com o Processamento de Consulta Relacional Jo\u00e3o Antonio Ferreira (CEFET\/RJ), Jorge Soares (CEFET\/RJ),&hellip; <\/p>\n","protected":false},"author":10,"featured_media":0,"parent":0,"menu_order":0,"comment_status":"closed","ping_status":"closed","template":"","meta":{"footnotes":""},"class_list":["post-93","page","type-page","status-publish","hentry"],"_links":{"self":[{"href":"https:\/\/sbbd.org.br\/2018\/wp-json\/wp\/v2\/pages\/93","targetHints":{"allow":["GET"]}}],"collection":[{"href":"https:\/\/sbbd.org.br\/2018\/wp-json\/wp\/v2\/pages"}],"about":[{"href":"https:\/\/sbbd.org.br\/2018\/wp-json\/wp\/v2\/types\/page"}],"author":[{"embeddable":true,"href":"https:\/\/sbbd.org.br\/2018\/wp-json\/wp\/v2\/users\/10"}],"replies":[{"embeddable":true,"href":"https:\/\/sbbd.org.br\/2018\/wp-json\/wp\/v2\/comments?post=93"}],"version-history":[{"count":9,"href":"https:\/\/sbbd.org.br\/2018\/wp-json\/wp\/v2\/pages\/93\/revisions"}],"predecessor-version":[{"id":964,"href":"https:\/\/sbbd.org.br\/2018\/wp-json\/wp\/v2\/pages\/93\/revisions\/964"}],"wp:attachment":[{"href":"https:\/\/sbbd.org.br\/2018\/wp-json\/wp\/v2\/media?parent=93"}],"curies":[{"name":"wp","href":"https:\/\/api.w.org\/{rel}","templated":true}]}}