{"id":91,"date":"2017-12-13T18:34:18","date_gmt":"2017-12-13T18:34:18","guid":{"rendered":"http:\/\/sbbd.org.br\/2018\/?page_id=91"},"modified":"2018-08-28T11:11:05","modified_gmt":"2018-08-28T11:11:05","slug":"accepted-research-papers","status":"publish","type":"page","link":"https:\/\/sbbd.org.br\/2018\/accepted-research-papers\/","title":{"rendered":"Full Papers"},"content":{"rendered":"<p><b>WANQA: uma Abordagem para Identificar Novas Quest\u00f5es N\u00e3o Respond\u00edveis em Comunidades de Perguntas e Respostas<\/b><br \/>\n<img decoding=\"async\" src=\"https:\/\/sbbd.org.br\/2018\/wp-content\/uploads\/sites\/5\/2018\/07\/people.png\" style=\"vertical-align:middle\"> Lucas V. Knochenhauer (UFSC), Carina F. Dorneles (UFSC), Leandro K. Wives (UFRGS)<\/p>\n<p><b>SmartLTM: Smart Larger-Than-Memory Storage for Hybrid Database Systems<\/b><br \/>\n<img decoding=\"async\" src=\"https:\/\/sbbd.org.br\/2018\/wp-content\/uploads\/sites\/5\/2018\/07\/people.png\" style=\"vertical-align:middle\"> Paulo R.P. Amora (UFC), Elvis M. Teixeira (UFC), Francisco D.B.S. Praciano (UFC), Javam C. Machado (UFC)<\/p>\n<p><b>Armazenamento Otimizado de dados RDF em um SGBD Relacional<\/b><br \/>\n<img decoding=\"async\" src=\"https:\/\/sbbd.org.br\/2018\/wp-content\/uploads\/sites\/5\/2018\/07\/people.png\" style=\"vertical-align:middle\"> Rafael L. Prado (UFPR), Rebeca Schroeder (UDESC), Carmem S. Hara (UFPR)<\/p>\n<p><b>REALM: um Framework Computacional para Investigar os Impactos de Pesquisas Atrav\u00e9s de M\u00e9tricas Alternativas<\/b><br \/>\n<img decoding=\"async\" src=\"https:\/\/sbbd.org.br\/2018\/wp-content\/uploads\/sites\/5\/2018\/07\/people.png\" style=\"vertical-align:middle\"> Lu\u00eds Fernando Monsores Passos Maia (UFRJ), Jonice Oliveira (UFRJ)<\/p>\n<p><b>Meta-alinhamento de Ontologias Utilizando a Abordagem Presa-predador<\/b><br \/>\n<img decoding=\"async\" src=\"https:\/\/sbbd.org.br\/2018\/wp-content\/uploads\/sites\/5\/2018\/07\/people.png\" style=\"vertical-align:middle\"> Nicolas Ferranti (UFJF), St\u00eanio S\u00e3 Ros\u00e1rio Furtado Soares (UFJF), Jairo F. De Souza (UFJF)<\/p>\n<p><b>Melhorias no Processo de Blocagem para Resolu\u00e7\u00e3o de Entidades Baseadas na Relev\u00e2ncia dos Termos<\/b><br \/>\n<img decoding=\"async\" src=\"https:\/\/sbbd.org.br\/2018\/wp-content\/uploads\/sites\/5\/2018\/07\/people.png\" style=\"vertical-align:middle\"> La\u00eds Soares Caldeira (UFOP), Anderson Almeida Ferreira (UFOP)<\/p>\n<p><b>Finding Top-k Sequences over Data Streams According to Temporal Conditional Preferences<\/b><br \/>\n<img decoding=\"async\" src=\"https:\/\/sbbd.org.br\/2018\/wp-content\/uploads\/sites\/5\/2018\/07\/people.png\" style=\"vertical-align:middle\"> Marcos Roberto Ribeiro (IFMG), Maria Camila N. Barioni (UFU), Sandra de Amo (UFU), Claudia Roncancio (U Grenoble Alpes, France), Cyril Labb\u00e9 (U Grenoble Alpes, France)<\/p>\n<p><b>Constellation Queries over Big Data<\/b><br \/>\n<img decoding=\"async\" src=\"https:\/\/sbbd.org.br\/2018\/wp-content\/uploads\/sites\/5\/2018\/07\/people.png\" style=\"vertical-align:middle\"> Fabio Porto (LNCC), Amir Khatibi (UFMG), Jo\u00e3o N. Rittmeyer (LNCC), Eduardo Ogasawara (CEFET\/RJ), Patrick Valduriez (INRIA, France), Dennis Shasha (NYU, USA)<\/p>\n<p><b>Emotion Analysis of Reaction to Terrorism on Twitter<\/b><br \/>\n<img decoding=\"async\" src=\"https:\/\/sbbd.org.br\/2018\/wp-content\/uploads\/sites\/5\/2018\/07\/people.png\" style=\"vertical-align:middle\"> Jonathas G.D. Harb (UFRGS), Karin Becker (UFRGS)<\/p>\n<p><b>PrivLBS: uma Abordagem para Preserva\u00e7\u00e3o de Privacidade de Dados em Servi\u00e7os Baseados em Localiza\u00e7\u00e3o<\/b><br \/>\n<img decoding=\"async\" src=\"https:\/\/sbbd.org.br\/2018\/wp-content\/uploads\/sites\/5\/2018\/07\/people.png\" style=\"vertical-align:middle\"> Eduardo R.D. Neto (UFC), Andr\u00e9 L.C. Mendon\u00e7a (UFC), Felipe T. Brito (UFC), Javam C. Machado (UFC)<\/p>\n<p><b>Correlating Educational Documents from Different Sources through Graphs and Taxonomies<\/b><br \/>\n<img decoding=\"async\" src=\"https:\/\/sbbd.org.br\/2018\/wp-content\/uploads\/sites\/5\/2018\/07\/people.png\" style=\"vertical-align:middle\"> M\u00e1rcio de Carvalho Saraiva (UNICAMP), Claudia Bauzer Medeiros (UNICAMP)<\/p>\n<p><b>Caracteriza\u00e7\u00e3o e Compara\u00e7\u00e3o das Campanhas do Outubro Rosa e Novembro Azul no Twitter<\/b><br \/>\n<img decoding=\"async\" src=\"https:\/\/sbbd.org.br\/2018\/wp-content\/uploads\/sites\/5\/2018\/07\/people.png\" style=\"vertical-align:middle\"> Roberto Walter (UFFS), Karin Becker (UFRGS)<\/p>\n<p><b>An\u00e1lise de Colabora\u00e7\u00e3o em Desenvolvimento Global de Software<\/b><br \/>\n<img decoding=\"async\" src=\"https:\/\/sbbd.org.br\/2018\/wp-content\/uploads\/sites\/5\/2018\/07\/people.png\" style=\"vertical-align:middle\"> Vitor A.C. Horta (UFJF), Victor Str\u00f6ele (UFJF), Jonice Oliveira (UFRJ), Regina Braga (UFJF), Jos\u00e9 Maria David (UFJF), Fernanda Campos (UFJF)<\/p>\n<p><b>Caracteriza\u00e7\u00e3o Topol\u00f3gica de Redes Vi\u00e1rias por Meio da An\u00e1lise de Vetores de Caracter\u00edsticas e T\u00e9cnicas de Agrupamento<\/b><br \/>\n<img decoding=\"async\" src=\"https:\/\/sbbd.org.br\/2018\/wp-content\/uploads\/sites\/5\/2018\/07\/people.png\" style=\"vertical-align:middle\"> Gabriel Spadon (USP), Lucas C. Scabora (USP), Marcos R. Nesso Jr (USP), Caetano Traina Jr (USP), Jose F. Rodrigues Jr (USP)<\/p>\n<p><b>Workload-aware Parameter Selection and Performance Prediction for In-memory Databases<\/b><br \/>\n<img decoding=\"async\" src=\"https:\/\/sbbd.org.br\/2018\/wp-content\/uploads\/sites\/5\/2018\/07\/people.png\" style=\"vertical-align:middle\"> Maria I.V. Lima (UFC), Victor A.E. de Farias (UFC), Francisco D.B.S. Praciano (UFC), Javam C. Machado (UFC)<\/p>\n<p><b>Database Tuning with Partial Indexes<\/b><br \/>\n<img decoding=\"async\" src=\"https:\/\/sbbd.org.br\/2018\/wp-content\/uploads\/sites\/5\/2018\/07\/people.png\" style=\"vertical-align:middle\"> Alain D. Fuentes (PUC-Rio), Ana Carolina Almeida (UERJ), Rog\u00e9rio Lu\u00eds de Carvalho Costa (PUC-Rio), Vanessa Braganholo (UFF), S\u00e9rgio Lifschitz (PUC-Rio)<\/p>\n<p><b>FLEXMVCC: uma Abordagem Flex\u00edvel para Protocolos de Controle de Concorr\u00eancia Multi-vers\u00e3o<\/b><br \/>\n<img decoding=\"async\" src=\"https:\/\/sbbd.org.br\/2018\/wp-content\/uploads\/sites\/5\/2018\/07\/people.png\" style=\"vertical-align:middle\"> Eder C.M. Gomes (UFC), J. Filipe L. de Sousa (UFC), Paulo R.P. Amora (UFC), Javam C. Machado (UFC)<\/p>\n","protected":false},"excerpt":{"rendered":"<p>WANQA: uma Abordagem para Identificar Novas Quest\u00f5es N\u00e3o Respond\u00edveis em Comunidades de Perguntas e Respostas Lucas V. Knochenhauer (UFSC), Carina&hellip; <\/p>\n","protected":false},"author":10,"featured_media":0,"parent":0,"menu_order":0,"comment_status":"closed","ping_status":"closed","template":"","meta":{"footnotes":""},"class_list":["post-91","page","type-page","status-publish","hentry"],"_links":{"self":[{"href":"https:\/\/sbbd.org.br\/2018\/wp-json\/wp\/v2\/pages\/91","targetHints":{"allow":["GET"]}}],"collection":[{"href":"https:\/\/sbbd.org.br\/2018\/wp-json\/wp\/v2\/pages"}],"about":[{"href":"https:\/\/sbbd.org.br\/2018\/wp-json\/wp\/v2\/types\/page"}],"author":[{"embeddable":true,"href":"https:\/\/sbbd.org.br\/2018\/wp-json\/wp\/v2\/users\/10"}],"replies":[{"embeddable":true,"href":"https:\/\/sbbd.org.br\/2018\/wp-json\/wp\/v2\/comments?post=91"}],"version-history":[{"count":20,"href":"https:\/\/sbbd.org.br\/2018\/wp-json\/wp\/v2\/pages\/91\/revisions"}],"predecessor-version":[{"id":963,"href":"https:\/\/sbbd.org.br\/2018\/wp-json\/wp\/v2\/pages\/91\/revisions\/963"}],"wp:attachment":[{"href":"https:\/\/sbbd.org.br\/2018\/wp-json\/wp\/v2\/media?parent=91"}],"curies":[{"name":"wp","href":"https:\/\/api.w.org\/{rel}","templated":true}]}}