{"id":87,"date":"2017-12-13T18:33:46","date_gmt":"2017-12-13T18:33:46","guid":{"rendered":"http:\/\/sbbd.org.br\/2018\/?page_id=87"},"modified":"2018-08-28T11:39:42","modified_gmt":"2018-08-28T11:39:42","slug":"keynote-speaker","status":"publish","type":"page","link":"https:\/\/sbbd.org.br\/2018\/keynote-speaker\/","title":{"rendered":"Keynotes"},"content":{"rendered":"<p><span style=\"color:#72c02c;font-weight:bold;font-size:19px\">S\u00c9RGIO LIFSCHITZ (PUC-Rio, Brazil)<\/span><br \/>\n<span style=\"color: #01357f\"><b>SBBD &#8211; Para Que e Para Quem?<\/b><\/span><br \/>\nNeste ano de 2018, o 33o SBBD acontece junto com o 44o VLDB. O primeiro \u00e9 o maior evento acad\u00eamico nacional, enquanto o \u00faltimo \u00e9 um dos maiores e mais importantes da \u00e1rea no \u00e2mbito internacional. Durante o SBBD, a comunidade brasileira de bancos de dados tem a oportunidade de acompanhar de perto os principais avan\u00e7os cient\u00edficos e tecnol\u00f3gicos na \u00e1rea, al\u00e9m de avaliar a import\u00e2ncia do evento e o papel dos professores e pesquisadores na forma\u00e7\u00e3o de pessoal e na contribui\u00e7\u00e3o para a sociedade. Nesta palestra, pretendo revisitar alguns dos diversos temas de P&amp;D a que venho me dedicando ao longo dos anos, desde bancos de dados dedutivos at\u00e9 a an\u00e1lise de dados, passando pelas aplica\u00e7\u00f5es na  bioinform\u00e1tica e pelos SGBDs aut\u00f4nomos. Aproveitarei tamb\u00e9m o convite para provocar uma reflex\u00e3o sobre a nossa grande \u00e1rea de pesquisa, com foco na relev\u00e2ncia e no papel de eventos como o SBBD para a ci\u00eancia e a tecnologia no pa\u00eds.<\/p>\n<p><img loading=\"lazy\" decoding=\"async\" style=\"margin-top: 10px;margin-right: 10px;float: left\" src=\"https:\/\/sbbd.org.br\/2018\/wp-content\/uploads\/sites\/5\/2018\/06\/lifschitz.jpg\" width=\"150\" height=\"150\" \/>S\u00e9rgio Lifschitz is an Associate Professor at the Informatics Department of Pontifical Catholic University of Rio de Janeiro (PUC-Rio), Brazil. S\u00e9rgio has obtained his doctor\u2019s degree at the \u00c9cole Nationale Sup\u00e9rieure des T\u00e9l\u00e9communications (now T\u00e9l\u00e9com ParisTech), Paris, France (1994). He also holds an M.Sc. (1990) and a B.Sc. (1986), both in Electrical Engineering, from PUC-Rio. His primary research area involves database systems, including applications in bioinformatics, social networks data, and autonomic tuning and management. S\u00e9rgio often participates in SBBD events, either with tutorials (three times), eleven full papers published, other 18 contributions for SBBD co-located events, one best paper and two best demo prizes, more than thirty times a member of evaluation committees and once the SBBD program chair.<\/p>\n<p>&nbsp;<br \/><span style=\"color:#72c02c;font-weight:bold;font-size:19px\">ANASTASIA AILAMAKI (EPFL, Switzerland)<\/span><br \/>\n<span style=\"color: #01357f\"><b>RAW &#8211; Fast Analysis on All Kinds of Data<\/b><\/span><br \/>\n<img decoding=\"async\" src=\"https:\/\/sbbd.org.br\/2018\/wp-content\/uploads\/sites\/5\/2018\/08\/file.png\" style=\"vertical-align:middle\"> <a href=\"https:\/\/sbbd.org.br\/2018\/wp-content\/uploads\/sites\/5\/2018\/08\/keynote-ailamaki.pdf\" rel=\"noopener\" target=\"_blank\">Keynote presentation<\/a><\/p>\n<p>Today\u2019s scientific and business processes heavily depend on fast and accurate data analysis. Data scientists are routinely overwhelmed by the effort needed to manage the volumes of data produced. As general-purpose data management software is often inefficient, hard to manage, or too generic to serve today&#8217;s applications, businesses increasingly turn to specialised data management software, which can only handle one data format, and then resort to data integration solutions. With the exponential growth of dataset size and complexity, however, data format-specific solutions no longer scale for efficient analysis, thereby slowing down the cycle of analysing and understanding the data, and making decisions. I will illustrate the different nature of problems we face when managing heterogeneous datasets, and how these translate to fundamental challenges for the data management community. Then I will introduce RAW, a new solution inspired by these challenges. RAW overturns long-standing assumptions, enables meaningful and timely results, and promotes timely discovery.<\/p>\n<p><img loading=\"lazy\" decoding=\"async\" style=\"margin-top: 10px;margin-right: 10px;float: left\" src=\"https:\/\/sbbd.org.br\/2018\/wp-content\/uploads\/sites\/5\/2018\/06\/ailamaki.jpg\" width=\"150\" height=\"150\" \/>Anastasia Ailamaki is a Professor of Computer and Communication Sciences at the Ecole Polytechnique Federale de Lausanne (EPFL) in Switzerland and the co-founder of RAW Labs SA, a swiss company developing real-time analytics infrastructures for heterogeneous big data. Her research interests are in data-intensive systems and applications, and in particular (a) in strengthening the interaction between the database software and emerging hardware and I\/O devices, and (b) in automating data management to support computationally- demanding, data-intensive scientific applications. She has received an ERC Consolidator Award (2013), a Finmeccanica endowed chair from the Computer Science Department at Carnegie Mellon (2007), a European Young Investigator Award from the European Science Foundation (2007), an Alfred P. Sloan Research Fellowship (2005), an NSF CAREER award (2002), and nine best-paper awards in database, storage, and computer architecture conferences,. She holds a Ph.D. in Computer Science from the University of Wisconsin-Madison in 2000. She is an ACM fellow, an IEEE fellow, the Laureate for the 2018 Nemitsas Prize in Computer Science, and an elected member of the Swiss National Research Council. She has served as a CRA-W mentor, and is a member of the Expert Network of the World Economic Forum.<\/p>\n<p><span style=\"color:#72c02c;font-weight:bold;font-size:19px\">ALIN DEUTSCH (UCSD, USA)<\/span><br \/>\n<span style=\"color: #01357f\"><b>Querying Graph Databases with the GSQL Query Language<\/b><\/span><br \/>\nThis talk presents GSQL, a recent addition to the spectrum of query languages for expressing graph analytics. GSQL is a high-level yet still Turing-complete language whose syntax is inspired by SQL in order to reduce the learning curve for SQL programmers, while simultaneously supporting a Map-Reduce interpretation that is preferred by NoSQL developers and that is conducive to massively parallel evaluation. The talk will also provide some context on the graph query language landscape represented in modern systems.<\/p>\n<p><img loading=\"lazy\" decoding=\"async\" style=\"margin-top: 10px;margin-right: 10px;float: left\" src=\"https:\/\/sbbd.org.br\/2018\/wp-content\/uploads\/sites\/5\/2018\/06\/deutsch.jpg\" width=\"150\" height=\"150\" \/>Alin Deutsch is a professor of Computer Science and Engineering at UC San Diego. His research is motivated by the data management challenges raised by database-powered applications. Alin&#8217;s interests include query language design and optimization for various data models ranging from text to the relational and post-relational models (with particular emphasis on graph data). He also works on cross-model data integration and on automatic verification of business processes. Alin earned his PhD in Computer Science from the University of Pennsylvania, an MSc degree from the Technical University of Darmstadt (Germany) and a BSc degree from the Polytechnic University Bucharest (Romania). He is the recipient of the 2018 ACM PODS Test of Time Award, a Jean D\u2019Alembert Fellowship from the University Paris-Saclay, the Alfred P.Sloan Fellowship, the ACM SIGMOD 2006 Top-3 Best Paper Award, and an NSF CAREER award.<\/p>\n<p>&nbsp;<br \/><span style=\"color:#72c02c;font-weight:bold;font-size:19px\">DENNIS SHASHA (NYU, USA)<\/span><br \/>\n<span style=\"color: #01357f\"><b>SafePredict: a Meta-algorithm for Machine Learning to Guarantee Correctness by Refusing Occasionally<\/b><\/span><br \/>\n<img decoding=\"async\" src=\"https:\/\/sbbd.org.br\/2018\/wp-content\/uploads\/sites\/5\/2018\/08\/file.png\" style=\"vertical-align:middle\"> <a href=\"https:\/\/sbbd.org.br\/2018\/wp-content\/uploads\/sites\/5\/2018\/08\/keynote-shasha.pdf\" rel=\"noopener\" target=\"_blank\">Keynote presentation<\/a><\/p>\n<p>We propose a meta-algorithm to reduce the error rate of state-of-the-art machine learning algorithms by refusing to make predictions in certain cases even when the underlying algorithms suggest predictions. Intuitively, our SafePredict approach estimates the likelihood that a prediction will be in error and when that likelihood is high, the approach refuses to go along with that prediction. Unlike other approaches, we can probabilistically guarantee an error rate on predictions we do make (denoted the <i>decisive predictions<\/i>). Empirically on seven diverse data sets from genomics, ecology, image-recognition, and gaming, our method can probabilistically guarantee to reduce the error rate to 1\/4 of what it is in the state-of-the-art machine learning algorithm at a cost of between 11% and 58% refusals. Competing state-of-the-art methods refuse at roughly twice the rate of ours (sometimes refusing all suggested predictions).<\/p>\n<p><img loading=\"lazy\" decoding=\"async\" style=\"margin-top: 10px;margin-right: 10px;float: left\" src=\"https:\/\/sbbd.org.br\/2018\/wp-content\/uploads\/sites\/5\/2018\/06\/shasha.jpg\" width=\"150\" height=\"150\" \/>Dennis Shasha is a Julius Silver Professor of computer science at the Courant Institute of New York University (NYU) and an Associate Director of NYU Wireless. He works on meta-algorithms for machine learning to achieve guaranteed correctness rates, with biologists on pattern discovery for network inference; with computational chemists on algorithms for protein design; with physicists and financial people on algorithms for time series; on clocked computation for DNA computing; and on computational reproducibility. Other areas of interest include database tuning as well as tree and graph matching. Because he likes to type, he has written six books of puzzles about a mathematical detective named Dr. Ecco, a biography about great computer scientists, and a book about the future of computing. He has also written five technical books about database tuning, biological pattern recognition, time series, DNA computing, resampling statistics, and causal inference in molecular networks. He has co-authored over eighty journal papers, seventy conference papers, and twenty-five patents. He has written the puzzle column for various publications including Scientific American, Dr. Dobb&#8217;s Journal, and the Communications of the ACM. He is a fellow of the ACM and an INRIA International Chair.<\/p>\n","protected":false},"excerpt":{"rendered":"<p>S\u00c9RGIO LIFSCHITZ (PUC-Rio, Brazil) SBBD &#8211; Para Que e Para Quem? Neste ano de 2018, o 33o SBBD acontece junto&hellip; <\/p>\n","protected":false},"author":10,"featured_media":0,"parent":0,"menu_order":0,"comment_status":"closed","ping_status":"closed","template":"","meta":{"footnotes":""},"class_list":["post-87","page","type-page","status-publish","hentry"],"_links":{"self":[{"href":"https:\/\/sbbd.org.br\/2018\/wp-json\/wp\/v2\/pages\/87","targetHints":{"allow":["GET"]}}],"collection":[{"href":"https:\/\/sbbd.org.br\/2018\/wp-json\/wp\/v2\/pages"}],"about":[{"href":"https:\/\/sbbd.org.br\/2018\/wp-json\/wp\/v2\/types\/page"}],"author":[{"embeddable":true,"href":"https:\/\/sbbd.org.br\/2018\/wp-json\/wp\/v2\/users\/10"}],"replies":[{"embeddable":true,"href":"https:\/\/sbbd.org.br\/2018\/wp-json\/wp\/v2\/comments?post=87"}],"version-history":[{"count":110,"href":"https:\/\/sbbd.org.br\/2018\/wp-json\/wp\/v2\/pages\/87\/revisions"}],"predecessor-version":[{"id":994,"href":"https:\/\/sbbd.org.br\/2018\/wp-json\/wp\/v2\/pages\/87\/revisions\/994"}],"wp:attachment":[{"href":"https:\/\/sbbd.org.br\/2018\/wp-json\/wp\/v2\/media?parent=87"}],"curies":[{"name":"wp","href":"https:\/\/api.w.org\/{rel}","templated":true}]}}