{"id":634,"date":"2018-07-17T19:44:36","date_gmt":"2018-07-17T19:44:36","guid":{"rendered":"http:\/\/sbbd.org.br\/2018\/?page_id=634"},"modified":"2018-08-28T11:08:43","modified_gmt":"2018-08-28T11:08:43","slug":"technical-sessions","status":"publish","type":"page","link":"https:\/\/sbbd.org.br\/2018\/technical-sessions\/","title":{"rendered":"Technical Sessions"},"content":{"rendered":"<p><span style=\"color: #01357f\"><b>TECHNICAL SESSION 01: Workflow Applications and Databases \/ Data Modeling \/ Self-managed and Autonomic Databases<\/b><\/span><br \/>\n<span style=\"color: #72c02c\"><b>Session Chair: <\/b>Eduardo Ogasawara (CEFET\/RJ)<br \/>\n<b>Sat, 25 Aug &#8211; Room: <\/b>Maracan\u00e3<\/span><\/p>\n<p>[08:00] <b>WANQA: uma Abordagem para Identificar Novas Quest\u00f5es N\u00e3o Respond\u00edveis em Comunidades de Perguntas e Respostas (full paper)<\/b><br \/>\n<img decoding=\"async\" src=\"https:\/\/sbbd.org.br\/2018\/wp-content\/uploads\/sites\/5\/2018\/07\/people.png\" style=\"vertical-align:middle\"> Lucas V. Knochenhauer (UFSC), Carina F. Dorneles (UFSC), Leandro K. Wives (UFRGS)<\/p>\n<p>[08:25] <b>SmartLTM: Smart Larger-Than-Memory Storage for Hybrid Database Systems (full paper)<\/b><br \/>\n<img decoding=\"async\" src=\"https:\/\/sbbd.org.br\/2018\/wp-content\/uploads\/sites\/5\/2018\/07\/people.png\" style=\"vertical-align:middle\"> Paulo R.P. Amora (UFC), Elvis M. Teixeira (UFC), Francisco D.B.S. Praciano (UFC), Javam C. Machado (UFC)<\/p>\n<p>[08:50] <b>An Elastic Multi-Core Allocation Mechanism for Database Systems (distinguished paper)<\/b><br \/>\n<img decoding=\"async\" src=\"https:\/\/sbbd.org.br\/2018\/wp-content\/uploads\/sites\/5\/2018\/07\/people.png\" style=\"vertical-align:middle\"> Simone Dominico (UFPR), Eduardo C. de Almeida (UFPR), Jorge A. Meira (UniLu, Luxembourg), Marco A.Z. Alves (UFPR)<\/p>\n<p>[09:15] <b>Rumo \u00e0 Integra\u00e7\u00e3o da \u00c1lgebra de Workflows com o Processamento de Consulta Relacional (short paper)<\/b><br \/>\n<img decoding=\"async\" src=\"https:\/\/sbbd.org.br\/2018\/wp-content\/uploads\/sites\/5\/2018\/07\/people.png\" style=\"vertical-align:middle\"> Jo\u00e3o Antonio Ferreira (CEFET\/RJ), Jorge Soares (CEFET\/RJ), Fabio Porto (LNCC), Esther Pacitti (Inria &amp; U Montpellier, France), Rafaelli Coutinho (CEFET\/RJ), Eduardo Ogasawara (CEFET\/RJ)<\/p>\n<p>[09:30] <b>FReeP: towards Parameter Recommendation in Scientific Workflows Using Preference Learning (short paper)<\/b><br \/>\n<img decoding=\"async\" src=\"https:\/\/sbbd.org.br\/2018\/wp-content\/uploads\/sites\/5\/2018\/07\/people.png\" style=\"vertical-align:middle\"> Daniel Silva Jr (UFF), Aline Paes (UFF), Esther Pacitti (Inria, LIRMM &amp; U Montpellier, France), Daniel de Oliveira (UFF)<\/p>\n<p>[09:45] <b>Time Series Forecasting for Purposes of Irrigation Management Process (short paper)<\/b><br \/>\n<img decoding=\"async\" src=\"https:\/\/sbbd.org.br\/2018\/wp-content\/uploads\/sites\/5\/2018\/07\/people.png\" style=\"vertical-align:middle\"> Dieinison Braga (UFC), Ticiana L. Coelho da Silva (UFC), Atslands Rocha (UFC), Gustavo Coutinho (UFC), Regis P. Magalh\u00e3es (UFC), Paulo T. Guerra (UFC), Jose A. F. de Mac\u00eado (UFC)<\/p>\n<p><span style=\"color: #01357f\"><b><br \/>TECHNICAL SESSION 02: Database Design and Data Semantics \/ Semantic Web, Linked Data and Ontologies<\/b><\/span><br \/>\n<span style=\"color: #72c02c\"><b>Session Chair: <\/b>Ticiana Linhares (UFC)<br \/>\n<b>Sat, 25 Aug &#8211; Room: <\/b>Catedral<\/span><\/p>\n<p>[08:00] <b>Armazenamento Otimizado de dados RDF em um SGBD Relacional (full paper)<\/b><br \/>\n<img decoding=\"async\" src=\"https:\/\/sbbd.org.br\/2018\/wp-content\/uploads\/sites\/5\/2018\/07\/people.png\" style=\"vertical-align:middle\"> Rafael L. Prado (UFPR), Rebeca Schroeder (UDESC), Carmem S. Hara (UFPR)<\/p>\n<p>[08:25] <b>REALM: um Framework Computacional para Investigar os Impactos de Pesquisas Atrav\u00e9s de M\u00e9tricas Alternativas (full paper)<\/b><br \/>\n<img decoding=\"async\" src=\"https:\/\/sbbd.org.br\/2018\/wp-content\/uploads\/sites\/5\/2018\/07\/people.png\" style=\"vertical-align:middle\"> Lu\u00eds Fernando Monsores Passos Maia (UFRJ), Jonice Oliveira (UFRJ)<\/p>\n<p>[08:50] <b>Meta-alinhamento de Ontologias Utilizando a Abordagem Presa-predador (full paper)<\/b><br \/>\n<img decoding=\"async\" src=\"https:\/\/sbbd.org.br\/2018\/wp-content\/uploads\/sites\/5\/2018\/07\/people.png\" style=\"vertical-align:middle\"> Nicolas Ferranti (UFJF), St\u00eanio S\u00e3 Ros\u00e1rio Furtado Soares (UFJF), Jairo F. De Souza (UFJF)<\/p>\n<p>[09:15] <b>Processamento de Consultas SPARQL em uma Base Relacional de Entidades (short paper)<\/b><br \/>\n<img decoding=\"async\" src=\"https:\/\/sbbd.org.br\/2018\/wp-content\/uploads\/sites\/5\/2018\/07\/people.png\" style=\"vertical-align:middle\"> Jo\u00e3o G. Pauluk (UFPR), Mariana M. Garcez Duarte (UFPR), Rafael L. Prado (UFPR), Carmem S. Hara (UFPR)<\/p>\n<p>[09:30] <b>Pytology: rumo ao C\u00e1lculo de Relev\u00e2ncia sobre Dados RDF (short paper)<\/b><br \/>\n<img decoding=\"async\" src=\"https:\/\/sbbd.org.br\/2018\/wp-content\/uploads\/sites\/5\/2018\/07\/people.png\" style=\"vertical-align:middle\"> Victor V. Barros Leal (UFC), Jos\u00e9 Ant\u00f4nio F de Macedo (UFC), Lucas Peres Gaspar (UFC), David Ara\u00fajo Abreu (UFC)<\/p>\n<p>[09:45] <b>Uma Abordagem para Caracteriza\u00e7\u00e3o de Documentos RDF Atrav\u00e9s de Esquemas Conceituais (short paper)<\/b><br \/>\n<img decoding=\"async\" src=\"https:\/\/sbbd.org.br\/2018\/wp-content\/uploads\/sites\/5\/2018\/07\/people.png\" style=\"vertical-align:middle\"> Alisson S. Maia (UDESC), Vagner Pagotti (UDESC), Rebeca Schroeder (UDESC)<\/p>\n<p><span style=\"color: #01357f\"><b><br \/>TECHNICAL SESSION 03: Information Integration and Interoperability \/ Query Languages and Processing<\/b><\/span><br \/>\n<span style=\"color: #72c02c\"><b>Session Chair: <\/b>Pedro Eugenio (Facebook Inc.)<br \/>\n<b>Sun, 26 Aug &#8211; Room: <\/b>Maracan\u00e3<\/span><\/p>\n<p>[08:00] <b>Melhorias no Processo de Blocagem para Resolu\u00e7\u00e3o de Entidades Baseadas na Relev\u00e2ncia dos Termos (full paper)<\/b><br \/>\n<img decoding=\"async\" src=\"https:\/\/sbbd.org.br\/2018\/wp-content\/uploads\/sites\/5\/2018\/07\/people.png\" style=\"vertical-align:middle\"> La\u00eds Soares Caldeira (UFOP), Anderson Almeida Ferreira (UFOP)<\/p>\n<p>[08:25] <b>Finding Top-k Sequences over Data Streams According to Temporal Conditional Preferences (full paper)<\/b><br \/>\n<img decoding=\"async\" src=\"https:\/\/sbbd.org.br\/2018\/wp-content\/uploads\/sites\/5\/2018\/07\/people.png\" style=\"vertical-align:middle\"> Marcos Roberto Ribeiro (IFMG), Maria Camila N. Barioni (UFU), Sandra de Amo (UFU), Claudia Roncancio (U Grenoble Alpes, France), Cyril Labb\u00e9 (U Grenoble Alpes, France)<\/p>\n<p>[08:50] <b>Constellation Queries over Big Data (full paper)<\/b><br \/>\n<img decoding=\"async\" src=\"https:\/\/sbbd.org.br\/2018\/wp-content\/uploads\/sites\/5\/2018\/07\/people.png\" style=\"vertical-align:middle\"> Fabio Porto (LNCC), Amir Khatibi (UFMG), Jo\u00e3o N. Rittmeyer (LNCC), Eduardo Ogasawara (CEFET\/RJ), Patrick Valduriez (INRIA, France), Dennis Shasha (NYU, USA)<\/p>\n<p>[09:15] <b>GovDadosMB: um Framework de Governan\u00e7a de Dados Corporativos para a Marinha do Brasil (short paper)<\/b><br \/>\n<img decoding=\"async\" src=\"https:\/\/sbbd.org.br\/2018\/wp-content\/uploads\/sites\/5\/2018\/07\/people.png\" style=\"vertical-align:middle\"> Marta Rigaud Faria (IME), Madalena Lopes e Silva (IME), Kelli de Faria Cordeiro (CASNAV)<\/p>\n<p>[09:30] <b>LinkedECG: uma Abordagem para a Integra\u00e7\u00e3o e Publica\u00e7\u00e3o de Dados de Eletrocardiograma (short paper)<\/b><br \/>\n<img decoding=\"async\" src=\"https:\/\/sbbd.org.br\/2018\/wp-content\/uploads\/sites\/5\/2018\/07\/people.png\" style=\"vertical-align:middle\"> Douglas Torquato (UFC), Daniel Rodrigues (UFC), Jos\u00e9 Maria Monteiro (UFC), Jo\u00e3o Paulo Madeiro (UNILAB), Angelo Brayner (UFC), V\u00e2nia Vidal (UFC), Narciso Arruda (UFC), Tiago Vinuto (UFC)<\/p>\n<p><span style=\"color: #01357f\"><b><br \/>TECHNICAL SESSION 04: Data Mining and Machine Learning<\/b><\/span><br \/>\n<span style=\"color: #72c02c\"><b>Session Chair: <\/b>Victor Stroele (UFJF)<br \/>\n<b>Sun, 26 Aug &#8211; Room: <\/b>Catedral<\/span><\/p>\n<p>[08:00] <b>Emotion Analysis of Reaction to Terrorism on Twitter (full paper)<\/b><br \/>\n<img decoding=\"async\" src=\"https:\/\/sbbd.org.br\/2018\/wp-content\/uploads\/sites\/5\/2018\/07\/people.png\" style=\"vertical-align:middle\"> Jonathas G.D. Harb (UFRGS), Karin Becker (UFRGS)<\/p>\n<p>[08:25] <b>PrivLBS: uma Abordagem para Preserva\u00e7\u00e3o de Privacidade de Dados em Servi\u00e7os Baseados em Localiza\u00e7\u00e3o (full paper)<\/b><br \/>\n<img decoding=\"async\" src=\"https:\/\/sbbd.org.br\/2018\/wp-content\/uploads\/sites\/5\/2018\/07\/people.png\" style=\"vertical-align:middle\"> Eduardo R.D. Neto (UFC), Andr\u00e9 L.C. Mendon\u00e7a (UFC), Felipe T. Brito (UFC), Javam C. Machado (UFC)<\/p>\n<p>[08:50] <b>Correlating Educational Documents from Different Sources through Graphs and Taxonomies (full paper)<\/b><br \/>\n<img decoding=\"async\" src=\"https:\/\/sbbd.org.br\/2018\/wp-content\/uploads\/sites\/5\/2018\/07\/people.png\" style=\"vertical-align:middle\"> M\u00e1rcio de Carvalho Saraiva (UNICAMP), Claudia Bauzer Medeiros (UNICAMP)<\/p>\n<p>[09:15] <b>Investigando a Rela\u00e7\u00e3o das Refatora\u00e7\u00f5es de C\u00f3digo com os Sentimentos de Mensagens de Commit (short paper)<\/b><br \/>\n<img decoding=\"async\" src=\"https:\/\/sbbd.org.br\/2018\/wp-content\/uploads\/sites\/5\/2018\/07\/people.png\" style=\"vertical-align:middle\"> Jord\u00e3o M. de Souza (UFC), Ticiana L. Coelho da Silva (UFC), Criston P. de Souza (UFC), Carla Ilane Moreira (UFC), Lincoln Rocha (UFC), Jos\u00e9 Ant\u00f4nio F. de Mac\u00eado (UFC)<\/p>\n<p>[09:30] <b>Apoiando o Processo de Imputa\u00e7\u00e3o com T\u00e9cnicas de Aprendizado de M\u00e1quina (short paper)<\/b><br \/>\n<img decoding=\"async\" src=\"https:\/\/sbbd.org.br\/2018\/wp-content\/uploads\/sites\/5\/2018\/07\/people.png\" style=\"vertical-align:middle\"> Rodrigo Tavares de Souza (CEFET\/RJ), Rafael Castaneda Ribeiro (CEFET\/RJ), Claudia Ferlin (PUC-Rio), Ronaldo Ribeiro Goldschmidt (IME), Luis Alfredo V. Carvalho (UFRJ), Jorge de Abreu Soares (CEFET\/RJ)<\/p>\n<p>[09:45] <b>Uma Estrat\u00e9gia Eficiente de Treinamento para Programa\u00e7\u00e3o Gen\u00e9tica Aplicada a Deduplica\u00e7\u00e3o de Registros (short paper)<\/b><br \/>\n<img decoding=\"async\" src=\"https:\/\/sbbd.org.br\/2018\/wp-content\/uploads\/sites\/5\/2018\/07\/people.png\" style=\"vertical-align:middle\"> Davi Guimar\u00e3es da Silva (IFPA), Mois\u00e9s Gomes de Carvalho (UFAM), Duivilly Brito (UFAM)<\/p>\n<p><span style=\"color: #01357f\"><b><br \/>TECHNICAL SESSION 05: Data Analytics and Data Visualization<\/b><\/span><br \/>\n<span style=\"color: #72c02c\"><b>Session Chair: <\/b>Rebeca Schroeder Freitas (UDESC)<br \/>\n<b>Sun, 26 Aug &#8211; Room: <\/b>Maracan\u00e3<\/span><\/p>\n<p>[10:30] <b>Caracteriza\u00e7\u00e3o e Compara\u00e7\u00e3o das Campanhas do Outubro Rosa e Novembro Azul no Twitter (full paper)<\/b><br \/>\n<img decoding=\"async\" src=\"https:\/\/sbbd.org.br\/2018\/wp-content\/uploads\/sites\/5\/2018\/07\/people.png\" style=\"vertical-align:middle\"> Roberto Walter (UFFS), Karin Becker (UFRGS)<\/p>\n<p>[10:55] <b>An\u00e1lise de Colabora\u00e7\u00e3o em Desenvolvimento Global de Software (full paper)<\/b><br \/>\n<img decoding=\"async\" src=\"https:\/\/sbbd.org.br\/2018\/wp-content\/uploads\/sites\/5\/2018\/07\/people.png\" style=\"vertical-align:middle\"> Vitor A.C. Horta (UFJF), Victor Str\u00f6ele (UFJF), Jonice Oliveira (UFRJ), Regina Braga (UFJF), Jos\u00e9 Maria David (UFJF), Fernanda Campos (UFJF)<\/p>\n<p>[11:20] <b>Caracteriza\u00e7\u00e3o Topol\u00f3gica de Redes Vi\u00e1rias por Meio da An\u00e1lise de Vetores de Caracter\u00edsticas e T\u00e9cnicas de Agrupamento (full paper)<\/b><br \/>\n<img decoding=\"async\" src=\"https:\/\/sbbd.org.br\/2018\/wp-content\/uploads\/sites\/5\/2018\/07\/people.png\" style=\"vertical-align:middle\"> Gabriel Spadon (USP), Lucas C. Scabora (USP), Marcos R. Nesso Jr (USP), Caetano Traina Jr (USP), Jose F. Rodrigues Jr (USP)<\/p>\n<p>[11:45] <b>Detec\u00e7\u00e3o de Anomalias Frequentes no Transporte Rodovi\u00e1rio Urbano (short paper)<\/b><br \/>\n<img decoding=\"async\" src=\"https:\/\/sbbd.org.br\/2018\/wp-content\/uploads\/sites\/5\/2018\/07\/people.png\" style=\"vertical-align:middle\"> Ana Beatriz Cruz (CEFET\/RJ), Jo\u00e3o Ferreira (CEFET\/RJ), Diego Carvalho (CEFET\/RJ), Eduardo Mendes (FGV), Esther Pacitti (Inria &amp; U Montpellier, France), Rafaelli Coutinho (CEFET\/RJ), Fabio Porto (LNCC), Eduardo Ogasawara (CEFET\/RJ)<\/p>\n<p>[12:00] <b>Arquitetura para Cocuradoria de Dados de Conhecimento Popular Integrados por Meio de Linked Open Data (short paper)<\/b><br \/>\n<img decoding=\"async\" src=\"https:\/\/sbbd.org.br\/2018\/wp-content\/uploads\/sites\/5\/2018\/07\/people.png\" style=\"vertical-align:middle\"> Marcela Mayumi Mauricio Yagui (UFRJ), Adriana S. Vivacqua (UFRJ)<\/p>\n<p>[12:15] <b>Utiliza\u00e7\u00e3o de Redes Heterog\u00eaneas para Medir a For\u00e7a dos Relacionamentos no GitHub (short paper)<\/b><br \/>\n<img decoding=\"async\" src=\"https:\/\/sbbd.org.br\/2018\/wp-content\/uploads\/sites\/5\/2018\/07\/people.png\" style=\"vertical-align:middle\"> Gabriel P. Oliveira (UFMG), Nat\u00e9rcia A. Batista (UFMG), Michele A. Brand\u00e3o (UFMG), Mirella M. Moro (UFMG)<\/p>\n<p><span style=\"color: #01357f\"><b><br \/>TECHNICAL SESSION 06: Performance Evaluation and Benchmarking \/ Concurrency Control and Recovery<\/b><\/span><br \/>\n<span style=\"color: #72c02c\"><b>Session Chair: <\/b>Angelo Brayner (UFC)<br \/>\n<b>Sun, 26 Aug &#8211; Room: <\/b>Catedral<\/span><\/p>\n<p>[10:30] <b>Workload-aware Parameter Selection and Performance Prediction for In-memory Databases (full paper)<\/b><br \/>\n<img decoding=\"async\" src=\"https:\/\/sbbd.org.br\/2018\/wp-content\/uploads\/sites\/5\/2018\/07\/people.png\" style=\"vertical-align:middle\"> Maria I.V. Lima (UFC), Victor A.E. de Farias (UFC), Francisco D.B.S. Praciano (UFC), Javam C. Machado (UFC)<\/p>\n<p>[10:55] <b>Database Tuning with Partial Indexes (full paper)<\/b><br \/>\n<img decoding=\"async\" src=\"https:\/\/sbbd.org.br\/2018\/wp-content\/uploads\/sites\/5\/2018\/07\/people.png\" style=\"vertical-align:middle\"> Alain D. Fuentes (PUC-Rio), Ana Carolina Almeida (UERJ), Rog\u00e9rio Lu\u00eds de Carvalho Costa (PUC-Rio), Vanessa Braganholo (UFF), S\u00e9rgio Lifschitz (PUC-Rio)<\/p>\n<p>[11:20] <b>FLEXMVCC: uma Abordagem Flex\u00edvel para Protocolos de Controle de Concorr\u00eancia Multi-vers\u00e3o (full paper)<\/b><br \/>\n<img decoding=\"async\" src=\"https:\/\/sbbd.org.br\/2018\/wp-content\/uploads\/sites\/5\/2018\/07\/people.png\" style=\"vertical-align:middle\"> Eder C.M. Gomes (UFC), J. Filipe L. de Sousa (UFC), Paulo R.P. Amora (UFC), Javam C. Machado (UFC)<\/p>\n<p>[11:45] <b>A Distributed System for SearchOnMath Based on the Microsoft BizSpark Program (short paper)<\/b><br \/>\n<img decoding=\"async\" src=\"https:\/\/sbbd.org.br\/2018\/wp-content\/uploads\/sites\/5\/2018\/07\/people.png\" style=\"vertical-align:middle\"> Ricardo M. Oliveira (UNIFAL), Flavio B. Gonzaga (UNIFAL), Valmir C. Barbosa (UFRJ), Geraldo B. Xex\u00e9o (UFRJ)<\/p>\n<p>[12:00] <b>Anonimiza\u00e7\u00e3o de Streaming de Dados em DOCA (short paper)<\/b><br \/>\n<img decoding=\"async\" src=\"https:\/\/sbbd.org.br\/2018\/wp-content\/uploads\/sites\/5\/2018\/07\/people.png\" style=\"vertical-align:middle\"> Bruno C. Leal (UFC), Israel C. Vidal (UFC), Javam C. Machado (UFC)<\/p>\n<p>[12:15] <b>Um Estudo Comparativo entre Algoritmos de Prote\u00e7\u00e3o da Privacidade Aplicado \u00e0 Bases de Dados na \u00c1rea de Sa\u00fade (short paper)<\/b><br \/>\n<img decoding=\"async\" src=\"https:\/\/sbbd.org.br\/2018\/wp-content\/uploads\/sites\/5\/2018\/07\/people.png\" style=\"vertical-align:middle\"> Francimaria Nascimento (UFRN), Karliane Vale (UFRN &#8211; Caic\u00f3), Flavius Gorg\u00f4nio (UFRN &#8211; Caic\u00f3)<\/p>\n","protected":false},"excerpt":{"rendered":"<p>TECHNICAL SESSION 01: Workflow Applications and Databases \/ Data Modeling \/ Self-managed and Autonomic Databases Session Chair: Eduardo Ogasawara (CEFET\/RJ)&hellip; <\/p>\n","protected":false},"author":10,"featured_media":0,"parent":0,"menu_order":0,"comment_status":"closed","ping_status":"closed","template":"","meta":{"footnotes":""},"class_list":["post-634","page","type-page","status-publish","hentry"],"_links":{"self":[{"href":"https:\/\/sbbd.org.br\/2018\/wp-json\/wp\/v2\/pages\/634","targetHints":{"allow":["GET"]}}],"collection":[{"href":"https:\/\/sbbd.org.br\/2018\/wp-json\/wp\/v2\/pages"}],"about":[{"href":"https:\/\/sbbd.org.br\/2018\/wp-json\/wp\/v2\/types\/page"}],"author":[{"embeddable":true,"href":"https:\/\/sbbd.org.br\/2018\/wp-json\/wp\/v2\/users\/10"}],"replies":[{"embeddable":true,"href":"https:\/\/sbbd.org.br\/2018\/wp-json\/wp\/v2\/comments?post=634"}],"version-history":[{"count":56,"href":"https:\/\/sbbd.org.br\/2018\/wp-json\/wp\/v2\/pages\/634\/revisions"}],"predecessor-version":[{"id":961,"href":"https:\/\/sbbd.org.br\/2018\/wp-json\/wp\/v2\/pages\/634\/revisions\/961"}],"wp:attachment":[{"href":"https:\/\/sbbd.org.br\/2018\/wp-json\/wp\/v2\/media?parent=634"}],"curies":[{"name":"wp","href":"https:\/\/api.w.org\/{rel}","templated":true}]}}