{"id":585,"date":"2018-07-02T23:48:00","date_gmt":"2018-07-02T23:48:00","guid":{"rendered":"http:\/\/sbbd.org.br\/2018\/?page_id=585"},"modified":"2018-08-28T11:14:29","modified_gmt":"2018-08-28T11:14:29","slug":"accepted-wtdbd-papers","status":"publish","type":"page","link":"https:\/\/sbbd.org.br\/2018\/accepted-wtdbd-papers\/","title":{"rendered":"WTDBD Papers"},"content":{"rendered":"<p><b>Combining Meta-Heuristics and Linear Programming to Address Ontology Meta-Matching Problem<\/b><br \/>\n<img decoding=\"async\" src=\"https:\/\/sbbd.org.br\/2018\/wp-content\/uploads\/sites\/5\/2018\/07\/people.png\" style=\"vertical-align:middle\"> Nicolas Ferranti (UFJF), Jairo Souza (UFJF), St\u00eanio S\u00e3 Ros\u00e1rio Soares (UFJF)<\/p>\n<p><b>Alinhamento de Grandes Ontologias com Recurso de Banco de Dados NoSQL e Utiliza\u00e7\u00e3o de Workflow Cient\u00edfico<\/b><br \/>\n<img decoding=\"async\" src=\"https:\/\/sbbd.org.br\/2018\/wp-content\/uploads\/sites\/5\/2018\/07\/people.png\" style=\"vertical-align:middle\"> Luciana Perciliano (UNIRIO), Fernanda Bai\u00e3o (UNIRIO)<\/p>\n<p><b>Effective Method for Detecting Drunk Texting<\/b><br \/>\n<img decoding=\"async\" src=\"https:\/\/sbbd.org.br\/2018\/wp-content\/uploads\/sites\/5\/2018\/07\/people.png\" style=\"vertical-align:middle\"> Marcos Grze\u00e7a (UFRGS), Renata Galante (UFRGS), Karin Becker (UFRGS)<\/p>\n<p><b>Publica\u00e7\u00e3o de Dados Abertos Conectados sobre os Transplantes Realizados no IMIP<\/b><br \/>\n<img decoding=\"async\" src=\"https:\/\/sbbd.org.br\/2018\/wp-content\/uploads\/sites\/5\/2018\/07\/people.png\" style=\"vertical-align:middle\"> Rayelle Muniz (UFPE), Bernadette Loscio (UFPE)<\/p>\n<p><b>Versionamento de Conjuntos de Dados Publicados na Web<\/b><br \/>\n<img decoding=\"async\" src=\"https:\/\/sbbd.org.br\/2018\/wp-content\/uploads\/sites\/5\/2018\/07\/people.png\" style=\"vertical-align:middle\"> Wilker Santos (UFPE), Bernadette Loscio (UFPE)<\/p>\n<p><b>Caracteriza\u00e7\u00e3o e Compara\u00e7\u00e3o das Campanhas do Outubro Rosa e Novembro Azul no Twitter<\/b><br \/>\n<img decoding=\"async\" src=\"https:\/\/sbbd.org.br\/2018\/wp-content\/uploads\/sites\/5\/2018\/07\/people.png\" style=\"vertical-align:middle\"> Roberto Walter (UFFS), Karin Becker (UFRGS)<\/p>\n<p><b>A Framework for Identification and Monitoring of Profiles and Behaviors of Users Based on Mobile App Usage<\/b><br \/>\n<img decoding=\"async\" src=\"https:\/\/sbbd.org.br\/2018\/wp-content\/uploads\/sites\/5\/2018\/07\/people.png\" style=\"vertical-align:middle\"> Nielsen Machado (PUCRS), Duncan Ruiz (PUCRS)<\/p>\n<p><b>An Autonomous Hybrid Data Partition for NewSQL DBs<\/b><br \/>\n<img decoding=\"async\" src=\"https:\/\/sbbd.org.br\/2018\/wp-content\/uploads\/sites\/5\/2018\/07\/people.png\" style=\"vertical-align:middle\"> Geomar Schreiner (UFSC), Denio Duarte (UFFS), Ronaldo Mello (UFSC)<\/p>\n<p><b>Avalia\u00e7\u00e3o da Sa\u00fade de Ecossistemas de Dados<\/b><br \/>\n<img decoding=\"async\" src=\"https:\/\/sbbd.org.br\/2018\/wp-content\/uploads\/sites\/5\/2018\/07\/people.png\" style=\"vertical-align:middle\"> Gl\u00f3ria Lima (UFPE), Bernadette Loscio (UFPE), Marcelo Iury S . Oliveira (UFPE)<\/p>\n<p><b>A Process for Reverse Engineering of Aggregate-Oriented NoSQL Databases with Emphasis on Geographic Data<\/b><br \/>\n<img decoding=\"async\" src=\"https:\/\/sbbd.org.br\/2018\/wp-content\/uploads\/sites\/5\/2018\/07\/people.png\" style=\"vertical-align:middle\"> Angelo Frozza (IFC), Ronaldo Mello (UFSC)<\/p>\n<p><b>Partitioning Very Large de Bruijn Graphs for Genome Assembly<\/b><br \/>\n<img decoding=\"async\" src=\"https:\/\/sbbd.org.br\/2018\/wp-content\/uploads\/sites\/5\/2018\/07\/people.png\" style=\"vertical-align:middle\"> Julio Omar Prieto Entenza (PUC-Rio), Sergio Lifschitz (PUC-Rio)<\/p>\n","protected":false},"excerpt":{"rendered":"<p>Combining Meta-Heuristics and Linear Programming to Address Ontology Meta-Matching Problem Nicolas Ferranti (UFJF), Jairo Souza (UFJF), St\u00eanio S\u00e3 Ros\u00e1rio Soares&hellip; <\/p>\n","protected":false},"author":10,"featured_media":0,"parent":0,"menu_order":0,"comment_status":"closed","ping_status":"closed","template":"","meta":{"footnotes":""},"class_list":["post-585","page","type-page","status-publish","hentry"],"_links":{"self":[{"href":"https:\/\/sbbd.org.br\/2018\/wp-json\/wp\/v2\/pages\/585","targetHints":{"allow":["GET"]}}],"collection":[{"href":"https:\/\/sbbd.org.br\/2018\/wp-json\/wp\/v2\/pages"}],"about":[{"href":"https:\/\/sbbd.org.br\/2018\/wp-json\/wp\/v2\/types\/page"}],"author":[{"embeddable":true,"href":"https:\/\/sbbd.org.br\/2018\/wp-json\/wp\/v2\/users\/10"}],"replies":[{"embeddable":true,"href":"https:\/\/sbbd.org.br\/2018\/wp-json\/wp\/v2\/comments?post=585"}],"version-history":[{"count":2,"href":"https:\/\/sbbd.org.br\/2018\/wp-json\/wp\/v2\/pages\/585\/revisions"}],"predecessor-version":[{"id":965,"href":"https:\/\/sbbd.org.br\/2018\/wp-json\/wp\/v2\/pages\/585\/revisions\/965"}],"wp:attachment":[{"href":"https:\/\/sbbd.org.br\/2018\/wp-json\/wp\/v2\/media?parent=585"}],"curies":[{"name":"wp","href":"https:\/\/api.w.org\/{rel}","templated":true}]}}