{"id":878,"date":"2017-03-20T15:07:54","date_gmt":"2017-03-20T18:07:54","guid":{"rendered":"http:\/\/sbbd.org.br\/2017\/?page_id=878"},"modified":"2017-10-17T22:14:16","modified_gmt":"2017-10-18T01:14:16","slug":"ctdbd","status":"publish","type":"page","link":"https:\/\/sbbd.org.br\/2017\/index.php\/ctdbd\/","title":{"rendered":"THESIS AND DISSERTATIONS CONTEST"},"content":{"rendered":"<p><strong>II Concurso de Teses e Disserta\u00e7\u00f5es em Bancos de Dados \u2013 SBBD CTD 2017<\/strong><\/p>\n<p><a href=\"https:\/\/www.sbc.org.br\/sbbd\/2017\/ctdbd\">https:\/\/www.sbc.org.br\/sbbd\/2017\/ctdbd<\/a><\/p>\n<p><strong>SBBD-CTD 2017<\/strong><\/p>\n<p><strong>Chamada &#8211; Submiss\u00f5es<\/strong><\/p>\n<p><strong>Segundo\u00a0Ciclo:<\/strong><\/p>\n<p>14\/07\/2017: Registro do Resumo<br \/>\n20\/07\/2017: data limite para envio da tese ou disserta\u00e7\u00e3o, do artigo, do certificado de conclus\u00e3o e e-mail do orientador<br \/>\n31\/08\/2017: divulga\u00e7\u00e3o dos finalistas<br \/>\n10\/09\/2017: data limite para envio da vers\u00e3o final do artigo (para os 3 finalistas)<\/p>\n<p><strong>Primeiro Ciclo:<\/strong><\/p>\n<p><del>Data Limite de Submiss\u00e3o: 20 DE MAIO DE 2017<\/del><br \/>\n<del>Notifica\u00e7\u00e3o dos autores: 20 DE AGOSTO 2017<\/del><br \/>\n<del>Envio da vers\u00e3o final: 02 DE SETEMBRO DE 2017<\/del><\/p>\n<p>O II Concurso de Teses e Disserta\u00e7\u00f5es (CTDBD) do SBBD selecionar\u00e1 e premiar\u00e1 as melhores teses de doutorado e disserta\u00e7\u00f5es de mestrado da \u00e1rea de Banco de Dados do pa\u00eds conclu\u00eddas, defendidas e aprovadas, no per\u00edodo de 1\u00ba de janeiro de 2015 a 31 de dezembro de 2016. Podem concorrer as teses e disserta\u00e7\u00f5es relacionadas com os temas listados na chamada de trabalhos do SBBD 2017.<\/p>\n<p>As teses e disserta\u00e7\u00f5es que concorrerem nesta edi\u00e7\u00e3o ser\u00e3o avaliadas de acordo com os resultados cient\u00edficos e tecnol\u00f3gicos gerados pelo trabalho, assim como pelo seu potencial de impacto na sociedade e no estado da arte na \u00e1rea de Computa\u00e7\u00e3o.<\/p>\n<p><strong>Processo de sele\u00e7\u00e3o<\/strong><\/p>\n<p>Os trabalhos submetidos passar\u00e3o por uma etapa inicial de sele\u00e7\u00e3o para a indica\u00e7\u00e3o das melhores teses de doutorado e disserta\u00e7\u00f5es de mestrado de 2015 e 2016. O processo de sele\u00e7\u00e3o consiste, inicialmente, na revis\u00e3o de cada trabalho por, pelo menos, tr\u00eas especialistas que analisar\u00e3o o material submetido pelos autores (vide informa\u00e7\u00f5es na se\u00e7\u00e3o \u201cSubmiss\u00e3o de Trabalhos\u201d). Ap\u00f3s a fase de revis\u00e3o e an\u00e1lise, ser\u00e1 realizada uma etapa de discuss\u00e3o entre integrantes do Comit\u00ea de Avalia\u00e7\u00e3o para a sele\u00e7\u00e3o dos trabalhos aceitos. Os trabalhos selecionados ser\u00e3o apresentados durante o XXXII Simp\u00f3sio Brasileiro de Banco de Dados (SBBD), em Uberl\u00e2ndia. Para fins de premia\u00e7\u00e3o, ser\u00e1 avaliada tamb\u00e9m a qualidade dessa apresenta\u00e7\u00e3o oral. Os autores que n\u00e3o apresentarem seus trabalhos no SBBD n\u00e3o concorrer\u00e3o aos pr\u00eamios. Dentre os trabalhos que cumprirem os requisitos estabelecidos, ser\u00e3o premiados at\u00e9 6 (seis) trabalhos, correspondentes \u00e0s 3 (tr\u00eas) melhores teses de doutorado e \u00e0s 3 (tr\u00eas) melhores disserta\u00e7\u00f5es de mestrado. Os pr\u00eamios ser\u00e3o entregues na cerim\u00f4nia de premia\u00e7\u00e3o durante o Simp\u00f3sio Brasileiro de Banco de Dados (SBBD). Os resumos das teses e disserta\u00e7\u00f5es aceitas para apresenta\u00e7\u00e3o ser\u00e3o publicados nos Anais do SBBD junto ao WTDBD.<\/p>\n<p><strong>Submiss\u00e3o de trabalhos<\/strong><\/p>\n<p>As submiss\u00f5es devem ser realizadas atrav\u00e9s do sistema EasyChair, no endere\u00e7o <a href=\"https:\/\/submissoes.sbc.org.br\/sbbd2017_ctd\" target=\"_blank\" rel=\"noopener noreferrer\">https:\/\/submissoes.sbc.org.br\/sbbd2017_ctd<\/a> .<\/p>\n<p>Cada submiss\u00e3o deve incluir os seguintes documentos:<\/p>\n<p>* Resumo sobre o trabalho de at\u00e9 seis p\u00e1ginas;<br \/>\n* Documento que comprove que a tese ou disserta\u00e7\u00e3o foi defendida e aprovada;<br \/>\n* Texto completo da tese ou disserta\u00e7\u00e3o;<\/p>\n<p>Todos os documentos submetidos devem ser enviados em formato PDF. O texto completo da tese ou disserta\u00e7\u00e3o servir\u00e1 essencialmente como fonte de consulta para os avaliadores sobre os resultados do trabalho.<\/p>\n<p>As submiss\u00f5es devem ter aprova\u00e7\u00e3o do orientador do aluno, confirmando atrav\u00e9s de e-mail enviado ao coordenador do CDT que concorda com a submiss\u00e3o e participa\u00e7\u00e3o do aluno no II CTD.<\/p>\n<p>Os resumos devem ser escritos em Portugu\u00eas ou Ingl\u00eas, respeitando o limite m\u00e1ximo de 6 (seis) p\u00e1ginas, incluindo o texto, as figuras, as refer\u00eancias e os ap\u00eandices. Os resumos devem seguir as regras de formata\u00e7\u00e3o do Simp\u00f3sio Brasileiro de Banco de Dados da Sociedade Brasileira de Computa\u00e7\u00e3o, que podem ser obtidas no s\u00edtio da confer\u00eancia.<\/p>\n<p>O texto do resumo deve deixar claras as contribui\u00e7\u00f5es, a originalidade e as possibilidades de impacto do trabalho. A organiza\u00e7\u00e3o do resumo deve apresentar obrigatoriamente: t\u00edtulo do trabalho, autor, departamento no qual foi aprovado, orientador e co-orientadores com as respectivas afilia\u00e7\u00f5es, e o texto propriamente dito.<\/p>\n<p>Al\u00e9m disso, sugere-se que o texto do resumo explicite: a motiva\u00e7\u00e3o do trabalho, caracterizando a relev\u00e2ncia do tema e os principais desafios de pesquisa tratados, seus objetivos e suas contribui\u00e7\u00f5es e resultados relevantes obtidos.<\/p>\n<p>Caso se aplique, pede-se que os autores indiquem subprodutos do trabalho, tais como patentes, programas registrados, programas de dom\u00ednio p\u00fablico\/livre (indicando as respectivas URLs), artigos publicados ou aceitos para publica\u00e7\u00e3o (com informa\u00e7\u00f5es sobre a relev\u00e2ncia dos ve\u00edculos de publica\u00e7\u00e3o em suas \u00e1reas), assim como quaisquer outros elementos que permitam qualificar o trabalho como sendo um dos melhores do pa\u00eds neste per\u00edodo. Quando necess\u00e1rio, o resumo pode fazer refer\u00eancias ao texto da tese ou disserta\u00e7\u00e3o.<\/p>\n<p>As submiss\u00f5es devem ter aprova\u00e7\u00e3o do orientador do aluno, confirmando atrav\u00e9s de email enviado ao coordenador do CDT concordando com a submiss\u00e3o e participa\u00e7\u00e3o do aluno no II CTD.<\/p>\n<p><strong>Coordena\u00e7\u00e3o<\/strong><\/p>\n<p>V\u00e2nia Maria Ponte Vidal \u2013 Universidade Federal do Cear\u00e1 \u2013 Departamento de Computa\u00e7\u00e3o<\/p>\n<p>Qualquer d\u00favida deve ser encaminhada diretamente para a coordena\u00e7\u00e3o do SBBD CTD 2017 (vvidal@lia.ufc.br)<\/p>\n<p>&nbsp;<\/p>\n<p><strong>COMIT\u00ca AVALIADOR<\/strong><\/p>\n<p>Agma Traina (ICMC-USP)<br \/>\nAltigran Soares da Silva (UFAM)<br \/>\nAna Carolina Salgado (UFPE)<br \/>\nAngelo Brayner&#8221; (UFC)<br \/>\nCaetano Traina J\u00fanior (ICMC-USP)<br \/>\nCristina Ciferri (USP)<br \/>\nFabio Andre Porto (LNCC)<br \/>\nFernanda Bai\u00e3o (UNIRIO)<br \/>\nJavam Machado (UFC)<br \/>\nJos\u00e9 Maria Monteiro (UFC)<br \/>\nLuiz Andr\u00e9 Paes Leme (UFF)<br \/>\nMarco Ant\u00f4nio Casanova (PUC-RIO)<br \/>\nMirella Moro (UFMG)<br \/>\nRenata Galante (UFRGS)<br \/>\nRenato Fileto (UFSC)<br \/>\nSergio Lifschitz (PUC-RIO)<br \/>\nVal\u00e9ria C. Times (UFPE)<\/p>\n<p>&nbsp;<\/p>\n<p><strong>[icon image=&#8221;fa fa-chevron-circle-right&#8221; size=&#8221;none&#8221; url=&#8221;&#8221;] [\/icon] Resultado Premia\u00e7\u00e3o CTD<\/strong><\/p>\n<p><strong>Doutorado<\/strong><\/p>\n<p><strong>Melhor Tese:<\/strong><\/p>\n<p>A Multi-View Approach for Assessing the Quality of Collaboratively Created Content on the Web 2.0<br \/>\nDaniel Dalip (Centro Federal de Educa\u00e7\u00e3o Tecnol\u00f3gica de Minas Gerais)<br \/>\nOrientadores: Marcos Gon\u00e7alves (Universidade Federal de Minas Gerais), Marco Cristo (UFAM)<\/p>\n<p><strong>Men\u00e7\u00e3o Honrosa:<\/strong><\/p>\n<p>Data classification in complex networks via pattern conformation, data importance and structural optimization<br \/>\nMurilo Carneiro (Universidade Federal de Uberl\u00e2ndia)<br \/>\nOrientador: Liang Zhao (Universidade de S\u00e3o Paulo)<\/p>\n<p><strong>Mestrado<\/strong><\/p>\n<p><strong>Melhor Disserta\u00e7\u00e3o:<\/strong><\/p>\n<p>Parallel Execution of Workflows Relying on Distributed Database Techniques<br \/>\nRenan Santos de Souza (UFRJ and IBM Research)<br \/>\nOrientadora: Marta Mattoso (COPPE\/UFRJ)<\/p>\n<p><strong>Men\u00e7\u00e3o Honrosa:<\/strong><\/p>\n<p>Uma Abordagem em Paralelo para Matching de Grandes Ontologias com Balanceamento de Carga<br \/>\nTiago Brasileiro Ara\u00fajo ( Universidade Federal de Campina Grande \u2013 UFCG)<br \/>\nCarlos Eduardo Santos Pires &#8211; ( Universidade Federal de Campina Grande \u2013 UFCG)<\/p>\n<p>&nbsp;<\/p>\n","protected":false},"excerpt":{"rendered":"<p>II Concurso de Teses e Disserta\u00e7\u00f5es em Bancos de Dados \u2013 SBBD CTD 2017 https:\/\/www.sbc.org.br\/sbbd\/2017\/ctdbd SBBD-CTD 2017 Chamada &#8211; Submiss\u00f5es&hellip; <\/p>\n","protected":false},"author":7,"featured_media":0,"parent":0,"menu_order":0,"comment_status":"closed","ping_status":"closed","template":"","meta":{"footnotes":""},"class_list":["post-878","page","type-page","status-publish","hentry"],"_links":{"self":[{"href":"https:\/\/sbbd.org.br\/2017\/index.php\/wp-json\/wp\/v2\/pages\/878","targetHints":{"allow":["GET"]}}],"collection":[{"href":"https:\/\/sbbd.org.br\/2017\/index.php\/wp-json\/wp\/v2\/pages"}],"about":[{"href":"https:\/\/sbbd.org.br\/2017\/index.php\/wp-json\/wp\/v2\/types\/page"}],"author":[{"embeddable":true,"href":"https:\/\/sbbd.org.br\/2017\/index.php\/wp-json\/wp\/v2\/users\/7"}],"replies":[{"embeddable":true,"href":"https:\/\/sbbd.org.br\/2017\/index.php\/wp-json\/wp\/v2\/comments?post=878"}],"version-history":[{"count":13,"href":"https:\/\/sbbd.org.br\/2017\/index.php\/wp-json\/wp\/v2\/pages\/878\/revisions"}],"predecessor-version":[{"id":1588,"href":"https:\/\/sbbd.org.br\/2017\/index.php\/wp-json\/wp\/v2\/pages\/878\/revisions\/1588"}],"wp:attachment":[{"href":"https:\/\/sbbd.org.br\/2017\/index.php\/wp-json\/wp\/v2\/media?parent=878"}],"curies":[{"name":"wp","href":"https:\/\/api.w.org\/{rel}","templated":true}]}}