{"id":676,"date":"2016-12-03T19:22:41","date_gmt":"2016-12-03T22:22:41","guid":{"rendered":"http:\/\/sbbd.org.br\/2017-teste\/?page_id=676"},"modified":"2017-07-11T14:15:07","modified_gmt":"2017-07-11T17:15:07","slug":"call-thesis-and-dissertations-worshop","status":"publish","type":"page","link":"https:\/\/sbbd.org.br\/2017\/index.php\/call-thesis-and-dissertations-worshop\/","title":{"rendered":"THESIS AND DISSERTATIONS WORSHOP"},"content":{"rendered":"<p><strong>XVI WORKSHOP DE TESES E DISSERTA\u00c7\u00d5ES EM BANCO DE DADOS (WTDBD)<\/strong><\/p>\n<p><a href=\"https:\/\/www.sbc.org.br\/sbbd\/2017\/call-thesis-and-dissertations-worshop\/\">https:\/\/www.sbc.org.br\/sbbd\/2017\/call-thesis-and-dissertations-worshop\/<\/a><\/p>\n<p>O XVI Workshop de Teses e Disserta\u00e7\u00f5es em Banco de Dados (WTDBD \u00e9 um f\u00f3rum dedicado \u00e0 discuss\u00e3o de trabalhos, em andamento, desenvolvidos por estudantes de mestrado e doutorado. O WTDBD \u00e9 evento integrante do Simp\u00f3sio Brasileiro de Banco de Dados \u2013 SBBD.<\/p>\n<p>Al\u00e9m de proporcionar um ambiente construtivo para discuss\u00f5es, onde os alunos podem obter a opini\u00e3o fundamentada de pesquisadores experientes em Banco de Dados a respeito de seus trabalhos, o f\u00f3rum permite tamb\u00e9m que estudantes possam divulgar seus resultados parciais de pesquisa e ter uma avalia\u00e7\u00e3o preliminar de seus trabalhos. Al\u00e9m disso, trata-se de uma oportunidade para a intera\u00e7\u00e3o de estudantes com uma banca de pesquisadores especialistas, que poder\u00e3o sugerir e recomendar a\u00e7\u00f5es visando o aprimoramento da pesquisa apresentada.<\/p>\n<p>Os participantes do WTDBD tamb\u00e9m podem aproveitar para participar do evento anual de pesquisa mais importante do pa\u00eds na \u00e1rea de bancos de dados. Nas \u00faltimas edi\u00e7\u00f5es do SBBDs tem-se estimulado grandemente a integra\u00e7\u00e3o e coopera\u00e7\u00e3o de estudantes, professores, pesquisadores e profissionais em bancos de dados, sempre que poss\u00edvel, atrav\u00e9s de aux\u00edlio aos estudantes.<\/p>\n<p><strong>DATAS IMPORTANTES<\/strong><\/p>\n<p>&#8211; Data limite para submiss\u00e3o: <del>03 de julho<\/del> \u00a0<del>10 de julho<\/del> \u00a031 de julho de 2017<br \/>\n&#8211; Notifica\u00e7\u00e3o dos trabalhos aceitos: <del>03 de agosto<\/del> \u00a0<del>10 de agosto<\/del> \u00a020 de agosto de 2017<br \/>\n&#8211; Vers\u00e3o final para publica\u00e7\u00e3o nos anais: <del>11 de agosto<\/del> \u00a0<del>18 de agosto<\/del> \u00a028 de agosto de 2017<\/p>\n<p><strong>SUBMISS\u00d5ES<\/strong><\/p>\n<p>Trabalhos de doutorado: devem, preferencialmente, envolver estudantes que tenham sido aprovados em exame de qualifica\u00e7\u00e3o, ou similares.<\/p>\n<p>Trabalhos de mestrado: ser\u00e3o priorizados para aceita\u00e7\u00e3o no evento os trabalhos de mestrado que j\u00e1 tenham pelo menos a proposta de pesquisa, ou similar, aprovada.<\/p>\n<p>Trabalhos j\u00e1 conclu\u00eddos ou que ser\u00e3o conclu\u00eddos at\u00e9 a data do evento n\u00e3o ser\u00e3o aceitos no WTDBD 2017.<\/p>\n<p>Os artigos devem ser formatados segundo o modelo da SBC (<a href=\"https:\/\/www.sbc.org.br\/documentos-da-sbc\/category\/169-templates-para-artigos-e-capitulos-de-livros\" target=\"_blank\" rel=\"noopener noreferrer\">https:\/\/www.sbc.org.br\/documentos-da-sbc\/category\/169-templates-para-artigos-e-capitulos-de-livros<\/a>) e submetidos ao sistema JEMS (<a href=\"https:\/\/jems.sbc.org.br\/chair.cgi?c=2758\" target=\"_blank\" rel=\"noopener noreferrer\">https:\/\/jems.sbc.org.br\/chair.cgi?c=2758<\/a>) em formato PDF exclusivamente. Os manuscritos podem ser submetidos em portugu\u00eas ou ingl\u00eas, neste \u00faltimo caso pede-se que seja inclu\u00eddo um resumo em portugu\u00eas. N\u00e3o \u00e9 exigido, mas recomenda-se fortemente que trabalhos de doutorado sejam submetidos em ingl\u00eas.<\/p>\n<p>Os trabalhos \u2013 tanto mestrado como doutorado \u2013 devem conter um m\u00e1ximo de 7 (p\u00e1ginas), sendo que a primeira p\u00e1gina \u00e9 exclusiva para encaminhamento, contendo as seguintes informa\u00e7\u00f5es:<br \/>\n&#8211; T\u00edtulo do trabalho submetido e n\u00edvel: mestrado ou doutorado;<br \/>\n&#8211; Resumo em portugu\u00eas (apenas para submiss\u00f5es em ingl\u00eas);<br \/>\n&#8211; Nome completo do estudante e do nome do(s) orientador(es)\/co-orientador(es);<br \/>\n&#8211; E-mail de contato do estudante e do orientador principal;<br \/>\n&#8211; Universidade e programa de p\u00f3s-gradua\u00e7\u00e3o ou departamento;<br \/>\n&#8211; M\u00eas e ano de ingresso do estudante no programa de p\u00f3s-gradua\u00e7\u00e3o;<br \/>\n&#8211; M\u00eas e ano previstos para defesa do mestrado ou doutorado;<br \/>\n&#8211; Etapas conclu\u00eddas e datas de refer\u00eancia (ex. conclus\u00e3o de exame de qualifica\u00e7\u00e3o);<br \/>\n&#8211; Se houver, lista de publica\u00e7\u00f5es do estudante relacionadas ao trabalho submetido.<\/p>\n<p>As demais 6 p\u00e1ginas do texto devem incluir o conte\u00fado da pesquisa propriamente dita. Assim, devem conter, al\u00e9m do t\u00edtulo e resumo, os seguintes itens:<br \/>\n&#8211; a formula\u00e7\u00e3o clara do problema de pesquisa (problem statement);<br \/>\n&#8211; a relev\u00e2ncia da pesquisa na a \u00e1rea de bancos de dados;<br \/>\n&#8211; o principal diferencial com os trabalhos da comunidade (breve vis\u00e3o comparativa com trabalhos relacionados);<br \/>\n&#8211; a solu\u00e7\u00e3o proposta e sua contribui\u00e7\u00e3o espec\u00edfica e esperada como avan\u00e7o de pesquisa;<br \/>\n&#8211; a metodologia empregada para o desenvolvimento da pesquisa;<br \/>\n&#8211; planejamento de submiss\u00f5es de artigos e\/ou artigos publicados (evento\/peri\u00f3dico, data);<br \/>\n&#8211; avalia\u00e7\u00e3o preliminar de resultados j\u00e1 obtidos, caso dispon\u00edvel; e<br \/>\n&#8211; a lista de refer\u00eancias bibliogr\u00e1ficas principais.<\/p>\n<p>A publica\u00e7\u00e3o dos trabalhos aceitos \u00e9 condicional \u00e0 inscri\u00e7\u00e3o no SBBD e apresenta\u00e7\u00e3o oral do estudante durante o evento. As submiss\u00f5es devem ter aprova\u00e7\u00e3o do orientador do estudante, confirmando atrav\u00e9s de e-mail enviado ao coordenador do WTDBD em qual est\u00e1gio se encontra a pesquisa e concordando com a submiss\u00e3o e participa\u00e7\u00e3o do estudante no XVI WTDBD.<\/p>\n<p><strong>COORDENA\u00c7\u00c3O DO XVI WTDBD<\/strong><\/p>\n<p>Carina F. Dorneles (UFSC) \u2013 dorneles@inf.ufsc.br<\/p>\n<p><strong>COMIT\u00ca AVALIADOR<\/strong><\/p>\n<p>Altigran Soares da Silva &#8211; Universidade Federal do Amazonas<br \/>\nCarina F. Dorneles &#8211; Universidade Federal de Santa Catarina<br \/>\nDaniel de Oliveira &#8211; Universidade Federal Fluminense<br \/>\nDaniel Kaster &#8211; Universidade Estadual de Londrina<br \/>\nJonice Oliveira &#8211; Universidade Federal do Rio de Janeiro<br \/>\nJos\u00e9 Antonio Mac\u00eado &#8211; Universidade Federal do Cear\u00e1<br \/>\nKarin Becker &#8211; Universidade Federal do Rio Grande do Sul<br \/>\nLuciano Barbosa &#8211; Universidade Federal de Pernambuco<br \/>\nMirella Moro &#8211; Universidade Federal de Minas Gerais<br \/>\nRenata Galante &#8211; Universidade Federal do Rio Grande do Sul<br \/>\nRenato Fileto &#8211; Universidade Federal de Santa Catarina<br \/>\nRonaldo Mello &#8211; Universidade Federal de Santa Catarina<br \/>\nSergio Lifschitz &#8211; PUC-Rio<br \/>\nVal\u00e9ria C. Times &#8211; Universidade Federal de Pernambuco<br \/>\nViviane Moreira &#8211; Universidade Federal do Rio Grande do Sul<\/p>\n<p>&nbsp;<\/p>\n","protected":false},"excerpt":{"rendered":"<p>XVI WORKSHOP DE TESES E DISSERTA\u00c7\u00d5ES EM BANCO DE DADOS (WTDBD) https:\/\/www.sbc.org.br\/sbbd\/2017\/call-thesis-and-dissertations-worshop\/ O XVI Workshop de Teses e Disserta\u00e7\u00f5es em&hellip; <\/p>\n","protected":false},"author":6,"featured_media":0,"parent":0,"menu_order":0,"comment_status":"closed","ping_status":"closed","template":"","meta":{"footnotes":""},"class_list":["post-676","page","type-page","status-publish","hentry"],"_links":{"self":[{"href":"https:\/\/sbbd.org.br\/2017\/index.php\/wp-json\/wp\/v2\/pages\/676","targetHints":{"allow":["GET"]}}],"collection":[{"href":"https:\/\/sbbd.org.br\/2017\/index.php\/wp-json\/wp\/v2\/pages"}],"about":[{"href":"https:\/\/sbbd.org.br\/2017\/index.php\/wp-json\/wp\/v2\/types\/page"}],"author":[{"embeddable":true,"href":"https:\/\/sbbd.org.br\/2017\/index.php\/wp-json\/wp\/v2\/users\/6"}],"replies":[{"embeddable":true,"href":"https:\/\/sbbd.org.br\/2017\/index.php\/wp-json\/wp\/v2\/comments?post=676"}],"version-history":[{"count":8,"href":"https:\/\/sbbd.org.br\/2017\/index.php\/wp-json\/wp\/v2\/pages\/676\/revisions"}],"predecessor-version":[{"id":1004,"href":"https:\/\/sbbd.org.br\/2017\/index.php\/wp-json\/wp\/v2\/pages\/676\/revisions\/1004"}],"wp:attachment":[{"href":"https:\/\/sbbd.org.br\/2017\/index.php\/wp-json\/wp\/v2\/media?parent=676"}],"curies":[{"name":"wp","href":"https:\/\/api.w.org\/{rel}","templated":true}]}}