{"id":671,"date":"2016-12-03T19:20:34","date_gmt":"2016-12-03T22:20:34","guid":{"rendered":"http:\/\/sbbd.org.br\/2017-teste\/?page_id=671"},"modified":"2017-06-06T10:05:12","modified_gmt":"2017-06-06T13:05:12","slug":"call-for-short-courses","status":"publish","type":"page","link":"https:\/\/sbbd.org.br\/2017\/index.php\/call-for-short-courses\/","title":{"rendered":"CALL FOR SHORT COURSES"},"content":{"rendered":"<p><strong>CHAMADA DE MINICURSOS DO SBBD 2017<\/strong><br \/>\n<a href=\"https:\/\/www.sbc.org.br\/sbbd\/2017\">https:\/\/www.sbc.org.br\/sbbd\/2017<\/a><\/p>\n<p>&nbsp;<\/p>\n<p><strong>DATAS IMPORTANTES<\/strong><br \/>\n<del>05 de Junho de 2017<\/del>\u00a0 30 de Junho de 2017 \u2013 Data limite para envio de propostas de minicursos<br \/>\n<del>10 de Julho de 2017<\/del>\u00a0 15 de Julho de 2017 \u2013 Notifica\u00e7\u00e3o de aceita\u00e7\u00e3o<br \/>\n<del>14 de Agosto de 2017<\/del>\u00a0 21 de Agosto de 2017 \u2013 Envio da vers\u00e3o final (slides e texto)<\/p>\n<p>&nbsp;<\/p>\n<p><strong>APRESENTA\u00c7\u00c3O DO SBBD 2017<\/strong><\/p>\n<p>O Simp\u00f3sio Brasileiro de Banco de Dados (SBBD) \u00e9 o evento oficial da \u00e1rea de Banco de Dados da Sociedade Brasileira de Computa\u00e7\u00e3o (SBC) e o maior evento da Am\u00e9rica Latina para apresenta\u00e7\u00e3o e discuss\u00e3o de resultados de pesquisa relacionados \u00e0 \u00e1rea. O SBBD reune pesquisadores, estudantes e profissionais do Brasil e do exterior, para discutir temas relacionados aos \u00faltimos avan\u00e7os da \u00e1rea de Banco de Dados. Al\u00e9m de sess\u00f5es t\u00e9cnicas, o simp\u00f3sio tamb\u00e9m inclui palestras convidadas, workshop de teses e disserta\u00e7\u00f5es, sess\u00e3o de demos e ferramentas, tutoriais e minicursos, apresentados por pesquisadores de renome da comunidade nacional e internacional.<\/p>\n<p>Na sua 32\u00aa edi\u00e7\u00e3o, o SBBD ser\u00e1 realizado de 02 a 05 de Outubro de 2017 na simp\u00e1tica cidade de Uberl\u00e2ndia, Minas Gerais, localizada na parte oeste do estado, na regi\u00e3o conhecida como Tri\u00e2ngulo Mineiro, uma das regi\u00f5es agr\u00edcolas mais ricas do Brasil, localizada a 560 Km de Belo Horizonte e 580 Km de S\u00e3o Paulo. Esse ano, o SBBD ser\u00e1 realizado em conjunto com diversos outros eventos: KDMILE, BRACIS, ENIAC e STIL.<\/p>\n<p>&nbsp;<\/p>\n<p><strong>MINICURSOS SBBD 2017<\/strong><\/p>\n<p>Os minicursos do SBBD s\u00e3o eventos de curta dura\u00e7\u00e3o que visam apresentar uma vis\u00e3o introdut\u00f3ria ou avan\u00e7ada de t\u00f3picos atuais de pesquisa e\/ou tecnologia que sejam de interesse das comunidades de Banco de Dados. Com isso, o ouvinte tem a oportunidade de aprender sobre um novo assunto vinculado \u00e0 sua \u00e1rea de atua\u00e7\u00e3o e pode tamb\u00e9m extrair elementos que podem ser aplicados em seus estudos cient\u00edficos e\/ou profiss\u00e3o.<\/p>\n<p>Os minicursos dever\u00e3o ter 4 horas de dura\u00e7\u00e3o e serem apresentados em Portugu\u00eas ou Ingl\u00eas, tendo como p\u00fablico alvo os estudantes de gradua\u00e7\u00e3o, p\u00f3s-gradua\u00e7\u00e3o e\/ou profissionais da \u00e1rea.<\/p>\n<p>&nbsp;<\/p>\n<p><strong>INSTRU\u00c7\u00d5ES E SUBMISS\u00c3O<\/strong><\/p>\n<p>As propostas iniciais devem se limitar a 5 (cinco) p\u00e1ginas, no modelo de cap\u00edtulo de livro da SBC, incluindo:<\/p>\n<p>* t\u00edtulo do minicurso;<br \/>\n* autores (no m\u00e1ximo 3);<br \/>\n* resumo (de at\u00e9 200 palavras);<br \/>\n* indica\u00e7\u00e3o de p\u00fablico-alvo (para propostas com perfil interdisciplinar), com especifica\u00e7\u00e3o e justificativa de pr\u00e9-requisitos;<br \/>\n* sum\u00e1rio do texto com uma descri\u00e7\u00e3o para cada um dos t\u00f3picos do sum\u00e1rio;<br \/>\n* indica\u00e7\u00e3o de por que o curso \u00e9 interessante e deve atrair a aten\u00e7\u00e3o do p\u00fablico alvo;<br \/>\n* breve curr\u00edculo dos autores;<br \/>\n* indica\u00e7\u00e3o de qual autor apresentar\u00e1 o curso;<br \/>\n* os recursos computacionais e audiovisuais necess\u00e1rios.<\/p>\n<p>A submiss\u00e3o de propostas de minicursos deve ser realizada diretamente por email para [vaninha@ufba.br] com o assunto \u201c[SBBD2017] Submiss\u00e3o de Proposta de Minicurso\u201d.<br \/>\nNo email deve constar a identifica\u00e7\u00e3o do(s) autor(es) e um arquivo \u00fanico, como anexo, em formato PDF, com a proposta do minicurso. Recomenda-se que o arquivo n\u00e3o exceda 2MB, embora a submiss\u00e3o de arquivos maiores tamb\u00e9m seja poss\u00edvel.<\/p>\n<p>As propostas ser\u00e3o avaliadas de acordo com sua originalidade, relev\u00e2ncia, apresenta\u00e7\u00e3o e afinidade com o p\u00fablico-alvo.<\/p>\n<p>As propostas iniciais aceitas participar\u00e3o de nova fase, na qual dever\u00e3o ser mais detalhadas em um texto com o m\u00ednimo de 20 p\u00e1ginas e m\u00e1ximo de 30 p\u00e1ginas. O texto ser\u00e1 publicado no formato de cap\u00edtulo de livro na s\u00e9rie \u201cT\u00f3picos em Gerenciamento de Dados e Informa\u00e7\u00f5es\u201d. Os formatos finais dos cap\u00edtulos ser\u00e3o divulgados diretamente aos autores.<\/p>\n<p>&nbsp;<\/p>\n<p><strong>APOIO FINANCEIRO AOS AUTORES<\/strong><\/p>\n<p>A depender da disponibilidade de recursos, um dos autores poder\u00e1 receber aux\u00edlio para a apresenta\u00e7\u00e3o do minicurso. Na aus\u00eancia de recursos suficientes para todos os autores selecionados, a organiza\u00e7\u00e3o de minicursos estabelecer\u00e1 os crit\u00e9rios para a distribui\u00e7\u00e3o de aux\u00edlio, de modo a contemplar o maior n\u00famero poss\u00edvel de propostas, informando os autores \u00e0 \u00e9poca da submiss\u00e3o da vers\u00e3o final. Pelo menos um autor do minicurso dever\u00e1 se inscrever no SBBD 2017, preferencialmente o palestrante.<\/p>\n<p>A organiza\u00e7\u00e3o dos minicursos se reserva o direito de recusar as propostas e incluir propostas convidadas, de acordo com sua avalia\u00e7\u00e3o interna de viabilidade, sempre respeitando os objetivos principais dos minicursos e do SBBD 2017.<\/p>\n<p>&nbsp;<\/p>\n<p><strong>COORDENA\u00c7\u00c3O DE MINICURSOS DO SBBD 2017 <\/strong><br \/>\nVaninha Vieira (UFBA) \u2013 vaninha@ufba.br<\/p>\n<p>&nbsp;<\/p>\n<p><strong>COMIT\u00ca DE AVALIA\u00c7\u00c3O DE MINICURSOS DO SBBD 2017<\/strong><br \/>\nVaninha Vieira (UFBA) (coordenadora)<br \/>\nDaniela Barreiro Claro (UFBA)<br \/>\nJo\u00e3o Batista Rocha Jr. (UEFS)<\/p>\n","protected":false},"excerpt":{"rendered":"<p>CHAMADA DE MINICURSOS DO SBBD 2017 https:\/\/www.sbc.org.br\/sbbd\/2017 &nbsp; DATAS IMPORTANTES 05 de Junho de 2017\u00a0 30 de Junho de 2017&hellip; <\/p>\n","protected":false},"author":6,"featured_media":0,"parent":0,"menu_order":0,"comment_status":"closed","ping_status":"closed","template":"","meta":{"footnotes":""},"class_list":["post-671","page","type-page","status-publish","hentry"],"_links":{"self":[{"href":"https:\/\/sbbd.org.br\/2017\/index.php\/wp-json\/wp\/v2\/pages\/671","targetHints":{"allow":["GET"]}}],"collection":[{"href":"https:\/\/sbbd.org.br\/2017\/index.php\/wp-json\/wp\/v2\/pages"}],"about":[{"href":"https:\/\/sbbd.org.br\/2017\/index.php\/wp-json\/wp\/v2\/types\/page"}],"author":[{"embeddable":true,"href":"https:\/\/sbbd.org.br\/2017\/index.php\/wp-json\/wp\/v2\/users\/6"}],"replies":[{"embeddable":true,"href":"https:\/\/sbbd.org.br\/2017\/index.php\/wp-json\/wp\/v2\/comments?post=671"}],"version-history":[{"count":7,"href":"https:\/\/sbbd.org.br\/2017\/index.php\/wp-json\/wp\/v2\/pages\/671\/revisions"}],"predecessor-version":[{"id":951,"href":"https:\/\/sbbd.org.br\/2017\/index.php\/wp-json\/wp\/v2\/pages\/671\/revisions\/951"}],"wp:attachment":[{"href":"https:\/\/sbbd.org.br\/2017\/index.php\/wp-json\/wp\/v2\/media?parent=671"}],"curies":[{"name":"wp","href":"https:\/\/api.w.org\/{rel}","templated":true}]}}