{"id":664,"date":"2016-12-03T19:14:04","date_gmt":"2016-12-03T22:14:04","guid":{"rendered":"http:\/\/sbbd.org.br\/2017-teste\/?page_id=664"},"modified":"2017-06-30T16:26:29","modified_gmt":"2017-06-30T19:26:29","slug":"call-for-demos-and-applications","status":"publish","type":"page","link":"https:\/\/sbbd.org.br\/2017\/index.php\/call-for-demos-and-applications\/","title":{"rendered":"Call for demos and applications"},"content":{"rendered":"<div class=\"avada-row\">\n<div id=\"content\">\n<div id=\"post-52\" class=\"post-52 page type-page status-publish hentry\">\n<div class=\"post-content\">\n<p><strong>SESS\u00c3O DE DEMONSTRA\u00c7\u00d5ES DO SBBD 2017<\/strong><br \/>\n2 a 5 de Outubro de 2017 &#8211; Uberl\u00e2ndia, MG<br \/>\n<a href=\"https:\/\/www.sbc.org.br\/sbbd\/2017\/\">https:\/\/www.sbc.org.br\/sbbd\/2017\/<\/a><\/p>\n<p>&nbsp;<\/p>\n<p><strong>APRESENTA\u00c7\u00c3O<\/strong><\/p>\n<p>Convidamos a todos os pesquisadores da \u00e1rea de Banco de Dados a submeterem Demonstra\u00e7\u00f5es e Aplica\u00e7\u00f5es no 32\u00ba Simp\u00f3sio Brasileiro de Banco de Dados (SBBD), que ser\u00e1 realizado em Uberl\u00e2ndia entre 2 e 5 de outubro de 2017.<\/p>\n<p>A sess\u00e3o de demonstra\u00e7\u00f5es do SBBD \u00e9 um f\u00f3rum tradicional e prop\u00edcio para a troca de experi\u00eancias e para a apresenta\u00e7\u00e3o de solu\u00e7\u00f5es inovadoras entre pesquisadores, desenvolvedores e profissionais, tanto da academia, quanto da ind\u00fastria, interessados em solu\u00e7\u00f5es pr\u00e1ticas e funcionais para problemas interessantes e\/ou n\u00e3o triviais que envolvam tecnologias para ger\u00eancia de dados e informa\u00e7\u00f5es. Os t\u00f3picos de interesse s\u00e3o os mesmos da trilha principal do SBBD.<\/p>\n<p>&nbsp;<\/p>\n<p><strong>DATAS IMPORTANTES<\/strong><\/p>\n<p>Prazo de registro e submiss\u00e3o: : <del>23 de Junho de 2017<\/del>\u00a0 <del>30 de Junho de 2017<\/del> 10 de Julho de 2017<br \/>\nNotifica\u00e7\u00e3o de aceita\u00e7\u00e3o: 13 de Agosto de 2017<br \/>\nVers\u00e3o Final: 21 de Agosto de 2017<\/p>\n<p>&nbsp;<\/p>\n<p><strong>INSTRU\u00c7\u00d5ES PARA SUBMISS\u00c3O<\/strong><\/p>\n<p>Os autores devem submeter um artigo de at\u00e9 6 p\u00e1ginas, incluindo figuras e refer\u00eancias, descrevendo as principais caracter\u00edsticas de suas demonstra\u00e7\u00f5es\/aplica\u00e7\u00f5es.<\/p>\n<p>Cada artigo ser\u00e1 analisado por pelo menos tr\u00eas membros do Comit\u00ea de Programa quanto \u00e0 originalidade, alcance pr\u00e1tico, contribui\u00e7\u00e3o t\u00e9cnica e apresenta\u00e7\u00e3o. Juntamente com o artigo submetido, os autores s\u00e3o fortemente encorajados a disponibilizar um link para um v\u00eddeo de demonstra\u00e7\u00e3o (screencast) de at\u00e9 5 minutos da demonstra\u00e7\u00e3o\/aplica\u00e7\u00e3o. Este recurso ser\u00e1 considerado no processo de revis\u00e3o.<\/p>\n<p>Os artigos podem ser escritos em Portugu\u00eas ou Ingl\u00eas e devem ser formatados<br \/>\nsegundo o modelo da SBC. Al\u00e9m disso, os mesmos devem estar no formato PDF.<br \/>\nFormatos diferentes do PDF n\u00e3o ser\u00e3o aceitos.<\/p>\n<p>O link para o v\u00eddeo de demonstra\u00e7\u00e3o ou para a vers\u00e3o online da demonstra\u00e7\u00e3o deve ser informado no rodap\u00e9 da primeira p\u00e1gina do artigo (quando a mesma for inicialmente citada). As submiss\u00f5es devem ser feitas eletronicamente por meio da url <a href=\"https:\/\/jems.sbc.org.br\/home.cgi?c=2757\" target=\"_blank\" rel=\"noopener noreferrer\">https:\/\/jems.sbc.org.br\/home.cgi?c=2757<\/a>.<\/p>\n<p>A aceita\u00e7\u00e3o final do artigo est\u00e1 condicionada ao registro no SBBD de pelo menos um dos autores para apresenta\u00e7\u00e3o do trabalho. Os artigos aceitos ser\u00e3o publicados nos Anais do SBBD Demos.<\/p>\n<p>&nbsp;<\/p>\n<p><strong>APRESENTA\u00c7\u00c3O<\/strong><\/p>\n<p>Assim como nas edi\u00e7\u00f5es anteriores do SBBD, a sess\u00e3o de Demos ser\u00e1 realizada em dois per\u00edodos durante o SBBD 2017, conforme descrito a seguir:<\/p>\n<p>1\u00ba&#8217;) Apresenta\u00e7\u00e3o do artigo durante uma sess\u00e3o t\u00e9cnica.<\/p>\n<p>2\u00ba) Apresenta\u00e7\u00e3o pr\u00e1tica demonstrativa da demo\/aplica\u00e7\u00e3o. Compondo esta<br \/>\napresenta\u00e7\u00e3o, dever\u00e1 ser disponibilizado tamb\u00e9m um p\u00f4ster, que deve incluir as seguintes informa\u00e7\u00f5es:<\/p>\n<p>a) Nome do software;<br \/>\nb) Nomes e afilia\u00e7\u00f5es dos autores;<br \/>\nc) Informa\u00e7\u00f5es sobre financiamento para constru\u00e7\u00e3o do software (se aplic\u00e1vel)<br \/>\nd) e-mail de contato e URL para maiores informa\u00e7\u00f5es;<br \/>\ne) Resumo;<br \/>\nf) Principais caracter\u00edsticas\/funcionalidades;<br \/>\ng) Principais refer\u00eancias.<\/p>\n<p>\u00c9 obrigat\u00f3ria a presen\u00e7a de, pelo menos, um dos autores da demonstra\u00e7\u00e3o\/aplica\u00e7\u00e3o para realizar a sua apresenta\u00e7\u00e3o.<\/p>\n<p>\u00c9 desej\u00e1vel que os autores utilizem equipamento pr\u00f3prio (notebooks) durante<br \/>\nas sess\u00f5es. Se necess\u00e1rio, um equipamento adequado poder\u00e1 ser solicitado<br \/>\ncom anteced\u00eancia \u00e0 coordena\u00e7\u00e3o da Sess\u00e3o de Demos.<\/p>\n<p>&nbsp;<\/p>\n<p><strong>COORDENADOR DO SBBD DEMOS 2017<\/strong><\/p>\n<p>Daniel de Oliveira (Instituto de Computa\u00e7\u00e3o &#8211; Universidade Federal Fluminense)<\/p>\n<p>&nbsp;<\/p>\n<p><strong>COMIT\u00ca DE PROGRAMA<\/strong><\/p>\n<p>Angelo Brayner (UFC)<br \/>\nCarlos Eduardo Pires (UFCG)<br \/>\nDaniel de Oliveira (UFF) &#8211; Chair<br \/>\nEduardo Bezerra (CEFET\/RJ)<br \/>\nEduardo de Almeida (UFPR)<br \/>\nEduardo Ogasawara (CEFET\/RJ)<br \/>\nFabio Porto National (LNCC)<br \/>\nFernanda Bai\u00e3o (UNIRIO)<br \/>\nHumberto Razente (UFU)<br \/>\nJonas Dias (DELL-EMC)<br \/>\nJos\u00e9 Antonio Mac\u00eado (UFC)<br \/>\nJos\u00e9 Maria Monteiro (UFC)<br \/>\nLeonardo Azevedo (IBM Research Brazil e UNIRIO)<br \/>\nLuiz Andr\u00e9 Paes Leme (UFF)<br \/>\nMarcela Ribeiro (UFSCar)<br \/>\nMarta Mattoso (COPPE\/UFRJ)<br \/>\nMirella Moro (UFMG)<br \/>\nRenata Galante (UFRGS)<br \/>\nRodrigo Monteiro (UFF)<br \/>\nVania Vidal (UFC)<br \/>\nVictor de Almeida (UFF e Petrobras)<\/p>\n<p>&nbsp;<\/p>\n<\/div>\n<\/div>\n<\/div>\n<\/div>\n","protected":false},"excerpt":{"rendered":"<p>SESS\u00c3O DE DEMONSTRA\u00c7\u00d5ES DO SBBD 2017 2 a 5 de Outubro de 2017 &#8211; Uberl\u00e2ndia, MG https:\/\/www.sbc.org.br\/sbbd\/2017\/ &nbsp; APRESENTA\u00c7\u00c3O Convidamos&hellip; <\/p>\n","protected":false},"author":6,"featured_media":0,"parent":0,"menu_order":0,"comment_status":"closed","ping_status":"closed","template":"","meta":{"footnotes":""},"class_list":["post-664","page","type-page","status-publish","hentry"],"_links":{"self":[{"href":"https:\/\/sbbd.org.br\/2017\/index.php\/wp-json\/wp\/v2\/pages\/664","targetHints":{"allow":["GET"]}}],"collection":[{"href":"https:\/\/sbbd.org.br\/2017\/index.php\/wp-json\/wp\/v2\/pages"}],"about":[{"href":"https:\/\/sbbd.org.br\/2017\/index.php\/wp-json\/wp\/v2\/types\/page"}],"author":[{"embeddable":true,"href":"https:\/\/sbbd.org.br\/2017\/index.php\/wp-json\/wp\/v2\/users\/6"}],"replies":[{"embeddable":true,"href":"https:\/\/sbbd.org.br\/2017\/index.php\/wp-json\/wp\/v2\/comments?post=664"}],"version-history":[{"count":20,"href":"https:\/\/sbbd.org.br\/2017\/index.php\/wp-json\/wp\/v2\/pages\/664\/revisions"}],"predecessor-version":[{"id":958,"href":"https:\/\/sbbd.org.br\/2017\/index.php\/wp-json\/wp\/v2\/pages\/664\/revisions\/958"}],"wp:attachment":[{"href":"https:\/\/sbbd.org.br\/2017\/index.php\/wp-json\/wp\/v2\/media?parent=664"}],"curies":[{"name":"wp","href":"https:\/\/api.w.org\/{rel}","templated":true}]}}