{"id":633,"date":"2016-12-03T18:30:40","date_gmt":"2016-12-03T21:30:40","guid":{"rendered":"http:\/\/sbbd.org.br\/2017-teste\/?page_id=633"},"modified":"2017-09-28T23:11:21","modified_gmt":"2017-09-29T02:11:21","slug":"venue","status":"publish","type":"page","link":"https:\/\/sbbd.org.br\/2017\/index.php\/venue\/","title":{"rendered":"VENUE"},"content":{"rendered":"<p>Venue Address: Piso C &#8211; Center Shopping Uberl\u00e2ndia &#8211; Avenida Jo\u00e3o Naves de \u00c1vila, 1331 &#8211; Tibery, Uberl\u00e2ndia &#8211; MG, 38408-902<\/p>\n<p><a href=\"https:\/\/sbbd.org.br\/2017\/wp-content\/uploads\/sites\/3\/2016\/12\/How-to-get-to-SBBD-2017.pdf\" target=\"_blank\" rel=\"noopener\">See how to get to SBBD 2017!<\/a><\/p>\n<p>The event will be held at <a href=\"https:\/\/www.centerconvention.com.br\/\" target=\"_blank\" rel=\"noopener noreferrer\">Center Convention Uberl\u00e2ndia<\/a>. The convention center is part of a large complex that also features the <a href=\"https:\/\/www.centershopping.com.br\/\" target=\"_blank\" rel=\"noopener noreferrer\">Center Shopping Uberl\u00e2ndia<\/a>. Gran Executive hotel, the SBBD 2017 official hotel, is walking distance from Center Convention as you can see in Map A. The Center Convention is located on the Floor C of the Center Shopping, being accessed through the mall elevators (see Map B). When you get on the elevator press the floor button C.<\/p>\n<p><a href=\"https:\/\/sbbd.org.br\/2017\/wp-content\/uploads\/sites\/3\/2016\/12\/how1.png\"><img loading=\"lazy\" decoding=\"async\" width=\"837\" height=\"827\" class=\"alignnone size-full wp-image-1557\" src=\"https:\/\/sbbd.org.br\/2017\/wp-content\/uploads\/sites\/3\/2016\/12\/how1-thumb.png\" alt=\"\" \/><\/a><\/p>\n<p><a href=\"https:\/\/sbbd.org.br\/2017\/wp-content\/uploads\/sites\/3\/2016\/12\/how2.png\"><img loading=\"lazy\" decoding=\"async\" width=\"884\" height=\"640\" class=\"alignnone size-full wp-image-1558\" src=\"https:\/\/sbbd.org.br\/2017\/wp-content\/uploads\/sites\/3\/2016\/12\/how2-thumb.png\" alt=\"\" \/><\/a><\/p>\n<p>&nbsp;<\/p>\n<p>Click <a href=\"https:\/\/goo.gl\/maps\/QrJCKoXehFF2\" target=\"_blank\" rel=\"noopener noreferrer\">here<\/a> to explore the area!<\/p>\n<p>&nbsp;<\/p>\n<p><iframe loading=\"lazy\" title=\"SBBD 2017\" width=\"790\" height=\"444\" src=\"https:\/\/www.youtube.com\/embed\/qoR5i0xhrjY?feature=oembed\" frameborder=\"0\" allow=\"accelerometer; autoplay; clipboard-write; encrypted-media; gyroscope; picture-in-picture\" allowfullscreen><\/iframe><\/p>\n","protected":false},"excerpt":{"rendered":"<p>Venue Address: Piso C &#8211; Center Shopping Uberl\u00e2ndia &#8211; Avenida Jo\u00e3o Naves de \u00c1vila, 1331 &#8211; Tibery, Uberl\u00e2ndia &#8211; MG,&hellip; <\/p>\n","protected":false},"author":6,"featured_media":0,"parent":0,"menu_order":0,"comment_status":"closed","ping_status":"closed","template":"","meta":{"footnotes":""},"class_list":["post-633","page","type-page","status-publish","hentry"],"_links":{"self":[{"href":"https:\/\/sbbd.org.br\/2017\/index.php\/wp-json\/wp\/v2\/pages\/633","targetHints":{"allow":["GET"]}}],"collection":[{"href":"https:\/\/sbbd.org.br\/2017\/index.php\/wp-json\/wp\/v2\/pages"}],"about":[{"href":"https:\/\/sbbd.org.br\/2017\/index.php\/wp-json\/wp\/v2\/types\/page"}],"author":[{"embeddable":true,"href":"https:\/\/sbbd.org.br\/2017\/index.php\/wp-json\/wp\/v2\/users\/6"}],"replies":[{"embeddable":true,"href":"https:\/\/sbbd.org.br\/2017\/index.php\/wp-json\/wp\/v2\/comments?post=633"}],"version-history":[{"count":18,"href":"https:\/\/sbbd.org.br\/2017\/index.php\/wp-json\/wp\/v2\/pages\/633\/revisions"}],"predecessor-version":[{"id":1559,"href":"https:\/\/sbbd.org.br\/2017\/index.php\/wp-json\/wp\/v2\/pages\/633\/revisions\/1559"}],"wp:attachment":[{"href":"https:\/\/sbbd.org.br\/2017\/index.php\/wp-json\/wp\/v2\/media?parent=633"}],"curies":[{"name":"wp","href":"https:\/\/api.w.org\/{rel}","templated":true}]}}