{"id":602,"date":"2016-12-03T17:53:45","date_gmt":"2016-12-03T20:53:45","guid":{"rendered":"http:\/\/sbbd.org.br\/2017-teste\/?page_id=602"},"modified":"2017-08-23T22:05:29","modified_gmt":"2017-08-24T01:05:29","slug":"dinner","status":"publish","type":"page","link":"https:\/\/sbbd.org.br\/2017\/index.php\/dinner\/","title":{"rendered":"CONFERENCE DINNER"},"content":{"rendered":"<p><img loading=\"lazy\" decoding=\"async\" width=\"946\" height=\"268\" class=\"alignnone size-full wp-image-1356\" src=\"https:\/\/sbbd.org.br\/2017\/wp-content\/uploads\/sites\/3\/2016\/12\/confdinner50.png\" alt=\"\" \/><\/p>\n<p>Um rio, um trampolim de madeira e a paix\u00e3o de um grupo de amigos pela natureza e pelo esporte. Estes foram os ingredientes que se combinaram para que, na d\u00e9cada de 1930, pudesse ter in\u00edcio a hist\u00f3ria do sonho que hoje se transformou em um dos principais clubes sociais do Brasil e da Am\u00e9rica Latina.<\/p>\n<p>O uberlandense gosta de dizer que o &#8216;seu&#8217; Praia Clube \u00e9 o cart\u00e3o-de-visita desta terra. <strong>Gosta demais da conta!<\/strong><\/p>\n<p>Temos a satisfa\u00e7\u00e3o de divulgar que o jantar de confraterniza\u00e7\u00e3o do SBBD\u20192017 ser\u00e1 realizado em uma das j\u00f3ias da cidade: o Praia Clube. O jantar ser\u00e1 realizado em conjunto com o BRACIS\u20192017 na noite do dia 04\/10 (Quarta-feira), terceiro dia do evento, a partir de 19:30hs.<\/p>\n<p>Na ocasi\u00e3o, ser\u00e3o organizados grupos para um breve passeio para conhecer a estrutura e as belas paisagens do clube, antes do in\u00edcio do jantar.<\/p>\n<p>Conhe\u00e7a um pouco mais sobre a hist\u00f3ria do Praia Clube e sobre o card\u00e1pio que ser\u00e1 preparado com todo o carinho para os participantes de nosso evento, com todo o <strong>jeitinho mineiro<\/strong> de ser e cuidar daqueles com quem nos importamos.<\/p>\n<p>Descubra abaixo porque, afinal de contas, existe <strong>o Praia<\/strong> em pleno estado de <strong>Minas Gerais!<\/strong><\/p>\n<p><strong>Adquira o ingresso para o jantar na p\u00e1gina de inscri\u00e7\u00f5es do evento:<\/strong> <a href=\"https:\/\/sbbd.org.br\/2017\/registration\/\">https:\/\/sbbd.org.br\/2017\/registration\/<\/a><\/p>\n<p>* Cr\u00e9ditos: informa\u00e7\u00f5es e fotos obtidas no site do Praia Clube (<a href=\"https:\/\/www.praiaclube.org.br\/\" target=\"_blank\" rel=\"noopener noreferrer\">https:\/\/www.praiaclube.org.br\/<\/a>)<\/p>\n<p>[infobox style=&#8221;tksc-alert-announcement&#8221;]\u00a0DATA: 04\/10\/2017 QUARTA FEIRA-19H30 SAL\u00c3O ULISSES FINOTTI, PRAIA CLUBE [\/infobox]<\/p>\n<p><strong>1. Card\u00e1pio<\/strong><\/p>\n<p><strong>MESA DE FRIOS:<\/strong><\/p>\n<ul>\n<li>Queijo Gorgonzola, Queijo Prato, Queijo Provolone, Queijo temperado, rolinhos de mu\u00e7arela com fio de ovos, queijo minas frescal.<\/li>\n<li>Lombinho apimentado assado, Peito de Peru defumado, presunto fatiado.<\/li>\n<li>Saladas: Berinjela, salada de atum, salada de tomates cereja com queijo fresco.<\/li>\n<li>Torta assada de frango, rocambole de bacalhau.<\/li>\n<li>P\u00e3es: Variados e pat\u00eas.<\/li>\n<li>Conservas: Azeitonas verdes e pretas, champignons, carp\u00e1ccio de abobrinha, carp\u00e1ccio de jil\u00f3;<\/li>\n<li>Diversos: Cenoura e tomates fatiados com molho de lim\u00e3o e shoyo, rocambole de presunto e mu\u00e7arela, torta de p\u00e3o.<\/li>\n<li>Frutas variadas.<\/li>\n<\/ul>\n<p><strong>QUENTES (ENTRADA MINEIRA): <\/strong><\/p>\n<ul>\n<li>Pernil assado e fatiado, com farofa, torresmos, lingui\u00e7a frita, mandioca, pasteizinhos de carne e queijo<\/li>\n<\/ul>\n<p><strong>JANTAR:<\/strong><\/p>\n<ul>\n<li>salada tropical<\/li>\n<li>rondelli 4 queijos gratinado ao parmes\u00e3o ralado<\/li>\n<li>fil\u00e9 ao molho madeira e l\u00e2minas de champignon<\/li>\n<li>fil\u00e9 de frango grelhado ao molho branco<\/li>\n<li>arroz branco<\/li>\n<li>legumes na manteiga<\/li>\n<\/ul>\n<p><strong>SOBREMESA:<\/strong><\/p>\n<ul>\n<li>sorvete com frutas flambadas<\/li>\n<li>doce de leite, doce de goiaba, queijo fresco<\/li>\n<\/ul>\n<p><strong>BEBIDAS: <\/strong><\/p>\n<ul>\n<li>mesa de caipirinha<\/li>\n<li>cerveja, refrigerante e \u00e1gua mineral<\/li>\n<\/ul>\n<p>&nbsp;<\/p>\n<p><strong>2. Breve Hist\u00f3ria<\/strong><\/p>\n<p>Um mergulho de quase oitenta anos na pr\u00f3pria hist\u00f3ria de Uberl\u00e2ndia, uma volta ao in\u00edcio dos anos 30. Conforme costumava contar um de seus fundadores, Jos\u00e9 de Oliveira Guimar\u00e3es, o clube n\u00e3o foi programado. Havia um grupo de frequentadores do Rio Uberabinha para a pr\u00e1tica da nata\u00e7\u00e3o, entre os quais ele tamb\u00e9m estava. Eram uns seis ou sete. Mais tarde, outros come\u00e7aram a frequentar o local, tomando banho nas \u00e1guas do rio. N\u00e3o tinha nome porque n\u00e3o havia clube naquele tempo.<\/p>\n<p>A turma de nadadores resolveu pedir ao propriet\u00e1rio que vendesse um peda\u00e7o de terra \u00e0 margem do rio, no que foi atendida em parte, porque ele s\u00f3 fez neg\u00f3cio com a ch\u00e1cara toda. Perguntaram o pre\u00e7o e concordaram: 35 contos de r\u00e9is. Reuniram-se 12 pessoas e pagaram. Mais tarde ent\u00e3o surgiu a ideia de transformar em clube. Um frequentador na \u00e9poca, Jos\u00e9 Victor, sugeriu o nome <strong>&#8216;Praia&#8217;<\/strong> ao clube, por causa de uma praia de cascalho que havia justamente no local onde a turma praticava nata\u00e7\u00e3o. Assim nasceu a denomina\u00e7\u00e3o desta entidade, hoje, patrim\u00f4nio mais caro de todos os uberlandenses, verdadeiro orgulho da cidade.<\/p>\n<p>A hist\u00f3ria do Praia Clube se mistura \u00e0 hist\u00f3ria de muita gente que frequenta o clube e que de alguma forma contribuiu para que ele fosse considerado, hoje, um dos maiores centros de esporte e recrea\u00e7\u00e3o da Am\u00e9rica Latina. Buscando o lazer, a pr\u00e1tica de esportes ou mesmo a companhia de amigos, essas pessoas conservam a tradi\u00e7\u00e3o do Praia de formar verdadeiras fam\u00edlias dentro do clube.<\/p>\n<p>Hoje o Praia Clube \u00e9 nacionalmente conhecido por abrigar um dos principais times de Voleibol da Superliga feminina nacional. Desde sua funda\u00e7\u00e3o em 10 de julho de 1935, muita gente j\u00e1 assistiu e participou de eventos no clube, entre eles competi\u00e7\u00f5es esportivas e festas, que contemplam os associados de diferentes faixas et\u00e1rias. Essa variedade de p\u00fablico \u00e9 um dos ingredientes da receita do sucesso do Praia, que reconhece a import\u00e2ncia de ver pais e filhos convivendo em harmonia dentro do clube, em um costume que atravessa e segue firme em dire\u00e7\u00e3o ao futuro.<\/p>\n<p>&nbsp;<\/p>\n<p><strong>3. Fotos<\/strong><\/p>\n<p>[rev_slider alias=&#8221;praia&#8221;][\/rev_slider]<\/p>\n","protected":false},"excerpt":{"rendered":"<p>Um rio, um trampolim de madeira e a paix\u00e3o de um grupo de amigos pela natureza e pelo esporte. Estes&hellip; <\/p>\n","protected":false},"author":6,"featured_media":0,"parent":0,"menu_order":0,"comment_status":"closed","ping_status":"closed","template":"","meta":{"footnotes":""},"class_list":["post-602","page","type-page","status-publish","hentry"],"_links":{"self":[{"href":"https:\/\/sbbd.org.br\/2017\/index.php\/wp-json\/wp\/v2\/pages\/602","targetHints":{"allow":["GET"]}}],"collection":[{"href":"https:\/\/sbbd.org.br\/2017\/index.php\/wp-json\/wp\/v2\/pages"}],"about":[{"href":"https:\/\/sbbd.org.br\/2017\/index.php\/wp-json\/wp\/v2\/types\/page"}],"author":[{"embeddable":true,"href":"https:\/\/sbbd.org.br\/2017\/index.php\/wp-json\/wp\/v2\/users\/6"}],"replies":[{"embeddable":true,"href":"https:\/\/sbbd.org.br\/2017\/index.php\/wp-json\/wp\/v2\/comments?post=602"}],"version-history":[{"count":22,"href":"https:\/\/sbbd.org.br\/2017\/index.php\/wp-json\/wp\/v2\/pages\/602\/revisions"}],"predecessor-version":[{"id":1375,"href":"https:\/\/sbbd.org.br\/2017\/index.php\/wp-json\/wp\/v2\/pages\/602\/revisions\/1375"}],"wp:attachment":[{"href":"https:\/\/sbbd.org.br\/2017\/index.php\/wp-json\/wp\/v2\/media?parent=602"}],"curies":[{"name":"wp","href":"https:\/\/api.w.org\/{rel}","templated":true}]}}