{"id":225,"date":"2013-07-11T09:47:52","date_gmt":"2013-07-11T09:47:52","guid":{"rendered":"http:\/\/demo.themeskingdom.com\/eventor\/?page_id=225"},"modified":"2022-02-20T22:30:35","modified_gmt":"2022-02-21T01:30:35","slug":"home","status":"publish","type":"page","link":"https:\/\/sbbd.org.br\/2017\/","title":{"rendered":"HOME"},"content":{"rendered":"\n<div class=\"wp-block-image\"><figure class=\"aligncenter\"><img decoding=\"async\" src=\"https:\/\/sbbd.org.br\/2017\/wp-content\/uploads\/sites\/3\/2022\/02\/sbbd-2017.png\" alt=\"\"\/><\/figure><\/div>\n\n\n\n<p class=\"has-text-align-center\"><strong>New!<\/strong><\/p>\n\n\n\n<p class=\"has-text-align-center\"><a rel=\"noopener\" href=\"https:\/\/sbbd.org.br\/2017\/wp-content\/uploads\/sites\/3\/2017\/10\/proceedings-sbbd-2017.pdf\" target=\"_blank\">Proceedings SBBD<\/a> &#8212; <a rel=\"noopener\" href=\"https:\/\/sbbd.org.br\/2017\/wp-content\/uploads\/sites\/3\/2017\/10\/proceedings-satellite-events-sbbd-2017.pdf\" target=\"_blank\">Proceedings of the Satellite Events<\/a> &#8212; <a rel=\"noopener\" href=\"https:\/\/sbbd.org.br\/2017\/wp-content\/uploads\/sites\/3\/2017\/10\/topicos-em-gerenciamento-de-dados-e-informacoes-2017.pdf\" target=\"_blank\">T\u00f3picos em gerenciamento de dados<\/a> &#8212; <a rel=\"noopener\" href=\"https:\/\/sbbd.org.br\/2017\/wp-content\/uploads\/sites\/3\/2013\/07\/programacao.pdf\" target=\"_blank\">Programa\u00e7\u00e3o<\/a> &#8212;&nbsp;<a href=\"https:\/\/sbbd.org.br\/2017\/index.php\/sbbd-2017-photos\/\">Photos<\/a><\/p>\n\n\n\n<p><strong>Overview<\/strong><\/p>\n\n\n\n<p>SBBD is the official database event of the <a href=\"https:\/\/www.sbc.org.br\" target=\"_blank\" rel=\"noopener noreferrer\">Brazilian Computer Society (SBC)<\/a>. It is the largest venue in Latin America for presenting and discussing research results in the database domain. In its 32nd edition, the symposium will be held in Uberl\u00e2ndia, Minas Gerais, on October 2nd-5th, 2017.<\/p>\n\n\n\n<p>This year SBBD is being organized by <a href=\"https:\/\/www.facom.ufu.br\" target=\"_blank\" rel=\"noopener noreferrer\">Faculdade de Computa\u00e7\u00e3o<\/a>, <a href=\"https:\/\/www.ufu.br\" target=\"_blank\" rel=\"noopener noreferrer\">Universidade Federal de Uberl\u00e2ndia (UFU)<\/a>.<\/p>\n\n\n\n<p>SBBD brings together researchers, students and practitioners, from Brazil and abroad, to discuss problems related to the main topics in modern database technologies. Along with technical sessions, the symposium also includes invited talks and tutorials given by distinguished speakers from the international research community. SBBD also promotes a Workshop of Theses and Dissertations in Databases (WTDBD), a Demos Session and a Poster Session as co-located events.<\/p>\n\n\n\n<p>In 2017, for the first time, SBBD will be held in conjunction with the <a href=\"https:\/\/www.bracis2017.ufu.br\" target=\"_blank\" rel=\"noopener noreferrer\">BRACIS (Brazilian Conference on Intelligent Systems)<\/a>&nbsp;and <a href=\"https:\/\/www.facom.ufu.br\/~kdmile\/\" target=\"_blank\" rel=\"noopener noreferrer\">KDMiLe (Symposium on Knowledge Discovery, Mining and Learning)<\/a>.<\/p>\n\n\n\n<p><a href=\"https:\/\/www.facebook.com\/groups\/SBC.SBBD\/\" target=\"_blank\" rel=\"noopener noreferrer\">Find SBBD on Facebook!<\/a> <a href=\"https:\/\/www.facebook.com\/sbcbrasil\/\" target=\"_blank\" rel=\"noopener noreferrer\">Find SBC on Facebook! <\/a><\/p>\n\n\n\n<figure class=\"wp-block-image\"><a href=\"https:\/\/www.facebook.com\/groups\/SBC.SBBD\/\" target=\"_blank\" rel=\"noopener noreferrer\"><img decoding=\"async\" src=\"\/\/login.create.net\/images\/icons\/user\/facebook_40x40.png\" alt=\"follow us on facebook\"\/><\/a><\/figure>\n\n\n\n<p>Print your SBBD\/KDMiLe 2017 Poster: <a href=\"https:\/\/sbbd.org.br\/2017\/wp-content\/uploads\/sites\/3\/2017\/08\/cartaz-divulgacao.png\" target=\"_blank\" rel=\"noopener noreferrer\">png<\/a> or <a href=\"https:\/\/sbbd.org.br\/2017\/wp-content\/uploads\/sites\/3\/2017\/08\/cartaz-divulgacao.pdf\" target=\"_blank\" rel=\"noopener noreferrer\">pdf<\/a><\/p>\n\n\n\n<div class=\"row-columns\">\n<div class=\"column-md-4\"><strong>SPONSORED BY<\/strong><\/div>\n<\/div>\n\n\n\n<div class=\"row-columns\">\n<figure><a href=\"http:\/\/www.sbc.org.br\/\" target=\"_blank\" rel=\"noopener noreferrer\"><img loading=\"lazy\" decoding=\"async\" width=\"90\" height=\"136\" class=\"wp-image-1223 size-full alignleft\" src=\"https:\/\/sbbd.org.br\/2017\/wp-content\/uploads\/sites\/3\/2022\/02\/sbc.png\" alt=\"\"><\/a><\/figure><div class=\"column-md-3\"><\/div>\n<\/div>\n\n\n\n<div class=\"row-columns\">\n<div>&nbsp;<\/div>\n<div>&nbsp;<\/div>\n<div>&nbsp;<\/div>\n<div>&nbsp;<\/div>\n<div>&nbsp;<\/div>\n<div>&nbsp;<\/div>\n<div>&nbsp;<\/div>\n<div class=\"column-md-4\"><strong>DIAMOND SPONSORS<\/strong><\/div>\n<\/div>\n\n\n\n<div class=\"row-columns\">\n<a href=\"http:\/\/www.itau.com.br\/\" target=\"_blank\" rel=\"noopener noreferrer\"><img loading=\"lazy\" decoding=\"async\" width=\"100\" height=\"100\" class=\"alignleft wp-image-1314 size-full\" src=\"https:\/\/sbbd.org.br\/2017\/wp-content\/uploads\/sites\/3\/2022\/02\/itau.png\" alt=\"\"><\/a>&nbsp;&nbsp;<a href=\"http:\/\/www.nvidia.com.br\/\" target=\"_blank\" rel=\"noopener noreferrer\"><img loading=\"lazy\" decoding=\"async\" width=\"134\" height=\"100\" class=\"alignleft wp-image-1254 size-full\" src=\"https:\/\/sbbd.org.br\/2017\/wp-content\/uploads\/sites\/3\/2022\/02\/nvidia.png\" alt=\"\"><\/a><\/div>\n\n\n\n<div class=\"row-columns\">\n<div>&nbsp;<\/div>\n<div>&nbsp;<\/div>\n<div>&nbsp;<\/div>\n<div>&nbsp;<\/div>\n<div>&nbsp;<\/div>\n<div>&nbsp;<\/div>\n<div class=\"column-md-4\"><strong>GOLD SPONSOR<\/strong><\/div>\n<\/div>\n\n\n\n<div class=\"row-columns\">\n<a href=\"http:\/\/www.algartelecom.com.br\/\" target=\"_blank\" rel=\"noopener noreferrer\"><img loading=\"lazy\" decoding=\"async\" width=\"189\" height=\"74\" class=\"size-full wp-image-1260 alignleft\" src=\"https:\/\/sbbd.org.br\/2017\/wp-content\/uploads\/sites\/3\/2022\/02\/algar.png\" alt=\"\"><\/a>\n<\/div>\n\n\n\n<div class=\"row-columns\">\n<div>&nbsp;<\/div>\n<div>&nbsp;<\/div>\n<div>&nbsp;<\/div>\n<div>&nbsp;<\/div>\n<div class=\"column-md-4\"><strong>SILVER SPONSORS<\/strong><\/div>\n<\/div>\n\n\n\n<div class=\"row-columns\">\n<a href=\"http:\/\/www.google.com.br\/\" target=\"_blank\" rel=\"noopener noreferrer\"><img loading=\"lazy\" decoding=\"async\" width=\"181\" height=\"60\" class=\"size-full wp-image-1265 alignleft\" src=\"https:\/\/sbbd.org.br\/2017\/wp-content\/uploads\/sites\/3\/2022\/02\/google.png\" alt=\"\"><\/a>&nbsp;&nbsp;<a href=\"http:\/\/www.research.ibm.com\/labs\/brazil\/\" target=\"_blank\" rel=\"noopener noreferrer\"><img loading=\"lazy\" decoding=\"async\" width=\"281\" height=\"75\" class=\"size-full wp-image-1268 alignleft\" src=\"https:\/\/sbbd.org.br\/2017\/wp-content\/uploads\/sites\/3\/2022\/02\/ibm.png\" alt=\"\"><\/a>\n<\/div>\n\n\n\n<div class=\"row-columns\">\n<div>&nbsp;<\/div>\n<div>&nbsp;<\/div>\n<div>&nbsp;<\/div>\n<div>&nbsp;<\/div>\n<div class=\"column-md-4\"><strong>BRONZE SPONSORS<\/strong><\/div>\n<\/div>\n\n\n\n<div class=\"row-columns\">\n<figure><a href=\"http:\/\/www.sebrae.com.br\/\" target=\"_blank\" rel=\"noopener noreferrer\"><img loading=\"lazy\" decoding=\"async\" width=\"144\" height=\"70\" class=\"size-full wp-image-1271 alignleft\" src=\"https:\/\/sbbd.org.br\/2017\/wp-content\/uploads\/sites\/3\/2022\/02\/sebrae.png\" alt=\"\"><\/a>&nbsp;&nbsp;<a href=\"http:\/\/www.sankhya.com.br\/\" target=\"_blank\" rel=\"noopener noreferrer\"><img loading=\"lazy\" decoding=\"async\" width=\"202\" height=\"54\" class=\"alignleft wp-image-1316 size-full\" src=\"https:\/\/sbbd.org.br\/2017\/wp-content\/uploads\/sites\/3\/2022\/02\/sankhya.png\" alt=\"\"><\/a>\n&nbsp;&nbsp;<img loading=\"lazy\" decoding=\"async\" width=\"284\" height=\"52\" class=\"size-full wp-image-1279 alignleft\" src=\"https:\/\/sbbd.org.br\/2017\/wp-content\/uploads\/sites\/3\/2022\/02\/clique.png\" alt=\"\">\n<\/figure><\/div>\n\n\n\n<div class=\"row-columns\">\n<div>&nbsp;<\/div>\n<div>&nbsp;<\/div>\n<div>&nbsp;<\/div>\n<div>&nbsp;<\/div>\n<div>&nbsp;<\/div>\n<div class=\"column-md-4\"><strong>ORGANIZED BY<\/strong><\/div>\n<\/div>\n\n\n\n<div class=\"row-columns\">\n<figure><a href=\"http:\/\/www.ufu.br\/\" target=\"_blank\" rel=\"noopener noreferrer\"><img loading=\"lazy\" decoding=\"async\" width=\"85\" height=\"130\" class=\"alignleft wp-image-1224 size-full\" src=\"https:\/\/sbbd.org.br\/2017\/wp-content\/uploads\/sites\/3\/2022\/02\/ufu.png\" alt=\"\"><\/a><\/figure><div class=\"column-md-3\"><\/div>\n<figure><a href=\"http:\/\/www.facom.ufu.br\/\" target=\"_blank\" rel=\"noopener noreferrer\"><img loading=\"lazy\" decoding=\"async\" width=\"216\" height=\"70\" class=\"alignleft wp-image-1238 size-full\" src=\"https:\/\/sbbd.org.br\/2017\/wp-content\/uploads\/sites\/3\/2022\/02\/facom.png\" alt=\"\"><\/a><\/figure><div class=\"column-md-3\"><\/div>\n<\/div>\n\n\n\n<div class=\"row-columns\">\n<div>&nbsp;<\/div>\n<div>&nbsp;<\/div>\n<div>&nbsp;<\/div>\n<div>&nbsp;<\/div>\n<div>&nbsp;<\/div>\n<div>&nbsp;<\/div>\n<div class=\"column-md-4\"><strong>SUPPORT<\/strong><\/div>\n<\/div>\n\n\n\n<div class=\"row-columns\">\n<figure><a href=\"http:\/\/www.propp.ufu.br\/\" target=\"_blank\" rel=\"noopener noreferrer\"><img loading=\"lazy\" decoding=\"async\" width=\"113\" height=\"90\" class=\"alignleft wp-image-1225 size-full\" src=\"https:\/\/sbbd.org.br\/2017\/wp-content\/uploads\/sites\/3\/2022\/02\/propp.png\" alt=\"\"><\/a><\/figure><figure><a href=\"http:\/\/www.uberlandiacvb.com.br\/\" target=\"_blank\" rel=\"noopener noreferrer\"><img loading=\"lazy\" decoding=\"async\" width=\"114\" height=\"100\" class=\"alignleft wp-image-1227 size-full\" src=\"https:\/\/sbbd.org.br\/2017\/wp-content\/uploads\/sites\/3\/2022\/02\/UCVB.png\" alt=\"\"><\/a><\/figure><div class=\"column-md-3\">&nbsp;&nbsp; <\/div>\n<\/div>\n\n\n\n<div class=\"row-columns\">\n<div>&nbsp;<\/div>\n<div>&nbsp;<\/div>\n<div>&nbsp;<\/div>\n<div>&nbsp;<\/div>\n<div>&nbsp;<\/div>\n<div>&nbsp;<\/div>\n<div class=\"column-md-4\"><strong>PROMOTION<\/strong><\/div>\n<\/div>\n\n\n\n<div class=\"row-columns\">\n<figure><a href=\"http:\/\/www.capes.gov.br\/\" target=\"_blank\" rel=\"noopener noreferrer\"><img loading=\"lazy\" decoding=\"async\" width=\"102\" height=\"94\" class=\"wp-image-1243 size-full alignleft\" src=\"https:\/\/sbbd.org.br\/2017\/wp-content\/uploads\/sites\/3\/2022\/02\/capes.png\" alt=\"\"><\/a><\/figure><div class=\"column-md-3\">&nbsp;<\/div>\n<figure><a href=\"http:\/\/www.fapemig.br\/\" target=\"_blank\" rel=\"noopener noreferrer\"><img loading=\"lazy\" decoding=\"async\" width=\"112\" height=\"91\" class=\"alignleft wp-image-1245 size-full\" src=\"https:\/\/sbbd.org.br\/2017\/wp-content\/uploads\/sites\/3\/2022\/02\/fapemig.png\" alt=\"\"><\/a><\/figure><div class=\"column-md-3\">&nbsp;<\/div>\n<figure><a href=\"http:\/\/www.cnpq.br\/\" target=\"_blank\" rel=\"noopener noreferrer\"><img loading=\"lazy\" decoding=\"async\" width=\"200\" height=\"60\" class=\"alignleft wp-image-1244 size-full\" src=\"https:\/\/sbbd.org.br\/2017\/wp-content\/uploads\/sites\/3\/2022\/02\/cnpq.png\" alt=\"\"><\/a><\/figure><div class=\"column-md-3\">&nbsp;<\/div>\n<\/div>\n\n\n\n<div>&nbsp;<\/div>\n\n\n\n<div>&nbsp;<\/div>\n\n\n\n<div>&nbsp;<\/div>\n\n\n\n<div>&nbsp;<\/div>\n\n\n\n<p><\/p>\n\n\n\n<p><\/p>\n","protected":false},"excerpt":{"rendered":"<p>New! Proceedings SBBD &#8212; Proceedings of the Satellite Events &#8212; T\u00f3picos em gerenciamento de dados &#8212; Programa\u00e7\u00e3o &#8212;&nbsp;Photos Overview SBBD&hellip; <\/p>\n","protected":false},"author":1,"featured_media":0,"parent":0,"menu_order":0,"comment_status":"closed","ping_status":"open","template":"","meta":{"footnotes":""},"class_list":["post-225","page","type-page","status-publish","hentry"],"_links":{"self":[{"href":"https:\/\/sbbd.org.br\/2017\/index.php\/wp-json\/wp\/v2\/pages\/225","targetHints":{"allow":["GET"]}}],"collection":[{"href":"https:\/\/sbbd.org.br\/2017\/index.php\/wp-json\/wp\/v2\/pages"}],"about":[{"href":"https:\/\/sbbd.org.br\/2017\/index.php\/wp-json\/wp\/v2\/types\/page"}],"author":[{"embeddable":true,"href":"https:\/\/sbbd.org.br\/2017\/index.php\/wp-json\/wp\/v2\/users\/1"}],"replies":[{"embeddable":true,"href":"https:\/\/sbbd.org.br\/2017\/index.php\/wp-json\/wp\/v2\/comments?post=225"}],"version-history":[{"count":98,"href":"https:\/\/sbbd.org.br\/2017\/index.php\/wp-json\/wp\/v2\/pages\/225\/revisions"}],"predecessor-version":[{"id":1880,"href":"https:\/\/sbbd.org.br\/2017\/index.php\/wp-json\/wp\/v2\/pages\/225\/revisions\/1880"}],"wp:attachment":[{"href":"https:\/\/sbbd.org.br\/2017\/index.php\/wp-json\/wp\/v2\/media?parent=225"}],"curies":[{"name":"wp","href":"https:\/\/api.w.org\/{rel}","templated":true}]}}