{"id":1333,"date":"2017-08-22T13:58:07","date_gmt":"2017-08-22T16:58:07","guid":{"rendered":"http:\/\/sbbd.org.br\/2017\/?page_id=1333"},"modified":"2017-09-09T16:04:23","modified_gmt":"2017-09-09T19:04:23","slug":"accepted-papers","status":"publish","type":"page","link":"https:\/\/sbbd.org.br\/2017\/index.php\/accepted-papers\/","title":{"rendered":"ACCEPTED PAPERS"},"content":{"rendered":"<p>[toggle title=&#8221;<strong>FULL PAPERS<\/strong>&#8221; state=&#8221;opened&#8221;]<\/p>\n<ul>\n<li><strong>Workload-Aware RDF Partitioning and SPARQL Query Caching for Massive RDF Graphs stored in NoSQL Databases<\/strong><br \/>\nLuiz Henrique Zambom Santana (Universidade Federal de Santa Catarina &#8211; Brazil), Ronaldo Mello (Universidade Federal de Santa Catarina &#8211; Brazil)<\/li>\n<li><strong>Uma avalia\u00e7\u00e3o de Efici\u00eancia e Efic\u00e1cia da Combina\u00e7\u00e3o de T\u00e9cnicas para Deduplica\u00e7\u00e3o de Dados<\/strong><br \/>\nLevy Souza (Universidade Federal de Minas Gerais &#8211; Brazil), Mirella Moro (Universidade Federal de Minas Gerais &#8211; Brazil), Dimas C. Nascimento (Universidade Federal Rural de Pernambuco (UFRPE) &#8211; Brazil)<\/li>\n<li><strong>Liga\u00e7\u00f5es Sem\u00e2nticas Utilizando Predicados SKOS<\/strong><br \/>\nRicardo de Avila (Universidade Federal do Ceara &#8211; Brazil), Salomao Silva (Universidade Federal do Ceara &#8211; Brazil), David Ara\u00fajo Abreu (Universidade Federal do Cear\u00e1 &#8211; Brazil), Vania Vidal (Universidade Federal do Cear\u00e1 &#8211; Brazil), Jos\u00e9 Antonio Mac\u00eado (UFC &#8211; Brazil)<\/li>\n<li><strong>Extra\u00e7\u00e3o de dados de confer\u00eancias em p\u00e1ginas Web<\/strong><br \/>\nC\u00e1ssio Garcia (Universidade Federal do Rio Grande do Sul &#8211; Brazil), Viviane Moreira (Universidade Federal do Rio Grande do Sul &#8211; Brazil)<\/li>\n<li><strong>Grouping vertices neighborhood in relational tables: A storage approach for graph data management<\/strong><br \/>\nLucas Scabora (University of S\u00e3o Paulo &#8211; Brazil), Paulo Oliveira (University of S\u00e3o Paulo &#8211; Brazil), Daniel Kaster (UEL &#8211; Universidade Estadual de Londrina &#8211; Brazil), Agma Traina (ICMC-USP &#8211; Brazil), Caetano Traina J\u00fanior (ICMC &#8211; USP &#8211; Brazil)<\/li>\n<li><strong>ParallelNACluster: Uma estrat\u00e9gia paralela de clusteriza\u00e7\u00e3o para o casamento de m\u00faltiplos cat\u00e1logos<\/strong><br \/>\nVin\u00edcius Freire (Federal University of Cear\u00e1 &#8211; Brazil), Fabio Andre Porto (LNCC &#8211; Brazil), Jos\u00e9 Antonio Mac\u00eado (UFC &#8211; Brazil)<\/li>\n<li><strong>Identifica\u00e7\u00e3o do grafo de genealogia acad\u00eamica de pesquisadores: Uma abordagem baseada na Plataforma Lattes<\/strong><br \/>\nRafael Damaceno (Universidade Federal do ABC &#8211; Brazil), Jes\u00fas Mena-Chalco (Federal University of ABC &#8211; Brazil), Luciano Rossi (Universidade Federal do ABC &#8211; Brazil)<\/li>\n<li><strong>A Framework for Online Clustering Based on Evolving Semi-Supervision<\/strong><br \/>\nGuilherme Alves (Federal University of Uberl\u00e2ndia &#8211; Brazil), Maria Camila Nardini Barioni (UFU &#8211; Brazil), Elaine Faria (Federal University of Uberlandia &#8211; Brazil)<\/li>\n<li><strong>Explorando arquiteturas multi-core para processamento eficiente de consultas em Big Data<\/strong><br \/>\nFrank Rodrigues da Silva (UFF &#8211; Brazil), Victor de Almeida (UFF, Petrobras &#8211; Brazil), Vanessa Braganholo (UFF &#8211; Brazil)<\/li>\n<li><strong>A Spline-based Cost Model for Metric Trees<\/strong><br \/>\nMarcos Bedo (Unversity of S\u00e3o Paulo &#8211; Brazil), Caetano Traina J\u00fanior (ICMC &#8211; USP &#8211; Brazil), Agma Traina (ICMC-USP &#8211; Brazil)<\/li>\n<li><strong>STACY: Um Novo Algoritmo para Automaticamente Classificar a For\u00e7a dos Relacionamentos<\/strong><br \/>\nMichele Brand\u00e3o (UFMG &#8211; Brazil), Pedro Olmo Vaz de Melo (Universidade Federal de Minas Gerais &#8211; Brazil), Mirella Moro (Universidade Federal de Minas Gerais &#8211; Brazil)<\/li>\n<li><strong>Particionamento como A\u00e7\u00e3o de Sintonia Fina em Bancos de Dados Relacionais<\/strong><br \/>\nAna Carolina Almeida (Universidade do Estado do Rio de Janeiro &#8211; Brazil), Antony Medeiros (PUC-Rio &#8211; Brazil), Rog\u00e9rio Lu\u00eds de Carvalho Costa (Pontif\u00edcia Universidade Cat\u00f3lica do Rio de Janeiro &#8211; Brazil), Sergio Lifschitz (PUC-Rio &#8211; Brazil)<\/li>\n<li><strong>Uma Proposta de Perfil de Conjuntos de Dados na Web com Enriquecimento Sem\u00e2ntico<\/strong><br \/>\nNatacha Targino (UFPE &#8211; Brazil), Damires Souza (IFPB &#8211; Brazil), Ana Carolina Salgado (UFPE &#8211; Brazil)<\/li>\n<li><strong>Um Survey sobre Solu\u00e7\u00f5es para Publica\u00e7\u00e3o de Dados na Web sob a Perspectiva das Boas Pr\u00e1ticas do W3C<\/strong><br \/>\nLairson Oliveira (Universidade Federal de Pernambuco &#8211; Brazil), Bernadette Loscio (Universidade Federal de Pernambuco &#8211; Brazil), Marcelo Iury S . Oliveira (Universidade Federal Rural de Pernambuco &#8211; Brazil)<\/li>\n<li><strong>Spatial Indexing on Flash Memories: Analyzing the Performance of Spatial Indices using a Flash Simulator<\/strong><br \/>\nAnderson Chaves Carniel (University of S\u00e3o Paulo &#8211; Brazil), Tamires Brito da Silva (University of S\u00e3o Paulo &#8211; Brazil), Kairo Luiz dos Santos Bonicenha (University of S\u00e3o Paulo &#8211; Brazil), Cristina Ciferri (USP &#8211; Brazil), Ricardo Ciferri (Universidade Federal de S\u00e3o Carlos &#8211; Brazil)<\/li>\n<\/ul>\n<p>[\/toggle]<\/p>\n<p>[toggle title=&#8221;<strong>SHORT PAPERS<\/strong>&#8221; state=&#8221;opened&#8221;]<\/p>\n<ul>\n<li><strong>An\u00e1lise do Impacto do Gerador de Conjuntos de Dados em Experimentos de Deduplica\u00e7\u00e3o de Dados<\/strong><br \/>\nLevy Souza (Universidade Federal de Minas Gerais &#8211; Brazil), Mirella Moro (Universidade Federal de Minas Gerais &#8211; Brazil)<\/li>\n<li><strong>Detec\u00e7\u00e3o de anomalias no transporte rodovi\u00e1rio urbano<\/strong><br \/>\nAna Beatriz Cruz (CEFET\/RJ &#8211; Brazil), Joao Ferreira (Centro Federal de Educa\u00e7\u00e3o Tecnol\u00f3gica &#8211; CEFET-RJ &#8211; Brazil), Bernardo Monteiro (CEFET\/RJ &#8211; Brazil), Rafaelli Coutinho (CEFET\/RJ &#8211; Brazil), Fabio Andre Porto (LNCC &#8211; Brazil), Eduardo Ogasawara (CEFET\/RJ &#8211; Brazil)<\/li>\n<li><strong>Uso de inst\u00e2ncias de dados e carga de trabalho para minera\u00e7\u00e3o de restri\u00e7\u00f5es de integridade<\/strong><br \/>\nEduardo Pena (Federal University of Paran\u00e1 (UFPR) &#8211; Brazil), Eduardo de Almeida (Universidade Federal do Paran\u00e1 &#8211; Brazil)<\/li>\n<li><strong>Aspectos Temporais para Medir a For\u00e7a da Colabora\u00e7\u00e3o no GitHub<\/strong><br \/>\nNat\u00e9rcia A. Batista (UFMG &#8211; Brazil), Michele Brand\u00e3o (UFMG &#8211; Brazil), Ana Paula Couto da Silva (UFMG &#8211; Brazil), Mirella Moro (Universidade Federal de Minas Gerais &#8211; Brazil)<\/li>\n<li><strong>Spark Scalability Analysis in a Scientific Dataflow<\/strong><br \/>\nRenan Santos Souza (Federal University of Rio de Janeiro and IBM Research &#8211; Brazil), V\u00edtor Silva (Federal University of Rio de Janeiro &#8211; Brazil), Pedro Miranda (UFRJ &#8211; Brazil), Alexandre Lima (Universidade Federal do Rio de Janeiro &#8211; Brazil), Patrick Valduriez (INRIA &#8211; France), Marta Mattoso (COPPE\/UFRJ &#8211; Brazil)<\/li>\n<li><strong>A Predictive Load Balancing Service for Cloud-Replicated Databases<\/strong><br \/>\nCarlos Marinho (Universidade Federal do Cear\u00e1 &#8211; Brazil), Emanuel Coutinho (Universidade Federal do Cear\u00e1 (UFC) &#8211; Brazil), Jos\u00e9 Serafim da Costa Filho (Universidade Federal do Cear\u00e1 &#8211; Brazil), Leonardo Moreira (Universidade Federal do Cear\u00e1 &#8211; Brazil), Fl\u00e1vio R. C. Sousa (Federal University of Ceara &#8211; Brazil), Javam Machado (Federal University of Cear\u00e1 &#8211; Brazil)<\/li>\n<li><strong>An\u00e1lise de Dados Cient\u00edficos: uma An\u00e1lise Comparativa de Dados de Simula\u00e7\u00f5es Computacionais<\/strong><br \/>\nThaylon Guedes Santos (Universidade Federal Fluminense &#8211; Brazil), V\u00edtor Silva (Federal University of Rio de Janeiro &#8211; Brazil), Jose Camata (Federal University of Rio de Janeiro &#8211; Brazil), Marta Mattoso (COPPE\/UFRJ &#8211; Brazil), Daniel de Oliveira (Universidade Federal Fluminense &#8211; Brazil)<\/li>\n<li><strong>Empirical evaluation of strategies to batch-mode range queries of indexed sequences<\/strong><br \/>\nLuiz Brito (Federal University of Uberlandia &#8211; Brazil), Marcelo Albertini (Federal University of Uberlandia &#8211; Brazil)<\/li>\n<li><strong>A For\u00e7a dos Relacionamentos Pode Medir a Qualidade de Comunidades?<\/strong><br \/>\nMariana O. Silva (UFMG &#8211; Brazil), Michele Brand\u00e3o (UFMG &#8211; Brazil), Mirella Moro (Universidade Federal de Minas Gerais &#8211; Brazil)<\/li>\n<li><strong>Don&#8217;t Keep My UDFs Hostage &#8211; Exporting UDFs For Debugging Purposes<\/strong><br \/>\nPedro Holanda (Centrum Wiskunde &amp; Informatica (CWI) &#8211; The Netherlands), Mark Raasveldt (Centrum Wiskunde &amp; Informatica (CWI) &#8211; The Netherlands), Martin Kersten (Centrum Wiskunde &amp; Informatica (CWI) &#8211; The Netherlands)<\/li>\n<li><strong>An\u00e1lise da Forma\u00e7\u00e3o e Evolu\u00e7\u00e3o de Times de Desenvolvimento no Hibernate-ORM<\/strong><br \/>\nTalita Orfan\u00f3 (Universidade Federal de Minas Gerais &#8211; Brazil), Michele Brand\u00e3o (UFMG &#8211; Brazil), Larissa Maia (UFMG &#8211; Brazil), Mirella Moro (Universidade Federal de Minas Gerais &#8211; Brazil)<\/li>\n<li><strong>Online Performance Modeling for NoSQL Databases using Extreme Learning Machines<\/strong><br \/>\nVictor Farias (UFC &#8211; Brazil), Pedro Ramyres (UFC &#8211; Brazil), Fl\u00e1vio R. C. Sousa (Federal University of Ceara &#8211; Brazil), Joao Gomes (Federal University of Ceara &#8211; Brazil), Javam Machado (UFC &#8211; Brazil)<\/li>\n<li><strong>Uma Abordagem para Processamento Distribu\u00eddo de Jun\u00e7\u00e3o por Similaridade sobre M\u00faltiplos Atributos<\/strong><br \/>\nDiego Junior do Carmo Oliveira (Universidade Federal de Goi\u00e1s &#8211; Brazil), Felipe Ferreira Borges (Universidade Federal de Goi\u00e1s &#8211; Brazil), Leonardo Andrade Ribeiro (Federal University of Goi\u00e1s &#8211; Brazil)<\/li>\n<li><strong>Minera\u00e7\u00e3o de Regras de Associa\u00e7\u00e3o Multi-rela\u00e7\u00e3o em Grafos: Direcionando o Processo de Busca<\/strong><br \/>\nFelipe Alves Oliveira (Instituto Militar de Engenharia &#8211; Brazil), Maria Claudia Cavalcanti (Instituto Militar de Engenharia &#8211; Brazil), Ronaldo Goldschmidt (Instituto Militar de Engenharia &#8211; Brazil), Raquel L. Costa (Instituto Nacional do C\u00e2ncer (INCA) &#8211; Brazil)<\/li>\n<li><strong>Minera\u00e7\u00e3o de Perfis Sociais em Redes Temporais<\/strong><br \/>\nJeancarlo Le\u00e3o (Universidade Federal de Minas Gerais (UFMG) &#8211; Brazil), Michele Brand\u00e3o (UFMG &#8211; Brazil), Pedro Olmo Vaz de Melo (Universidade Federal de Minas Gerais &#8211; Brazil), Alberto Laender (Universidade Federal de Minas Gerais &#8211; Brazil)<\/li>\n<li><strong>Uma An\u00e1lise Comparativa entre Sistemas Gerenciadores de Bancos de Dados NoSQL no contexto de Internet das Coisas<\/strong><br \/>\nAllexandre Soares (Instituto Federal de Educa\u00e7\u00e3o, Ci\u00eancia e Tecnologia da Bahia &#8211; Brazil), Pablo Matos (Instituto Federal de Educa\u00e7\u00e3o, Ci\u00eancia e Tecnologia Bahia &#8211; Campus Vit\u00f3ria da Conquista &#8211; Brazil)<\/li>\n<li><strong>Estrat\u00e9gia Distribu\u00edda para An\u00e1lise de Assuntos Abordados no Twitter Via Evolu\u00e7\u00e3o de Clusters<\/strong><br \/>\nPriscila Rodrigues (Universidade Federal do Cear\u00e1 &#8211; Brazil), Ticiana Coelho da Silva (Universidade Federal do Cear\u00e1 &#8211; Brazil), Jose Maria Silva Monteiro Filho (UFC &#8211; Brazil), Jos\u00e9 Antonio Mac\u00eado (UFC &#8211; Brazil)<\/li>\n<li><strong>Spatial Join on Positional Uncertain Data<\/strong><br \/>\nWelder Oliveira (Universidade Federal de Goi\u00e1s), S\u00e1vio de Oliveira (Universidade Federal de Goi\u00e1s &#8211; UFG), Vagner Sacramento (Universidade Federal de Goi\u00e1s), Helton Santos (Universidade Federal de Goi\u00e1s), Kleber Cardoso (Universidade Federal de Goi\u00e1s)<\/li>\n<li><strong>Redes Sociais Cient\u00edficas: an\u00e1lise topol\u00f3gica da influ\u00eancia dos pesquisadores<\/strong><br \/>\nVitor Horta (UFJF), Victor Stroele (Federal University of Juiz de Fora), Fernanda Campos (Universidade Federal de Juiz de Fora), Regina Braga (Universidade Federal de Juiz de Fora), Jos\u00e9 David (Universidade Federal de Juiz de Fora)<\/li>\n<\/ul>\n<p>[\/toggle]<\/p>\n<p>[toggle title=&#8221;<strong>DEMOS AND APPLICATIONS PAPERS<\/strong>&#8221; state=&#8221;opened&#8221;]<\/p>\n<ul>\n<li><strong>AgriExt: Uma Ferramenta para Estimativa da Evapotranspira\u00e7\u00e3o de Refer\u00eancia<\/strong><br \/>\nHinessa Dantas Caminha (UFC), Antonio Raimundo Rocha Mendon\u00e7a (UFC), Ticiana L. Coelho da Silva (UFC), Atslands Rego da Rocha (UFC), Carlos Diego Andrade de Almeida (UFC) e Jos\u00e9 A. F. de Macedo (UFC)<\/li>\n<li><strong>DataChain: Uma Ferramenta para Assegurar a Propriedade e Imutabilidade de Documentos Digitais<\/strong><br \/>\nGabriel O. Mendanha (UFC), L\u00edvia A. Cruz (UFC) e Regis P. Magalh\u00e3es (UFC)<\/li>\n<li><strong>DCluster: Um sistema para an\u00e1lise explorat\u00f3ria de grandes volumes de dados georreferenciados<\/strong><br \/>\nClaudio Gustavo S. Capanema (UFV), Fabr\u00edcio A. Silva (UFV) e Thais R. M. Braga Silva (UFV)<\/li>\n<li><strong>eTRC: Uma Ferramenta de e-Learning para Ensino de C\u00e1lculo Relacional de Tuplas<\/strong><br \/>\nMatheus Mayron Lima (UFC), J\u00falio Tavares (UFC), Jos\u00e9 Maria Monteiro (UFC), Angelo Brayner (UFC) e Javam Machado (UFC)<\/li>\n<li><strong>NoSQLCASE: Uma ferramenta CASE para constru\u00e7\u00e3o de esquemas conceituais de aplica\u00e7\u00f5es com Persist\u00eancia Poliglota<\/strong><br \/>\nInacio de Loiola Souza Silva (UFPE) e Valeria Cesario Times (UFPE)<\/li>\n<li><strong>Seal-DB : Uma Ferramenta de Suporte ao Aprendizado de Banco de Dados<\/strong><br \/>\nGustavo Moraes (UNIFOR), Jos\u00e9 de Aguiar Moraes Filho (UNIFOR) e Angelo Brayner (UFC)<\/li>\n<li><strong>Uma Ferramenta para Assegurar a Confidencialidade de Dados em Servi\u00e7os de Armazenamento em Nuvem<\/strong><br \/>\nEliseu C. Branco (UFC), Roney Reis (UFC), Javam C. Machado (UFC), Jos\u00e9 Maria Monteiro (UFC), Gabriel G. Melo (UFC), Thiago de Sousa Garcia (UFC), Ricardo J. Lima (UFC), J\u00falio Tavares (UFC) e Angelo Brayner (UFC)<\/li>\n<li><strong>Vis4DD: A visualization system that supports Data Quality Visual Assessment<\/strong><br \/>\nJoao Marcelo Borovina Josko (IME-USP) e Joao Eduardo Ferreira (IME-USP)<\/li>\n<\/ul>\n<p>[\/toggle]<\/p>\n<p>[toggle title=&#8221;<strong>THESES AND DISSERTATIONS CONTEST PAPERS<\/strong>&#8221; state=&#8221;opened&#8221;]<\/p>\n<p><strong>Doutorado:<\/strong><\/p>\n<ul>\n<li><strong>Data classification in complex networks via pattern conformation, data importance and structural optimization<\/strong><br \/>\nMurillo Carneiro (Federal University of Uberl\u00e2ndia), Liang Zhao (Universidade de S\u00e3o Paulo)<\/li>\n<li><strong>A Multi-View Approach for Assessing the Quality of Collaboratively Created Content on the Web 2.0<\/strong><br \/>\nDaniel Dalip (Centro Federal de Educa\u00e7\u00e3o Tecnol\u00f3gica de Minas Gerais), Marcos Gon\u00e7alves (Universidade Federal de Minas Gerais), Marco Cristo (UFAM)<\/li>\n<\/ul>\n<p><strong>Mestrado:<\/strong><\/p>\n<ul>\n<li><strong>Join Operators for Asymmetric Media<\/strong><br \/>\nNeusa Evangelista (UNIFOR), Jos\u00e9 de Aguiar Moraes Filho (UNIFOR), Angelo Brayner (UFC)<\/li>\n<li><strong>Discretizador Heur\u00edstico para o Contexto de Classifica\u00e7\u00e3o Hier\u00e1rquica<\/strong><br \/>\nLeandro Galv\u00e3o (Universidade do Estado de Minas Gerais), Luiz Henrique Merschmann (Universidade Federal de Lavras), Uma Abordagem em Paralelo para Matching de Grandes Ontologias com Balanceamento de Carga, Tiago Brasileiro (UFCG)<\/li>\n<li><strong>Uma Abordagem em Paralelo para Matching de Grandes Ontologias com Balanceamento de Carga<\/strong><br \/>\nTiago Brasileiro (UFCG)<\/li>\n<li><strong>Analysis of Academic Social Networks considering Social Capital<\/strong><br \/>\nThiago Silva (UFMG)<\/li>\n<li><strong>Parallel Execution of Workflows Relying on Distributed Database Techniques<\/strong><br \/>\nRenan Santos Souza (UFRJ and IBM Research), Marta Mattoso (COPPE\/UFRJ)<\/li>\n<li><strong>Efficiently Computing Geometric Composition Patterns in Big Data<\/strong><br \/>\nAmir Khatibi (UFMG), Fabio Andre Porto (LNCC), Eduardo Ogasawara (CEFET\/RJ)<\/li>\n<\/ul>\n<p>[\/toggle]<\/p>\n<p>[toggle title=&#8221;<strong>THESIS AND DISSERTATIONS WORSHOP PAPERS<\/strong>&#8221; state=&#8221;opened&#8221;]<\/p>\n<ul>\n<li><strong>A middleware for storing massive RDF graphs into NoSQL<\/strong><br \/>\nLuiz Henrique Zambom Santana (Universidade Federal de Santa Catarina), Ronaldo Mello (Universidade Federal de Santa Catarina)<\/li>\n<li><strong>Uma Abordagem para Processamento em Mem\u00f3ria de Opera\u00e7\u00f5es de Sele\u00e7\u00e3o em Sistemas de Bancos de Dados\u00a0\u00a0\u00a0\u00a0\u00a0\u00a0 \u00a0<\/strong><br \/>\nDiego Tom\u00e9 (Universidade Federal do Paran\u00e1), Marco Alves (Universidade Federal do Paran\u00e1), Eduardo de Almeida (Universidade Federal do Paran\u00e1)<\/li>\n<li><strong>Processamento eficiente de consultas sobre grandes volumes de dados usando arquiteturas multi-core<\/strong><br \/>\nFrank Silva (UFF, UNEMAT), Victor de Almeida (UFF, Petrobras), Vanessa Braganholo (UFF)<\/li>\n<li><strong>Interoperabilidade entre DaaS e DbaaS heterog\u00eaneos\u00a0\u00a0\u00a0\u00a0\u00a0\u00a0 \u00a0<\/strong><br \/>\nMarcelo Vieira (FORMAS\/LASID\/IME\/UFBA), Daniela Barreiro Claro (UFBA)<\/li>\n<li><strong>MetisIDX &#8211; From Adaptive to Predictive Data Indexing<\/strong><br \/>\nElvis Teixeira (Federal University of Cear\u00e1), Javam Machado (UFC)<\/li>\n<li><strong>Mecanismo de Infer\u00eancia de Diagn\u00f3stico Baseado na Classifica\u00e7\u00e3o de Sinais ECG<\/strong><br \/>\nPriscila Rodrigues (Universidade Federal do Cear\u00e1), Jose Maria Silva Monteiro Filho (UFC)<\/li>\n<li><strong>Metadata Curation Framework for Supporting Data Ecosystems\u00a0\u00a0 \u00a0<\/strong><br \/>\nMarcelo Iury S . Oliveira (Universidade Federal Rural de Pernambuco), Bernadette Loscio (Universidade Federal de Pernambuco)<\/li>\n<li><strong>An External Memory Approach for de Bruijn Graph Construction\u00a0\u00a0 \u00a0<\/strong><br \/>\nElvismary Molina de Armas (PUC-Rio), Sergio Lifschitz (PUC-Rio)<\/li>\n<li><strong>Uma Abordagem para Cria\u00e7\u00e3o e Uso de Perfis de Conjuntos de Dados com Metadados Enriquecidos Semanticamente<\/strong><br \/>\nNatacha Targino (UFPE), Ana Carolina Salgado (UFPE), Damires Souza (IFPB)<\/li>\n<\/ul>\n<p>[\/toggle]<\/p>\n<p>[toggle title=&#8221;<strong>SBBD DATASET SHOWCASE WORKSHOP PAPERS<\/strong>&#8221; state=&#8221;opened&#8221;]<\/p>\n<ul>\n<li><strong>A Twitter Opinion Mining Gold Standard for Brazilian Uprising in 2013<\/strong><br \/>\nTiago Fran\u00e7a (UFRRJ), Jonice Oliveira (UFRJ), Jos\u00e9 Orlando Gomes (UFRJ)<\/li>\n<li><strong>GitSED: Um Conjunto de Dados com Informa\u00e7\u00f5es Sociais baseado no GitHub<\/strong><br \/>\nNat\u00e9rcia A. Batista (UFMG), Gabriela B. Alves (UFMG), Andr\u00e9 Gonzaga (UFMG), Michele Brand\u00e3o (UFMG)<\/li>\n<li><strong>Soccer2014DS: a dataset containing player events from the 2014 World Cup<\/strong><br \/>\nMarcos Roberto Ribeiro (IFMG), Maria Camila Nardini Barioni (UFU), Sandra de Amo (UFU), Claudia Roncancio (ENSIMAG, France), Cyril Labb\u00e9 (Universit\u00e9 Joseph Fourier &#8211; France)<\/li>\n<li><strong>Dados de Monitoramento de Projetos de Inclus\u00e3o Digital do Minist\u00e9rio da Ci\u00eancia, Tecnologia, Inova\u00e7\u00f5es e Comunica\u00e7\u00f5es<\/strong><br \/>\nDiego Pasqualin (C3SL), Luis Carlos De Bona (UFPR), Edemir Maciel (UFPR), Lucas Oliveira (UFPR), Marcos Sunye (UFPR)<\/li>\n<li><strong>FiSmo: A Compilation of Datasets from Emergency Situations for Fire and Smoke Analysis<\/strong><br \/>\nDaniel Chino (USP), Agma Traina (ICMC-USP), Jessica Andressa de Souza (USP), Mirela Cazzolato (USP), Jos\u00e9 Rodrigues J\u00fanior (ICMC-USP), Jonathan Ramos (UNIR), Letricia Avalhais (USP)<\/li>\n<li><strong>Deduplica\u00e7\u00e3o de Nomes e Redes de Co-autoria na DBLP<\/strong><br \/>\nMariana O. Silva (UFMG), Michele Brand\u00e3o (UFMG)<\/li>\n<li><strong>LattesDoctoralDataset: Uma Cole\u00e7\u00e3o de Dados Estratificados sobre o Conjunto de Doutores Cadastrados na Plataforma Lattes<\/strong><br \/>\nThiago Dias (CEFET MG), Alberto Laender (UFMG), Gray Moita (CEFET-MG)<\/li>\n<li><strong>IntergenicDB: Banco de dados de regi\u00f5es interg\u00eanicas de Bact\u00e9rias Gram-Negativas<\/strong><br \/>\nDaniel Notari (UCS), Jovani Dalzochio (UCS), Camila Rachel Tonin de Andrade (UCS), Jordan da Rosa (UCS), Hugo Andr\u00e9 Klauck (IFRS), Scheila de Avila e Silva (UCS)<\/li>\n<li><strong>MAMMOSET: An Enhanced Dataset of Mammograms<\/strong><br \/>\nPaulo Oliveira (USP), Lucas Scabora (USP), Mirela Cazzolato (USP), Marcos Bedo (USP), Agma Traina (ICMC-USP), Caetano Traina J\u00fanior (ICMC &#8211; USP)<\/li>\n<li><strong>Publicando e Consumindo um Conjunto de Dados Abertos Conectados da UAI<\/strong><br \/>\nDamires Souza (IFPB), Andre Alencar (IFPB)<\/li>\n<li><strong>Spatial Datasets for Conducting Experimental Evaluations of Spatial Indices<\/strong><br \/>\nAnderson Chaves Carniel (USP), Ricardo Ciferri (UFSCAR), Cristina Ciferri (USP)<\/li>\n<\/ul>\n<p>[\/toggle]<\/p>\n<p>[toggle title=&#8221;<strong>WORKSHOP DATABASES MEET BIOINFORMATICS PAPERS<\/strong>&#8221; state=&#8221;opened&#8221;]<\/p>\n<ul>\n<li><strong>Integrated Visualization of Disease-Ancestry Relationships with DANCE<\/strong><br \/>\nGilderlanio Ara\u00fajo (UFPE), Paula Jennifer dos Santos (UFMG), Eduardo M. Tarazona Santos (UFPE), Ma\u00edra R. Rodrigues (UNICAMP)<\/li>\n<li><strong>Uso de Bancos de Dados NoSQL para Gerenciamento de Dados em Workflow de Bioinform\u00e1tica<\/strong><br \/>\nPolyane Wercelens (UnB), Fernanda Hondo (UnB), Waldeyr Silva (IFG), Klayton Castro (UnB), Aleteia Araujo (UnB), Maria Emilia Walter (UnB), Maristela Holanda (UnB)<\/li>\n<li><strong>e-FReDock: A Flexible Receptor Docking-Based Virtual Screening Workflow Deployed on Cloud Platforms<\/strong><br \/>\nRenata De Paris (PUCRS), Christian Vahl Quevedo (PUCRS), Duncan Dubugras Alcoba Ruiz (PUCRS), Osmar Norberto de Souza (PUCRS)<\/li>\n<li><strong>A Study of Index Structures for K-mer Mapping<\/strong><br \/>\nElvismary M. de Armas (PUC-Rio), Marcos V. Marques da Silva (PUC-Rio), Sergio Lifschitz (PUC-Rio)<\/li>\n<li><strong>VelvetH-DB: Persist\u00eancia de Dados no Processo de Montagem de Fragmentos de Sequ\u00eancias Biol\u00f3gicas<\/strong><br \/>\nMarcos Vinicius Marques da Silva (PUC-Rio), Maristela Terto de Holanda (UnB), Edward Hermann Haeusler (PUC-Rio), Elvismary Molina de Armas (PUC-Rio), S\u00e9rgio Lifschitz (PUC-Rio)<\/li>\n<\/ul>\n<p>[\/toggle]<\/p>\n","protected":false},"excerpt":{"rendered":"<p>[toggle title=&#8221;FULL PAPERS&#8221; state=&#8221;opened&#8221;] Workload-Aware RDF Partitioning and SPARQL Query Caching for Massive RDF Graphs stored in NoSQL Databases Luiz&hellip; <\/p>\n","protected":false},"author":7,"featured_media":0,"parent":0,"menu_order":0,"comment_status":"closed","ping_status":"closed","template":"","meta":{"footnotes":""},"class_list":["post-1333","page","type-page","status-publish","hentry"],"_links":{"self":[{"href":"https:\/\/sbbd.org.br\/2017\/index.php\/wp-json\/wp\/v2\/pages\/1333","targetHints":{"allow":["GET"]}}],"collection":[{"href":"https:\/\/sbbd.org.br\/2017\/index.php\/wp-json\/wp\/v2\/pages"}],"about":[{"href":"https:\/\/sbbd.org.br\/2017\/index.php\/wp-json\/wp\/v2\/types\/page"}],"author":[{"embeddable":true,"href":"https:\/\/sbbd.org.br\/2017\/index.php\/wp-json\/wp\/v2\/users\/7"}],"replies":[{"embeddable":true,"href":"https:\/\/sbbd.org.br\/2017\/index.php\/wp-json\/wp\/v2\/comments?post=1333"}],"version-history":[{"count":20,"href":"https:\/\/sbbd.org.br\/2017\/index.php\/wp-json\/wp\/v2\/pages\/1333\/revisions"}],"predecessor-version":[{"id":1437,"href":"https:\/\/sbbd.org.br\/2017\/index.php\/wp-json\/wp\/v2\/pages\/1333\/revisions\/1437"}],"wp:attachment":[{"href":"https:\/\/sbbd.org.br\/2017\/index.php\/wp-json\/wp\/v2\/media?parent=1333"}],"curies":[{"name":"wp","href":"https:\/\/api.w.org\/{rel}","templated":true}]}}