{"id":1281,"date":"2017-08-12T20:31:56","date_gmt":"2017-08-12T23:31:56","guid":{"rendered":"http:\/\/sbbd.org.br\/2017\/?page_id=1281"},"modified":"2017-10-17T22:18:22","modified_gmt":"2017-10-18T01:18:22","slug":"chamada-de-apoio","status":"publish","type":"page","link":"https:\/\/sbbd.org.br\/2017\/index.php\/chamada-de-apoio\/","title":{"rendered":"CHAMADA DE APOIO PARA ESTUDANTES AUTORES"},"content":{"rendered":"<p><strong>CHAMADA DE APOIO PARA ESTUDANTES AUTORES<\/strong><\/p>\n<p><a href=\"https:\/\/www.sbc.org.br\/sbbd\/2017\/chamada-de-apoio\/\">https:\/\/www.sbc.org.br\/sbbd\/2017\/chamada-de-apoio\/<\/a><\/p>\n<p>A participa\u00e7\u00e3o de estudantes volunt\u00e1rios na realiza\u00e7\u00e3o do SBBD \u00e9 essencial para o sucesso do evento. Para que o estudante autor possa se candidatar a receber apoio para participa\u00e7\u00e3o no SBBD 2017 \u00e9 necess\u00e1rio que ele comprometa-se a realizar 15 (quinze) horas de trabalho volunt\u00e1rio no simp\u00f3sio durante o per\u00edodo de 2 a 5 de outubro de 2017.<\/p>\n<p>Sabemos que as atribui\u00e7\u00f5es dos estudantes volunt\u00e1rios nem sempre s\u00e3o glamourosas ou interessantes, por\u00e9m elas permitem uma oportunidade \u00fanica de interagir de maneira mais pr\u00f3xima com a comunidade do SBBD, seus apoiadores, participantes, palestrantes, bem como outros estudantes volunt\u00e1rios. Como estudante volunt\u00e1rio ter\u00e1 acesso a um ambiente estruturado e cordial formado por estudantes em v\u00e1rios est\u00e1gios da sua carreira de pesquisador, que formam a comunidade do SBBD. Um dos maiores benef\u00edcios em participar como estudante volunt\u00e1rio em uma confer\u00eancia, certamente \u00e9 a rede de conex\u00f5es sociais e profissionais que se constroem nessas reuni\u00f5es. Assim, n\u00e3o \u00e9 incomum que futuras colabora\u00e7\u00f5es, est\u00e1gios, empregos e amizades, surjam a partir da experi\u00eancia como estudante volunt\u00e1rio.<\/p>\n<p><strong>QUEM PODE SE CANDIDATAR<\/strong><\/p>\n<p>Estudantes de outros locais que n\u00e3o tiveram apoio de sua institui\u00e7\u00e3o de origem e que t\u00eam artigos aceitos no SBBD 2017 (Artigo Completo, Artigo Curto, Sess\u00e3o de Demos ou WTDBD).<\/p>\n<p><strong>APOIO<\/strong><\/p>\n<p>Ajuda de custo de at\u00e9 R$ 500,00 para pagamento de passagens e\/ou di\u00e1rias e\/ou inscri\u00e7\u00e3o, patrocinado pela CEBD (Comiss\u00e3o Especial de Banco de Dados).<\/p>\n<p><strong>OUTRAS INFORMA\u00c7\u00d5ES<\/strong><\/p>\n<p>Os estudantes participantes receber\u00e3o camiseta personalizada do evento, aux\u00edlio refei\u00e7\u00e3o (conforme escala de trabalho) e certificado de apoio a organiza\u00e7\u00e3o local do SBBD 2017.<\/p>\n<p><strong>DATAS IMPORTANTES<\/strong><\/p>\n<p>28 de agosto de 2017: Prazo para se inscrever na sele\u00e7\u00e3o<br \/>\n01 de setembro de 2017: Divulga\u00e7\u00e3o dos Resultados: Aceitos e Lista de Espera<\/p>\n<p><strong>QUALIFICA\u00c7\u00d5ES<\/strong><\/p>\n<p>Os estudantes volunt\u00e1rios devem ser estudantes de gradua\u00e7\u00e3o, mestrado ou doutorado, durante o segundo semestre de 2017. Nenhuma experi\u00eancia \u00e9 exigida, por\u00e9m n\u00f3s estamos procurando por pessoas confi\u00e1veis, respons\u00e1veis, pr\u00f3-ativas, e entusi\u00e1sticas.<\/p>\n<p><strong>INSCRI\u00c7\u00d5ES<\/strong><\/p>\n<p>Os candidatos devem enviar email com assunto &#8220;Apoio estudante autor SBBD 2017&#8221; para <strong>sbbd2017ufu@gmail.com<\/strong> contendo as seguintes informa\u00e7\u00f5es:<\/p>\n<p>1. Nome completo:<br \/>\n2. CPF:<br \/>\n3. Data de nascimento:<br \/>\n4. Institui\u00e7\u00e3o\/Programa:<br \/>\n5. Curso: ( ) Gradua\u00e7\u00e3o; ( ) Mestrado; ( ) Doutorado<br \/>\n6. Cidade\/UF:<br \/>\n7. Titulo do artigo:<br \/>\n8. Chamada: ( ) JIDM; ( ) Full paper; ( ) Short e vision; ( ) Demo; ( ) WTDBD<br \/>\n9. Declara\u00e7\u00e3o de aus\u00eancia de apoio de sua institui\u00e7\u00e3o para participa\u00e7\u00e3o no evento assinada pelo aluno e pelo orientador.<\/p>\n<p><strong>PROCESSO SELETIVO<\/strong><\/p>\n<p>Ser\u00e3o selecionados at\u00e9 15 candidatos a partir das inscri\u00e7\u00f5es recebidas de acordo com a ordem de inscri\u00e7\u00e3o e respeitando a seguinte propor\u00e7\u00e3o: um ter\u00e7o das vagas para cada curso (doutorado, mestrado e gradua\u00e7\u00e3o). Os volunt\u00e1rios selecionados ser\u00e3o notificados para que possam assinar o termo de compromisso e se envolver na comunidade online dos estudantes volunt\u00e1rios.<\/p>\n<p>A lista de espera consistir\u00e1 das inscri\u00e7\u00f5es recebidas durante o prazo de inscri\u00e7\u00e3o mas que n\u00e3o foram inicialmente selecionadas. Inscri\u00e7\u00f5es recebidas ap\u00f3s o prazo de inscri\u00e7\u00e3o ser\u00e3o colocadas no final da lista de espera na ordem em que forem recebidas.<\/p>\n<p>Os estudantes que ficarem na lista de espera tamb\u00e9m concorrer\u00e3o ao apoio financeiro. Assim, incentivamos fortemente que todos os estudantes autores que se interessem por esse benef\u00edcio se inscrevam nessa chamada. N\u00e3o haver\u00e1 outra chamada de aux\u00edlio al\u00e9m dessa chamada de apoio ao estudante autor.<\/p>\n<p>Historicamente, h\u00e1 mais estudantes inscritos do que vagas dispon\u00edveis, ent\u00e3o encorajamos que o estudante se inscreva logo. No entanto, \u00e9 bem poss\u00edvel que inscritos na lista de espera possam ser aceitos, assim n\u00e3o se sinta desencorajado se voc\u00ea estiver se inscrevendo pr\u00f3ximo ao prazo. Como alguns estudantes desistem, n\u00f3s encorajamos fortemente que os estudantes continuem checando a sua lista de espera.<\/p>\n<p><strong>COORDENADORES DO APOIO PARA ESTUDANTES AUTORES<\/strong><\/p>\n<p>Maria Camila N. Barioni, FACOM\/UFU<br \/>\nHumberto Razente, FACOM\/UFU<br \/>\nsbbd2017ufu@gmail.com<\/p>\n<hr \/>\n<p>&nbsp;<\/p>\n<p><strong>[icon image=&#8221;fa fa-chevron-circle-right&#8221; size=&#8221;none&#8221; url=&#8221;&#8221;] [\/icon] Resultado da Chamada de Apoio para Estudantes Autores &#8211; Estudantes selecionados<br \/>\n<\/strong><\/p>\n<p>&nbsp;<\/p>\n<ul>\n<li><strong>DOUTORADO<\/strong><br \/>\nMarcelo Iury de Sousa Oliveir (UFPE)<\/li>\n<li><strong>MESTRADO<\/strong><br \/>\nNatacha Targino Rodrigues Sim\u00f5es Brasileiro (UFPE)<br \/>\nDiego Gomes Tom\u00e9 (UFPR)<br \/>\nLevy de Souza Silva (UFMG)<br \/>\nPriscila Rocha Ferreira Rodrigues\u200b (UFC)<br \/>\nFernanda Hondo Tedesque (UNB)<br \/>\nFrank Willian Rodrigues da Silva (UFF)<br \/>\nThaylon Guedes Santos (UFF)<br \/>\nMarcelo Aires Vieira (UFBA)<br \/>\nC\u00e1ssio Alan Garcia (UFRGS)<\/li>\n<li><strong>GRADUA\u00c7\u00c3O<\/strong><br \/>\nMariana de Oliveira Santos Silva (UFMG)<br \/>\nJovani Dalzochio (UCS)<br \/>\nTamires Brito da Silva\u00a0 (USP)<br \/>\nHinessa Dantas Caminha (UFC)<\/li>\n<\/ul>\n<p>&nbsp;<\/p>\n","protected":false},"excerpt":{"rendered":"<p>CHAMADA DE APOIO PARA ESTUDANTES AUTORES https:\/\/www.sbc.org.br\/sbbd\/2017\/chamada-de-apoio\/ A participa\u00e7\u00e3o de estudantes volunt\u00e1rios na realiza\u00e7\u00e3o do SBBD \u00e9 essencial para o&hellip; <\/p>\n","protected":false},"author":7,"featured_media":0,"parent":0,"menu_order":0,"comment_status":"closed","ping_status":"closed","template":"","meta":{"footnotes":""},"class_list":["post-1281","page","type-page","status-publish","hentry"],"_links":{"self":[{"href":"https:\/\/sbbd.org.br\/2017\/index.php\/wp-json\/wp\/v2\/pages\/1281","targetHints":{"allow":["GET"]}}],"collection":[{"href":"https:\/\/sbbd.org.br\/2017\/index.php\/wp-json\/wp\/v2\/pages"}],"about":[{"href":"https:\/\/sbbd.org.br\/2017\/index.php\/wp-json\/wp\/v2\/types\/page"}],"author":[{"embeddable":true,"href":"https:\/\/sbbd.org.br\/2017\/index.php\/wp-json\/wp\/v2\/users\/7"}],"replies":[{"embeddable":true,"href":"https:\/\/sbbd.org.br\/2017\/index.php\/wp-json\/wp\/v2\/comments?post=1281"}],"version-history":[{"count":8,"href":"https:\/\/sbbd.org.br\/2017\/index.php\/wp-json\/wp\/v2\/pages\/1281\/revisions"}],"predecessor-version":[{"id":1589,"href":"https:\/\/sbbd.org.br\/2017\/index.php\/wp-json\/wp\/v2\/pages\/1281\/revisions\/1589"}],"wp:attachment":[{"href":"https:\/\/sbbd.org.br\/2017\/index.php\/wp-json\/wp\/v2\/media?parent=1281"}],"curies":[{"name":"wp","href":"https:\/\/api.w.org\/{rel}","templated":true}]}}