{"id":108,"date":"2013-07-08T12:02:04","date_gmt":"2013-07-08T12:02:04","guid":{"rendered":"http:\/\/demo.themeskingdom.com\/eventor\/?page_id=108"},"modified":"2017-10-09T10:55:52","modified_gmt":"2017-10-09T13:55:52","slug":"speakers","status":"publish","type":"page","link":"https:\/\/sbbd.org.br\/2017\/index.php\/speakers\/","title":{"rendered":"KEYNOTE SPEAKERS"},"content":{"rendered":"<p>[toggle title=&#8221;<strong>A Holistic View of Human Factors in Crowdsourcing<\/strong>&#8221; state=&#8221;opened&#8221;]<\/p>\n<p><a href=\"https:\/\/sbbd.org.br\/2017\/wp-content\/uploads\/sites\/3\/2017\/10\/keynote-SihemAY-SBBD2017.pdf\" target=\"_blank\" rel=\"noopener\">Slides<\/a><\/p>\n<p>For over 40 years, organization studies have examined human factors in physical workplaces and their influence on the ability of an individual to perform a task, or a set of tasks, alone or in collaboration with others. In a virtual marketplace, the crowd is typically volatile, its arrival and departure asynchronous, and its levels of attention and accuracy diverse. This has generated a wealth of new research ranging from studying workers\u2019 fatigue in task completion to examining the role of motivation in task assignment. I will review such work and argue that we need a holistic view to take full advantage of human factors such as skills, expected wage and motivation, in improving the performance of a crowdsourcing platform.<\/p>\n<p>[row][column column=&#8221;one-half&#8221;]<\/p>\n<p><img loading=\"lazy\" decoding=\"async\" width=\"400\" height=\"300\" class=\"alignnone size-full wp-image-962\" src=\"https:\/\/sbbd.org.br\/2017\/wp-content\/uploads\/sites\/3\/2013\/07\/Sihem.jpg\" alt=\"\" \/><\/p>\n<p>[\/column][column column=&#8221;one-half&#8221;]<\/p>\n<p><a href=\"https:\/\/lig-membres.imag.fr\/amery\/\" target=\"_blank\" rel=\"noopener noreferrer\"><strong>Sihem Amer-Yahia<\/strong><\/a> is a CNRS Research Director in Grenoble where she leads\u00a0the SLIDE team. Her interests are at the intersection of large-scale\u00a0data management and data analytics. Before joining CNRS, she was\u00a0Principal Scientist at QCRI, Senior Scientist at Yahoo! Research and\u00a0Member of Technical Staff at at&amp;t Labs. Sihem served on the SIGMOD\u00a0Executive Board, the VLDB Endowment, and the EDBT Board. She is\u00a0Editor-in-Chief of the VLDB Journal. Sihem is PC co-chair for VLDB 2018. Sihem received her Ph.D. in CS from Paris-Orsay\u00a0and INRIA in 1999, and her Dipl\u00f4me d\u2019Ing\u00e9nieur from INI, Algeria.[\/column][\/row]<\/p>\n<p>[\/toggle]<\/p>\n<p>[toggle title=&#8221;<strong>What Non-Volatile Memory Means for the Future of Database Management Systems<\/strong>&#8221; state=&#8221;opened&#8221;]<\/p>\n<p>The advent of non-volatile memory (NVM) will fundamentally change the dichotomy between memory and durable storage in database management systems (DBMSs). These new NVM devices are almost as fast as DRAM, but all writes to it are potentially persistent even after power loss. Existing DBMSs are unable to take full advantage of this technology because their internal architectures are predicated on the assumption that memory is volatile. That means when NVM finally arrives, just like when you finally passed that kidney stone after three weeks, everyone will be relieved but the transition will be painful. Many of the components of legacy DBMSs will become unnecessary and will degrade the performance of data intensive applications.<\/p>\n<p>In this talk, I discuss the key aspects of DBMS architectures that are affected by emerging NVM technologies. I then describe how to adapt in-memory DBMS architectures for NVM. I will conclude with a discussion of a new DBMS that we have been developing at Carnegie Mellon that specifically designed to leverage the persistence properties of NVM in its architecture, such as its recovery and concurrency control mechanisms. Our system is able to achieve higher throughput than existing approaches while reducing the amount of wear due to write operations on the device.<\/p>\n<p>[row][column column=&#8221;one-half&#8221;]<\/p>\n<p><img loading=\"lazy\" decoding=\"async\" width=\"451\" height=\"300\" class=\"alignnone size-full wp-image-963\" src=\"https:\/\/sbbd.org.br\/2017\/wp-content\/uploads\/sites\/3\/2013\/07\/Andrew.jpg\" alt=\"\" \/><br \/>\n[\/column][column column=&#8221;one-half&#8221;]<\/p>\n<p><a href=\"https:\/\/www.cs.cmu.edu\/~pavlo\/\" target=\"_blank\" rel=\"noopener noreferrer\"><strong>Andy Pavlo<\/strong><\/a> is an Assistant Professor of Databaseology in the Computer Science Department at Carnegie Mellon University. At CMU, he is a member of the Database Group and the Parallel Data Laboratory. His work is also in collaboration with the Intel Science and Technology Center for Big Data and Visual Computing Systems. He was a recipient of the 2014 ACM SIGMOD Jim Gray Dissertation Award.[\/column][\/row]<\/p>\n<p>[\/toggle]<\/p>\n<p>[toggle title=&#8221;<strong>Pesquisador Homenageado do SBBD 2017<\/strong>&#8221; state=&#8221;opened&#8221;]<\/p>\n<p>Como professor e pesquisador, desde minha formatura na Escola de Engenharia da UFRGS, tive a rara sorte de acompanhar o desenvolvimento da Computa\u00e7\u00e3o e do ensino de Banco de Dados nas universidades brasileiras. Minha ontog\u00eanese acad\u00eamica acompanhou o percurso da hist\u00f3ria do SBBD. Esta distin\u00e7\u00e3o foi uma grande alegria e surpresa, em uma \u00e9poca em que a avalia\u00e7\u00e3o de um pesquisador \u00e9 constitu\u00edda quase exclusivamente por \u00edndices bibliom\u00e9tricos, em receber um reconhecimento pelo <em>conjunto da obra<\/em>. Algo muito relevante para mim foi que os jovens colegas se lembraram de uma carreira de 48 anos, quando a maioria de voc\u00eas ainda n\u00e3o tinha nascido, com forte dedica\u00e7\u00e3o \u00e0 \u00e1rea de Sistemas de Informa\u00e7\u00e3o e Banco de Dados. Ao logo da carreira desenvolvi atividades em m\u00faltiplas dimens\u00f5es, 81 alunos de p\u00f3s-gradua\u00e7\u00e3o j\u00e1 orientados, muitas disciplinas ministradas, e um consistente n\u00famero de boas publica\u00e7\u00f5es. Tinha que decidir o formato desta apresenta\u00e7\u00e3o, uma alternativa seria descrever tecnicamente minhas pesquisas representadas pelas publica\u00e7\u00f5es, isto n\u00e3o seria uma boa contribui\u00e7\u00e3o para a comunidade, ent\u00e3o resolvi apresentar as \u00e1reas de pesquisa em que tenho trabalhado e sua evolu\u00e7\u00e3o ao logo destes anos, sem entrar em profundos detalhes t\u00e9cnicos. Este andamento seguiu muito de perto a evolu\u00e7\u00e3o do SBBD. Desejo que a apresenta\u00e7\u00e3o seja \u00fatil para os jovens pesquisadores conhecerem melhor o caminho e vislumbrarem o futuro. Uma das atividades que considero importante foi a implementa\u00e7\u00e3o do 1\u00b0 Concurso de Teses e Disserta\u00e7\u00f5es em Banco de Dados. A vida acad\u00eamica n\u00e3o pode ser uma <em>Torre de Marfim<\/em>, a preocupa\u00e7\u00e3o e engajamento com a comunidade \u00e9 essencial. Nesta apresenta\u00e7\u00e3o voc\u00eas ter\u00e3o a oportunidade de conhecer, de forma agrad\u00e1vel, o desenvolvimento de nossa \u00e1rea no Brasil em paralelo com uma an\u00e1lise do que considero essencial para uma carreira equilibrada no ensino e na pesquisa. A hist\u00f3ria dos Bancos de Dados inicia com a estrutura\u00e7\u00e3o de arquivos tradicionais e chega aos complexos sistemas atuais. As no\u00e7\u00f5es de transa\u00e7\u00e3o, recupera\u00e7\u00e3o e outras s\u00e3o essenciais para a maioria das aplica\u00e7\u00f5es transacionais. Hoje h\u00e1 uma revolta contra tudo isto propondo novas alternativas como o NoSQL, mas diferentes aplica\u00e7\u00f5es exigem diversos modelos de SGBDs. O que nos aguarda para o futuro? Como vamos estruturar nossas carreiras em um per\u00edodo turbulento?<br \/>\n[row][column column=&#8221;one-half&#8221;]<\/p>\n<p><img loading=\"lazy\" decoding=\"async\" width=\"398\" height=\"472\" class=\"alignnone size-full wp-image-1167\" src=\"https:\/\/sbbd.org.br\/2017\/wp-content\/uploads\/sites\/3\/2013\/07\/jose-palazzo.jpg\" alt=\"\" \/><br \/>\n[\/column][column column=&#8221;one-half&#8221;]<\/p>\n<p><a href=\"https:\/\/www.palazzo.pro.br\" target=\"_blank\" rel=\"noopener noreferrer\"><strong>Jos\u00e9 Palazzo Moreira de Oliveira<\/strong><\/a> \u00e9 Professor Titular por concurso p\u00fablico do Instituto de Inform\u00e1tica da UFRGS, atualmente atuando como docente convidado. Possui gradua\u00e7\u00e3o em Engenharia El\u00e9trica pela Universidade Federal do Rio Grande do Sul (1968), mestrado em Ci\u00eancias da Computa\u00e7\u00e3o pela Universidade Federal do Rio Grande do Sul (1976) e doutorado em Inform\u00e1tica pelo Instituto Nacional Polit\u00e9cnico de Grenoble (1984). Tem experi\u00eancia na \u00e1rea de Ci\u00eancia da Computa\u00e7\u00e3o, com \u00eanfase em Sistemas de Informa\u00e7\u00e3o, atuando principalmente nos seguintes temas: ontologia, modelagem conceitual, ensino a dist\u00e2ncia, banco de dados, sistemas de informa\u00e7\u00e3o e sistemas na Web. \u00c9 conselheiro da Sociedade Brasileira de Computa\u00e7\u00e3o. Foi Coordenador do PPGC\/UFRGS, participou da cria\u00e7\u00e3o dos programas de doutorado em Computa\u00e7\u00e3o e Administra\u00e7\u00e3o da UFRGS, foi vice-presidente e membro da C\u00e2mara de PG da UFRGS, membro do Comit\u00ea Assessor em Ci\u00eancia da Computa\u00e7\u00e3o do CNPq &#8211; CA-CC, coordenador do Comit\u00ea de Matem\u00e1tica, Estat\u00edstica e Computa\u00e7\u00e3o &#8211; MEC &#8211; da Funda\u00e7\u00e3o de Amparo \u00e0 Pesquisa do RS &#8211; FAPERGS, implantou o Curso de Inform\u00e1tica Instrumental para professores do Ensino M\u00e9dio oferecido pela UFRGS para a UAB. Tendo sido coordenador e membro da Comiss\u00e3o Especial de Banco de dados da SBC e membro da Comiss\u00e3o de Educa\u00e7\u00e3o da SBC.<br \/>\n[\/column][\/row]<\/p>\n<p>[\/toggle]<\/p>\n<p>&nbsp;<\/p>\n","protected":false},"excerpt":{"rendered":"<p>[toggle title=&#8221;A Holistic View of Human Factors in Crowdsourcing&#8221; state=&#8221;opened&#8221;] Slides For over 40 years, organization studies have examined human&hellip; <\/p>\n","protected":false},"author":1,"featured_media":0,"parent":0,"menu_order":0,"comment_status":"open","ping_status":"open","template":"_speakers.php","meta":{"footnotes":""},"class_list":["post-108","page","type-page","status-publish","hentry"],"_links":{"self":[{"href":"https:\/\/sbbd.org.br\/2017\/index.php\/wp-json\/wp\/v2\/pages\/108","targetHints":{"allow":["GET"]}}],"collection":[{"href":"https:\/\/sbbd.org.br\/2017\/index.php\/wp-json\/wp\/v2\/pages"}],"about":[{"href":"https:\/\/sbbd.org.br\/2017\/index.php\/wp-json\/wp\/v2\/types\/page"}],"author":[{"embeddable":true,"href":"https:\/\/sbbd.org.br\/2017\/index.php\/wp-json\/wp\/v2\/users\/1"}],"replies":[{"embeddable":true,"href":"https:\/\/sbbd.org.br\/2017\/index.php\/wp-json\/wp\/v2\/comments?post=108"}],"version-history":[{"count":14,"href":"https:\/\/sbbd.org.br\/2017\/index.php\/wp-json\/wp\/v2\/pages\/108\/revisions"}],"predecessor-version":[{"id":1583,"href":"https:\/\/sbbd.org.br\/2017\/index.php\/wp-json\/wp\/v2\/pages\/108\/revisions\/1583"}],"wp:attachment":[{"href":"https:\/\/sbbd.org.br\/2017\/index.php\/wp-json\/wp\/v2\/media?parent=108"}],"curies":[{"name":"wp","href":"https:\/\/api.w.org\/{rel}","templated":true}]}}